{"id":2,"date":"2021-07-13T16:18:01","date_gmt":"2021-07-13T19:18:01","guid":{"rendered":"http:\/\/fazenda.niteroi.rj.gov.br\/blog\/?page_id=2"},"modified":"2021-08-30T16:11:35","modified_gmt":"2021-08-30T19:11:35","slug":"pagina-exemplo","status":"publish","type":"page","link":"https:\/\/www.fazenda.niteroi.rj.gov.br\/blog\/","title":{"rendered":"P\u00e1gina Inicial"},"content":{"rendered":"\n<div class=\"wp-block-cover alignfull has-background-gradient\" style=\"min-height:639px;aspect-ratio:unset;\"><img loading=\"lazy\" decoding=\"async\" width=\"2240\" height=\"1260\" class=\"wp-block-cover__image-background wp-image-248\" alt=\"\" src=\"https:\/\/fazenda.niteroi.rj.gov.br\/blog\/wp-content\/uploads\/2021\/07\/Banner-Blog-da-Fazenda-Niteroi-5.jpg\" style=\"object-position:50% 40%\" data-object-fit=\"cover\" data-object-position=\"50% 40%\" srcset=\"https:\/\/www.fazenda.niteroi.rj.gov.br\/blog\/wp-content\/uploads\/2021\/07\/Banner-Blog-da-Fazenda-Niteroi-5.jpg 2240w, https:\/\/www.fazenda.niteroi.rj.gov.br\/blog\/wp-content\/uploads\/2021\/07\/Banner-Blog-da-Fazenda-Niteroi-5-300x169.jpg 300w, https:\/\/www.fazenda.niteroi.rj.gov.br\/blog\/wp-content\/uploads\/2021\/07\/Banner-Blog-da-Fazenda-Niteroi-5-1024x576.jpg 1024w, https:\/\/www.fazenda.niteroi.rj.gov.br\/blog\/wp-content\/uploads\/2021\/07\/Banner-Blog-da-Fazenda-Niteroi-5-768x432.jpg 768w, https:\/\/www.fazenda.niteroi.rj.gov.br\/blog\/wp-content\/uploads\/2021\/07\/Banner-Blog-da-Fazenda-Niteroi-5-1536x864.jpg 1536w, https:\/\/www.fazenda.niteroi.rj.gov.br\/blog\/wp-content\/uploads\/2021\/07\/Banner-Blog-da-Fazenda-Niteroi-5-2048x1152.jpg 2048w\" sizes=\"auto, (max-width: 2240px) 100vw, 2240px\" \/><div class=\"wp-block-cover__inner-container is-layout-flow wp-block-cover-is-layout-flow\">\n<p class=\"has-text-align-center has-large-font-size\"><\/p>\n<\/div><\/div>\n\n\n\n<div style=\"height:35px\" aria-hidden=\"true\" class=\"wp-block-spacer\"><\/div>\n\n\n\n<div class=\"wp-block-group\"><div class=\"wp-block-group__inner-container is-layout-flow wp-block-group-is-layout-flow\">\n<div class=\"wp-block-columns is-layout-flex wp-container-core-columns-is-layout-9d6595d7 wp-block-columns-is-layout-flex\">\n<div class=\"wp-block-column is-layout-flow wp-block-column-is-layout-flow\">\n<div class=\"wp-block-image is-style-rounded\"><figure class=\"aligncenter size-full is-resized\"><img loading=\"lazy\" decoding=\"async\" src=\"https:\/\/fazenda.niteroi.rj.gov.br\/blog\/wp-content\/uploads\/2021\/08\/Boas-praticas-Blog.jpg\" alt=\"\" class=\"wp-image-332\" width=\"250\" height=\"250\" srcset=\"https:\/\/www.fazenda.niteroi.rj.gov.br\/blog\/wp-content\/uploads\/2021\/08\/Boas-praticas-Blog.jpg 500w, https:\/\/www.fazenda.niteroi.rj.gov.br\/blog\/wp-content\/uploads\/2021\/08\/Boas-praticas-Blog-300x300.jpg 300w, https:\/\/www.fazenda.niteroi.rj.gov.br\/blog\/wp-content\/uploads\/2021\/08\/Boas-praticas-Blog-150x150.jpg 150w\" sizes=\"auto, (max-width: 250px) 100vw, 250px\" \/><\/figure><\/div>\n\n\n\n<h3 class=\"has-text-align-center wp-block-heading\"><a href='https:\/\/www.fazenda.niteroi.rj.gov.br\/blog\/topico\/boas-praticas\/'>Boas Pr\u00e1ticas<\/a><\/h3>\n\n\n\n<p class=\"has-text-align-center\"><\/p>\n<\/div>\n\n\n\n<div class=\"wp-block-column is-layout-flow wp-block-column-is-layout-flow\">\n<div class=\"wp-block-image is-style-rounded\"><figure class=\"aligncenter size-full is-resized\"><img loading=\"lazy\" decoding=\"async\" src=\"https:\/\/fazenda.niteroi.rj.gov.br\/blog\/wp-content\/uploads\/2021\/08\/Participacao-Social-2-BLOG.jpg\" alt=\"\" class=\"wp-image-333\" width=\"250\" height=\"250\" srcset=\"https:\/\/www.fazenda.niteroi.rj.gov.br\/blog\/wp-content\/uploads\/2021\/08\/Participacao-Social-2-BLOG.jpg 500w, https:\/\/www.fazenda.niteroi.rj.gov.br\/blog\/wp-content\/uploads\/2021\/08\/Participacao-Social-2-BLOG-300x300.jpg 300w, https:\/\/www.fazenda.niteroi.rj.gov.br\/blog\/wp-content\/uploads\/2021\/08\/Participacao-Social-2-BLOG-150x150.jpg 150w\" sizes=\"auto, (max-width: 250px) 100vw, 250px\" \/><\/figure><\/div>\n\n\n\n<h3 class=\"has-text-align-center wp-block-heading\"><a href='https:\/\/www.fazenda.niteroi.rj.gov.br\/blog\/topico\/participacao-social\/'>Participa\u00e7\u00e3o Social<\/a><\/h3>\n\n\n\n<p class=\"has-text-align-center\"><\/p>\n<\/div>\n\n\n\n<div class=\"wp-block-column is-layout-flow wp-block-column-is-layout-flow\">\n<div class=\"wp-block-image is-style-rounded\"><figure class=\"aligncenter size-full is-resized\"><img loading=\"lazy\" decoding=\"async\" src=\"https:\/\/fazenda.niteroi.rj.gov.br\/blog\/wp-content\/uploads\/2021\/08\/Financas-Publicas-Blog.jpg\" alt=\"\" class=\"wp-image-331\" width=\"250\" height=\"250\" srcset=\"https:\/\/www.fazenda.niteroi.rj.gov.br\/blog\/wp-content\/uploads\/2021\/08\/Financas-Publicas-Blog.jpg 500w, https:\/\/www.fazenda.niteroi.rj.gov.br\/blog\/wp-content\/uploads\/2021\/08\/Financas-Publicas-Blog-300x300.jpg 300w, https:\/\/www.fazenda.niteroi.rj.gov.br\/blog\/wp-content\/uploads\/2021\/08\/Financas-Publicas-Blog-150x150.jpg 150w\" sizes=\"auto, (max-width: 250px) 100vw, 250px\" \/><\/figure><\/div>\n\n\n\n<h3 class=\"has-text-align-center wp-block-heading\"><a href='https:\/\/www.fazenda.niteroi.rj.gov.br\/blog\/topico\/financas-publicas\/'>Finan\u00e7as P\u00fablicas<\/a><\/h3>\n\n\n\n<p class=\"has-text-align-center\"><\/p>\n<\/div>\n<\/div>\n\n\n\n<div style=\"height:35px\" aria-hidden=\"true\" class=\"wp-block-spacer\"><\/div>\n\n\n\n<div class=\"wp-block-columns is-layout-flex wp-container-core-columns-is-layout-9d6595d7 wp-block-columns-is-layout-flex\">\n<div class=\"wp-block-column is-layout-flow wp-block-column-is-layout-flow\">\n<div class=\"wp-block-image is-style-rounded\"><figure class=\"aligncenter size-full is-resized\"><img loading=\"lazy\" decoding=\"async\" src=\"https:\/\/fazenda.niteroi.rj.gov.br\/blog\/wp-content\/uploads\/2021\/08\/Inovacao-Blog.jpg\" alt=\"\" class=\"wp-image-330\" width=\"250\" height=\"250\" srcset=\"https:\/\/www.fazenda.niteroi.rj.gov.br\/blog\/wp-content\/uploads\/2021\/08\/Inovacao-Blog.jpg 500w, https:\/\/www.fazenda.niteroi.rj.gov.br\/blog\/wp-content\/uploads\/2021\/08\/Inovacao-Blog-300x300.jpg 300w, https:\/\/www.fazenda.niteroi.rj.gov.br\/blog\/wp-content\/uploads\/2021\/08\/Inovacao-Blog-150x150.jpg 150w\" sizes=\"auto, (max-width: 250px) 100vw, 250px\" \/><\/figure><\/div>\n\n\n\n<h3 class=\"has-text-align-center wp-block-heading\"> <a href='https:\/\/www.fazenda.niteroi.rj.gov.br\/blog\/topico\/inovacao\/'>Inova\u00e7\u00e3o<\/a> <\/h3>\n\n\n\n<p class=\"has-text-align-center\"><\/p>\n<\/div>\n\n\n\n<div class=\"wp-block-column is-layout-flow wp-block-column-is-layout-flow\">\n<div class=\"wp-block-image is-style-rounded\"><figure class=\"aligncenter size-full is-resized\"><img loading=\"lazy\" decoding=\"async\" src=\"https:\/\/fazenda.niteroi.rj.gov.br\/blog\/wp-content\/uploads\/2021\/07\/transparencia.jpg\" alt=\"\" class=\"wp-image-252\" width=\"250\" height=\"250\" srcset=\"https:\/\/www.fazenda.niteroi.rj.gov.br\/blog\/wp-content\/uploads\/2021\/07\/transparencia.jpg 500w, https:\/\/www.fazenda.niteroi.rj.gov.br\/blog\/wp-content\/uploads\/2021\/07\/transparencia-300x300.jpg 300w, https:\/\/www.fazenda.niteroi.rj.gov.br\/blog\/wp-content\/uploads\/2021\/07\/transparencia-150x150.jpg 150w\" sizes=\"auto, (max-width: 250px) 100vw, 250px\" \/><\/figure><\/div>\n\n\n\n<h3 class=\"has-text-align-center wp-block-heading\"> <a href='https:\/\/www.fazenda.niteroi.rj.gov.br\/blog\/topico\/transparencia\/'>Transpar\u00eancia<\/a> <\/h3>\n\n\n\n<p class=\"has-text-align-center\"><\/p>\n<\/div>\n\n\n\n<div class=\"wp-block-column is-layout-flow wp-block-column-is-layout-flow\">\n<div class=\"wp-block-image is-style-rounded\"><figure class=\"aligncenter size-full is-resized\"><img loading=\"lazy\" decoding=\"async\" src=\"https:\/\/fazenda.niteroi.rj.gov.br\/blog\/wp-content\/uploads\/2021\/07\/Informacao.jpg\" alt=\"\" class=\"wp-image-288\" width=\"250\" height=\"250\" srcset=\"https:\/\/www.fazenda.niteroi.rj.gov.br\/blog\/wp-content\/uploads\/2021\/07\/Informacao.jpg 500w, https:\/\/www.fazenda.niteroi.rj.gov.br\/blog\/wp-content\/uploads\/2021\/07\/Informacao-300x300.jpg 300w, https:\/\/www.fazenda.niteroi.rj.gov.br\/blog\/wp-content\/uploads\/2021\/07\/Informacao-150x150.jpg 150w\" sizes=\"auto, (max-width: 250px) 100vw, 250px\" \/><\/figure><\/div>\n\n\n\n<h3 class=\"has-text-align-center wp-block-heading\">  <a href='https:\/\/www.fazenda.niteroi.rj.gov.br\/blog\/topico\/informacao\/'>Informa\u00e7\u00e3o<\/a>  <\/h3>\n\n\n\n<p class=\"has-text-align-center\"><\/p>\n<\/div>\n<\/div>\n<\/div><\/div>\n\n\n\n<h2 class=\"no-margin-bottom wp-block-heading\" id=\"posts-mais-recentes\">Posts mais recentes<\/h2>\n\n\n<ul class=\"wp-block-latest-posts__list is-grid columns-3 has-dates has-author posts-mais-recentes wp-block-latest-posts\"><li><div class=\"wp-block-latest-posts__featured-image aligncenter\"><a href=\"https:\/\/www.fazenda.niteroi.rj.gov.br\/blog\/2023\/08\/11\/escola-cidada-uma-aventura-fiscal\/\" aria-label=\"Escola Cidad\u00e3: Uma Aventura Fiscal\"><img loading=\"lazy\" decoding=\"async\" width=\"1024\" height=\"683\" src=\"https:\/\/www.fazenda.niteroi.rj.gov.br\/blog\/wp-content\/uploads\/2023\/08\/Foto-1-escola-cidada-1024x683.jpeg\" class=\"attachment-large size-large wp-post-image\" alt=\"\" style=\"\" srcset=\"https:\/\/www.fazenda.niteroi.rj.gov.br\/blog\/wp-content\/uploads\/2023\/08\/Foto-1-escola-cidada-1024x683.jpeg 1024w, https:\/\/www.fazenda.niteroi.rj.gov.br\/blog\/wp-content\/uploads\/2023\/08\/Foto-1-escola-cidada-300x200.jpeg 300w, https:\/\/www.fazenda.niteroi.rj.gov.br\/blog\/wp-content\/uploads\/2023\/08\/Foto-1-escola-cidada-768x512.jpeg 768w, https:\/\/www.fazenda.niteroi.rj.gov.br\/blog\/wp-content\/uploads\/2023\/08\/Foto-1-escola-cidada-1536x1024.jpeg 1536w, https:\/\/www.fazenda.niteroi.rj.gov.br\/blog\/wp-content\/uploads\/2023\/08\/Foto-1-escola-cidada-2048x1365.jpeg 2048w\" sizes=\"auto, (max-width: 1024px) 100vw, 1024px\" \/><\/a><\/div><a class=\"wp-block-latest-posts__post-title\" href=\"https:\/\/www.fazenda.niteroi.rj.gov.br\/blog\/2023\/08\/11\/escola-cidada-uma-aventura-fiscal\/\">Escola Cidad\u00e3: Uma Aventura Fiscal<\/a><div class=\"wp-block-latest-posts__post-author\">por Julia Waissberg<\/div><time datetime=\"2023-08-11T09:17:28-03:00\" class=\"wp-block-latest-posts__post-date\">11 de agosto de 2023<\/time><div class=\"wp-block-latest-posts__post-excerpt\">Sabe aquele papo chato sobre impostos? Esque\u00e7a! Com o projeto \u201cEscola Cidad\u00e3: uma aventura fiscal na SMF\u201d, aprender sobre o sistema de tributa\u00e7\u00e3o se tornou uma divers\u00e3o!<\/div><\/li>\n<li><a class=\"wp-block-latest-posts__post-title\" href=\"https:\/\/www.fazenda.niteroi.rj.gov.br\/blog\/2023\/06\/17\/nitnota-cidada-voce-pede-todos-ganham\/\">NITNOTA CIDAD\u00c3: VOC\u00ca PEDE, TODOS GANHAM!<\/a><div class=\"wp-block-latest-posts__post-author\">por Marilia Ortiz<\/div><time datetime=\"2023-06-17T12:09:00-03:00\" class=\"wp-block-latest-posts__post-date\">17 de junho de 2023<\/time><div class=\"wp-block-latest-posts__post-excerpt\">A sonega\u00e7\u00e3o fiscal \u00e9 um problema que afeta diretamente a economia do pa\u00eds, prejudicando a arrecada\u00e7\u00e3o de recursos essenciais para investimentos p\u00fablicos e comprometendo o desenvolvimento socioecon\u00f4mico. Para combater essa pr\u00e1tica, o Brasil tem adotado diversas iniciativas de incentivo \u00e0 emiss\u00e3o de notas fiscais, envolvendo tamb\u00e9m a participa\u00e7\u00e3o ativa do cidad\u00e3o nesse processo. A emiss\u00e3o &hellip;<p class=\"read-more\"> <a class=\"\" href=\"https:\/\/www.fazenda.niteroi.rj.gov.br\/blog\/2023\/06\/17\/nitnota-cidada-voce-pede-todos-ganham\/\"> <span class=\"screen-reader-text\">NITNOTA CIDAD\u00c3: VOC\u00ca PEDE, TODOS GANHAM!<\/span> Leia mais &raquo;<\/a><\/p><\/div><\/li>\n<li><div class=\"wp-block-latest-posts__featured-image aligncenter\"><a href=\"https:\/\/www.fazenda.niteroi.rj.gov.br\/blog\/2023\/04\/12\/conselho-de-contribuintes-a-possibilidade-de-acordo-entre-o-contribuinte-e-o-fisco\/\" aria-label=\"Conselho de Contribuintes: A possibilidade de acordo entre o contribuinte e o Fisco\u00a0\"><img loading=\"lazy\" decoding=\"async\" width=\"1024\" height=\"682\" src=\"https:\/\/www.fazenda.niteroi.rj.gov.br\/blog\/wp-content\/uploads\/2023\/04\/WhatsApp-Image-2023-04-11-at-14.36.51-1024x682.jpeg\" class=\"attachment-large size-large wp-post-image\" alt=\"\" style=\"\" srcset=\"https:\/\/www.fazenda.niteroi.rj.gov.br\/blog\/wp-content\/uploads\/2023\/04\/WhatsApp-Image-2023-04-11-at-14.36.51-1024x682.jpeg 1024w, https:\/\/www.fazenda.niteroi.rj.gov.br\/blog\/wp-content\/uploads\/2023\/04\/WhatsApp-Image-2023-04-11-at-14.36.51-300x200.jpeg 300w, https:\/\/www.fazenda.niteroi.rj.gov.br\/blog\/wp-content\/uploads\/2023\/04\/WhatsApp-Image-2023-04-11-at-14.36.51-768x512.jpeg 768w, https:\/\/www.fazenda.niteroi.rj.gov.br\/blog\/wp-content\/uploads\/2023\/04\/WhatsApp-Image-2023-04-11-at-14.36.51-1536x1023.jpeg 1536w, https:\/\/www.fazenda.niteroi.rj.gov.br\/blog\/wp-content\/uploads\/2023\/04\/WhatsApp-Image-2023-04-11-at-14.36.51.jpeg 1600w\" sizes=\"auto, (max-width: 1024px) 100vw, 1024px\" \/><\/a><\/div><a class=\"wp-block-latest-posts__post-title\" href=\"https:\/\/www.fazenda.niteroi.rj.gov.br\/blog\/2023\/04\/12\/conselho-de-contribuintes-a-possibilidade-de-acordo-entre-o-contribuinte-e-o-fisco\/\">Conselho de Contribuintes: A possibilidade de acordo entre o contribuinte e o Fisco\u00a0<\/a><div class=\"wp-block-latest-posts__post-author\">por Clara Esp\u00edndola Fonseca<\/div><time datetime=\"2023-04-12T13:06:04-03:00\" class=\"wp-block-latest-posts__post-date\">12 de abril de 2023<\/time><div class=\"wp-block-latest-posts__post-excerpt\">Voc\u00ea sabia que se em algum momento discordar de determinado lan\u00e7amento tribut\u00e1rio, h\u00e1 chances de solicitar, por meio de um processo administrativo, uma revis\u00e3o do lan\u00e7amento em quest\u00e3o? Esse processo \u00e9 realizado atrav\u00e9s do Conselho de Contribuintes. Ent\u00e3o, vamos falar sobre esse assunto? O que \u00e9 o Conselho de contribuintes? &#8220;Conselho de Contribuintes&#8221; \u00e9 o &hellip;<p class=\"read-more\"> <a class=\"\" href=\"https:\/\/www.fazenda.niteroi.rj.gov.br\/blog\/2023\/04\/12\/conselho-de-contribuintes-a-possibilidade-de-acordo-entre-o-contribuinte-e-o-fisco\/\"> <span class=\"screen-reader-text\">Conselho de Contribuintes: A possibilidade de acordo entre o contribuinte e o Fisco\u00a0<\/span> Leia mais &raquo;<\/a><\/p><\/div><\/li>\n<li><div class=\"wp-block-latest-posts__featured-image aligncenter\"><a href=\"https:\/\/www.fazenda.niteroi.rj.gov.br\/blog\/2023\/03\/20\/cuidando-delas-na-smf\/\" aria-label=\"&lt;strong&gt;Cuidando Delas na SMF&lt;\/strong&gt;\"><img loading=\"lazy\" decoding=\"async\" width=\"1024\" height=\"576\" src=\"https:\/\/www.fazenda.niteroi.rj.gov.br\/blog\/wp-content\/uploads\/2023\/03\/Capa-para-Youtube-video-Cuidando-delas-na-SMF-1024x576.jpg\" class=\"attachment-large size-large wp-post-image\" alt=\"\" style=\"\" srcset=\"https:\/\/www.fazenda.niteroi.rj.gov.br\/blog\/wp-content\/uploads\/2023\/03\/Capa-para-Youtube-video-Cuidando-delas-na-SMF-1024x576.jpg 1024w, https:\/\/www.fazenda.niteroi.rj.gov.br\/blog\/wp-content\/uploads\/2023\/03\/Capa-para-Youtube-video-Cuidando-delas-na-SMF-300x169.jpg 300w, https:\/\/www.fazenda.niteroi.rj.gov.br\/blog\/wp-content\/uploads\/2023\/03\/Capa-para-Youtube-video-Cuidando-delas-na-SMF-768x432.jpg 768w, https:\/\/www.fazenda.niteroi.rj.gov.br\/blog\/wp-content\/uploads\/2023\/03\/Capa-para-Youtube-video-Cuidando-delas-na-SMF.jpg 1280w\" sizes=\"auto, (max-width: 1024px) 100vw, 1024px\" \/><\/a><\/div><a class=\"wp-block-latest-posts__post-title\" href=\"https:\/\/www.fazenda.niteroi.rj.gov.br\/blog\/2023\/03\/20\/cuidando-delas-na-smf\/\"><strong>Cuidando Delas na SMF<\/strong><\/a><div class=\"wp-block-latest-posts__post-author\">por Marilia Ortiz<\/div><time datetime=\"2023-03-20T12:01:50-03:00\" class=\"wp-block-latest-posts__post-date\">20 de mar\u00e7o de 2023<\/time><div class=\"wp-block-latest-posts__post-excerpt\">O m\u00eas de mar\u00e7o, sem d\u00favidas, nos faz refletir a respeito do que conquistamos at\u00e9 aqui, e a olhar para o horizonte e vermos as lutas que ainda temos adiante. Para se ter uma ideia, h\u00e1 apenas oito anos foi sancionada a lei que torna qualificado o crime de feminic\u00eddio no Brasil e somente h\u00e1 &hellip;<p class=\"read-more\"> <a class=\"\" href=\"https:\/\/www.fazenda.niteroi.rj.gov.br\/blog\/2023\/03\/20\/cuidando-delas-na-smf\/\"> <span class=\"screen-reader-text\"><strong>Cuidando Delas na SMF<\/strong><\/span> Leia mais &raquo;<\/a><\/p><\/div><\/li>\n<li><div class=\"wp-block-latest-posts__featured-image aligncenter\"><a href=\"https:\/\/www.fazenda.niteroi.rj.gov.br\/blog\/2023\/02\/27\/setor-de-servicos-em-niteroi-cresce-20-no-ano-de-2022\/\" aria-label=\"&lt;strong&gt;Setor de Servi\u00e7os em Niter\u00f3i cresce 20% no ano de 2022&lt;\/strong&gt;\"><img loading=\"lazy\" decoding=\"async\" width=\"1024\" height=\"512\" src=\"https:\/\/www.fazenda.niteroi.rj.gov.br\/blog\/wp-content\/uploads\/2023\/02\/Design-sem-nome-1-1024x512.jpg\" class=\"attachment-large size-large wp-post-image\" alt=\"\" style=\"\" srcset=\"https:\/\/www.fazenda.niteroi.rj.gov.br\/blog\/wp-content\/uploads\/2023\/02\/Design-sem-nome-1-1024x512.jpg 1024w, https:\/\/www.fazenda.niteroi.rj.gov.br\/blog\/wp-content\/uploads\/2023\/02\/Design-sem-nome-1-300x150.jpg 300w, https:\/\/www.fazenda.niteroi.rj.gov.br\/blog\/wp-content\/uploads\/2023\/02\/Design-sem-nome-1-768x384.jpg 768w, https:\/\/www.fazenda.niteroi.rj.gov.br\/blog\/wp-content\/uploads\/2023\/02\/Design-sem-nome-1-1536x768.jpg 1536w, https:\/\/www.fazenda.niteroi.rj.gov.br\/blog\/wp-content\/uploads\/2023\/02\/Design-sem-nome-1-2048x1024.jpg 2048w\" sizes=\"auto, (max-width: 1024px) 100vw, 1024px\" \/><\/a><\/div><a class=\"wp-block-latest-posts__post-title\" href=\"https:\/\/www.fazenda.niteroi.rj.gov.br\/blog\/2023\/02\/27\/setor-de-servicos-em-niteroi-cresce-20-no-ano-de-2022\/\"><strong>Setor de Servi\u00e7os em Niter\u00f3i cresce 20% no ano de 2022<\/strong><\/a><div class=\"wp-block-latest-posts__post-author\">por Marilia Ortiz<\/div><time datetime=\"2023-02-27T11:23:12-03:00\" class=\"wp-block-latest-posts__post-date\">27 de fevereiro de 2023<\/time><div class=\"wp-block-latest-posts__post-excerpt\">Passados tr\u00eas anos desde que o mundo se viu diante dos maiores desafios sanit\u00e1rios e econ\u00f4micos deste s\u00e9culo, o setor de servi\u00e7os retoma seu crescimento ano ap\u00f3s ano. Em 2022, a arrecada\u00e7\u00e3o do ISS nas capitais apresentou crescimento real de 3,6%, mesmo diante de uma base de crescimento elevada verificada no ano anterior, no qual &hellip;<p class=\"read-more\"> <a class=\"\" href=\"https:\/\/www.fazenda.niteroi.rj.gov.br\/blog\/2023\/02\/27\/setor-de-servicos-em-niteroi-cresce-20-no-ano-de-2022\/\"> <span class=\"screen-reader-text\"><strong>Setor de Servi\u00e7os em Niter\u00f3i cresce 20% no ano de 2022<\/strong><\/span> Leia mais &raquo;<\/a><\/p><\/div><\/li>\n<li><div class=\"wp-block-latest-posts__featured-image aligncenter\"><a href=\"https:\/\/www.fazenda.niteroi.rj.gov.br\/blog\/2023\/01\/30\/um-futuro-de-decisoes-presentes\/\" aria-label=\"&lt;strong&gt;Um futuro de decis\u00f5es presentes&lt;\/strong&gt;\"><img loading=\"lazy\" decoding=\"async\" width=\"1024\" height=\"919\" src=\"https:\/\/www.fazenda.niteroi.rj.gov.br\/blog\/wp-content\/uploads\/2023\/01\/Foto-Fachada-Fazenda-scaled-e1675103110583-1024x919.jpg\" class=\"attachment-large size-large wp-post-image\" alt=\"\" style=\"\" srcset=\"https:\/\/www.fazenda.niteroi.rj.gov.br\/blog\/wp-content\/uploads\/2023\/01\/Foto-Fachada-Fazenda-scaled-e1675103110583-1024x919.jpg 1024w, https:\/\/www.fazenda.niteroi.rj.gov.br\/blog\/wp-content\/uploads\/2023\/01\/Foto-Fachada-Fazenda-scaled-e1675103110583-300x269.jpg 300w, https:\/\/www.fazenda.niteroi.rj.gov.br\/blog\/wp-content\/uploads\/2023\/01\/Foto-Fachada-Fazenda-scaled-e1675103110583-768x689.jpg 768w, https:\/\/www.fazenda.niteroi.rj.gov.br\/blog\/wp-content\/uploads\/2023\/01\/Foto-Fachada-Fazenda-scaled-e1675103110583-1536x1379.jpg 1536w, https:\/\/www.fazenda.niteroi.rj.gov.br\/blog\/wp-content\/uploads\/2023\/01\/Foto-Fachada-Fazenda-scaled-e1675103110583.jpg 1707w\" sizes=\"auto, (max-width: 1024px) 100vw, 1024px\" \/><\/a><\/div><a class=\"wp-block-latest-posts__post-title\" href=\"https:\/\/www.fazenda.niteroi.rj.gov.br\/blog\/2023\/01\/30\/um-futuro-de-decisoes-presentes\/\"><strong>Um futuro de decis\u00f5es presentes<\/strong><\/a><div class=\"wp-block-latest-posts__post-author\">por Marilia Ortiz<\/div><time datetime=\"2023-01-30T15:12:46-03:00\" class=\"wp-block-latest-posts__post-date\">30 de janeiro de 2023<\/time><div class=\"wp-block-latest-posts__post-excerpt\">Na Secretaria de Fazenda constru\u00edmos no ano passado um Plano Institucional Participativo com metas para quatro anos e carteiras de projetos que s\u00e3o renovadas anualmente. A\u00a0 carteira de projetos de 2022 contou com 43 projetos distribu\u00eddos entre as 5 \u00e1reas de resultado. Soubemos concretizar nossas metas de maneira prof\u00edcua, alcan\u00e7ando um desempenho de 85% das entregas pactuadas.\u00a0<\/div><\/li>\n<\/ul>","protected":false},"excerpt":{"rendered":"<p>Posts mais recentes<\/p>\n","protected":false},"author":1,"featured_media":0,"parent":0,"menu_order":0,"comment_status":"closed","ping_status":"open","template":"","meta":{"footnotes":""},"class_list":["post-2","page","type-page","status-publish","hentry"],"_links":{"self":[{"href":"https:\/\/www.fazenda.niteroi.rj.gov.br\/blog\/wp-json\/wp\/v2\/pages\/2","targetHints":{"allow":["GET"]}}],"collection":[{"href":"https:\/\/www.fazenda.niteroi.rj.gov.br\/blog\/wp-json\/wp\/v2\/pages"}],"about":[{"href":"https:\/\/www.fazenda.niteroi.rj.gov.br\/blog\/wp-json\/wp\/v2\/types\/page"}],"author":[{"embeddable":true,"href":"https:\/\/www.fazenda.niteroi.rj.gov.br\/blog\/wp-json\/wp\/v2\/users\/1"}],"replies":[{"embeddable":true,"href":"https:\/\/www.fazenda.niteroi.rj.gov.br\/blog\/wp-json\/wp\/v2\/comments?post=2"}],"version-history":[{"count":24,"href":"https:\/\/www.fazenda.niteroi.rj.gov.br\/blog\/wp-json\/wp\/v2\/pages\/2\/revisions"}],"predecessor-version":[{"id":430,"href":"https:\/\/www.fazenda.niteroi.rj.gov.br\/blog\/wp-json\/wp\/v2\/pages\/2\/revisions\/430"}],"wp:attachment":[{"href":"https:\/\/www.fazenda.niteroi.rj.gov.br\/blog\/wp-json\/wp\/v2\/media?parent=2"}],"curies":[{"name":"wp","href":"https:\/\/api.w.org\/{rel}","templated":true}]}}