{"id":1477,"date":"2016-08-23T12:49:41","date_gmt":"2016-08-23T15:49:41","guid":{"rendered":"http:\/\/fazenda.niteroi.rj.gov.br\/site\/?page_id=1477"},"modified":"2017-09-06T09:57:20","modified_gmt":"2017-09-06T12:57:20","slug":"codigos","status":"publish","type":"page","link":"https:\/\/www.fazenda.niteroi.rj.gov.br\/site\/servicos\/consulta-processo\/codigos\/","title":{"rendered":"C\u00f3digos dos \u00f3rg\u00e3os municipais"},"content":{"rendered":"<p>Os n\u00fameros dos processos come\u00e7am com tr\u00eas d\u00edgitos que representam os\u00a0diversos \u00f3rg\u00e3os da Prefeitura de Niter\u00f3i:<\/p>\n<table>\n<thead>\n<tr>\n<th>\u00d3rg\u00e3o<\/th>\n<th>C\u00f3digo<\/th>\n<\/tr>\n<\/thead>\n<tbody>\n<tr>\n<td>Prefeitura<\/td>\n<td>180<\/td>\n<\/tr>\n<tr>\n<td>Vice-Prefeitura<\/td>\n<td>270<\/td>\n<\/tr>\n<tr>\n<td>Secretaria Executiva<\/td>\n<td>270<\/td>\n<\/tr>\n<tr>\n<td>Secretaria Municipal de Governo (SEMUG)<\/td>\n<td>010<\/td>\n<\/tr>\n<tr>\n<td>Secretaria Municipal de Administra\u00e7\u00e3o (SMA)<\/td>\n<td>020<\/td>\n<\/tr>\n<tr>\n<td>Secretaria Municipal de Planejamento, Moderniza\u00e7\u00e3o da Gest\u00e3o e Controle (SEPLAG)<\/td>\n<td>190<\/td>\n<\/tr>\n<tr>\n<td>Secretaria Municipal de Fazenda (SMF)<\/td>\n<td>030<\/td>\n<\/tr>\n<tr>\n<td>Secretaria Municipal de Sa\u00fade (SMS)<\/td>\n<td>060<\/td>\n<\/tr>\n<tr>\n<td>Secretaria Municipal de Habita\u00e7\u00e3o e Regulariza\u00e7\u00e3o Fundi\u00e1ria (SMH)<\/td>\n<td>650<\/td>\n<\/tr>\n<tr>\n<td>Secretaria Municipal de Desenvolvimento Econ\u00f4mico (SEDEN)<\/td>\n<td>600<\/td>\n<\/tr>\n<tr>\n<td>Secretaria Municipal de Ordem P\u00fablica (SEOP)<\/td>\n<td>130<\/td>\n<\/tr>\n<tr>\n<td>Secretaria Municipal de Educa\u00e7\u00e3o, Ci\u00eancia e Tecnologia (SEMECT)<\/td>\n<td>050<\/td>\n<\/tr>\n<tr>\n<td>Secretaria Municipal de Cultura (SMC)<\/td>\n<td>240<\/td>\n<\/tr>\n<tr>\n<td>Secretaria Municipal de Meio Ambiente, Recursos H\u00eddricos e Sustentabilidade (SMARHS)<\/td>\n<td>250<\/td>\n<\/tr>\n<tr>\n<td>Secretaria Municipal de Assist\u00eancia Social e Direitos Humanos (SASDH)<\/td>\n<td>090<\/td>\n<\/tr>\n<tr>\n<td>Secretaria Municipal de Participa\u00e7\u00e3o Social (SEMPAS)<\/td>\n<td>100<\/td>\n<\/tr>\n<tr>\n<td>Secretaria Municipal de Conserva\u00e7\u00e3o e Servi\u00e7os P\u00fablicos (SECONSER)<\/td>\n<td>040<\/td>\n<\/tr>\n<tr>\n<td>Secretaria Municipal de Urbanismo e Mobilidade (SMU)<\/td>\n<td>080<\/td>\n<\/tr>\n<tr>\n<td>Secretaria Municipal de Esporte e Lazer (SMEL)<\/td>\n<td>230<\/td>\n<\/tr>\n<tr>\n<td>Procuradoria Geral do Munic\u00edpio (PGM)<\/td>\n<td>070<\/td>\n<\/tr>\n<tr>\n<td>Niter\u00f3i Previd\u00eancia<\/td>\n<td>310<\/td>\n<\/tr>\n<tr>\n<td>Funda\u00e7\u00e3o Municipal de Sa\u00fade (FMS)<\/td>\n<td>200<\/td>\n<\/tr>\n<tr>\n<td>Funda\u00e7\u00e3o Municipal de Educa\u00e7\u00e3o (FME)<\/td>\n<td>210<\/td>\n<\/tr>\n<tr>\n<td>Funda\u00e7\u00e3o de Artes de Niter\u00f3i (FAN)<\/td>\n<td>220<\/td>\n<\/tr>\n<tr>\n<td>Niter\u00f3i Empresa de Lazer e Turismo (NELTUR)<\/td>\n<td>500<\/td>\n<\/tr>\n<tr>\n<td>Niter\u00f3i Transporte e Tr\u00e2nsito (NitTrans)<\/td>\n<td>530<\/td>\n<\/tr>\n<tr>\n<td>Niter\u00f3i Terminais Rodovi\u00e1rios (NITER)<\/td>\n<td>300<\/td>\n<\/tr>\n<tr>\n<td>Companhia de Limpeza Urbana de Niter\u00f3i (CLIN)<\/td>\n<td>520<\/td>\n<\/tr>\n<tr>\n<td>Administra\u00e7\u00e3o Regional do Sap\u00ea, Badu e Matapaca<\/td>\n<td>160<\/td>\n<\/tr>\n<tr>\n<td>Administra\u00e7\u00e3o Regional da Engenhoca<\/td>\n<td>490<\/td>\n<\/tr>\n<tr>\n<td>Administra\u00e7\u00e3o da Regi\u00e3o Oce\u00e2nica<\/td>\n<td>120<\/td>\n<\/tr>\n<tr>\n<td>Administra\u00e7\u00e3o Regional da Ilha da Concei\u00e7\u00e3o<\/td>\n<td>290<\/td>\n<\/tr>\n<tr>\n<td>Administra\u00e7\u00e3o Regional de Icara\u00ed<\/td>\n<td>440<\/td>\n<\/tr>\n<tr>\n<td>Administra\u00e7\u00e3o Regional de Santa Rosa<\/td>\n<td>420<\/td>\n<\/tr>\n<tr>\n<td>Administra\u00e7\u00e3o Regional do Fonseca<\/td>\n<td>480<\/td>\n<\/tr>\n<tr>\n<td>Administra\u00e7\u00e3o Regional do Barreto<\/td>\n<td>470<\/td>\n<\/tr>\n<tr>\n<td>Administra\u00e7\u00e3o Regional do Ing\u00e1<\/td>\n<td>450<\/td>\n<\/tr>\n<tr>\n<td>Administra\u00e7\u00e3o Regional do Centro<\/td>\n<td>460<\/td>\n<\/tr>\n<tr>\n<td>Administra\u00e7\u00e3o Regional do Rio do Ouro<\/td>\n<td>410<\/td>\n<\/tr>\n<tr>\n<td>Administra\u00e7\u00e3o Regional do Largo da Batalha<\/td>\n<td>150<\/td>\n<\/tr>\n<tr>\n<td>Administra\u00e7\u00e3o Regional do Ponto Cem R\u00e9is e Adjac\u00eancias<\/td>\n<td>320<\/td>\n<\/tr>\n<tr>\n<td>Administra\u00e7\u00e3o Regional de Jurujuba<\/td>\n<td>680<\/td>\n<\/tr>\n<tr>\n<td>Administra\u00e7\u00e3o Regional de Tenente Jardim<\/td>\n<td>690<\/td>\n<\/tr>\n<tr>\n<td>Administra\u00e7\u00e3o Regional de S\u00e3o Francisco<\/td>\n<td>430<\/td>\n<\/tr>\n<\/tbody>\n<\/table>\n<p style=\"text-align: center;\"><a href='http:\/\/fazenda.niteroi.rj.gov.br\/site\/servicos\/consulta-processo\/' class='small-button smallorange'>Voltar para a consulta de processos<\/a><\/p>\n","protected":false},"excerpt":{"rendered":"<p>Os n\u00fameros dos processos come\u00e7am com tr\u00eas d\u00edgitos que representam os\u00a0diversos \u00f3rg\u00e3os da Prefeitura de Niter\u00f3i: \u00d3rg\u00e3o C\u00f3digo Prefeitura 180 Vice-Prefeitura 270 Secretaria Executiva 270 Secretaria Municipal de Governo (SEMUG) [&hellip;]<\/p>\n","protected":false},"author":1,"featured_media":0,"parent":4873,"menu_order":0,"comment_status":"closed","ping_status":"closed","template":"","meta":{"_et_pb_use_builder":"","_et_pb_old_content":"","_et_gb_content_width":"","_usar_header_alternativo":false,"footnotes":""},"class_list":["post-1477","page","type-page","status-publish","hentry"],"_links":{"self":[{"href":"https:\/\/www.fazenda.niteroi.rj.gov.br\/site\/wp-json\/wp\/v2\/pages\/1477","targetHints":{"allow":["GET"]}}],"collection":[{"href":"https:\/\/www.fazenda.niteroi.rj.gov.br\/site\/wp-json\/wp\/v2\/pages"}],"about":[{"href":"https:\/\/www.fazenda.niteroi.rj.gov.br\/site\/wp-json\/wp\/v2\/types\/page"}],"author":[{"embeddable":true,"href":"https:\/\/www.fazenda.niteroi.rj.gov.br\/site\/wp-json\/wp\/v2\/users\/1"}],"replies":[{"embeddable":true,"href":"https:\/\/www.fazenda.niteroi.rj.gov.br\/site\/wp-json\/wp\/v2\/comments?post=1477"}],"version-history":[{"count":0,"href":"https:\/\/www.fazenda.niteroi.rj.gov.br\/site\/wp-json\/wp\/v2\/pages\/1477\/revisions"}],"up":[{"embeddable":true,"href":"https:\/\/www.fazenda.niteroi.rj.gov.br\/site\/wp-json\/wp\/v2\/pages\/4873"}],"wp:attachment":[{"href":"https:\/\/www.fazenda.niteroi.rj.gov.br\/site\/wp-json\/wp\/v2\/media?parent=1477"}],"curies":[{"name":"wp","href":"https:\/\/api.w.org\/{rel}","templated":true}]}}