{"id":1493,"date":"2016-08-25T13:24:49","date_gmt":"2016-08-25T16:24:49","guid":{"rendered":"http:\/\/fazenda.niteroi.rj.gov.br\/site\/?page_id=1493"},"modified":"2026-01-07T16:44:51","modified_gmt":"2026-01-07T19:44:51","slug":"taxas-e-multas-valores","status":"publish","type":"page","link":"https:\/\/www.fazenda.niteroi.rj.gov.br\/site\/taxas-e-multas-valores\/","title":{"rendered":"Taxas e multas (valores)"},"content":{"rendered":"\n<p>Valores de refer\u00eancia utilizados no <a href=\"https:\/\/leismunicipais.com.br\/a1\/codigo-tributario-niteroi-rj\">C\u00f3digo Tribut\u00e1rio Municipal<\/a>.<\/p>\n\n\n\n<figure class=\"wp-block-table aligncenter is-style-stripes\"><table><thead><tr><th>Taxa\/Multa<\/th><th>2026<\/th><th>2025<\/th><th>2024<\/th><th>2023<\/th><th>2022<\/th><th>2021<\/th><\/tr><\/thead><tbody><tr><td><strong>Norma<\/strong><\/td><td><a href=\"https:\/\/www.fazenda.niteroi.rj.gov.br\/site\/resolucao-smf-16-2025-cartrim-2026\/\" data-type=\"link\" data-id=\"https:\/\/www.fazenda.niteroi.rj.gov.br\/site\/resolucao-smf-16-2025-cartrim-2026\/\">Res.16\/25<\/a><\/td><td><a href=\"https:\/\/www.fazenda.niteroi.rj.gov.br\/site\/resolucao-smf-15-2024-cartrim-2025\/\">Res.15\/24<\/a><\/td><td><a href=\"https:\/\/www.fazenda.niteroi.rj.gov.br\/site\/resolucao-smf-82-2023-cartrim-2024\/\" data-type=\"post\" data-id=\"23718\">Res.82\/23<\/a><\/td><td><a href=\"https:\/\/www.fazenda.niteroi.rj.gov.br\/site\/resolucao-smf-73-2022-cartrim-2023\/\">Res.73\/22<\/a><\/td><td><a href=\"https:\/\/www.fazenda.niteroi.rj.gov.br\/site\/resolucao-smf-62-2021-cartrim-2022\/\">Res.62\/21<\/a><\/td><td><a href=\"https:\/\/fazenda.niteroi.rj.gov.br\/site\/resolucao-smf-50-2020-cartrim-2021\/\">Res.50\/20<\/a><\/td><\/tr><tr><td><strong>AA<\/strong><\/td><td>5,71<\/td><td>5,43<\/td><td>5,2<\/td><td>4.94<\/td><td>4,61<\/td><td>4,18<\/td><\/tr><tr><td><strong>A0<\/strong><\/td><td>11,44<\/td><td>10,88<\/td><td>10,42<\/td><td>9,91<\/td><td>9,24<\/td><td>8,39<\/td><\/tr><tr><td><strong>A1<\/strong><\/td><td>22,85<\/td><td>21,73<\/td><td>20,81<\/td><td>19,78<\/td><td>18,46<\/td><td>16,74<\/td><\/tr><tr><td><strong>A2<\/strong><\/td><td>45,72<\/td><td>43,47<\/td><td>41,63<\/td><td>39,58<\/td><td>36,93<\/td><td>33,50<\/td><\/tr><tr><td><strong>A3<\/strong><\/td><td>68,58<\/td><td>65,21<\/td><td>62,45<\/td><td>59,37<\/td><td>55,40<\/td><td>50,25<\/td><\/tr><tr><td><strong>A4<\/strong><\/td><td>91,43<\/td><td>86,94<\/td><td>83,26<\/td><td>79,16<\/td><td>73,87<\/td><td>67,00<\/td><\/tr><tr><td><strong>A5<\/strong><\/td><td>114,30<\/td><td>108,68<\/td><td>104,08<\/td><td>98,95<\/td><td>92,33<\/td><td>83,75<\/td><\/tr><tr><td><strong>A6<\/strong><\/td><td>137,17<\/td><td>130,43<\/td><td>124,91<\/td><td>118,75<\/td><td>110,80<\/td><td>100,50<\/td><\/tr><tr><td><strong>A10<\/strong><\/td><td>228,62<\/td><td>217,38<\/td><td>208,18<\/td><td>197,92<\/td><td>184,68<\/td><td>167,51<\/td><\/tr><tr><td><strong>A15<\/strong><\/td><td>342,93<\/td><td>326,07<\/td><td>312,27<\/td><td>296,88<\/td><td>277,01<\/td><td>251,26<\/td><\/tr><tr><td><strong>A20<\/strong><\/td><td>457,25<\/td><td>434,77<\/td><td>416,37<\/td><td>395,84<\/td><td>369,36<\/td><td>335,02<\/td><\/tr><tr><td><strong>A30<\/strong><\/td><td>685,91<\/td><td>652,19<\/td><td>624,58<\/td><td>593,79<\/td><td>554,06<\/td><td>502,55<\/td><\/tr><tr><td><strong>A40<\/strong><\/td><td>914,53<\/td><td>869,57<\/td><td>832,76<\/td><td>791,71<\/td><td>738,74<\/td><td>670,06<\/td><\/tr><tr><td><strong>A50<\/strong><\/td><td>1143,13<\/td><td>1.086,94<\/td><td>1.040,93<\/td><td>989,62<\/td><td>923,41<\/td><td>837,56<\/td><\/tr><tr><td><strong>A60<\/strong><\/td><td>1371,77<\/td><td>1.304,34<\/td><td>1.249,13<\/td><td>1187,55<\/td><td>1108,10<\/td><td>1005,08<\/td><\/tr><tr><td><strong>A100<\/strong><\/td><td>2286,32<\/td><td>2.173,93<\/td><td>2.081,91<\/td><td>1979,28<\/td><td>1846,86<\/td><td>1675,16<\/td><\/tr><tr><td><strong>A150<\/strong><\/td><td>3429,48<\/td><td>3.260,89<\/td><td>3.122,86<\/td><td>2968,91<\/td><td>2770,28<\/td><td>2512,73<\/td><\/tr><tr><td><strong>AE<\/strong><\/td><td>312,94<\/td><td>297,56<\/td><td>284,96<\/td><td>270,91<\/td><td>252,78<\/td><td>229,28<\/td><\/tr><tr><td><strong>L0<\/strong><\/td><td>68,10<\/td><td>64,75<\/td><td>62,01<\/td><td>58,95<\/td><td>55,00<\/td><td>49,89<\/td><\/tr><tr><td><strong>L1<\/strong><\/td><td>340,45<\/td><td>323,71<\/td><td>310,01<\/td><td>294,73<\/td><td>275,01<\/td><td>249,44<\/td><\/tr><tr><td><strong>L2<\/strong><\/td><td>453,95<\/td><td>431,63<\/td><td>413,36<\/td><td>392,98<\/td><td>366,69<\/td><td>332,60<\/td><\/tr><tr><td><strong>M0<\/strong><\/td><td>114,30<\/td><td>108,68<\/td><td>104,08<\/td><td>98,95<\/td><td>92,33<\/td><td>83,75<\/td><\/tr><tr><td><strong>M1<\/strong><\/td><td>228,62<\/td><td>217,38<\/td><td>208,18<\/td><td>197,92<\/td><td>184,68<\/td><td>167,51<\/td><\/tr><tr><td><strong>M2<\/strong><\/td><td>457,25<\/td><td>434,77<\/td><td>416,37<\/td><td>395,84<\/td><td>369,36<\/td><td>335,02<\/td><\/tr><tr><td><strong>M3<\/strong><\/td><td>685,91<\/td><td>652,19<\/td><td>624,58<\/td><td>593,79<\/td><td>554,06<\/td><td>502,55<\/td><\/tr><tr><td><strong>M4<\/strong><\/td><td>914,53<\/td><td>869,57<\/td><td>832,76<\/td><td>791,71<\/td><td>738,74<\/td><td>670,06<\/td><\/tr><tr><td><strong>M5<\/strong><\/td><td>1143,13<\/td><td>1.086,94<\/td><td>1.040,93<\/td><td>989,62<\/td><td>923,41<\/td><td>837,56<\/td><\/tr><tr><td><strong>M10<\/strong><\/td><td>2286,32<\/td><td>2.173,93<\/td><td>2.081,91<\/td><td>1979,28<\/td><td>1846,86<\/td><td>1675,16<\/td><\/tr><tr><td><strong>M20<\/strong><\/td><td>4572,67<\/td><td>4.347,88<\/td><td>4.163,84<\/td><td>3958,58<\/td><td>3693,74<\/td><td>3350,33<\/td><\/tr><\/tbody><\/table><\/figure>\n\n\n\n<h2 class=\"wp-block-heading\">Valor de Refer\u00eancia IS<\/h2>\n\n\n\n<p>Valor venal limite para a isen\u00e7\u00e3o prevista no art. 6\u00ba, VII, &#8220;c&#8221; do C\u00f3digo Tribut\u00e1rio de Niter\u00f3i:<\/p>\n\n\n\n<ul class=\"wp-block-list\">\n<li><strong>2026: R$ 306.672,67<\/strong><\/li>\n\n\n\n<li>2025: R$ 291.597,10<\/li>\n\n\n\n<li>2024: R$ 279.254,07<\/li>\n\n\n\n<li>2023: R$ 265.487,78<\/li>\n<\/ul>\n\n\n\n<h2 class=\"wp-block-heading\">Valores de Refer\u00eancia para Aut\u00f4nomos<\/h2>\n\n\n\n<p>ISS sobre os servi\u00e7os prestados pelas pessoas f\u00edsicas, conforme art. 91, \u00a71\u00ba, incisos I e II, do C\u00f3digo Tribut\u00e1rio de Niter\u00f3i:<\/p>\n\n\n\n<ul class=\"wp-block-list\">\n<li><strong>2026<\/strong> &#8211; <strong>P1<\/strong>: R$ 57,11 \/ <strong>P2:<\/strong> R$ 38,10<\/li>\n\n\n\n<li>2025 &#8211; P1: R$ 54,30 \/ P2: R$ 36,23<\/li>\n\n\n\n<li>2024 &#8211; P1: R$ 52,00 \/ P2: R$ 34,70<\/li>\n\n\n\n<li>2023 &#8211; P1: R$ 49,44 \/ P2: R$ 32,99<\/li>\n<\/ul>\n\n\n\n<h2 class=\"wp-block-heading\">Valores de Anos anteriores<\/h2>\n\n\n\n<ul class=\"wp-block-list\">\n<li>2020: <a href=\"\/site\/resolucao-smf-38-2019-cartrim-2020\/\">Resolu\u00e7\u00e3o SMF 38\/2019<\/a><\/li>\n\n\n\n<li>2019: <a href=\"http:\/\/fazenda.niteroi.rj.gov.br\/site\/resolucao-smf-32-2018-cartrim-2019\/\">Resolu\u00e7\u00e3o SMF 32\/2018<\/a><\/li>\n\n\n\n<li>2018: <a href=\"https:\/\/fazenda.niteroi.rj.gov.br\/site\/resolucao-smf-23-2017-cartrim-2018\/\">Resolu\u00e7\u00e3o SMF 23\/2017<\/a><\/li>\n\n\n\n<li>2017: <a href=\"https:\/\/fazenda.niteroi.rj.gov.br\/site\/resolucao-smf-13-2016\/\">Resolu\u00e7\u00e3o SMF 13\/2016<\/a><\/li>\n\n\n\n<li>2016: <a href=\"http:\/\/fazenda.niteroi.rj.gov.br\/site\/resolucao-smf-11-2015\/\">Resolu\u00e7\u00e3o SMF 11\/2015<\/a><\/li>\n\n\n\n<li>2015: <a href=\"http:\/\/pgm.niteroi.rj.gov.br\/legislacao_pmn\/2014\/DECRETOS\/11757_Notifica_do_lan%C3%A7amento_de_oficio_de_tributos_municipais_relativos_ao_exerc%C3%ADcio_de_2015.pdf\">Decreto 11.757\/2014<\/a> <\/li>\n\n\n\n<li>2014: <a href=\"http:\/\/pgm.niteroi.rj.gov.br\/legislacao_pmn\/2013\/DECRETOS\/11514_CARTRIM_Exercicio_de_2014.pdf\">Decreto 11.514\/2013<\/a> <\/li>\n\n\n\n<li>2013: <a href=\"http:\/\/pgm.niteroi.rj.gov.br\/legislacao_pmn\/2012\/DECRETOS\/11247_CARTRIM_2013.pdf\">Decreto 11.247\/2012<\/a><\/li>\n\n\n\n<li>2012: <a href=\"http:\/\/pgm.niteroi.rj.gov.br\/legislacao_pmn\/2011\/DECRETOS\/11034_CARTIM_2012.pdf\">Decreto 11.034\/2011<\/a><\/li>\n<\/ul>\n","protected":false},"excerpt":{"rendered":"<p>Valores atualizados das multas e taxas (incluindo UFINIT) cobradas pela Secretaria da Fazenda de Niter\u00f3i.<\/p>\n","protected":false},"author":1,"featured_media":0,"parent":0,"menu_order":0,"comment_status":"closed","ping_status":"closed","template":"","meta":{"_et_pb_use_builder":"off","_et_pb_old_content":"<p>Valores de refer\u00eancia utilizados no <a href=\"https:\/\/leismunicipais.com.br\/a1\/codigo-tributario-niteroi-rj\">C\u00f3digo Tribut\u00e1rio Municipal<\/a> para o exerc\u00edcio de\u00a02016, atualizados pela <a href=\"http:\/\/fazenda.niteroi.rj.gov.br\/site\/resolucao-smf-11-2015\/\">Resolu\u00e7\u00e3o SMF n\u00ba 11\/2015<\/a>:<\/p><h2>Multas<\/h2><table><tbody><tr><th>Multas<\/th><th>Valor (R$)<\/th><\/tr><tr><td>M0<\/td><td>67,87<\/td><\/tr><tr><td>M1<\/td><td>135,76<\/td><\/tr><tr><td>M2<\/td><td>271,52<\/td><\/tr><tr><td>M3<\/td><td>407,28<\/td><\/tr><tr><td>M4<\/td><td>543,04<\/td><\/tr><tr><td>M5<\/td><td>678,79<\/td><\/tr><tr><td>M10<\/td><td>1.357,60<\/td><\/tr><tr><td>M20<\/td><td>2.715,21<\/td><\/tr><\/tbody><\/table><h2>Taxas<\/h2><table><tbody><tr><th>Taxas<\/th><th>Valor (R$)<\/th><\/tr><tr><td>AA<\/td><td>3,39<\/td><\/tr><tr><td>A0<\/td><td>6,79<\/td><\/tr><tr><td>A1<\/td><td>13,57<\/td><\/tr><tr><td>A2<\/td><td>27,15<\/td><\/tr><tr><td>A3<\/td><td>40,73<\/td><\/tr><tr><td>A4<\/td><td>54,30<\/td><\/tr><tr><td>A5<\/td><td>67,87<\/td><\/tr><tr><td>A6<\/td><td>81,45<\/td><\/tr><tr><td>A10<\/td><td>135,76<\/td><\/tr><tr><td>A15<\/td><td>203,63<\/td><\/tr><tr><td>A20<\/td><td>271,52<\/td><\/tr><tr><td>A30<\/td><td>407,28<\/td><\/tr><tr><td>A40<\/td><td>543,04<\/td><\/tr><tr><td>A50<\/td><td>678,79<\/td><\/tr><tr><td>A60<\/td><td>814,56<\/td><\/tr><tr><td>A100<\/td><td>1.357,60<\/td><\/tr><tr><td>A150<\/td><td>2.036,39<\/td><\/tr><tr><td>AE<\/td><td>185,82<\/td><\/tr><tr><td>L0<\/td><td>40,43<\/td><\/tr><tr><td>L1<\/td><td>202,16<\/td><\/tr><tr><td>L2<\/td><td>269,54<\/td><\/tr><\/tbody><\/table><p>[box type=\"info\"]<strong>UFINIT<\/strong> (A10): R$ 135,76[\/box]<\/p>","_et_gb_content_width":"","_usar_header_alternativo":false,"footnotes":""},"class_list":["post-1493","page","type-page","status-publish","hentry"],"_links":{"self":[{"href":"https:\/\/www.fazenda.niteroi.rj.gov.br\/site\/wp-json\/wp\/v2\/pages\/1493","targetHints":{"allow":["GET"]}}],"collection":[{"href":"https:\/\/www.fazenda.niteroi.rj.gov.br\/site\/wp-json\/wp\/v2\/pages"}],"about":[{"href":"https:\/\/www.fazenda.niteroi.rj.gov.br\/site\/wp-json\/wp\/v2\/types\/page"}],"author":[{"embeddable":true,"href":"https:\/\/www.fazenda.niteroi.rj.gov.br\/site\/wp-json\/wp\/v2\/users\/1"}],"replies":[{"embeddable":true,"href":"https:\/\/www.fazenda.niteroi.rj.gov.br\/site\/wp-json\/wp\/v2\/comments?post=1493"}],"version-history":[{"count":4,"href":"https:\/\/www.fazenda.niteroi.rj.gov.br\/site\/wp-json\/wp\/v2\/pages\/1493\/revisions"}],"predecessor-version":[{"id":34280,"href":"https:\/\/www.fazenda.niteroi.rj.gov.br\/site\/wp-json\/wp\/v2\/pages\/1493\/revisions\/34280"}],"wp:attachment":[{"href":"https:\/\/www.fazenda.niteroi.rj.gov.br\/site\/wp-json\/wp\/v2\/media?parent=1493"}],"curies":[{"name":"wp","href":"https:\/\/api.w.org\/{rel}","templated":true}]}}