{"id":1553,"date":"2016-08-31T11:41:19","date_gmt":"2016-08-31T14:41:19","guid":{"rendered":"http:\/\/fazenda.niteroi.rj.gov.br\/site\/?page_id=1553"},"modified":"2024-04-02T14:34:21","modified_gmt":"2024-04-02T17:34:21","slug":"certidoes-mobiliarias","status":"publish","type":"page","link":"https:\/\/www.fazenda.niteroi.rj.gov.br\/site\/certidoes-mobiliarias\/","title":{"rendered":"Certid\u00f5es Mobili\u00e1rias"},"content":{"rendered":"\n<h2 class=\"wp-block-heading\">Procedimentos<\/h2>\n\n\n\n<p><strong>IMPORTANTE:<\/strong> Informamos que a partir de 15 de janeiro de 2018 houve unifica\u00e7\u00e3o das certid\u00f5es de d\u00e9bito emitidas pela Procuradoria Fiscal e Secretaria Municipal de Fazenda. Assim, uma \u00fanica certid\u00e3o \u00e9 emitida contemplando todos os d\u00e9bitos tribut\u00e1rios municipais, inscritos ou n\u00e3o em d\u00edvida ativa.<\/p>\n\n\n\n<ul class=\"wp-block-list\">\n<li><strong>Certid\u00e3o de D\u00e9bitos Municipais<\/strong> \u2013\u00a0Certifica\u00a0que n\u00e3o constam d\u00e9bitos na inscri\u00e7\u00e3o mobili\u00e1ria (alvar\u00e1) \/ CPF \/ CNPJ especificados junto ao Munic\u00edpio de Niter\u00f3i, inscritos ou n\u00e3o em d\u00edvida ativa. <br>Observa\u00e7\u00e3o:\n<ul class=\"wp-block-list\">\n<li>Caso existam d\u00e9bitos vinculados ser\u00e1 emitida&nbsp;<em>Certid\u00e3o Positiva<\/em>.<\/li>\n\n\n\n<li>Caso estes d\u00e9bitos ainda n\u00e3o estejam vencidos, em curso de cobran\u00e7a com penhora efetuada ou estejam com exigibilidade suspensa,\u00a0\u00a0nos termos do art. 151 do C\u00f3digo Tribut\u00e1rio Nacional,\u00a0\u00a0ser\u00e1 emitida\u00a0<em>Certid\u00e3o Positiva com Efeito de Negativa<\/em>.<\/li>\n<\/ul>\n<\/li>\n<\/ul>\n\n\n\n<div class=\"wp-block-buttons is-content-justification-center is-layout-flex wp-container-core-buttons-is-layout-1 wp-block-buttons-is-layout-flex\">\n<div class=\"wp-block-button\"><a class=\"wp-block-button__link has-white-color has-vivid-cyan-blue-background-color has-text-color has-background has-link-color wp-element-button\" href=\"http:\/\/fazenda.niteroi.rj.gov.br\/certidao\/\">EMITA AQUI SUA CERTID\u00c3O<\/a><\/div>\n<\/div>\n\n\n\n<p>&nbsp;<\/p>\n\n\n\n<ul class=\"wp-block-list\">\n<li><strong>Certid\u00e3o de Inexist\u00eancia de Inscri\u00e7\u00e3o<\/strong> \u2013 Quando n\u00e3o consta inscri\u00e7\u00e3o mobili\u00e1ria cadastrada para o requerente especificado.<\/li>\n<\/ul>\n\n\n\n<div class=\"wp-block-buttons is-content-justification-center is-layout-flex wp-container-core-buttons-is-layout-2 wp-block-buttons-is-layout-flex\">\n<div class=\"wp-block-button\"><a class=\"wp-block-button__link has-white-color has-vivid-cyan-blue-background-color has-text-color has-background has-link-color wp-element-button\" href=\"http:\/\/fazenda.niteroi.rj.gov.br\/certidao\/\">EMITA AQUI SUA CERTID\u00c3O<\/a><\/div>\n<\/div>\n\n\n\n<p>&nbsp;<\/p>\n\n\n\n<ul class=\"wp-block-list\">\n<li><strong>Certid\u00e3o de Isen\u00e7\u00e3o de Publicidade<\/strong> \u2013 Certifica que a inscri\u00e7\u00e3o especificada \u00e9 isenta da cobran\u00e7a da Taxa de Autoriza\u00e7\u00e3o para Exibi\u00e7\u00e3o de Publicidade (TAEP), conforme previsto no&nbsp;<a href=\"https:\/\/leismunicipais.com.br\/codigo-tributario-niteroi-rj#artigo_144\">art. 144 da Lei 2.597\/08<\/a>.<\/li>\n\n\n\n<li><strong>Certid\u00e3o de ISS Obra<\/strong>&nbsp;\u2013&nbsp;Certifica que a obra encontra-se em regularidade&nbsp;com o pagamento do ISS Obra, de acordo com o art.24 Inciso I do Decreto n\u00b0 10.191\/07 e o&nbsp;art. 5\u00b0 \u00a72\u00b0 do Decreto n\u00b0 11.089\/11.<\/li>\n<\/ul>\n\n\n\n<p>N\u00e3o encontrou a certid\u00e3o que procurava? <a href=\"http:\/\/fazenda.niteroi.rj.gov.br\/site\/iptu\/\">Veja as Certid\u00f5es Imobili\u00e1rias<\/a>.<\/p>\n\n\n\n<h2 class=\"wp-block-heading\">Emiss\u00e3o de Certid\u00f5es<\/h2>\n\n\n\n<p>A certid\u00e3o atestando a situa\u00e7\u00e3o quanto aos d\u00e9bitos municipais e de inexist\u00eancia de inscri\u00e7\u00e3o pode ser emitida gratuitamente, clicando no bot\u00e3o abaixo.<\/p>\n\n\n\n<div class=\"wp-block-buttons is-content-justification-center is-layout-flex wp-container-core-buttons-is-layout-3 wp-block-buttons-is-layout-flex\">\n<div class=\"wp-block-button\"><a class=\"wp-block-button__link has-white-color has-vivid-cyan-blue-background-color has-text-color has-background has-link-color wp-element-button\" href=\"http:\/\/fazenda.niteroi.rj.gov.br\/certidao\/\">EMITA AQUI SUA CERTID\u00c3O<\/a><\/div>\n<\/div>\n\n\n\n<p>&nbsp;<\/p>\n\n\n\n<p>Para as demais certid\u00f5es, e em alguns casos espec\u00edficos, \u00e9 necess\u00e1rio comparecer \u00e0 SMF (R. da Concei\u00e7\u00e3o, 100) com o <a href=\"http:\/\/fazenda.niteroi.rj.gov.br\/site\/processos-e-formularios\/\">Formul\u00e1rio do DEPAT<\/a> preenchido, anexando os seguintes documentos (necess\u00e1rios para qualquer processo):<\/p>\n\n\n\n<ul class=\"wp-block-list\">\n<li><strong>Requerente pessoa f\u00edsica<\/strong>: c\u00f3pias do documento de identidade e CPF do requerente (e, se for o caso, c\u00f3pias do documento de identidade e do CPF do procurador\/autorizado).<\/li>\n\n\n\n<li><strong>Requerente pessoa jur\u00eddica<\/strong>: c\u00f3pia do cart\u00e3o CNPJ, c\u00f3pia do ato constitutivo atualizado e devidamente registrado, c\u00f3pia da ata da assembleia que elegeu a atual diretoria, se for o caso, e c\u00f3pia do CPF e da identidade do(s) representante(s) da pessoa jur\u00eddica.<\/li>\n\n\n\n<li>Procura\u00e7\u00e3o espec\u00edfica com firma reconhecida, se for o caso.<\/li>\n\n\n\n<li>C\u00f3pia do Alvar\u00e1 do requerente, se houver.<\/li>\n<\/ul>\n\n\n\n<p><strong>ATEN\u00c7\u00c3O<\/strong>: S\u00f3 ser\u00e1 permitida a retirada de documentos do processo pelo requerente, procurador, ou pessoa autorizada expressamente pela parte interessada.<\/p>\n\n\n\n<p>Para alguns processos \u00e9 necess\u00e1ria a seguinte documenta\u00e7\u00e3o (al\u00e9m do descrito acima):<\/p>\n\n\n\n<figure class=\"wp-block-table\"><table><thead><tr><th>Processo<\/th><th>Documentos necess\u00e1rios<\/th><\/tr><\/thead><tbody><tr><td>Certid\u00f5es de Isen\u00e7\u00e3o de publicidade<\/td><td>C\u00f3pia da \u00faltima Guia paga da Taxa de Vistoria, c\u00f3pia da planta de publicidade aprovada<\/td><\/tr><tr><td>Certid\u00e3o de ISS Obra<\/td><td>Guia de pagamento do ISS, n\u00famero do processo de homologa\u00e7\u00e3o da obra<\/td><\/tr><\/tbody><\/table><\/figure>\n\n\n\n<h2 class=\"wp-block-heading\">Prazos<\/h2>\n\n\n\n<p>As certid\u00f5es requeridas presencialmente s\u00e3o emitidas em at\u00e9 cinco dias \u00fateis caso n\u00e3o exista nenhuma pend\u00eancia documental\/fiscal. Os prazos s\u00e3o contados a partir do recebimento do pedido pelo setor.<\/p>\n","protected":false},"excerpt":{"rendered":"<p>Segunda via de ISS Aut\u00f4nomo, Certid\u00e3o Negativa de D\u00e9bitos \/ Certid\u00e3o de Regularidade, Certid\u00e3o de Inexist\u00eancia de Inscri\u00e7\u00e3o, Certid\u00e3o MEI, Certid\u00e3o de Isen\u00e7\u00e3o de Publicidade, Certid\u00e3o de ISS Obra. Prefeitura de Niter\u00f3i.<\/p>\n","protected":false},"author":1,"featured_media":0,"parent":0,"menu_order":0,"comment_status":"closed","ping_status":"closed","template":"","meta":{"_et_pb_use_builder":"","_et_pb_old_content":"","_et_gb_content_width":"","_usar_header_alternativo":false,"footnotes":""},"class_list":["post-1553","page","type-page","status-publish","hentry"],"_links":{"self":[{"href":"https:\/\/www.fazenda.niteroi.rj.gov.br\/site\/wp-json\/wp\/v2\/pages\/1553","targetHints":{"allow":["GET"]}}],"collection":[{"href":"https:\/\/www.fazenda.niteroi.rj.gov.br\/site\/wp-json\/wp\/v2\/pages"}],"about":[{"href":"https:\/\/www.fazenda.niteroi.rj.gov.br\/site\/wp-json\/wp\/v2\/types\/page"}],"author":[{"embeddable":true,"href":"https:\/\/www.fazenda.niteroi.rj.gov.br\/site\/wp-json\/wp\/v2\/users\/1"}],"replies":[{"embeddable":true,"href":"https:\/\/www.fazenda.niteroi.rj.gov.br\/site\/wp-json\/wp\/v2\/comments?post=1553"}],"version-history":[{"count":0,"href":"https:\/\/www.fazenda.niteroi.rj.gov.br\/site\/wp-json\/wp\/v2\/pages\/1553\/revisions"}],"wp:attachment":[{"href":"https:\/\/www.fazenda.niteroi.rj.gov.br\/site\/wp-json\/wp\/v2\/media?parent=1553"}],"curies":[{"name":"wp","href":"https:\/\/api.w.org\/{rel}","templated":true}]}}