{"id":16130,"date":"2021-05-03T16:07:33","date_gmt":"2021-05-03T19:07:33","guid":{"rendered":"https:\/\/fazenda.niteroi.rj.gov.br\/site\/?page_id=16130"},"modified":"2026-04-30T11:33:56","modified_gmt":"2026-04-30T14:33:56","slug":"agendamento","status":"publish","type":"page","link":"https:\/\/www.fazenda.niteroi.rj.gov.br\/site\/agendamento\/","title":{"rendered":"Agendamento"},"content":{"rendered":"\n<p>\u00c9 o agendamento eletr\u00f4nico pr\u00e9vio de data e hor\u00e1rio para realiza\u00e7\u00e3o de atendimento na Secretaria da Fazenda de Niter\u00f3i. O agendamento pode ser feito para o atendimento por videochamada (sem sair de casa) ou para o atendimento presencial na Central de Atendimento ao Cidad\u00e3o (CAC).<\/p>\n\n\n\n<h2 class=\"wp-block-heading\"><strong>Agendamento para Atendimento Presencial<\/strong><\/h2>\n\n\n\n<p>A Central de Atendimento ao Cidad\u00e3o est\u00e1 aberta das<strong> 09:00 \u00e0s 16:00<\/strong>, com atendimento priorit\u00e1rio durante todo o dia. Recomendamos o agendamento para um atendimento mais \u00e1gil e eficiente.<\/p>\n\n\n\n<p>Para marcar um hor\u00e1rio, clique no bot\u00e3o abaixo e siga as instru\u00e7\u00f5es. Compare\u00e7a no hor\u00e1rio marcado na <strong>Rua da Concei\u00e7\u00e3o, 100, Centro \u2013 Niter\u00f3i<\/strong> (Pal\u00e1cio Arariboia ou \u201cPrefeitura Velha\u201d), com o documento de identifica\u00e7\u00e3o informado ao agendar o servi\u00e7o e demais documentos exigidos para o servi\u00e7o solicitado. <\/p>\n\n\n\n<p><strong>ATEN\u00c7\u00c3O:<\/strong><\/p>\n\n\n\n<ul class=\"wp-block-list\">\n<li><strong>Atendimento de Protocolo:<\/strong>&nbsp;Est\u00e1 dispon\u00edvel pelo e-mail&nbsp;<a rel=\"noreferrer noopener\" href=\"mailto:protocolo@fazenda.niteroi.rj.gov.br\" target=\"_blank\">protocolo@fazenda.niteroi.rj.gov.br<\/a>&nbsp;ou presencialmente durante o hor\u00e1rio de atendimento da Secretaria de Fazenda&nbsp;<strong>sem pr\u00e9vio agendamento<\/strong>.<\/li>\n\n\n\n<li><strong>Atendimento Cart\u00f3rio:<\/strong>&nbsp;Est\u00e1 dispon\u00edvel pelo e-mail <a href=\"mailto:cartorio@fazenda.niteroi.rj.gov.br\">cartorio@fazenda.niteroi.rj.gov.br<\/a>&nbsp;ou presencialmente durante o hor\u00e1rio de atendimento da Secretaria de Fazenda&nbsp;<strong>sem pr\u00e9vio agendamento<\/strong>.<\/li>\n\n\n\n<li><strong>Atendimento MEI<\/strong>: Est\u00e1 dispon\u00edvel pelo e-mail\u00a0<a href=\"mailto:mei@fazenda.niteroi.rj.gov.br\" target=\"_blank\" rel=\"noreferrer noopener\">mei@fazenda.niteroi.rj.gov.br<\/a>\u00a0ou presencialmente na\u00a0<a href=\"https:\/\/fazenda.niteroi.rj.gov.br\/site\/alvara\/microempreendedor-individual-mei\/\" target=\"_blank\" rel=\"noreferrer noopener\">Casa do Empreendedor<\/a>\u00a0(Niter\u00f3i Shopping \u2013 piso G3).<\/li>\n<\/ul>\n\n\n\n<p><strong>IMPORTANTE<\/strong>: Certifique-se se o servi\u00e7o desejado n\u00e3o \u00e9 prestado apenas pelo&nbsp;<a href=\"https:\/\/servicos.niteroi.rj.gov.br\/#\/main\/dyview\/open\/CATALOGO-SERVICOS-LISTA\/%3Forgao%3DSecretaria%20Municipal%20de%20Fazenda\/0\" target=\"_blank\" rel=\"noreferrer noopener\">Portal de Servi\u00e7os de Niter\u00f3i<\/a>&nbsp;antes do agendar seu atendimento.<\/p>\n\n\n\n<div class=\"wp-block-buttons is-vertical is-content-justification-center is-layout-flex wp-container-core-buttons-is-layout-1 wp-block-buttons-is-layout-flex\">\n<div class=\"wp-block-button\"><a class=\"wp-block-button__link has-white-color has-vivid-cyan-blue-background-color has-text-color has-background wp-element-button\" href=\"https:\/\/outlook.office365.com\/owa\/calendar\/SecretariadaFazendadeNiteroi1@seplag.niteroi.rj.gov.br\/bookings\/\">Agende seu atendimento presencial<\/a><\/div>\n<\/div>\n\n\n\n<h2 class=\"wp-block-heading\"><strong>Agendamento para Atendimento por Videochamada<\/strong><\/h2>\n\n\n\n<p>O Atendimento por Videochamada est\u00e1 dispon\u00edvel de segunda \u00e0 sexta-feira, das 9:00 \u00e0s 15:00, mediante agendamento, para os servi\u00e7os de ISS e IPTU.<\/p>\n\n\n\n<p>Para marcar um hor\u00e1rio, clique no bot\u00e3o abaixo e siga as instru\u00e7\u00f5es. A reuni\u00e3o ser\u00e1 feita pelo Microsoft Teams, que n\u00e3o requer instala\u00e7\u00e3o adicional se voc\u00ea usar o computador. Se usar o celular, instale antes o <a href=\"https:\/\/www.microsoft.com\/pt-br\/microsoft-teams\/download-app\">aplicativo gratuito<\/a>. Ao agendar um hor\u00e1rio, voc\u00ea concorda com os <a href=\"https:\/\/fazenda.niteroi.rj.gov.br\/site\/agendamento-termos-de-uso\/\">termos de uso do servi\u00e7o<\/a>.<\/p>\n\n\n\n<div class=\"wp-block-buttons is-vertical is-content-justification-center is-layout-flex wp-container-core-buttons-is-layout-2 wp-block-buttons-is-layout-flex\">\n<div class=\"wp-block-button\"><a class=\"wp-block-button__link has-white-color has-vivid-cyan-blue-background-color has-text-color has-background wp-element-button\" href=\"https:\/\/outlook.office365.com\/owa\/calendar\/SecretariadaFazendadeNiteroi@fazenda.niteroi.rj.gov.br\/bookings\/\">Agende seu atendimento por videochamada<br><sup>Dispon\u00edvel apenas para o ISS e IPTU no momento<\/sup><\/a><\/div>\n<\/div>\n\n\n\n<p>Para otimizar o atendimento e o servi\u00e7o prestado, orientamos que se evite o agendamento em sequ\u00eancia de um \u00fanico&nbsp;servi\u00e7o&nbsp;para o mesmo usu\u00e1rio.<\/p>\n\n\n\n<p>Voc\u00ea pode consultar os servi\u00e7os oferecidos pela Secretaria de Fazenda no <a href=\"https:\/\/servicos.niteroi.rj.gov.br\/#\/main\/dyview\/open\/CATALOGO-SERVICOS-LISTA\/%3Fcategoria%3DFazenda,%20impostos%20e%20taxas\/0\">Portal de Servi\u00e7os de Niter\u00f3i<\/a>.<\/p>\n","protected":false},"excerpt":{"rendered":"<p>\u00c9 o agendamento eletr\u00f4nico pr\u00e9vio de data e hor\u00e1rio para realiza\u00e7\u00e3o de atendimento na Secretaria da Fazenda de Niter\u00f3i. O agendamento pode ser feito para o atendimento por videochamada (sem [&hellip;]<\/p>\n","protected":false},"author":1,"featured_media":16299,"parent":0,"menu_order":0,"comment_status":"closed","ping_status":"closed","template":"","meta":{"_et_pb_use_builder":"","_et_pb_old_content":"","_et_gb_content_width":"","_usar_header_alternativo":false,"footnotes":""},"class_list":["post-16130","page","type-page","status-publish","has-post-thumbnail","hentry"],"_links":{"self":[{"href":"https:\/\/www.fazenda.niteroi.rj.gov.br\/site\/wp-json\/wp\/v2\/pages\/16130","targetHints":{"allow":["GET"]}}],"collection":[{"href":"https:\/\/www.fazenda.niteroi.rj.gov.br\/site\/wp-json\/wp\/v2\/pages"}],"about":[{"href":"https:\/\/www.fazenda.niteroi.rj.gov.br\/site\/wp-json\/wp\/v2\/types\/page"}],"author":[{"embeddable":true,"href":"https:\/\/www.fazenda.niteroi.rj.gov.br\/site\/wp-json\/wp\/v2\/users\/1"}],"replies":[{"embeddable":true,"href":"https:\/\/www.fazenda.niteroi.rj.gov.br\/site\/wp-json\/wp\/v2\/comments?post=16130"}],"version-history":[{"count":4,"href":"https:\/\/www.fazenda.niteroi.rj.gov.br\/site\/wp-json\/wp\/v2\/pages\/16130\/revisions"}],"predecessor-version":[{"id":34981,"href":"https:\/\/www.fazenda.niteroi.rj.gov.br\/site\/wp-json\/wp\/v2\/pages\/16130\/revisions\/34981"}],"wp:featuredmedia":[{"embeddable":true,"href":"https:\/\/www.fazenda.niteroi.rj.gov.br\/site\/wp-json\/wp\/v2\/media\/16299"}],"wp:attachment":[{"href":"https:\/\/www.fazenda.niteroi.rj.gov.br\/site\/wp-json\/wp\/v2\/media?parent=16130"}],"curies":[{"name":"wp","href":"https:\/\/api.w.org\/{rel}","templated":true}]}}