{"id":1665,"date":"2016-09-13T15:03:06","date_gmt":"2016-09-13T18:03:06","guid":{"rendered":"http:\/\/fazenda.niteroi.rj.gov.br\/site\/?page_id=1665"},"modified":"2016-10-04T15:59:41","modified_gmt":"2016-10-04T18:59:41","slug":"fccn","status":"publish","type":"page","link":"https:\/\/www.fazenda.niteroi.rj.gov.br\/site\/ajuda\/fccn\/","title":{"rendered":"Ajuda &#8211; FCCN"},"content":{"rendered":"<h2>Como adicionar uma nova pauta ou ac\u00f3rd\u00e3o ao site?<\/h2>\n<ul>\n<li><a href=\"http:\/\/fazenda.niteroi.rj.gov.br\/site\/wp-content\/uploads\/2016\/07\/Ajuda1.jpg\"><img loading=\"lazy\" decoding=\"async\" class=\"alignright size-medium wp-image-991\" src=\"http:\/\/fazenda.niteroi.rj.gov.br\/site\/wp-content\/uploads\/2016\/07\/Ajuda1-400x235.jpg\" alt=\"Tela de ajuda\" width=\"400\" height=\"235\" srcset=\"https:\/\/www.fazenda.niteroi.rj.gov.br\/site\/wp-content\/uploads\/2016\/07\/Ajuda1-400x235.jpg 400w, https:\/\/www.fazenda.niteroi.rj.gov.br\/site\/wp-content\/uploads\/2016\/07\/Ajuda1-768x452.jpg 768w, https:\/\/www.fazenda.niteroi.rj.gov.br\/site\/wp-content\/uploads\/2016\/07\/Ajuda1-600x353.jpg 600w, https:\/\/www.fazenda.niteroi.rj.gov.br\/site\/wp-content\/uploads\/2016\/07\/Ajuda1-1080x635.jpg 1080w, https:\/\/www.fazenda.niteroi.rj.gov.br\/site\/wp-content\/uploads\/2016\/07\/Ajuda1.jpg 1600w\" sizes=\"auto, (max-width: 400px) 100vw, 400px\" \/><\/a>Fa\u00e7a <a href=\"http:\/\/fazenda.niteroi.rj.gov.br\/site\/wp-login.php\" target=\"_BLANK\">login no site<\/a>\u00a0com seu nome de usu\u00e1rio ou senha.\u00a0No menu, escolha <strong>Posts \u2192 Adicionar novo (1)<\/strong>.<\/li>\n<li>D\u00ea um <strong>t\u00edtulo (2)<\/strong>:\u00a0ex: <em>&#8220;Pauta de\u00a0Julgamento DD\/MM\/AAAA&#8221;<\/em> ou <em>&#8220;Ac\u00f3rd\u00e3o XXXX\/AAAA&#8221;<\/em>.<\/li>\n<li>Digite o <strong>conte\u00fado (3)<\/strong>.\n<ul>\n<li>Se for colar o conte\u00fado em vez de digitar, use\u00a0o bot\u00e3o <em>Colar como texto (4)<\/em>\u00a0ou aperte ctrl+shift+V (isso garante que formata\u00e7\u00f5es ocultas do Word n\u00e3o atrapalhem a formata\u00e7\u00e3o do site).<\/li>\n<li>Se quiser usar um texto pr\u00e9-definido, clique em <em>Usar o Construtor Divi &gt; Abrir da Biblioteca &gt; Adicionar a partir da Biblioteca<\/em> e selecione o modelo desejado.<\/li>\n<\/ul>\n<\/li>\n<li><a href=\"http:\/\/fazenda.niteroi.rj.gov.br\/site\/wp-content\/uploads\/2016\/07\/Ajuda2.jpg\"><img loading=\"lazy\" decoding=\"async\" class=\"alignright size-medium wp-image-992\" src=\"http:\/\/fazenda.niteroi.rj.gov.br\/site\/wp-content\/uploads\/2016\/07\/Ajuda2-400x219.jpg\" alt=\"Tela de ajuda\" width=\"400\" height=\"219\" srcset=\"https:\/\/www.fazenda.niteroi.rj.gov.br\/site\/wp-content\/uploads\/2016\/07\/Ajuda2-400x219.jpg 400w, https:\/\/www.fazenda.niteroi.rj.gov.br\/site\/wp-content\/uploads\/2016\/07\/Ajuda2-768x420.jpg 768w, https:\/\/www.fazenda.niteroi.rj.gov.br\/site\/wp-content\/uploads\/2016\/07\/Ajuda2-600x328.jpg 600w, https:\/\/www.fazenda.niteroi.rj.gov.br\/site\/wp-content\/uploads\/2016\/07\/Ajuda2-1080x591.jpg 1080w, https:\/\/www.fazenda.niteroi.rj.gov.br\/site\/wp-content\/uploads\/2016\/07\/Ajuda2.jpg 1600w\" sizes=\"auto, (max-width: 400px) 100vw, 400px\" \/><\/a>Selecione a <strong>Categoria (7)<\/strong>:\u00a0<em>Pauta<\/em> ou <em>Ac\u00f3rd\u00e3o<\/em>. Caso nenhuma categoria seja selecionada, o item ficar\u00e1 na categoria &#8220;Rascunhos&#8221; at\u00e9 ser movido para outra categoria.<\/li>\n<li>Para <strong>incluir arquivos<\/strong> (como o inteiro teor de um ac\u00f3rd\u00e3o, por exemplo):\n<ul>\n<li>coloque o cursor onde deseja adicionar o\u00a0link\u00a0e clique em <strong>Adicionar M\u00eddia (6)<\/strong>;<\/li>\n<li>clique na aba <strong>Enviar arquivos<\/strong> e selecione o arquivo;<\/li>\n<li>na janela que surgir\u00e1, edite o <strong>T\u00edtulo<\/strong> com o nome que deseja exibir como\u00a0link do arquivo.<\/li>\n<\/ul>\n<\/li>\n<li>Voc\u00ea pode definir <strong>Tags\u00a0(9)<\/strong>, que funcionam como subcategorias para melhor organiza\u00e7\u00e3o do conte\u00fado (ex: &#8220;ind\u00fastria naval&#8221;, &#8220;recurso&#8221;, &#8220;IPTU&#8221;, &#8220;ISS&#8221;, &#8220;d\u00edvida ativa&#8221; etc).<\/li>\n<li>No caso de ac\u00f3rd\u00e3os, edite a data na se\u00e7\u00e3o <em>Publicar<\/em> (canto superior direito)\u00a0para refletir a data de julgamento do ac\u00f3rd\u00e3o. Isso organizar\u00e1 os itens na ordem em que foram julgados.<\/li>\n<li>Clique em <strong>Publicar<\/strong> ou<strong> Atualizar<\/strong> na caixa do canto superior direito.<\/li>\n<\/ul>\n","protected":false},"excerpt":{"rendered":"<p>Como adicionar uma nova pauta ou ac\u00f3rd\u00e3o ao site? Fa\u00e7a login no site\u00a0com seu nome de usu\u00e1rio ou senha.\u00a0No menu, escolha Posts \u2192 Adicionar novo (1). D\u00ea um t\u00edtulo (2):\u00a0ex: [&hellip;]<\/p>\n","protected":false},"author":1,"featured_media":991,"parent":761,"menu_order":0,"comment_status":"closed","ping_status":"closed","template":"","meta":{"_et_pb_use_builder":"","_et_pb_old_content":"","_et_gb_content_width":"","_usar_header_alternativo":false,"footnotes":""},"class_list":["post-1665","page","type-page","status-publish","has-post-thumbnail","hentry"],"_links":{"self":[{"href":"https:\/\/www.fazenda.niteroi.rj.gov.br\/site\/wp-json\/wp\/v2\/pages\/1665","targetHints":{"allow":["GET"]}}],"collection":[{"href":"https:\/\/www.fazenda.niteroi.rj.gov.br\/site\/wp-json\/wp\/v2\/pages"}],"about":[{"href":"https:\/\/www.fazenda.niteroi.rj.gov.br\/site\/wp-json\/wp\/v2\/types\/page"}],"author":[{"embeddable":true,"href":"https:\/\/www.fazenda.niteroi.rj.gov.br\/site\/wp-json\/wp\/v2\/users\/1"}],"replies":[{"embeddable":true,"href":"https:\/\/www.fazenda.niteroi.rj.gov.br\/site\/wp-json\/wp\/v2\/comments?post=1665"}],"version-history":[{"count":0,"href":"https:\/\/www.fazenda.niteroi.rj.gov.br\/site\/wp-json\/wp\/v2\/pages\/1665\/revisions"}],"up":[{"embeddable":true,"href":"https:\/\/www.fazenda.niteroi.rj.gov.br\/site\/wp-json\/wp\/v2\/pages\/761"}],"wp:featuredmedia":[{"embeddable":true,"href":"https:\/\/www.fazenda.niteroi.rj.gov.br\/site\/wp-json\/wp\/v2\/media\/991"}],"wp:attachment":[{"href":"https:\/\/www.fazenda.niteroi.rj.gov.br\/site\/wp-json\/wp\/v2\/media?parent=1665"}],"curies":[{"name":"wp","href":"https:\/\/api.w.org\/{rel}","templated":true}]}}