{"id":1682,"date":"2016-09-15T10:04:31","date_gmt":"2016-09-15T13:04:31","guid":{"rendered":"http:\/\/fazenda.niteroi.rj.gov.br\/site\/?page_id=1682"},"modified":"2026-03-04T09:10:30","modified_gmt":"2026-03-04T12:10:30","slug":"itbi","status":"publish","type":"page","link":"https:\/\/www.fazenda.niteroi.rj.gov.br\/site\/itbi\/","title":{"rendered":"ITBI"},"content":{"rendered":"\n<p>ITBI \u00e9 o Imposto sobre a Transmiss\u00e3o&nbsp;de Bens Im\u00f3veis. \u00c9 disciplinado no <a href=\"https:\/\/leismunicipais.com.br\/codigo-tributario-niteroi-rj#artigo_39\">Livro II do C\u00f3digo Tribut\u00e1rio de Niter\u00f3i<\/a>.<\/p>\n\n\n\n<h2 class=\"wp-block-heading\">Solicita\u00e7\u00e3o de Lan\u00e7amento<\/h2>\n\n\n\n<h2 class=\"wp-block-heading\"><em>On-line<\/em><\/h2>\n\n\n\n<p>Agora voc\u00ea pode solicitar o lan\u00e7amento do ITBI <em>on-line<\/em>. Clique no bot\u00e3o abaixo e preencha a declara\u00e7\u00e3o com as informa\u00e7\u00f5es solicitadas.<\/p>\n\n\n\n<div class=\"wp-block-buttons is-content-justification-center is-layout-flex wp-container-core-buttons-is-layout-1 wp-block-buttons-is-layout-flex\">\n<div class=\"wp-block-button is-style-fill\"><a class=\"wp-block-button__link has-white-color has-vivid-cyan-blue-background-color has-text-color has-background has-link-color wp-element-button\" href=\"https:\/\/www.fazenda.niteroi.rj.gov.br\/itbi\/itbi.php\">Solicita\u00e7\u00e3o de ITBI on-line<\/a><\/div>\n<\/div>\n\n\n\n<p>&nbsp;<\/p>\n\n\n\n<p>Ap\u00f3s o preenchimento da solicita\u00e7\u00e3o de lan\u00e7amento de ITBI <em>on-lin<\/em>e, h\u00e1 duas possibilidades:<\/p>\n\n\n\n<ol class=\"wp-block-list\">\n<li>A Notifica\u00e7\u00e3o de Lan\u00e7amento de ITBI \u00e9 emitida automaticamente e j\u00e1 pode ser impressa e paga;<\/li>\n\n\n\n<li>A Notifica\u00e7\u00e3o de Lan\u00e7amento \u00e9 processada e gravada em nosso banco de dados, mas \u00e9 selecionada para an\u00e1lise fiscal e <strong style=\"font-size: inherit;\">n\u00e3o<\/strong><span style=\"font-size: inherit;\"> \u00e9 poss\u00edvel emiti-la automaticamente. Caso isso aconte\u00e7a, \u00e9 necess\u00e1rio seguir os passos abaixo. <\/span><strong style=\"font-size: inherit;\">OBS.: Caso o requerente n\u00e3o prossiga com a solicita\u00e7\u00e3o atrav\u00e9s do Portal de Servi\u00e7os (prioritariamente) ou presencialmente, a Notifica\u00e7\u00e3o de Lan\u00e7amento n\u00e3o ser\u00e1 liberada.<\/strong><\/li>\n<\/ol>\n\n\n\n<p>Passos a serem seguidos caso a Notifica\u00e7\u00e3o de Lan\u00e7amento seja selecionada para an\u00e1lise fiscal (possibilidade 2 supracitada):<\/p>\n\n\n\n<ol class=\"wp-block-list\">\n<li>Fa\u00e7a o <em>download<\/em> do requerimento preenchido (PDF);<\/li>\n\n\n\n<li>Acesse o servi\u00e7o &#8220;ITBI \u2014 Solicitar lan\u00e7amento&#8221;, dispon\u00edvel no Portal de Servi\u00e7os de Niter\u00f3i, no link <a href=\"https:\/\/niteroi360.niteroi.rj.gov.br\/service\/68d19019535f23b67d5e7093\">https:\/\/niteroi360.niteroi.rj.gov.br\/<\/a>, clique no bot\u00e3o &#8220;Solicite aqui&#8221; e selecione a seguinte op\u00e7\u00e3o: Utilizar PDF obtido pelo site da Secretaria Municipal de Fazenda com as informa\u00e7\u00f5es preenchidas (DITI);<\/li>\n\n\n\n<li>Aguarde nosso retorno atrav\u00e9s do Portal de Servi\u00e7os e cumpra as exig\u00eancias informadas. Ap\u00f3s a cria\u00e7\u00e3o de seu Processo Administrativo, voc\u00ea tamb\u00e9m pode acompanhar as movimenta\u00e7\u00f5es atrav\u00e9s do link: <a href=\"https:\/\/eciga.niteroi.rj.gov.br\/\">Consulta a Processos<\/a>;<\/li>\n\n\n\n<li>Se estiver tudo certo, em at\u00e9 5 dias \u00fateis sua Notifica\u00e7\u00e3o de Lan\u00e7amento ser\u00e1 encaminhada atrav\u00e9s do Portal de Servi\u00e7os e tamb\u00e9m estar\u00e1 dispon\u00edvel para emiss\u00e3o atrav\u00e9s do bot\u00e3o abaixo:<\/li>\n<\/ol>\n\n\n\n<div class=\"wp-block-buttons is-content-justification-center is-layout-flex wp-container-core-buttons-is-layout-2 wp-block-buttons-is-layout-flex\">\n<div class=\"wp-block-button\"><a class=\"wp-block-button__link has-white-color has-vivid-cyan-blue-background-color has-text-color has-background has-link-color wp-element-button\" href=\"https:\/\/www.fazenda.niteroi.rj.gov.br\/itbi\/\">Emiss\u00e3o da Notifica\u00e7\u00e3o de Lan\u00e7amento de ITBI<\/a><\/div>\n<\/div>\n\n\n\n<p>&nbsp;<\/p>\n\n\n\n<p><strong>Aten\u00e7\u00e3o! A solicita\u00e7\u00e3o de lan\u00e7amento <span style=\"color: #ff0000;\">n\u00e3o<\/span> poder\u00e1 ser feita atrav\u00e9s do link <em>Solicita\u00e7\u00e3o de ITBI on-line<\/em> nos casos abaixo:<\/strong><\/p>\n\n\n\n<ul class=\"wp-block-list\">\n<li>A unidade imobili\u00e1ria n\u00e3o estiver com inscri\u00e7\u00e3o individualizada no cadastro do IPTU (ex.: empreendimento em constru\u00e7\u00e3o, vaga de garagem cuja inscri\u00e7\u00e3o imobili\u00e1ria se refere ao apartamento a que \u00e9 vinculada);<\/li>\n\n\n\n<li>A natureza da transa\u00e7\u00e3o for: transmiss\u00f5es de im\u00f3veis populares, os de valor da refer\u00eancia IS (R$ 306.672,67 em 2026), constantes do anexo I do CTMN, compreendidos no \u00e2mbito do Sistema Financeiro da Habita\u00e7\u00e3o referido na Lei Federal n\u00ba 4.380\/1964, conforme art. 54, \u00a7\u00a7 1\u00ba e 2\u00ba, do CTMN;<\/li>\n\n\n\n<li>A natureza da transa\u00e7\u00e3o for: arremata\u00e7\u00e3o; excesso de quinh\u00e3o heredit\u00e1rio, mea\u00e7\u00e3o ou cota-parte ideal;<\/li>\n\n\n\n<li>O contribuinte estiver requerendo que n\u00e3o seja inclu\u00eddo na base de c\u00e1lculo do imposto o valor total ou parcial da constru\u00e7\u00e3o que prove j\u00e1 ter sido executada diretamente \u00e0 sua custa, integrando-se em seu patrim\u00f4nio, conforme art. 51 do CTM.<\/li>\n<\/ul>\n\n\n\n<p>Nesses casos, escolha uma das seguintes op\u00e7\u00f5es para realizar sua solicita\u00e7\u00e3o:<\/p>\n\n\n\n<ol class=\"wp-block-list\">\n<li>De forma on-line, atrav\u00e9s do servi\u00e7o &#8220;Solicitar lan\u00e7amento do Imposto sobre transmiss\u00e3o de bens im\u00f3veis (ITBI)&#8221;, dispon\u00edvel no Portal de Servi\u00e7os de Niter\u00f3i, no link <a href=\"https:\/\/servicos.niteroi.rj.gov.br\/\">https:\/\/servicos.niteroi.rj.gov.br\/<\/a>;<\/li>\n\n\n\n<li>De forma presencial: preencha o <a href=\"https:\/\/www.fazenda.niteroi.rj.gov.br\/site\/wp-content\/uploads\/2026\/01\/CITBI-DITI-2026.pdf\">Formul\u00e1rio DITI<\/a>, imprima-o e compare\u00e7a na Rua da Concei\u00e7\u00e3o, 100 &#8211; Centro &#8211; Niter\u00f3i, levando tamb\u00e9m a documenta\u00e7\u00e3o nele descrita.<\/li>\n<\/ol>\n\n\n\n<p>OBS.: De acordo com o art. 54, \u00a71\u00ba da Lei 2.678\/09, nas transmiss\u00f5es de im\u00f3veis populares, assim entendidos os de <a href=\"https:\/\/fazenda.niteroi.rj.gov.br\/site\/taxas-e-multas-valores\/\">valor da refer\u00eancia IS<\/a> (R$ 306.672,67 em 2026), constantes do Anexo I desta Lei, compreendidas no \u00e2mbito do Sistema Financeiro da Habita\u00e7\u00e3o referido na Lei Federal n\u00ba. 4.380, de 21 de agosto de 1964 e em legisla\u00e7\u00e3o pertinente, o valor do imposto ser\u00e1 o resultado da soma da parcela obtida com a aplica\u00e7\u00e3o da al\u00edquota de 2% (dois por cento) sobre o valor n\u00e3o financiado, com a parcela obtida com a aplica\u00e7\u00e3o da al\u00edquota de 0,5% (cinco d\u00e9cimos por cento) sobre o valor financiado.<\/p>\n\n\n\n<p>Lembrando que a Notifica\u00e7\u00e3o de Lan\u00e7amento do imposto possui a validade de 3 meses a partir de sua implanta\u00e7\u00e3o e cont\u00e9m um c\u00f3digo de barras para pagamento em qualquer banco conveniado \u00e0 Prefeitura, preferencialmente nos canais de atendimento eletr\u00f4nico (caixas eletr\u00f4nicos, internet e <em>app mobile<\/em>). Verifique com o gerente o seu limite para essas opera\u00e7\u00f5es antes de tentar efetuar o pagamento.<\/p>\n\n\n\n<h2 class=\"wp-block-heading\">Outros Processos<\/h2>\n\n\n\n<p>Para dar entrada nos demais processos administrativos relacionados ao ITBI, localize o servi\u00e7o desejado no Portal de Servi\u00e7os de Niter\u00f3i, no link <a href=\"https:\/\/servicos.niteroi.rj.gov.br\/\">https:\/\/servicos.niteroi.rj.gov.br\/<\/a>, no cat\u00e1logo de servi\u00e7os.<br>Siga as instru\u00e7\u00f5es para a solicita\u00e7\u00e3o do servi\u00e7o.<\/p>\n\n\n\n<h2 class=\"wp-block-heading\">Servi\u00e7os e prazos relacionados ao ITBI:<\/h2>\n\n\n\n<ul class=\"wp-block-list\">\n<li>ITBI \u2014 Solicitar lan\u00e7amento: <strong>5 dias \u00fateis<\/strong>&nbsp;para a emiss\u00e3o da guia de lan\u00e7amento;<\/li>\n\n\n\n<li>ITBI \u2014 Revisar lan\u00e7amento: <strong>12 dias \u00fateis<\/strong>&nbsp;para a emiss\u00e3o da decis\u00e3o correspondente;<\/li>\n\n\n\n<li>ITBI \u2014 Solicitar a corre\u00e7\u00e3o do lan\u00e7amento: <strong>10 dias \u00fateis<\/strong>&nbsp;para a emiss\u00e3o da certid\u00e3o de corre\u00e7\u00e3o;<\/li>\n\n\n\n<li>ITBI \u2014 Complementar o lan\u00e7amento: <strong>10 dias \u00fateis<\/strong> para a emiss\u00e3o da certid\u00e3o de pagamento;<\/li>\n\n\n\n<li>ITBI \u2014 Solicitar certid\u00e3o de pagamento: <strong>10 dias \u00fateis<\/strong>&nbsp;para a emiss\u00e3o da certid\u00e3o de pagamento;<\/li>\n\n\n\n<li>ITBI \u2014 Solicitar a restitui\u00e7\u00e3o do pagamento: <strong>30 dias<\/strong>&nbsp;para a emiss\u00e3o da decis\u00e3o pelo Departamento de Administra\u00e7\u00e3o Tribut\u00e1ria (DEPAT);<\/li>\n\n\n\n<li>ITBI \u2014 Solicitar a imunidade: <strong>30 dias<\/strong>&nbsp;para emiss\u00e3o do certificado, se deferido;<\/li>\n\n\n\n<li>ITBI \u2014 Solicitar a n\u00e3o incid\u00eancia: <strong>30 dias<\/strong>&nbsp;para emiss\u00e3o do certificado, se deferido;<\/li>\n\n\n\n<li>ITBI \u2014 Solicitar isen\u00e7\u00e3o: <strong>30 dias<\/strong>&nbsp;para emiss\u00e3o do certificado, se deferido;<\/li>\n\n\n\n<li>ITBI \u2014 Solicitar a an\u00e1lise de incid\u00eancia na reposi\u00e7\u00e3o (dissolu\u00e7\u00e3o conjugal, heran\u00e7a ou extin\u00e7\u00e3o de condom\u00ednio): <strong>12 dias \u00fateis<\/strong>&nbsp;para a emiss\u00e3o da guia de lan\u00e7amento e\/ou do certificado reconhecendo a n\u00e3o incid\u00eancia do imposto;<\/li>\n<\/ul>\n\n\n\n<hr class=\"wp-block-separator has-alpha-channel-opacity is-style-wide\"\/>\n\n\n\n<p>Obs.: Nestes prazos, <strong>n\u00e3o est\u00e3o computados os per\u00edodos<\/strong>&nbsp;para cumprimento de exig\u00eancias, presta\u00e7\u00e3o de esclarecimentos, tomada de provid\u00eancias, pagamento de guias etc., quando essas medidas forem <strong>de responsabilidade do contribuinte\/requerente<\/strong>.<\/p>\n\n\n\n<h2 class=\"wp-block-heading\">Boletim do ITBI<\/h2>\n\n\n\n<p>O Boletim do ITBI \u00e9 mais uma iniciativa que amplia a transpar\u00eancia das atividades da Fazenda municipal e disponibiliza relevantes indicadores da atividade econ\u00f4mica. No caso do ITBI, os dados referentes ao n\u00famero de transa\u00e7\u00f5es imobili\u00e1rias, a evolu\u00e7\u00e3o da arrecada\u00e7\u00e3o do imposto, a din\u00e2mica por bairro, s\u00e3o uma rica fonte de informa\u00e7\u00f5es para o setor p\u00fablico e privado e at\u00e9 para a \u00e1rea acad\u00eamica. O Boletim vem em formato que permite aplica\u00e7\u00e3o de filtros, potencializando a qualidade e precis\u00e3o da informa\u00e7\u00e3o que o usu\u00e1rio busca. <a href=\"https:\/\/app.powerbi.com\/view?r=eyJrIjoiZDk3Mjk1NzItMTEwNi00MDJiLWJhODUtMjVk MGYyMWRlZDY4IiwidCI6ImRiM2MxYzY5LWUyOGMtNDNkNy04ZTFhLTk1ODNlO WU5OGE1MSJ9\" data-wplink-url-error=\"true\">Acesse o Boletim do ITBI<\/a>.<\/p>\n","protected":false},"excerpt":{"rendered":"<p>Informa\u00e7\u00f5es sobre o ITBI &#8211; Imposto sobre a Transmiss\u00e3o de Bens Im\u00f3veis. Procedimentos, documentos necess\u00e1rios e formul\u00e1rios.<\/p>\n","protected":false},"author":1,"featured_media":0,"parent":0,"menu_order":0,"comment_status":"closed","ping_status":"closed","template":"","meta":{"_et_pb_use_builder":"off","_et_pb_old_content":"ITBI \u00e9 o\u00a0Imposto sobre a Transmiss\u00e3o de Bens Im\u00f3veis. \u00c9 disciplinado na <a href=\"https:\/\/leismunicipais.com.br\/a1\/rj\/n\/niteroi\/lei-ordinaria\/1988\/73\/729\/lei-ordinaria-n-729-1988-institui-no-municipio-de-niteroi-o-imposto-sobre-a-transmissao-de-bens-imoveis-e-de-direitos-a-eles-relativos-realizado-por-ato-intervivos-a-titulo-oneroso-e-da-outras-providencias?q=729\">Lei Municipal n\u00ba 729\/88<\/a>.\r\n\r\nDeve ser declarado atrav\u00e9s do Documento de Informa\u00e7\u00e3o para Tributa\u00e7\u00e3o do ITBI. O modelo abaixo \u00e9 o\u00a0\u00fanico\u00a0v\u00e1lido, os\u00a0formul\u00e1rios antigos n\u00e3o\u00a0ser\u00e3o mais aceitos.\r\n\r\n[button link=\"http:\/\/fazenda.niteroi.rj.gov.br\/site\/wp-content\/uploads\/2016\/09\/DITI.pdf\"] Formul\u00e1rio DITI (Documento de Informa\u00e7\u00e3o para Tributa\u00e7\u00e3o do ITBI)[\/button]","_et_gb_content_width":"","_usar_header_alternativo":false,"footnotes":""},"class_list":["post-1682","page","type-page","status-publish","hentry"],"_links":{"self":[{"href":"https:\/\/www.fazenda.niteroi.rj.gov.br\/site\/wp-json\/wp\/v2\/pages\/1682","targetHints":{"allow":["GET"]}}],"collection":[{"href":"https:\/\/www.fazenda.niteroi.rj.gov.br\/site\/wp-json\/wp\/v2\/pages"}],"about":[{"href":"https:\/\/www.fazenda.niteroi.rj.gov.br\/site\/wp-json\/wp\/v2\/types\/page"}],"author":[{"embeddable":true,"href":"https:\/\/www.fazenda.niteroi.rj.gov.br\/site\/wp-json\/wp\/v2\/users\/1"}],"replies":[{"embeddable":true,"href":"https:\/\/www.fazenda.niteroi.rj.gov.br\/site\/wp-json\/wp\/v2\/comments?post=1682"}],"version-history":[{"count":5,"href":"https:\/\/www.fazenda.niteroi.rj.gov.br\/site\/wp-json\/wp\/v2\/pages\/1682\/revisions"}],"predecessor-version":[{"id":34538,"href":"https:\/\/www.fazenda.niteroi.rj.gov.br\/site\/wp-json\/wp\/v2\/pages\/1682\/revisions\/34538"}],"wp:attachment":[{"href":"https:\/\/www.fazenda.niteroi.rj.gov.br\/site\/wp-json\/wp\/v2\/media?parent=1682"}],"curies":[{"name":"wp","href":"https:\/\/api.w.org\/{rel}","templated":true}]}}