{"id":17564,"date":"2021-10-07T16:41:41","date_gmt":"2021-10-07T19:41:41","guid":{"rendered":"https:\/\/www.fazenda.niteroi.rj.gov.br\/site\/?page_id=17564"},"modified":"2023-12-05T13:40:34","modified_gmt":"2023-12-05T16:40:34","slug":"notificacao-de-lancamento","status":"publish","type":"page","link":"https:\/\/www.fazenda.niteroi.rj.gov.br\/site\/iss\/notificacao-de-lancamento\/","title":{"rendered":"Notifica\u00e7\u00e3o de Lan\u00e7amento"},"content":{"rendered":"<p>[et_pb_section fb_built=&#8221;1&#8243; _builder_version=&#8221;4.16&#8243; _module_preset=&#8221;default&#8221; global_colors_info=&#8221;{}&#8221;][et_pb_row _builder_version=&#8221;4.16&#8243; _module_preset=&#8221;default&#8221; global_colors_info=&#8221;{}&#8221;][et_pb_column type=&#8221;4_4&#8243; _builder_version=&#8221;4.16&#8243; _module_preset=&#8221;default&#8221; global_colors_info=&#8221;{}&#8221;][et_pb_post_title meta=&#8221;off&#8221; featured_image=&#8221;off&#8221; _builder_version=&#8221;4.16&#8243; _module_preset=&#8221;default&#8221; global_colors_info=&#8221;{}&#8221;][\/et_pb_post_title][et_pb_text _builder_version=&#8221;4.18.0&#8243; _module_preset=&#8221;default&#8221; custom_padding=&#8221;||15px|||&#8221; global_colors_info=&#8221;{}&#8221;]<\/p>\n<p><strong>Aten\u00e7\u00e3o:<\/strong> as informa\u00e7\u00f5es relativas \u00e0 Notifica\u00e7\u00e3o de Lan\u00e7amento recebida est\u00e3o dispostas abaixo. Caso restem d\u00favidas, utilize o e-mail <a href=\"mailto:iss@fazenda.niteroi.rj.gov.br\">iss@fazenda.niteroi.rj.gov.br<\/a> ou agende um <a href=\"https:\/\/www.fazenda.niteroi.rj.gov.br\/site\/agendamento\/\">atendimento por videochamada<\/a>.\u00a0Os e-mails dos demais setores da SMF podem ser consultados na <a href=\"https:\/\/www.fazenda.niteroi.rj.gov.br\/site\/contato\/\">p\u00e1gina Fale Conosco<\/a>.<\/p>\n<p>[\/et_pb_text][et_pb_accordion _builder_version=&#8221;4.22.2&#8243; _module_preset=&#8221;default&#8221; hover_enabled=&#8221;0&#8243; global_colors_info=&#8221;{}&#8221; sticky_enabled=&#8221;0&#8243;][et_pb_accordion_item title=&#8221;O que \u00e9 e por que eu recebi uma Notifica\u00e7\u00e3o de Lan\u00e7amento?&#8221; open=&#8221;on&#8221; _builder_version=&#8221;4.22.2&#8243; _module_preset=&#8221;default&#8221; hover_enabled=&#8221;0&#8243; global_colors_info=&#8221;{}&#8221; sticky_enabled=&#8221;0&#8243;]<\/p>\n<p align=\"justify\">A Notifica\u00e7\u00e3o de Lan\u00e7amento \u00e9 o documento que realiza a constitui\u00e7\u00e3o do cr\u00e9dito tribut\u00e1rio. Ela \u00e9 entregue para formalizar a exist\u00eancia do d\u00e9bito de ISS. Os sujeitos passivos que emitiram NFS-e em compet\u00eancias posteriores a jun\/18, como optantes do Simples Nacional sem que, de fato, fossem optantes pelo regime, foram notificados para quita\u00e7\u00e3o da pend\u00eancia.<\/p>\n<p>[\/et_pb_accordion_item][et_pb_accordion_item title=&#8221;Como consulto os d\u00e9bitos que originaram a Notifica\u00e7\u00e3o de Lan\u00e7amento?&#8221; _builder_version=&#8221;4.22.2&#8243; _module_preset=&#8221;default&#8221; hover_enabled=&#8221;0&#8243; global_colors_info=&#8221;{}&#8221; open=&#8221;off&#8221; sticky_enabled=&#8221;0&#8243;]<\/p>\n<p align=\"justify\">As NFS-e cujos d\u00e9bitos originaram a Notifica\u00e7\u00e3o de Lan\u00e7amento est\u00e3o expostas no \u201cLevantamento\u201d da Notifica\u00e7\u00e3o de Lan\u00e7amento. Tal documento \u00e9 parte integrante da Notifica\u00e7\u00e3o, tendo sido enviada junto a ela. Os documentos fiscais est\u00e3o segregados por compet\u00eancia e podem ser verificados no campo \u201cDescri\u00e7\u00e3o\u201d do referido \u201cLevantamento\u201d.<\/p>\n<p>[\/et_pb_accordion_item][et_pb_accordion_item title=&#8221;Como quito os d\u00e9bitos cobrados por meio da Notifica\u00e7\u00e3o de Lan\u00e7amento?&#8221; _builder_version=&#8221;4.22.2&#8243; _module_preset=&#8221;default&#8221; hover_enabled=&#8221;0&#8243; global_colors_info=&#8221;{}&#8221; open=&#8221;off&#8221; sticky_enabled=&#8221;0&#8243;]<\/p>\n<p align=\"justify\">A guia para quita\u00e7\u00e3o dos d\u00e9bitos \u00e9 emitida diretamente no site da secretaria de fazenda, no endere\u00e7o <span style=\"color: #0000ff;\"><u><a href=\"https:\/\/fazenda.niteroi.rj.gov.br\/site\/servicos\/iss\/\">https:\/\/fazenda.niteroi.rj.gov.br\/site\/servicos\/iss\/<\/a><\/u><\/span><\/p>\n<p align=\"justify\">Para que os d\u00e9bitos estejam vis\u00edveis e a guia possa ser gerada \u00e9 necess\u00e1rio ter ocorrido a ci\u00eancia do sujeito passivo.<\/p>\n<p align=\"justify\">Caso <b>n\u00e3o consiga visualizar os d\u00e9bitos<\/b> para emitir a guia, <b>envie um e-mail<\/b> para <span style=\"color: #0000ff;\"><u><a href=\"mailto:iss@fazenda.niteroi.rj.gov.br\">iss@fazenda.niteroi.rj.gov.br<\/a><\/u><\/span> com o assunto \u201cNotifica\u00e7\u00e3o de Lan\u00e7amento &#8211; gera\u00e7\u00e3o de guia\u201d, indicando o n\u00famero da Notifica\u00e7\u00e3o e da inscri\u00e7\u00e3o municipal.<\/p>\n<p align=\"justify\">Para implementa\u00e7\u00e3o dos descontos (50% para pagamento e 40% para parcelamento) no <b>valor da multa fiscal <\/b>em at\u00e9 30 dias do recebimento do documento (Art. 123, inciso I, lei 2.597\/08), envie e-mail para <span style=\"color: #0000ff;\"><u><a href=\"mailto:cobranca@fazenda.niteroi.rj.gov.br\">cobranca@fazenda.niteroi.rj.gov.br<\/a><\/u><\/span><\/p>\n<p>[\/et_pb_accordion_item][et_pb_accordion_item title=&#8221;Caso eu n\u00e3o concorde com a cobran\u00e7a, como devo me manifestar?&#8221; _builder_version=&#8221;4.22.2&#8243; _module_preset=&#8221;default&#8221; hover_enabled=&#8221;0&#8243; global_colors_info=&#8221;{}&#8221; open=&#8221;off&#8221; sticky_enabled=&#8221;0&#8243;]<\/p>\n<p align=\"justify\">De acordo com o art. 63 da Lei 3.368\/18, o sujeito passivo tem o prazo de 30 (trinta) dias para apresentar impugna\u00e7\u00e3o \u00e0 Notifica\u00e7\u00e3o de Lan\u00e7amento. Informa\u00e7\u00f5es sobre a impugna\u00e7\u00e3o podem ser obtidas atrav\u00e9s do e-mail <span style=\"color: #0000ff;\"><u><a href=\"mailto:cartorio@fazenda.niteroi.rj.gov.br\">cartorio@fazenda.niteroi.rj.gov.br<\/a><\/u><\/span>.<\/p>\n<p>[\/et_pb_accordion_item][\/et_pb_accordion][\/et_pb_column][\/et_pb_row][\/et_pb_section]<\/p>\n","protected":false},"excerpt":{"rendered":"<p>Aten\u00e7\u00e3o: as informa\u00e7\u00f5es relativas \u00e0 Notifica\u00e7\u00e3o de Lan\u00e7amento recebida est\u00e3o dispostas abaixo. Caso restem d\u00favidas, utilize o e-mail iss@fazenda.niteroi.rj.gov.br ou agende um atendimento por videochamada.\u00a0Os e-mails dos demais setores da [&hellip;]<\/p>\n","protected":false},"author":1,"featured_media":0,"parent":4579,"menu_order":0,"comment_status":"closed","ping_status":"closed","template":"","meta":{"_et_pb_use_builder":"on","_et_pb_old_content":"","_et_gb_content_width":"","_usar_header_alternativo":false,"footnotes":""},"class_list":["post-17564","page","type-page","status-publish","hentry"],"_links":{"self":[{"href":"https:\/\/www.fazenda.niteroi.rj.gov.br\/site\/wp-json\/wp\/v2\/pages\/17564","targetHints":{"allow":["GET"]}}],"collection":[{"href":"https:\/\/www.fazenda.niteroi.rj.gov.br\/site\/wp-json\/wp\/v2\/pages"}],"about":[{"href":"https:\/\/www.fazenda.niteroi.rj.gov.br\/site\/wp-json\/wp\/v2\/types\/page"}],"author":[{"embeddable":true,"href":"https:\/\/www.fazenda.niteroi.rj.gov.br\/site\/wp-json\/wp\/v2\/users\/1"}],"replies":[{"embeddable":true,"href":"https:\/\/www.fazenda.niteroi.rj.gov.br\/site\/wp-json\/wp\/v2\/comments?post=17564"}],"version-history":[{"count":5,"href":"https:\/\/www.fazenda.niteroi.rj.gov.br\/site\/wp-json\/wp\/v2\/pages\/17564\/revisions"}],"predecessor-version":[{"id":23472,"href":"https:\/\/www.fazenda.niteroi.rj.gov.br\/site\/wp-json\/wp\/v2\/pages\/17564\/revisions\/23472"}],"up":[{"embeddable":true,"href":"https:\/\/www.fazenda.niteroi.rj.gov.br\/site\/wp-json\/wp\/v2\/pages\/4579"}],"wp:attachment":[{"href":"https:\/\/www.fazenda.niteroi.rj.gov.br\/site\/wp-json\/wp\/v2\/media?parent=17564"}],"curies":[{"name":"wp","href":"https:\/\/api.w.org\/{rel}","templated":true}]}}