{"id":17641,"date":"2021-10-20T10:31:33","date_gmt":"2021-10-20T13:31:33","guid":{"rendered":"https:\/\/www.fazenda.niteroi.rj.gov.br\/site\/?page_id=17641"},"modified":"2023-03-17T09:26:01","modified_gmt":"2023-03-17T12:26:01","slug":"repositorio-institucional","status":"publish","type":"page","link":"https:\/\/www.fazenda.niteroi.rj.gov.br\/site\/repositorio-institucional\/","title":{"rendered":"Reposit\u00f3rio Institucional"},"content":{"rendered":"\n<p>Bem-vindo(a) ao Reposit\u00f3rio Institucional da SMF Niter\u00f3i!<\/p>\n\n\n\n<p>O Reposit\u00f3rio Institucional da Secretaria Municipal de Fazenda \u2013 SMF tem como objetivo armazenar, preservar, divulgar e oferecer acesso \u00e0 produ\u00e7\u00e3o institucional do \u00f3rg\u00e3o.<\/p>\n\n\n\n<ul class=\"wp-block-list\">\n<li>Contribuir para o aumento da visibilidade da produ\u00e7\u00e3o institucional da SMF;&nbsp;<\/li>\n\n\n\n<li>Preservar a mem\u00f3ria intelectual da SMF;&nbsp;<\/li>\n\n\n\n<li>Reunir em um \u00fanico local virtual e de forma permanente a produ\u00e7\u00e3o institucional;<\/li>\n\n\n\n<li>Ampliar e facilitar o acesso \u00e0 produ\u00e7\u00e3o de uma forma geral.<\/li>\n<\/ul>\n\n\n\n<p>Selecione uma categoria para navegar:<\/p>\n\n\n\n<div class=\"wp-block-buttons is-vertical is-content-justification-center is-layout-flex wp-container-core-buttons-is-layout-1 wp-block-buttons-is-layout-flex\">\n<div class=\"wp-block-button is-style-fill\"><a class=\"wp-block-button__link has-white-color has-vivid-cyan-blue-background-color has-text-color has-background wp-element-button\" href=\"https:\/\/www.fazenda.niteroi.rj.gov.br\/site\/repositorio-institucional\/boletins\/\"><strong>Boletins<\/strong><\/a><\/div>\n\n\n\n<div class=\"wp-block-button\"><a class=\"wp-block-button__link has-white-color has-vivid-cyan-blue-background-color has-text-color has-background wp-element-button\" href=\"https:\/\/www.fazenda.niteroi.rj.gov.br\/site\/repositorio-institucional\/manuais-e-guias\/\"><strong>Manuais e Guias<\/strong><\/a><\/div>\n\n\n\n<div class=\"wp-block-button\"><a class=\"wp-block-button__link has-white-color has-vivid-cyan-blue-background-color has-text-color has-background wp-element-button\" href=\"https:\/\/www.fazenda.niteroi.rj.gov.br\/site\/repositorio-institucional\/mapeamento-de-processos\/\"><strong>Mapeamento de Processos<\/strong><\/a><\/div>\n\n\n\n<div class=\"wp-block-button\"><a class=\"wp-block-button__link has-white-color has-vivid-cyan-blue-background-color has-text-color has-background wp-element-button\" href=\"https:\/\/www.fazenda.niteroi.rj.gov.br\/site\/repositorio-institucional\/artigos-e-trabalhos-academicos\/\"><strong>Artigos e Trabalhos acad\u00eamicos<\/strong><\/a><\/div>\n\n\n\n<div class=\"wp-block-button\"><a class=\"wp-block-button__link has-white-color has-vivid-cyan-blue-background-color has-text-color has-background wp-element-button\" href=\"https:\/\/www.fazenda.niteroi.rj.gov.br\/site\/repositorio-institucional\/planejamento-estrategico\/\"><strong>Planejamento Estrat\u00e9gico<\/strong><\/a><\/div>\n\n\n\n<div class=\"wp-block-button\"><a class=\"wp-block-button__link has-white-color has-vivid-cyan-blue-background-color has-text-color has-background wp-element-button\" href=\"https:\/\/www.fazenda.niteroi.rj.gov.br\/site\/repositorio-institucional\/educa-fisco\/\" target=\"_blank\" rel=\"noreferrer noopener\"><strong>Educa Fisco<\/strong><\/a><\/div>\n\n\n\n<div class=\"wp-block-button\"><a class=\"wp-block-button__link has-white-color has-vivid-cyan-blue-background-color has-text-color has-background wp-element-button\" href=\"https:\/\/www.fazenda.niteroi.rj.gov.br\/site\/repositorio-institucional\/elas-da-smf\/\" target=\"_blank\" rel=\"noreferrer noopener\"><strong>Elas da SMF<\/strong><\/a><\/div>\n\n\n\n<div class=\"wp-block-button\"><a class=\"wp-block-button__link has-white-color has-vivid-cyan-blue-background-color has-text-color has-background wp-element-button\" href=\"https:\/\/www.fazenda.niteroi.rj.gov.br\/site\/repositorio-institucional\/sistema-de-gestao-da-qualidade\/\" target=\"_blank\" rel=\"noreferrer noopener\"><strong>Sistema de Gest\u00e3o da Qualidade<\/strong><\/a><\/div>\n<\/div>\n\n\n\n<p><\/p>\n","protected":false},"excerpt":{"rendered":"<p>Bem-vindo(a) ao Reposit\u00f3rio Institucional da SMF Niter\u00f3i! O Reposit\u00f3rio Institucional da Secretaria Municipal de Fazenda \u2013 SMF tem como objetivo armazenar, preservar, divulgar e oferecer acesso \u00e0 produ\u00e7\u00e3o institucional do [&hellip;]<\/p>\n","protected":false},"author":1,"featured_media":0,"parent":0,"menu_order":0,"comment_status":"closed","ping_status":"closed","template":"","meta":{"_et_pb_use_builder":"off","_et_pb_old_content":"","_et_gb_content_width":"","_usar_header_alternativo":false,"footnotes":""},"class_list":["post-17641","page","type-page","status-publish","hentry"],"_links":{"self":[{"href":"https:\/\/www.fazenda.niteroi.rj.gov.br\/site\/wp-json\/wp\/v2\/pages\/17641","targetHints":{"allow":["GET"]}}],"collection":[{"href":"https:\/\/www.fazenda.niteroi.rj.gov.br\/site\/wp-json\/wp\/v2\/pages"}],"about":[{"href":"https:\/\/www.fazenda.niteroi.rj.gov.br\/site\/wp-json\/wp\/v2\/types\/page"}],"author":[{"embeddable":true,"href":"https:\/\/www.fazenda.niteroi.rj.gov.br\/site\/wp-json\/wp\/v2\/users\/1"}],"replies":[{"embeddable":true,"href":"https:\/\/www.fazenda.niteroi.rj.gov.br\/site\/wp-json\/wp\/v2\/comments?post=17641"}],"version-history":[{"count":5,"href":"https:\/\/www.fazenda.niteroi.rj.gov.br\/site\/wp-json\/wp\/v2\/pages\/17641\/revisions"}],"predecessor-version":[{"id":21517,"href":"https:\/\/www.fazenda.niteroi.rj.gov.br\/site\/wp-json\/wp\/v2\/pages\/17641\/revisions\/21517"}],"wp:attachment":[{"href":"https:\/\/www.fazenda.niteroi.rj.gov.br\/site\/wp-json\/wp\/v2\/media?parent=17641"}],"curies":[{"name":"wp","href":"https:\/\/api.w.org\/{rel}","templated":true}]}}