{"id":17646,"date":"2021-10-20T10:35:45","date_gmt":"2021-10-20T13:35:45","guid":{"rendered":"https:\/\/www.fazenda.niteroi.rj.gov.br\/site\/?page_id=17646"},"modified":"2024-11-14T11:38:59","modified_gmt":"2024-11-14T14:38:59","slug":"boletins","status":"publish","type":"page","link":"https:\/\/www.fazenda.niteroi.rj.gov.br\/site\/repositorio-institucional\/boletins\/","title":{"rendered":"Boletins"},"content":{"rendered":"\n<p>Esta se\u00e7\u00e3o re\u00fane publica\u00e7\u00f5es da SMF que analisam informa\u00e7\u00f5es estrat\u00e9gicas sobre o munic\u00edpio por meio de an\u00e1lises e diagn\u00f3sticos detalhados.<\/p>\n\n\n\n<h2 class=\"wp-block-heading\">Boletim de Movimento Econ\u00f4mico<\/h2>\n\n\n\n<p>O&nbsp;Boletim de Movimento Econ\u00f4mico&nbsp;\u00e9 desenvolvido pela Secretaria Municipal de Fazenda e apresenta de forma anal\u00edtica dados relativos \u00e0 arrecada\u00e7\u00e3o do Imposto sobre Servi\u00e7os de Qualquer Natureza \u2013 ISS e \u00e0 emiss\u00e3o de Notas Fiscais do munic\u00edpio.<\/p>\n\n\n\n<p>Sua elabora\u00e7\u00e3o conta com a participa\u00e7\u00e3o de t\u00e9cnicos da Subsecretaria de Receita e da Subsecretaria de Finan\u00e7as, \u00f3rg\u00e3os da SMF respons\u00e1veis pelos dados utilizados no boletim. O documento constitui-se num importante aliado a empres\u00e1rios e comerciantes da cidade, com diagn\u00f3stico sobre as tend\u00eancias do setor econ\u00f4mico local.<\/p>\n\n\n\n<p><br>O trabalho \u00e9 elaborado e coordenado pelo Departamento de Estudos Fiscais \u2013 DEEF da SMF.<\/p>\n\n\n\n<p>Escolha a edi\u00e7\u00e3o e fa\u00e7a o download do&nbsp;Boletim de Movimento Econ\u00f4mico:<\/p>\n\n\n\n<ul class=\"wp-block-list\">\n<li><a href=\"https:\/\/fazenda.niteroi.rj.gov.br\/site\/wp-content\/uploads\/2021\/05\/Boletim-de-Movimento-Econo%CC%82mico-01.pdf\">1\u00aa Edi\u00e7\u00e3o BME \u2013 Maio\/2021<\/a><\/li>\n\n\n\n<li><a href=\"https:\/\/fazenda.niteroi.rj.gov.br\/site\/wp-content\/uploads\/2021\/08\/Boletim-de-Movimento-Economico-julho-2021.pdf\">2\u00aa Edi\u00e7\u00e3o BME \u2013 Julho\/2021<\/a><\/li>\n\n\n\n<li><a href=\"https:\/\/www.fazenda.niteroi.rj.gov.br\/site\/wp-content\/uploads\/2021\/11\/Boletim-de-Movimento-Economico-Terceiro-Trimestre-2021.pdf\" data-type=\"URL\" data-id=\"https:\/\/www.fazenda.niteroi.rj.gov.br\/site\/wp-content\/uploads\/2021\/11\/Boletim-de-Movimento-Economico-Terceiro-Trimestre-2021.pdf\">3\u00aa Edi\u00e7\u00e3o BME \u2013 Outubro\/2021<\/a><\/li>\n\n\n\n<li><a href=\"https:\/\/www.fazenda.niteroi.rj.gov.br\/site\/wp-content\/uploads\/2022\/01\/Boletim-de-Movimento-Economico-Quarto-Trimestre-2021.pdf\" data-type=\"URL\" data-id=\"https:\/\/www.fazenda.niteroi.rj.gov.br\/site\/wp-content\/uploads\/2022\/01\/Boletim-de-Movimento-Economico-Quarto-Trimestre-2021.pdf\">4\u00aa Edi\u00e7\u00e3o BME \u2013 Janeiro\/2022<\/a><\/li>\n\n\n\n<li><a rel=\"noreferrer noopener\" href=\"https:\/\/www.fazenda.niteroi.rj.gov.br\/site\/wp-content\/uploads\/2022\/04\/Boletim-de-Movimento-Econo\u0302mico-Primeiro-Trimestre-2022.pdf\" data-type=\"URL\" data-id=\"https:\/\/www.fazenda.niteroi.rj.gov.br\/site\/wp-content\/uploads\/2022\/04\/Boletim-de-Movimento-Econo\u0302mico-Primeiro-Trimestre-2022.pdf\" target=\"_blank\">5\u00aa Edi\u00e7\u00e3o BME &#8211; Abril\/2022<\/a><\/li>\n\n\n\n<li><a rel=\"noreferrer noopener\" href=\"https:\/\/www.fazenda.niteroi.rj.gov.br\/site\/wp-content\/uploads\/2022\/09\/Boletim-de-Movimento-Economico-Segundo-Trimestre-2022.pdf\" data-type=\"URL\" data-id=\"https:\/\/www.fazenda.niteroi.rj.gov.br\/site\/wp-content\/uploads\/2022\/09\/Boletim-de-Movimento-Economico-Segundo-Trimestre-2022.pdf\" target=\"_blank\">6\u00aa Edi\u00e7\u00e3o BME &#8211; Julho\/2022<\/a><\/li>\n\n\n\n<li><a rel=\"noreferrer noopener\" href=\"https:\/\/www.fazenda.niteroi.rj.gov.br\/site\/wp-content\/uploads\/2022\/11\/Boletim-de-Movimento-Econo\u0302mico-Terceiro-Trimestre-2022.pdf\" data-type=\"URL\" data-id=\"https:\/\/www.fazenda.niteroi.rj.gov.br\/site\/wp-content\/uploads\/2022\/11\/Boletim-de-Movimento-Econo\u0302mico-Terceiro-Trimestre-2022.pdf\" target=\"_blank\">7\u00aa Edi\u00e7\u00e3o BME &#8211; Outubro\/2022<\/a><\/li>\n\n\n\n<li><a rel=\"noreferrer noopener\" href=\"https:\/\/www.fazenda.niteroi.rj.gov.br\/site\/wp-content\/uploads\/2023\/02\/Boletim-Economico-ISS-4T2022.pdf\" data-type=\"URL\" data-id=\"https:\/\/www.fazenda.niteroi.rj.gov.br\/site\/wp-content\/uploads\/2023\/02\/Boletim-Economico-ISS-4T2022.pdf\" target=\"_blank\">8\u00aa Edi\u00e7\u00e3o BME &#8211; Janeiro\/2023<\/a><\/li>\n\n\n\n<li><a rel=\"noreferrer noopener\" href=\"https:\/\/www.fazenda.niteroi.rj.gov.br\/site\/wp-content\/uploads\/2023\/06\/Boletim-Economico-ISS-1T2023.pdf\" data-type=\"URL\" data-id=\"https:\/\/www.fazenda.niteroi.rj.gov.br\/site\/wp-content\/uploads\/2023\/06\/Boletim-Economico-ISS-1T2023.pdf\" target=\"_blank\">9\u00aa Edi\u00e7\u00e3o BME &#8211; Abril\/2023<\/a><\/li>\n\n\n\n<li><a href=\"https:\/\/www.fazenda.niteroi.rj.gov.br\/site\/wp-content\/uploads\/2023\/09\/Boletim-Economico-ISS-2T2023.pdf\" data-type=\"link\" data-id=\"https:\/\/www.fazenda.niteroi.rj.gov.br\/site\/wp-content\/uploads\/2023\/09\/Boletim-Economico-ISS-2T2023.pdf\">10\u00aa Edi\u00e7\u00e3o BME &#8211; Julho\/2023<\/a><\/li>\n\n\n\n<li><a href=\"https:\/\/www.fazenda.niteroi.rj.gov.br\/site\/wp-content\/uploads\/2023\/12\/Boletim-Economico-ISS-3T2023-04.12.23.pdf\" data-type=\"link\" data-id=\"https:\/\/www.fazenda.niteroi.rj.gov.br\/site\/wp-content\/uploads\/2023\/12\/Boletim-Economico-ISS-3T2023-04.12.23.odp\">11\u00aa Edi\u00e7\u00e3o BME &#8211; Outubro\/2023<\/a><\/li>\n\n\n\n<li><a href=\"https:\/\/www.fazenda.niteroi.rj.gov.br\/site\/wp-content\/uploads\/2024\/03\/Boletim-Economico-ISS-12-edicao-1.pdf\" data-type=\"link\" data-id=\"https:\/\/www.fazenda.niteroi.rj.gov.br\/site\/wp-content\/uploads\/2023\/12\/Boletim-Economico-ISS-3T2023-04.12.23.odp\">12\u00aa Edi\u00e7\u00e3o BME &#8211; Dezembro\/2023<\/a><\/li>\n\n\n\n<li><a href=\"https:\/\/www.fazenda.niteroi.rj.gov.br\/site\/wp-content\/uploads\/2024\/08\/Boletim-Economico-ISS-1T2024-2-1.pdf\" data-type=\"link\" data-id=\"https:\/\/www.fazenda.niteroi.rj.gov.br\/site\/wp-content\/uploads\/2024\/08\/Boletim-Economico-ISS-1T2024-2-1.pdf\">13\u00aa Edi\u00e7\u00e3o BME &#8211; Abril\/2024 <\/a><\/li>\n\n\n\n<li><a href=\"https:\/\/www.fazenda.niteroi.rj.gov.br\/site\/wp-content\/uploads\/2024\/10\/Boletim-Economico-ISS-2T2024-1.pdf\" data-type=\"link\" data-id=\"https:\/\/www.fazenda.niteroi.rj.gov.br\/site\/wp-content\/uploads\/2024\/10\/Boletim-Economico-ISS-2T2024.pdf\">14\u00aa Edi\u00e7\u00e3o BME &#8211; Agosto\/2024 <\/a><\/li>\n\n\n\n<li><a href=\"https:\/\/www.fazenda.niteroi.rj.gov.br\/site\/wp-content\/uploads\/2024\/11\/Boletim-Economico-ISS-3T2024.pdf\" data-type=\"link\" data-id=\"https:\/\/www.fazenda.niteroi.rj.gov.br\/site\/wp-content\/uploads\/2024\/11\/Boletim-Economico-ISS-3T2024.pdf\">15\u00aa Edi\u00e7\u00e3o BME &#8211; Outubro\/2024 <\/a><\/li>\n<\/ul>\n\n\n\n<div style=\"height:35px\" aria-hidden=\"true\" class=\"wp-block-spacer\"><\/div>\n\n\n\n<h2 class=\"wp-block-heading\">Boletim do ITBI<\/h2>\n\n\n\n<p>O Boletim de ITBI \u00e9 mais uma  iniciativa que amplia a transpar\u00eancia das atividades da Fazenda municipal e disponibiliza relevantes indicadores da atividade econ\u00f4mica. No caso do ITBI, os dados referentes ao n\u00famero de transa\u00e7\u00f5es imobili\u00e1rias, a evolu\u00e7\u00e3o da arrecada\u00e7\u00e3o do imposto, a din\u00e2mica por bairro, s\u00e3o uma rica fonte de informa\u00e7\u00f5es para o setor p\u00fablico e privado e at\u00e9 para a \u00e1rea acad\u00eamica. O boletim vem em formato que permite aplica\u00e7\u00e3o de filtros, potencializando a qualidade e precis\u00e3o da informa\u00e7\u00e3o que o usu\u00e1rio busca.<\/p>\n\n\n\n<div class=\"wp-block-buttons is-content-justification-center is-layout-flex wp-container-core-buttons-is-layout-1 wp-block-buttons-is-layout-flex\">\n<div class=\"wp-block-button\"><a class=\"wp-block-button__link has-white-color has-vivid-cyan-blue-background-color has-text-color has-background wp-element-button\" href=\"https:\/\/app.powerbi.com\/view?r=eyJrIjoiZDk3Mjk1NzItMTEwNi00MDJiLWJhODUtMjVkMGYyMWRlZDY4IiwidCI6ImRiM2MxYzY5LWUyOGMtNDNkNy04ZTFhLTk1ODNlOWU5OGE1MSJ9\" target=\"_blank\" rel=\"noreferrer noopener\">Acesse o Boletim do ITBI<\/a><\/div>\n<\/div>\n\n\n\n<div style=\"height:42px\" aria-hidden=\"true\" class=\"wp-block-spacer\"><\/div>\n\n\n\n<p><\/p>\n\n\n\n<h2 class=\"wp-block-heading\">Boletim de Riscos Fiscais<\/h2>\n\n\n\n<p>O Boletim de Riscos Fiscais traz informa\u00e7\u00f5es estrat\u00e9gicas para subsidiar tomadas de decis\u00f5es dos gestores por meio de an\u00e1lises e diagn\u00f3sticos detalhados sobre a situa\u00e7\u00e3o do munic\u00edpio no tema.<\/p>\n","protected":false},"excerpt":{"rendered":"<p>Esta se\u00e7\u00e3o re\u00fane publica\u00e7\u00f5es da SMF que analisam informa\u00e7\u00f5es estrat\u00e9gicas sobre o munic\u00edpio por meio de an\u00e1lises e diagn\u00f3sticos detalhados. Boletim de Movimento Econ\u00f4mico O&nbsp;Boletim de Movimento Econ\u00f4mico&nbsp;\u00e9 desenvolvido pela [&hellip;]<\/p>\n","protected":false},"author":1,"featured_media":0,"parent":17641,"menu_order":0,"comment_status":"closed","ping_status":"closed","template":"","meta":{"_et_pb_use_builder":"off","_et_pb_old_content":"","_et_gb_content_width":"","_usar_header_alternativo":false,"footnotes":""},"class_list":["post-17646","page","type-page","status-publish","hentry"],"_links":{"self":[{"href":"https:\/\/www.fazenda.niteroi.rj.gov.br\/site\/wp-json\/wp\/v2\/pages\/17646","targetHints":{"allow":["GET"]}}],"collection":[{"href":"https:\/\/www.fazenda.niteroi.rj.gov.br\/site\/wp-json\/wp\/v2\/pages"}],"about":[{"href":"https:\/\/www.fazenda.niteroi.rj.gov.br\/site\/wp-json\/wp\/v2\/types\/page"}],"author":[{"embeddable":true,"href":"https:\/\/www.fazenda.niteroi.rj.gov.br\/site\/wp-json\/wp\/v2\/users\/1"}],"replies":[{"embeddable":true,"href":"https:\/\/www.fazenda.niteroi.rj.gov.br\/site\/wp-json\/wp\/v2\/comments?post=17646"}],"version-history":[{"count":5,"href":"https:\/\/www.fazenda.niteroi.rj.gov.br\/site\/wp-json\/wp\/v2\/pages\/17646\/revisions"}],"predecessor-version":[{"id":30287,"href":"https:\/\/www.fazenda.niteroi.rj.gov.br\/site\/wp-json\/wp\/v2\/pages\/17646\/revisions\/30287"}],"up":[{"embeddable":true,"href":"https:\/\/www.fazenda.niteroi.rj.gov.br\/site\/wp-json\/wp\/v2\/pages\/17641"}],"wp:attachment":[{"href":"https:\/\/www.fazenda.niteroi.rj.gov.br\/site\/wp-json\/wp\/v2\/media?parent=17646"}],"curies":[{"name":"wp","href":"https:\/\/api.w.org\/{rel}","templated":true}]}}