{"id":17653,"date":"2021-10-20T10:50:10","date_gmt":"2021-10-20T13:50:10","guid":{"rendered":"https:\/\/www.fazenda.niteroi.rj.gov.br\/site\/?page_id=17653"},"modified":"2021-10-20T10:50:25","modified_gmt":"2021-10-20T13:50:25","slug":"mapeamento-de-processos","status":"publish","type":"page","link":"https:\/\/www.fazenda.niteroi.rj.gov.br\/site\/repositorio-institucional\/mapeamento-de-processos\/","title":{"rendered":"Mapeamento de Processos"},"content":{"rendered":"\n<p>Trata-se da representa\u00e7\u00e3o gr\u00e1fica das atividades dos processos por meio de fluxogramas, que retratam a sequ\u00eancia l\u00f3gica de atividades.<\/p>\n","protected":false},"excerpt":{"rendered":"<p>Trata-se da representa\u00e7\u00e3o gr\u00e1fica das atividades dos processos por meio de fluxogramas, que retratam a sequ\u00eancia l\u00f3gica de atividades.<\/p>\n","protected":false},"author":1,"featured_media":0,"parent":17641,"menu_order":0,"comment_status":"closed","ping_status":"closed","template":"","meta":{"_et_pb_use_builder":"off","_et_pb_old_content":"","_et_gb_content_width":"","_usar_header_alternativo":false,"footnotes":""},"class_list":["post-17653","page","type-page","status-publish","hentry"],"_links":{"self":[{"href":"https:\/\/www.fazenda.niteroi.rj.gov.br\/site\/wp-json\/wp\/v2\/pages\/17653","targetHints":{"allow":["GET"]}}],"collection":[{"href":"https:\/\/www.fazenda.niteroi.rj.gov.br\/site\/wp-json\/wp\/v2\/pages"}],"about":[{"href":"https:\/\/www.fazenda.niteroi.rj.gov.br\/site\/wp-json\/wp\/v2\/types\/page"}],"author":[{"embeddable":true,"href":"https:\/\/www.fazenda.niteroi.rj.gov.br\/site\/wp-json\/wp\/v2\/users\/1"}],"replies":[{"embeddable":true,"href":"https:\/\/www.fazenda.niteroi.rj.gov.br\/site\/wp-json\/wp\/v2\/comments?post=17653"}],"version-history":[{"count":1,"href":"https:\/\/www.fazenda.niteroi.rj.gov.br\/site\/wp-json\/wp\/v2\/pages\/17653\/revisions"}],"predecessor-version":[{"id":17654,"href":"https:\/\/www.fazenda.niteroi.rj.gov.br\/site\/wp-json\/wp\/v2\/pages\/17653\/revisions\/17654"}],"up":[{"embeddable":true,"href":"https:\/\/www.fazenda.niteroi.rj.gov.br\/site\/wp-json\/wp\/v2\/pages\/17641"}],"wp:attachment":[{"href":"https:\/\/www.fazenda.niteroi.rj.gov.br\/site\/wp-json\/wp\/v2\/media?parent=17653"}],"curies":[{"name":"wp","href":"https:\/\/api.w.org\/{rel}","templated":true}]}}