{"id":17655,"date":"2021-10-20T10:50:58","date_gmt":"2021-10-20T13:50:58","guid":{"rendered":"https:\/\/www.fazenda.niteroi.rj.gov.br\/site\/?page_id=17655"},"modified":"2022-03-23T15:41:26","modified_gmt":"2022-03-23T18:41:26","slug":"artigos-e-trabalhos-academicos","status":"publish","type":"page","link":"https:\/\/www.fazenda.niteroi.rj.gov.br\/site\/repositorio-institucional\/artigos-e-trabalhos-academicos\/","title":{"rendered":"Artigos e Trabalhos acad\u00eamicos"},"content":{"rendered":"\n<p class=\"has-medium-font-size\">Esta divis\u00e3o re\u00fane os artigos e trabalhos acad\u00eamicos que versem sobre experi\u00eancias da gest\u00e3o administrativa da SMF.<\/p>\n\n\n\n<hr class=\"wp-block-separator has-text-color has-background has-white-background-color has-white-color\"\/>\n\n\n\n<figure class=\"wp-block-image size-full is-resized\"><a href=\"https:\/\/www.fazenda.niteroi.rj.gov.br\/blog\/\" target=\"_blank\" rel=\"noopener\"><img loading=\"lazy\" decoding=\"async\" src=\"https:\/\/www.fazenda.niteroi.rj.gov.br\/site\/wp-content\/uploads\/2021\/10\/Banner-Artigos-de-opiniao.jpg\" alt=\"\" class=\"wp-image-17707\" width=\"716\" height=\"402\" srcset=\"https:\/\/www.fazenda.niteroi.rj.gov.br\/site\/wp-content\/uploads\/2021\/10\/Banner-Artigos-de-opiniao.jpg 2240w, https:\/\/www.fazenda.niteroi.rj.gov.br\/site\/wp-content\/uploads\/2021\/10\/Banner-Artigos-de-opiniao-400x225.jpg 400w, https:\/\/www.fazenda.niteroi.rj.gov.br\/site\/wp-content\/uploads\/2021\/10\/Banner-Artigos-de-opiniao-600x338.jpg 600w, https:\/\/www.fazenda.niteroi.rj.gov.br\/site\/wp-content\/uploads\/2021\/10\/Banner-Artigos-de-opiniao-768x432.jpg 768w, https:\/\/www.fazenda.niteroi.rj.gov.br\/site\/wp-content\/uploads\/2021\/10\/Banner-Artigos-de-opiniao-1536x864.jpg 1536w, https:\/\/www.fazenda.niteroi.rj.gov.br\/site\/wp-content\/uploads\/2021\/10\/Banner-Artigos-de-opiniao-2048x1152.jpg 2048w, https:\/\/www.fazenda.niteroi.rj.gov.br\/site\/wp-content\/uploads\/2021\/10\/Banner-Artigos-de-opiniao-1080x608.jpg 1080w\" sizes=\"auto, (max-width: 716px) 100vw, 716px\" \/><\/a><\/figure>\n\n\n\n<hr class=\"wp-block-separator has-text-color has-background has-white-background-color has-white-color is-style-wide\"\/>\n\n\n\n<h3 class=\"wp-block-heading\">ARTIGOS | VE\u00cdCULOS DE IMPRENSA<\/h3>\n\n\n\n<hr class=\"wp-block-separator has-text-color has-background has-white-background-color has-white-color\"\/>\n\n\n\n<p class=\"has-small-font-size\"><a href=\"https:\/\/politica.estadao.com.br\/blogs\/gestao-politica-e-sociedade\/a-reforma-incompreendida-do-imposto-de-renda\/\" data-type=\"URL\" data-id=\"https:\/\/politica.estadao.com.br\/blogs\/gestao-politica-e-sociedade\/a-reforma-incompreendida-do-imposto-de-renda\/\"><strong>A reforma incompreendida do imposto de renda<\/strong>.<\/a> Por Mar\u00edlia Ortiz e Juan Costa para jornal Estad\u00e3o.<br><a href=\"https:\/\/politica.estadao.com.br\/blogs\/gestao-politica-e-sociedade\/desfinanciamento-federal-do-sus-e-o-impacto-nas-financas-municipais\/\" data-type=\"URL\" data-id=\"https:\/\/politica.estadao.com.br\/blogs\/gestao-politica-e-sociedade\/desfinanciamento-federal-do-sus-e-o-impacto-nas-financas-municipais\/\"><strong>Desfinanciamento federal do SUS e o impacto nas finan\u00e7as municipais.<\/strong><\/a> Por Mar\u00edlia Ortiz e Francisco Funcia para jornal Estad\u00e3o.<\/p>\n\n\n\n<p><\/p>\n\n\n\n<h3 class=\"wp-block-heading\">ARTIGOS | IX CONGRESSO CONSAD<\/h3>\n\n\n\n<p><a rel=\"noreferrer noopener\" href=\"https:\/\/www.fazenda.niteroi.rj.gov.br\/site\/wp-content\/uploads\/2022\/03\/Forum-Brasileiro-de-Fundos-Soberanos-Arena-de-Fortalecimento-de-Governanca-e-Difusao-de-Boas-Praticas.docx.docx\" data-type=\"URL\" data-id=\"https:\/\/www.fazenda.niteroi.rj.gov.br\/site\/wp-content\/uploads\/2022\/03\/Forum-Brasileiro-de-Fundos-Soberanos-Arena-de-Fortalecimento-de-Governanca-e-Difusao-de-Boas-Praticas.docx.docx\" target=\"_blank\"><strong>F\u00f3rum de Fundos Soberanos Brasileiros: Arena de Fortalecimento de Governan\u00e7a e Difus\u00e3o de Boas Pr\u00e1ticas<\/strong><\/a> &#8211; Autores: \u00a0Marilia Ortiz, Heitor Moreira, Leandro Ferreira e Paul Ryan Katz.<\/p>\n\n\n\n<p><a href=\"https:\/\/www.fazenda.niteroi.rj.gov.br\/site\/wp-content\/uploads\/2022\/03\/Apresentacao-CONSAD-formatada-v4.pdf\" data-type=\"URL\" data-id=\"https:\/\/www.fazenda.niteroi.rj.gov.br\/site\/wp-content\/uploads\/2022\/03\/Apresentacao-CONSAD-formatada-v4.pdf\" target=\"_blank\" rel=\"noreferrer noopener\"><strong>Apresenta\u00e7\u00e3o <\/strong>&#8211; <strong>Painel F\u00f3rum de Fundos Soberanos Brasileiros<\/strong><\/a><\/p>\n\n\n\n<div class=\"wp-block-buttons is-layout-flex wp-block-buttons-is-layout-flex\"><\/div>\n\n\n\n<p><\/p>\n","protected":false},"excerpt":{"rendered":"<p>Esta divis\u00e3o re\u00fane os artigos e trabalhos acad\u00eamicos que versem sobre experi\u00eancias da gest\u00e3o administrativa da SMF. ARTIGOS | VE\u00cdCULOS DE IMPRENSA A reforma incompreendida do imposto de renda. Por [&hellip;]<\/p>\n","protected":false},"author":1,"featured_media":0,"parent":17641,"menu_order":0,"comment_status":"closed","ping_status":"closed","template":"","meta":{"_et_pb_use_builder":"off","_et_pb_old_content":"","_et_gb_content_width":"","_usar_header_alternativo":false,"footnotes":""},"class_list":["post-17655","page","type-page","status-publish","hentry"],"_links":{"self":[{"href":"https:\/\/www.fazenda.niteroi.rj.gov.br\/site\/wp-json\/wp\/v2\/pages\/17655","targetHints":{"allow":["GET"]}}],"collection":[{"href":"https:\/\/www.fazenda.niteroi.rj.gov.br\/site\/wp-json\/wp\/v2\/pages"}],"about":[{"href":"https:\/\/www.fazenda.niteroi.rj.gov.br\/site\/wp-json\/wp\/v2\/types\/page"}],"author":[{"embeddable":true,"href":"https:\/\/www.fazenda.niteroi.rj.gov.br\/site\/wp-json\/wp\/v2\/users\/1"}],"replies":[{"embeddable":true,"href":"https:\/\/www.fazenda.niteroi.rj.gov.br\/site\/wp-json\/wp\/v2\/comments?post=17655"}],"version-history":[{"count":6,"href":"https:\/\/www.fazenda.niteroi.rj.gov.br\/site\/wp-json\/wp\/v2\/pages\/17655\/revisions"}],"predecessor-version":[{"id":19199,"href":"https:\/\/www.fazenda.niteroi.rj.gov.br\/site\/wp-json\/wp\/v2\/pages\/17655\/revisions\/19199"}],"up":[{"embeddable":true,"href":"https:\/\/www.fazenda.niteroi.rj.gov.br\/site\/wp-json\/wp\/v2\/pages\/17641"}],"wp:attachment":[{"href":"https:\/\/www.fazenda.niteroi.rj.gov.br\/site\/wp-json\/wp\/v2\/media?parent=17655"}],"curies":[{"name":"wp","href":"https:\/\/api.w.org\/{rel}","templated":true}]}}