{"id":17676,"date":"2021-10-26T12:39:17","date_gmt":"2021-10-26T15:39:17","guid":{"rendered":"https:\/\/www.fazenda.niteroi.rj.gov.br\/site\/?page_id=17676"},"modified":"2025-10-01T14:54:22","modified_gmt":"2025-10-01T17:54:22","slug":"plano-de-integridade","status":"publish","type":"page","link":"https:\/\/www.fazenda.niteroi.rj.gov.br\/site\/plano-de-integridade\/","title":{"rendered":"Plano de Integridade"},"content":{"rendered":"\n<p>O plano de integridade da Secretaria Municipal de Fazenda \u00e9 um instrumento que est\u00e1 em constante atualiza\u00e7\u00e3o. Isso porque reflete o compromisso da institui\u00e7\u00e3o com a melhoria cont\u00ednua, a adapta\u00e7\u00e3o \u00e0s mudan\u00e7as normativas e a incorpora\u00e7\u00e3o de boas pr\u00e1ticas no \u00e2mbito da governan\u00e7a p\u00fablica.<\/p>\n\n\n\n<p>As metas do plano foram definidas em colabora\u00e7\u00e3o com os subsecret\u00e1rios e a equipe t\u00e9cnica da Secretaria Municipal de Fazenda, buscando alinh\u00e1-las \u00e0s prioridades institucionais e garantir que atendam de maneira efetiva \u00e0s demandas da SMF, promovendo um ambiente de trabalho mais \u00edntegro, transparente e eficiente.<\/p>\n\n\n\n<p>Dessa forma, a nova vers\u00e3o pretende trazer para o dia a dia do servidor um conjunto de diretrizes e ferramentas que reforcem a transpar\u00eancia, a \u00e9tica e a responsabiliza\u00e7\u00e3o em suas atividades, promovendo um ambiente organizacional mais \u00edntegro e confi\u00e1vel.<\/p>\n\n\n\n<ul class=\"has-large-font-size wp-block-list\">\n<li class=\"has-medium-font-size\"><strong>Bi\u00eanio 2025-2026<\/strong><\/li>\n<\/ul>\n\n\n\n<p>A Secretaria Municipal da Fazenda (SMF) reafirma seu compromisso com a<strong> \u00e9tica, transpar\u00eancia e responsabilidade<\/strong> na gest\u00e3o p\u00fablica por meio do Plano de Integridade &#8220;A\u00e7\u00e3o&#8221;. A SMF tem promovido a\u00e7\u00f5es estruturadas para fortalecer esses valores entre seus servidores, adotando treinamentos peri\u00f3dicos, workshops, c\u00f3digos de conduta e canais seguros para den\u00fancias.<\/p>\n\n\n\n<p>O <strong>Plano de Integridade<\/strong> est\u00e1 diretamente alinhado aos <strong>Objetivos Estrat\u00e9gicos<\/strong> da Secretaria para o per\u00edodo de 2025 a 2028, refletindo sua <strong>Miss\u00e3o <\/strong>de garantir uma gest\u00e3o tribut\u00e1ria, financeira e cont\u00e1bil eficiente e transparente, impulsionando o desenvolvimento sustent\u00e1vel de Niter\u00f3i e viabilizando pol\u00edticas p\u00fablicas transformadoras. Al\u00e9m disso, conecta-se \u00e0 <strong>Vis\u00e3o<\/strong> institucional de ser refer\u00eancia na gest\u00e3o municipal, inspirando inova\u00e7\u00e3o e boas pr\u00e1ticas em todo o Brasil.<\/p>\n\n\n\n<p>Com base em <strong>Valores<\/strong> fundamentais como \u00e9tica, impessoalidade, transpar\u00eancia, justi\u00e7a fiscal e moderniza\u00e7\u00e3o, o <strong>Plano<\/strong> busca fomentar um ambiente organizacional \u00edntegro e justo. A iniciativa visa aprimorar continuamente a gest\u00e3o interna e fortalecer a confian\u00e7a dos cidad\u00e3os nas institui\u00e7\u00f5es p\u00fablicas, garantindo que todos os processos sejam conduzidos com lisura e excel\u00eancia.<\/p>\n\n\n\n<p>Ao promover a integridade como pilar essencial da administra\u00e7\u00e3o p\u00fablica, <strong>a SMF se compromete<\/strong> a elevar o padr\u00e3o dos servi\u00e7os prestados e contribuir para o desenvolvimento sustent\u00e1vel de Niter\u00f3i, oferecendo resultados cada vez mais qualificados ao contribuinte e \u00e0 sociedade.<\/p>\n\n\n\n<div class=\"wp-block-buttons is-content-justification-center is-layout-flex wp-container-core-buttons-is-layout-1 wp-block-buttons-is-layout-flex\">\n<div class=\"wp-block-button is-style-fill\"><a class=\"wp-block-button__link has-white-color has-text-color has-link-color wp-element-button\" href=\"https:\/\/www.fazenda.niteroi.rj.gov.br\/site\/wp-content\/uploads\/2025\/10\/Plano-de-Integridade-2025.pdf\" target=\"_blank\" rel=\"noreferrer noopener\">Plano de Integridade 2025<\/a><\/div>\n<\/div>\n\n\n\n<p class=\"has-white-color has-text-color has-link-color wp-elements-8e97e2a301b0b9caf49ddcbfa88db2dd\">\u3164<\/p>\n\n\n\n<hr class=\"wp-block-separator has-alpha-channel-opacity is-style-wide\"\/>\n\n\n\n<p class=\"has-white-color has-text-color has-link-color wp-elements-8e97e2a301b0b9caf49ddcbfa88db2dd\">\u3164<\/p>\n\n\n\n<ul class=\"has-medium-font-size wp-block-list\">\n<li><strong>Bi\u00eanio 2022-2024<\/strong><\/li>\n<\/ul>\n\n\n\n<p>\u201cDo papel \u00e0 a\u00e7\u00e3o\u201d \u00e9 a campanha referente ao bi\u00eanio 22-24 e tem como objetivo principal transformar as diretrizes de integridade em pr\u00e1ticas concretas, incentivando os servidores a adotarem comportamentos proativos na preven\u00e7\u00e3o de irregularidades e na constru\u00e7\u00e3o de uma cultura institucional pautada pela \u00e9tica.<\/p>\n\n\n\n<p>Os tr\u00eas pilares adotados para a campanha deste ano s\u00e3o <strong>Combate \u00e0 Advocacia Administrativa<\/strong>, <strong>Garantia da Seguran\u00e7a da Informa\u00e7\u00e3o<\/strong> e <strong>Enfrentamento ao Ass\u00e9dio Moral<\/strong>. Isso porque essas \u00e1reas representam pontos sens\u00edveis para a integridade institucional, exigindo aten\u00e7\u00e3o priorit\u00e1ria para prevenir pr\u00e1ticas il\u00edcitas, proteger dados e informa\u00e7\u00f5es estrat\u00e9gicas, e promover um ambiente de trabalho \u00e9tico e respeitoso.<\/p>\n\n\n\n<div class=\"wp-block-buttons is-content-justification-center is-layout-flex wp-container-core-buttons-is-layout-2 wp-block-buttons-is-layout-flex\">\n<div class=\"wp-block-button\"><a class=\"wp-block-button__link has-white-color has-text-color has-link-color wp-element-button\" href=\"https:\/\/www.fazenda.niteroi.rj.gov.br\/site\/wp-content\/uploads\/2024\/12\/PLANO-DE-INTEGRIDADE.pdf\" target=\"_blank\" rel=\"noreferrer noopener\">Plano de Integridade 2024<\/a><\/div>\n<\/div>\n\n\n\n<hr class=\"wp-block-separator has-text-color has-white-color has-css-opacity has-white-background-color has-background\"\/>\n\n\n\n<hr class=\"wp-block-separator has-text-color has-white-color has-css-opacity has-white-background-color has-background\"\/>\n\n\n\n<p>Confira o conte\u00fado produzido pelos procuradores para entender melhor cada um desses pilares e como eles impactam as atividades da Secretaria:<\/p>\n\n\n\n<div class=\"wp-block-buttons is-content-justification-center is-layout-flex wp-container-core-buttons-is-layout-3 wp-block-buttons-is-layout-flex\">\n<div class=\"wp-block-button\"><a class=\"wp-block-button__link has-white-color has-text-color has-link-color wp-element-button\" href=\"https:\/\/www.youtube.com\/watch?v=TJtPResORak&amp;list=PL7N5FEyvDJQNF2YFIIdND0tKOz9c73Naq&amp;index=1\" target=\"_blank\" rel=\"noreferrer noopener\">V\u00eddeos Plano de 2024<\/a><\/div>\n\n\n\n<div class=\"wp-block-button\"><a class=\"wp-block-button__link has-white-color has-text-color has-link-color wp-element-button\" href=\"https:\/\/www.fazenda.niteroi.rj.gov.br\/site\/wp-content\/uploads\/2024\/12\/MODELO-PARA-MONITORAMENTO-2023.2024-1-2-1-1.xlsx\" target=\"_blank\" rel=\"noreferrer noopener\">A\u00e7\u00f5es do Plano de 2024<\/a><\/div>\n\n\n\n<div class=\"wp-block-button\"><a class=\"wp-block-button__link has-white-color has-text-color has-link-color wp-element-button\" href=\"https:\/\/www.fazenda.niteroi.rj.gov.br\/site\/wp-content\/uploads\/2024\/12\/Cartilha-Plano-de-Integridade-da-SMF.pdf\" target=\"_blank\" rel=\"noreferrer noopener\">Cartilha do Plano 2024<\/a><\/div>\n<\/div>\n\n\n\n<p>\u3164<\/p>\n\n\n\n<p>A integridade se apresenta como preceito do atual Governo Municipal, permeando todos os \u00f3rg\u00e3os da Prefeitura, o que \u00e9 reflexo da maturidade atingida pela gest\u00e3o. Assim, na Secretaria de Fazenda, a atua\u00e7\u00e3o pela integridade e conformidade se apresenta como diretriz institucional, visando sempre o atendimento \u00e0 estrita legalidade dos processos e procedimentos, bem como nas rela\u00e7\u00f5es de enfrentamento e preven\u00e7\u00e3o \u00e0 corrup\u00e7\u00e3o.<\/p>\n\n\n\n<p>Convidamos voc\u00ea a construir o Plano de Integridade junto conosco por meio dos nossos canais de comunica\u00e7\u00e3o. Sua participa\u00e7\u00e3o \u00e9 essencial para que a SMF continue a evoluir e a se fortalecer.<\/p>\n\n\n\n<p>A Ouvidoria, nesse contexto, \u00e9 uma ferramenta fundamental para compreendermos as demandas de contribuintes e servidores, possibilitando o aprimoramento cont\u00ednuo de processos e pr\u00e1ticas institucionais. Participe e contribua para um futuro mais \u00edntegro e eficiente!<\/p>\n\n\n\n<p>\u3164<\/p>\n\n\n\n<hr class=\"wp-block-separator has-alpha-channel-opacity is-style-wide\"\/>\n\n\n\n<p>\u3164<\/p>\n\n\n\n<ul class=\"wp-block-list\">\n<li class=\"has-medium-font-size\"><strong>Bi\u00eanio 2020-2022<\/strong><\/li>\n<\/ul>\n\n\n\n<p>O Plano de Integridade &#8220;A Servi\u00e7o da \u00c9tica e da Transpar\u00eancia&#8221; sistematiza as pol\u00edticas, instrumentos e \u00e1reas respons\u00e1veis pela integridade na institui\u00e7\u00e3o, assim como os seus principais riscos, medidas, \u00e1reas de aten\u00e7\u00e3o e os passos que a organiza\u00e7\u00e3o deve seguir na implementa\u00e7\u00e3o de seu Programa de Integridade. Trata-se de um documento p\u00fablico e de fundamental import\u00e2ncia para que sejam evidenciadas as expectativas de padr\u00f5es \u00e9ticos de conduta pelos agentes p\u00fablicos e pelos agentes privados com a\u00e7\u00f5es pr\u00e1ticas a fim de minimizar riscos e salientar as consequ\u00eancias a todos diante de desvios de conduta. A expectativa \u00e9 contribuir para a incorpora\u00e7\u00e3o da \u00e9tica e da integridade como valores robustos para que seja fortalecida a credibilidade da organiza\u00e7\u00e3o perante os servidores e a sociedade.<\/p>\n\n\n\n<p>\u3164\u3164<\/p>\n\n\n\n<div class=\"wp-block-buttons is-content-justification-center is-layout-flex wp-container-core-buttons-is-layout-4 wp-block-buttons-is-layout-flex\">\n<div class=\"wp-block-button\"><a class=\"wp-block-button__link has-white-color has-text-color has-link-color wp-element-button\" href=\"https:\/\/www.fazenda.niteroi.rj.gov.br\/site\/wp-content\/uploads\/2023\/11\/3Planilha-SMF-2023-2024-smfrev.pdf\" target=\"_blank\" rel=\"noreferrer noopener\">A\u00e7\u00f5es do Plano de Integridade Bi\u00eanio 2020-2022<\/a><\/div>\n\n\n\n<div class=\"wp-block-button\"><a class=\"wp-block-button__link has-white-color has-text-color has-link-color wp-element-button\" href=\"https:\/\/www.fazenda.niteroi.rj.gov.br\/site\/wp-content\/uploads\/2021\/11\/Plano-de-Integridade-ok.pdf\" target=\"_blank\" rel=\"noreferrer noopener\">Plano de Integridade da SMF<\/a><\/div>\n<\/div>\n\n\n\n<p>\u3164\u3164<\/p>\n\n\n\n<figure class=\"wp-block-gallery has-nested-images columns-4 is-cropped wp-block-gallery-1 is-layout-flex wp-block-gallery-is-layout-flex\">\n<figure class=\"wp-block-image size-large\"><a href=\"https:\/\/www.fazenda.niteroi.rj.gov.br\/site\/wp-content\/uploads\/2021\/11\/Plano-de-Integridade-10.11-V5-edited-scaled.jpg\"><img loading=\"lazy\" decoding=\"async\" width=\"600\" height=\"425\" data-id=\"17917\" src=\"https:\/\/www.fazenda.niteroi.rj.gov.br\/site\/wp-content\/uploads\/2021\/11\/Plano-de-Integridade-10.11-V5-edited-600x425.jpg\" alt=\"\" class=\"wp-image-17917\" srcset=\"https:\/\/www.fazenda.niteroi.rj.gov.br\/site\/wp-content\/uploads\/2021\/11\/Plano-de-Integridade-10.11-V5-edited-600x425.jpg 600w, https:\/\/www.fazenda.niteroi.rj.gov.br\/site\/wp-content\/uploads\/2021\/11\/Plano-de-Integridade-10.11-V5-edited-400x284.jpg 400w, https:\/\/www.fazenda.niteroi.rj.gov.br\/site\/wp-content\/uploads\/2021\/11\/Plano-de-Integridade-10.11-V5-edited-768x544.jpg 768w, https:\/\/www.fazenda.niteroi.rj.gov.br\/site\/wp-content\/uploads\/2021\/11\/Plano-de-Integridade-10.11-V5-edited-1536x1087.jpg 1536w, https:\/\/www.fazenda.niteroi.rj.gov.br\/site\/wp-content\/uploads\/2021\/11\/Plano-de-Integridade-10.11-V5-edited-2048x1449.jpg 2048w, https:\/\/www.fazenda.niteroi.rj.gov.br\/site\/wp-content\/uploads\/2021\/11\/Plano-de-Integridade-10.11-V5-edited-1080x764.jpg 1080w\" sizes=\"auto, (max-width: 600px) 100vw, 600px\" \/><\/a><\/figure>\n\n\n\n<figure class=\"wp-block-image size-large\"><a href=\"https:\/\/www.fazenda.niteroi.rj.gov.br\/site\/wp-content\/uploads\/2021\/11\/BEA_2933-scaled.jpg\"><img loading=\"lazy\" decoding=\"async\" width=\"600\" height=\"400\" data-id=\"17945\" src=\"https:\/\/www.fazenda.niteroi.rj.gov.br\/site\/wp-content\/uploads\/2021\/11\/BEA_2933-600x400.jpg\" alt=\"\" class=\"wp-image-17945\" srcset=\"https:\/\/www.fazenda.niteroi.rj.gov.br\/site\/wp-content\/uploads\/2021\/11\/BEA_2933-600x400.jpg 600w, https:\/\/www.fazenda.niteroi.rj.gov.br\/site\/wp-content\/uploads\/2021\/11\/BEA_2933-400x267.jpg 400w, https:\/\/www.fazenda.niteroi.rj.gov.br\/site\/wp-content\/uploads\/2021\/11\/BEA_2933-768x512.jpg 768w, https:\/\/www.fazenda.niteroi.rj.gov.br\/site\/wp-content\/uploads\/2021\/11\/BEA_2933-1536x1024.jpg 1536w, https:\/\/www.fazenda.niteroi.rj.gov.br\/site\/wp-content\/uploads\/2021\/11\/BEA_2933-2048x1365.jpg 2048w, https:\/\/www.fazenda.niteroi.rj.gov.br\/site\/wp-content\/uploads\/2021\/11\/BEA_2933-1080x720.jpg 1080w\" sizes=\"auto, (max-width: 600px) 100vw, 600px\" \/><\/a><\/figure>\n\n\n\n<figure class=\"wp-block-image size-large\"><a href=\"https:\/\/www.fazenda.niteroi.rj.gov.br\/site\/wp-content\/uploads\/2021\/11\/BEA_2917-scaled.jpg\"><img loading=\"lazy\" decoding=\"async\" width=\"600\" height=\"400\" data-id=\"17944\" src=\"https:\/\/www.fazenda.niteroi.rj.gov.br\/site\/wp-content\/uploads\/2021\/11\/BEA_2917-600x400.jpg\" alt=\"\" class=\"wp-image-17944\" srcset=\"https:\/\/www.fazenda.niteroi.rj.gov.br\/site\/wp-content\/uploads\/2021\/11\/BEA_2917-600x400.jpg 600w, https:\/\/www.fazenda.niteroi.rj.gov.br\/site\/wp-content\/uploads\/2021\/11\/BEA_2917-400x267.jpg 400w, https:\/\/www.fazenda.niteroi.rj.gov.br\/site\/wp-content\/uploads\/2021\/11\/BEA_2917-768x512.jpg 768w, https:\/\/www.fazenda.niteroi.rj.gov.br\/site\/wp-content\/uploads\/2021\/11\/BEA_2917-1536x1024.jpg 1536w, https:\/\/www.fazenda.niteroi.rj.gov.br\/site\/wp-content\/uploads\/2021\/11\/BEA_2917-2048x1365.jpg 2048w, https:\/\/www.fazenda.niteroi.rj.gov.br\/site\/wp-content\/uploads\/2021\/11\/BEA_2917-1080x720.jpg 1080w\" sizes=\"auto, (max-width: 600px) 100vw, 600px\" \/><\/a><\/figure>\n\n\n\n<figure class=\"wp-block-image size-large\"><a href=\"https:\/\/www.fazenda.niteroi.rj.gov.br\/site\/wp-content\/uploads\/2021\/11\/BEA_2858-scaled.jpg\"><img loading=\"lazy\" decoding=\"async\" width=\"600\" height=\"400\" data-id=\"17942\" src=\"https:\/\/www.fazenda.niteroi.rj.gov.br\/site\/wp-content\/uploads\/2021\/11\/BEA_2858-600x400.jpg\" alt=\"\" class=\"wp-image-17942\" srcset=\"https:\/\/www.fazenda.niteroi.rj.gov.br\/site\/wp-content\/uploads\/2021\/11\/BEA_2858-600x400.jpg 600w, https:\/\/www.fazenda.niteroi.rj.gov.br\/site\/wp-content\/uploads\/2021\/11\/BEA_2858-400x267.jpg 400w, https:\/\/www.fazenda.niteroi.rj.gov.br\/site\/wp-content\/uploads\/2021\/11\/BEA_2858-768x512.jpg 768w, https:\/\/www.fazenda.niteroi.rj.gov.br\/site\/wp-content\/uploads\/2021\/11\/BEA_2858-1536x1024.jpg 1536w, https:\/\/www.fazenda.niteroi.rj.gov.br\/site\/wp-content\/uploads\/2021\/11\/BEA_2858-2048x1365.jpg 2048w, https:\/\/www.fazenda.niteroi.rj.gov.br\/site\/wp-content\/uploads\/2021\/11\/BEA_2858-1080x720.jpg 1080w\" sizes=\"auto, (max-width: 600px) 100vw, 600px\" \/><\/a><\/figure>\n\n\n\n<figure class=\"wp-block-image size-large\"><a href=\"https:\/\/www.fazenda.niteroi.rj.gov.br\/site\/wp-content\/uploads\/2021\/11\/BEA_2996-scaled.jpg\"><img loading=\"lazy\" decoding=\"async\" width=\"600\" height=\"400\" data-id=\"17947\" src=\"https:\/\/www.fazenda.niteroi.rj.gov.br\/site\/wp-content\/uploads\/2021\/11\/BEA_2996-600x400.jpg\" alt=\"\" class=\"wp-image-17947\" srcset=\"https:\/\/www.fazenda.niteroi.rj.gov.br\/site\/wp-content\/uploads\/2021\/11\/BEA_2996-600x400.jpg 600w, https:\/\/www.fazenda.niteroi.rj.gov.br\/site\/wp-content\/uploads\/2021\/11\/BEA_2996-400x267.jpg 400w, https:\/\/www.fazenda.niteroi.rj.gov.br\/site\/wp-content\/uploads\/2021\/11\/BEA_2996-768x512.jpg 768w, https:\/\/www.fazenda.niteroi.rj.gov.br\/site\/wp-content\/uploads\/2021\/11\/BEA_2996-1536x1024.jpg 1536w, https:\/\/www.fazenda.niteroi.rj.gov.br\/site\/wp-content\/uploads\/2021\/11\/BEA_2996-2048x1365.jpg 2048w, https:\/\/www.fazenda.niteroi.rj.gov.br\/site\/wp-content\/uploads\/2021\/11\/BEA_2996-1080x720.jpg 1080w\" sizes=\"auto, (max-width: 600px) 100vw, 600px\" \/><\/a><\/figure>\n\n\n\n<figure class=\"wp-block-image size-large\"><a href=\"https:\/\/www.fazenda.niteroi.rj.gov.br\/site\/wp-content\/uploads\/2021\/11\/BEA_3090-scaled.jpg\"><img loading=\"lazy\" decoding=\"async\" width=\"600\" height=\"400\" data-id=\"17954\" src=\"https:\/\/www.fazenda.niteroi.rj.gov.br\/site\/wp-content\/uploads\/2021\/11\/BEA_3090-600x400.jpg\" alt=\"\" class=\"wp-image-17954\" srcset=\"https:\/\/www.fazenda.niteroi.rj.gov.br\/site\/wp-content\/uploads\/2021\/11\/BEA_3090-600x400.jpg 600w, https:\/\/www.fazenda.niteroi.rj.gov.br\/site\/wp-content\/uploads\/2021\/11\/BEA_3090-400x267.jpg 400w, https:\/\/www.fazenda.niteroi.rj.gov.br\/site\/wp-content\/uploads\/2021\/11\/BEA_3090-768x512.jpg 768w, https:\/\/www.fazenda.niteroi.rj.gov.br\/site\/wp-content\/uploads\/2021\/11\/BEA_3090-1536x1024.jpg 1536w, https:\/\/www.fazenda.niteroi.rj.gov.br\/site\/wp-content\/uploads\/2021\/11\/BEA_3090-2048x1365.jpg 2048w, https:\/\/www.fazenda.niteroi.rj.gov.br\/site\/wp-content\/uploads\/2021\/11\/BEA_3090-1080x720.jpg 1080w\" sizes=\"auto, (max-width: 600px) 100vw, 600px\" \/><\/a><\/figure>\n\n\n\n<figure class=\"wp-block-image size-large\"><a href=\"https:\/\/www.fazenda.niteroi.rj.gov.br\/site\/wp-content\/uploads\/2021\/11\/BEA_3131-scaled.jpg\"><img loading=\"lazy\" decoding=\"async\" width=\"600\" height=\"400\" data-id=\"17957\" src=\"https:\/\/www.fazenda.niteroi.rj.gov.br\/site\/wp-content\/uploads\/2021\/11\/BEA_3131-600x400.jpg\" alt=\"\" class=\"wp-image-17957\" srcset=\"https:\/\/www.fazenda.niteroi.rj.gov.br\/site\/wp-content\/uploads\/2021\/11\/BEA_3131-600x400.jpg 600w, https:\/\/www.fazenda.niteroi.rj.gov.br\/site\/wp-content\/uploads\/2021\/11\/BEA_3131-400x267.jpg 400w, https:\/\/www.fazenda.niteroi.rj.gov.br\/site\/wp-content\/uploads\/2021\/11\/BEA_3131-768x512.jpg 768w, https:\/\/www.fazenda.niteroi.rj.gov.br\/site\/wp-content\/uploads\/2021\/11\/BEA_3131-1536x1024.jpg 1536w, https:\/\/www.fazenda.niteroi.rj.gov.br\/site\/wp-content\/uploads\/2021\/11\/BEA_3131-2048x1365.jpg 2048w, https:\/\/www.fazenda.niteroi.rj.gov.br\/site\/wp-content\/uploads\/2021\/11\/BEA_3131-1080x720.jpg 1080w\" sizes=\"auto, (max-width: 600px) 100vw, 600px\" \/><\/a><\/figure>\n\n\n\n<figure class=\"wp-block-image size-large\"><a href=\"https:\/\/www.fazenda.niteroi.rj.gov.br\/site\/wp-content\/uploads\/2021\/11\/BEA_3126-scaled.jpg\"><img loading=\"lazy\" decoding=\"async\" width=\"600\" height=\"400\" data-id=\"17956\" src=\"https:\/\/www.fazenda.niteroi.rj.gov.br\/site\/wp-content\/uploads\/2021\/11\/BEA_3126-600x400.jpg\" alt=\"\" class=\"wp-image-17956\" srcset=\"https:\/\/www.fazenda.niteroi.rj.gov.br\/site\/wp-content\/uploads\/2021\/11\/BEA_3126-600x400.jpg 600w, https:\/\/www.fazenda.niteroi.rj.gov.br\/site\/wp-content\/uploads\/2021\/11\/BEA_3126-400x267.jpg 400w, https:\/\/www.fazenda.niteroi.rj.gov.br\/site\/wp-content\/uploads\/2021\/11\/BEA_3126-768x512.jpg 768w, https:\/\/www.fazenda.niteroi.rj.gov.br\/site\/wp-content\/uploads\/2021\/11\/BEA_3126-1536x1024.jpg 1536w, https:\/\/www.fazenda.niteroi.rj.gov.br\/site\/wp-content\/uploads\/2021\/11\/BEA_3126-2048x1365.jpg 2048w, https:\/\/www.fazenda.niteroi.rj.gov.br\/site\/wp-content\/uploads\/2021\/11\/BEA_3126-1080x720.jpg 1080w\" sizes=\"auto, (max-width: 600px) 100vw, 600px\" \/><\/a><\/figure>\n<\/figure>\n\n\n\n<p class=\"has-white-color has-text-color has-link-color wp-elements-385a77e170a4fdbc61d95cac53616381\">.\u3164\u3164<\/p>\n\n\n\n<hr class=\"wp-block-separator has-text-color has-white-color has-css-opacity has-white-background-color has-background\"\/>\n\n\n\n<hr class=\"wp-block-separator has-text-color has-white-color has-css-opacity has-white-background-color has-background\"\/>\n\n\n\n<hr class=\"wp-block-separator has-alpha-channel-opacity is-style-wide\"\/>\n\n\n\n<hr class=\"wp-block-separator has-text-color has-white-color has-css-opacity has-white-background-color has-background\"\/>\n\n\n\n<p>\u3164<\/p>\n\n\n\n<h1 class=\"wp-block-heading has-text-color\" style=\"color:#031821\">Canal para den\u00fancias, cr\u00edticas, reclama\u00e7\u00f5es e sugest\u00f5es <\/h1>\n\n\n\n<hr class=\"wp-block-separator has-text-color has-white-color has-css-opacity has-white-background-color has-background\"\/>\n\n\n\n<hr class=\"wp-block-separator has-text-color has-white-color has-css-opacity has-white-background-color has-background\"\/>\n\n\n\n<figure class=\"wp-block-image aligncenter size-medium is-resized\"><a href=\"https:\/\/www.fazenda.niteroi.rj.gov.br\/site\/wp-content\/uploads\/2021\/11\/Banner_Pagina-Fala.Br_.png\"><img loading=\"lazy\" decoding=\"async\" width=\"400\" height=\"100\" src=\"https:\/\/www.fazenda.niteroi.rj.gov.br\/site\/wp-content\/uploads\/2021\/11\/Banner_Pagina-Fala.Br_-400x100.png\" alt=\"\" class=\"wp-image-17839\" style=\"width:862px;height:auto\" srcset=\"https:\/\/www.fazenda.niteroi.rj.gov.br\/site\/wp-content\/uploads\/2021\/11\/Banner_Pagina-Fala.Br_-400x100.png 400w, https:\/\/www.fazenda.niteroi.rj.gov.br\/site\/wp-content\/uploads\/2021\/11\/Banner_Pagina-Fala.Br_-600x150.png 600w, https:\/\/www.fazenda.niteroi.rj.gov.br\/site\/wp-content\/uploads\/2021\/11\/Banner_Pagina-Fala.Br_-768x192.png 768w, https:\/\/www.fazenda.niteroi.rj.gov.br\/site\/wp-content\/uploads\/2021\/11\/Banner_Pagina-Fala.Br_.png 1000w\" sizes=\"auto, (max-width: 400px) 100vw, 400px\" \/><\/a><figcaption class=\"wp-element-caption\"><a href=\"https:\/\/falabr.cgu.gov.br\/\" data-type=\"URL\" data-id=\"https:\/\/falabr.cgu.gov.br\/\" target=\"_blank\" rel=\"noreferrer noopener\">https:\/\/falabr.cgu.gov.br\/<\/a><\/figcaption><\/figure>\n\n\n\n<h1 class=\"wp-block-heading has-text-color has-medium-font-size\" style=\"color:#041f2b\"><strong>Canais para a promo\u00e7\u00e3o da Transpar\u00eancia<\/strong><\/h1>\n\n\n\n<div class=\"wp-block-columns is-layout-flex wp-container-core-columns-is-layout-1 wp-block-columns-is-layout-flex\">\n<div class=\"wp-block-column is-layout-flow wp-block-column-is-layout-flow\" style=\"flex-basis:50%\">\n<p>O <a href=\"https:\/\/transparencia.niteroi.rj.gov.br\/\">Portal da Transpar\u00eancia<\/a> (transparencia.niteroi.rj.gov.br\/) re\u00fane as principais informa\u00e7\u00f5es da Prefeitura, como despesas e receitas em tempo real, licita\u00e7\u00f5es e contratos na \u00edntegra, di\u00e1rias e passagens, remunera\u00e7\u00e3o dos servidores, endere\u00e7os e hor\u00e1rios de atendimento, entre outras.<br>O <a href=\"http:\/\/esic.niteroi.rj.gov.br\/\">Sistema Eletr\u00f4nico do Servi\u00e7o de Informa\u00e7\u00e3o ao Cidad\u00e3o (e-SIC)<\/a> (<a href=\"http:\/\/esic.niteroi.rj.gov.br\/\">esic.niteroi.rj.gov.br\/<\/a>) garante aos cidad\u00e3os o envio de pedidos de informa\u00e7\u00f5es n\u00e3o encontradas na internet.<\/p>\n<\/div>\n\n\n\n<div class=\"wp-block-column is-layout-flow wp-block-column-is-layout-flow\" style=\"flex-basis:50%\">\n<figure class=\"wp-block-image aligncenter size-medium is-resized\"><img decoding=\"async\" src=\"https:\/\/www.fazenda.niteroi.rj.gov.br\/site\/wp-content\/uploads\/2024\/12\/LOGO_PREVINE_NITEROI-01-01.png\" alt=\"\" style=\"width:195px;height:auto\"\/><\/figure>\n<\/div>\n<\/div>\n\n\n\n<p>O <strong>PREVINE Niter\u00f3i, <\/strong>de iniciativa da Controladoria do Munic\u00edpio, foi regulamentado pelo Decreto N\u00ba 13.877 de 23 de janeiro de 2021, tem o objetivo de instituir estrat\u00e9gias e a\u00e7\u00f5es para dissemina\u00e7\u00e3o da cultura de integridade nos \u00f3rg\u00e3os e entidades da administra\u00e7\u00e3o p\u00fablica municipal de Niter\u00f3i. Ele est\u00e1 diretamente alinhado \u00e0 campanha de integridade da SMF, uma vez que ambos compartilham o prop\u00f3sito de fortalecer a cultura de \u00e9tica e transpar\u00eancia no setor p\u00fablico. A campanha da SMF adota os princ\u00edpios e diretrizes do PREVINE, adaptando-os \u00e0s particularidades das atividades fiscais e financeiras da Secretaria. Por meio de a\u00e7\u00f5es espec\u00edficas a SMF implementa o plano de forma pr\u00e1tica, promovendo um ambiente institucional mais \u00edntegro e refor\u00e7ando o compromisso com a boa governan\u00e7a e a preven\u00e7\u00e3o de irregularidades.<\/p>\n\n\n\n<p><\/p>\n","protected":false},"excerpt":{"rendered":"<p>O presente Plano de Integridade da SMF busca sistematizar as pol\u00edticas, instrumentos e \u00e1reas respons\u00e1veis pela integridade na institui\u00e7\u00e3o.<\/p>\n","protected":false},"author":18,"featured_media":0,"parent":0,"menu_order":0,"comment_status":"closed","ping_status":"closed","template":"","meta":{"_et_pb_use_builder":"off","_et_pb_old_content":"","_et_gb_content_width":"","_usar_header_alternativo":false,"footnotes":""},"class_list":["post-17676","page","type-page","status-publish","hentry"],"_links":{"self":[{"href":"https:\/\/www.fazenda.niteroi.rj.gov.br\/site\/wp-json\/wp\/v2\/pages\/17676","targetHints":{"allow":["GET"]}}],"collection":[{"href":"https:\/\/www.fazenda.niteroi.rj.gov.br\/site\/wp-json\/wp\/v2\/pages"}],"about":[{"href":"https:\/\/www.fazenda.niteroi.rj.gov.br\/site\/wp-json\/wp\/v2\/types\/page"}],"author":[{"embeddable":true,"href":"https:\/\/www.fazenda.niteroi.rj.gov.br\/site\/wp-json\/wp\/v2\/users\/18"}],"replies":[{"embeddable":true,"href":"https:\/\/www.fazenda.niteroi.rj.gov.br\/site\/wp-json\/wp\/v2\/comments?post=17676"}],"version-history":[{"count":4,"href":"https:\/\/www.fazenda.niteroi.rj.gov.br\/site\/wp-json\/wp\/v2\/pages\/17676\/revisions"}],"predecessor-version":[{"id":32641,"href":"https:\/\/www.fazenda.niteroi.rj.gov.br\/site\/wp-json\/wp\/v2\/pages\/17676\/revisions\/32641"}],"wp:attachment":[{"href":"https:\/\/www.fazenda.niteroi.rj.gov.br\/site\/wp-json\/wp\/v2\/media?parent=17676"}],"curies":[{"name":"wp","href":"https:\/\/api.w.org\/{rel}","templated":true}]}}