{"id":17716,"date":"2021-10-26T12:30:03","date_gmt":"2021-10-26T15:30:03","guid":{"rendered":"https:\/\/www.fazenda.niteroi.rj.gov.br\/site\/?page_id=17716"},"modified":"2025-12-16T11:59:48","modified_gmt":"2025-12-16T14:59:48","slug":"parcelamento","status":"publish","type":"page","link":"https:\/\/www.fazenda.niteroi.rj.gov.br\/site\/parcelamento\/","title":{"rendered":"Como Parcelar D\u00e9bitos"},"content":{"rendered":"\n<h2 class=\"wp-block-heading\">Parcelar D\u00e9bitos de IPTU<\/h2>\n\n\n\n<p>O parcelamento de IPTU pode ser feito de forma autom\u00e1tica, atrav\u00e9s do nosso sistema:<\/p>\n\n\n\n<ol class=\"wp-block-list\">\n<li>Acesse a ferramenta de parcelamento clicando no bot\u00e3o &#8220;Parcelar D\u00e9bitos de IPTU&#8221; abaixo;<\/li>\n\n\n\n<li>Caso seja seu primeiro acesso:\n<ul class=\"wp-block-list\">\n<li>clique em &#8220;Pedido de Senha&#8221;:<\/li>\n\n\n\n<li>Selecione \u201cContribuinte\u201d e informe os seus dados. Caso seu cadastro esteja incompleto, ser\u00e1 preciso encaminhar um e-mail para&nbsp;<a rel=\"noreferrer noopener\" href=\"mailto:cac@fazenda.niteroi.rj.gov.br\" target=\"_blank\">cac@fazenda.niteroi.rj.gov.br<\/a>&nbsp;ou&nbsp;<a rel=\"noreferrer noopener\" href=\"mailto:atendimentoppf@pgm.niteroi.rj.gov.br\" target=\"_blank\">atendimentoppf@pgm.niteroi.rj.gov.br<\/a>&nbsp;com a c\u00f3pia de identidade e comprovante de resid\u00eancia para habilitar o pedido de senha.&nbsp;<\/li>\n\n\n\n<li>Ap\u00f3s o pedido de senha, voc\u00ea receber\u00e1 um e-mail indicando login e senha de acesso. Caso n\u00e3o receba, confira na pasta de lixo eletr\u00f4nico ou spam.&nbsp;<\/li>\n<\/ul>\n<\/li>\n\n\n\n<li>Se voc\u00ea j\u00e1 possui login e senha, acesse no campo superior esquerdo;<\/li>\n\n\n\n<li>Clique em \u201cTributos\u201d, depois em \u201cParcelamento\u201d e a seguir em \u201cIm\u00f3vel\u201d;<\/li>\n\n\n\n<li>Selecione o im\u00f3vel;<\/li>\n\n\n\n<li>Caso haja d\u00e9bitos com permiss\u00e3o de parcelamento, eles aparecer\u00e3o na tela. Clique para visualizar os d\u00e9bitos;<\/li>\n\n\n\n<li>Selecione os d\u00e9bitos que deseja parcelar;<\/li>\n\n\n\n<li>Escolha em quantas parcelas ser\u00e3o pagos os d\u00e9bitos. Depois, clique em simular parcelamento. A simula\u00e7\u00e3o aparecer\u00e1 em uma janela pop-up que dever\u00e1 estar desbloqueada no navegador para ser acessada;<\/li>\n\n\n\n<li>Caso esteja tudo correto, clique em Efetuar Parcelamento e depois em OK;<\/li>\n\n\n\n<li>Ser\u00e1 gerado o Termo de Confiss\u00e3o de D\u00edvida e Compromisso de Pagamento;<\/li>\n\n\n\n<li>Na tela seguinte, selecione a guia a ser paga e clique em Carn\u00ea Banco, que dever\u00e1 ser pago at\u00e9 a data de vencimento.<\/li>\n<\/ol>\n\n\n\n<div class=\"wp-block-buttons is-horizontal is-content-justification-center is-layout-flex wp-container-core-buttons-is-layout-1 wp-block-buttons-is-layout-flex\">\n<div class=\"wp-block-button\"><a class=\"wp-block-button__link has-white-color has-vivid-cyan-blue-background-color has-text-color has-background wp-element-button\" href=\"https:\/\/portais.niteroi.rj.gov.br\/e-cidadeonline\/\" target=\"_blank\" rel=\"noreferrer noopener\">Parcelar D\u00e9bitos de IPTU<\/a><\/div>\n<\/div>\n\n\n\n<h2 class=\"wp-block-heading\">Parcelar D\u00e9bitos de ISS ou Taxas<\/h2>\n\n\n\n<p>O d\u00e9bitos de ISS ou taxas podem ser parcelados sem sair de casa, com abertura de processo administrativo por e-mail. <\/p>\n\n\n\n<p>Preencha o <a href=\"https:\/\/fazenda.niteroi.rj.gov.br\/site\/processos-e-formularios\/\">Requerimento de Parcelamento<\/a> (de D\u00e9bito de ISS ou de Outros D\u00e9bitos, para taxas), assine e envie para o endere\u00e7o eletr\u00f4nico <a href=\"mailto:parcelamento@fazenda.niteroi.rj.gov.br\">parcelamento@fazenda.niteroi.rj.gov.br<\/a>, acompanhado dos seguintes documentos em PDF:<\/p>\n\n\n\n<ul class=\"wp-block-list\">\n<li>Pessoa f\u00edsica: documento de identidade e procura\u00e7\u00e3o quando for o caso.<\/li>\n\n\n\n<li>Pessoa jur\u00eddica: contrato social, CNPJ e documento que legitime o requerente.<\/li>\n<\/ul>\n","protected":false},"excerpt":{"rendered":"<p>Parcelar D\u00e9bitos de IPTU O parcelamento de IPTU pode ser feito de forma autom\u00e1tica, atrav\u00e9s do nosso sistema: Parcelar D\u00e9bitos de ISS ou Taxas O d\u00e9bitos de ISS ou taxas [&hellip;]<\/p>\n","protected":false},"author":1,"featured_media":0,"parent":0,"menu_order":0,"comment_status":"closed","ping_status":"closed","template":"","meta":{"_et_pb_use_builder":"off","_et_pb_old_content":"","_et_gb_content_width":"","_usar_header_alternativo":false,"footnotes":""},"class_list":["post-17716","page","type-page","status-publish","hentry"],"_links":{"self":[{"href":"https:\/\/www.fazenda.niteroi.rj.gov.br\/site\/wp-json\/wp\/v2\/pages\/17716","targetHints":{"allow":["GET"]}}],"collection":[{"href":"https:\/\/www.fazenda.niteroi.rj.gov.br\/site\/wp-json\/wp\/v2\/pages"}],"about":[{"href":"https:\/\/www.fazenda.niteroi.rj.gov.br\/site\/wp-json\/wp\/v2\/types\/page"}],"author":[{"embeddable":true,"href":"https:\/\/www.fazenda.niteroi.rj.gov.br\/site\/wp-json\/wp\/v2\/users\/1"}],"replies":[{"embeddable":true,"href":"https:\/\/www.fazenda.niteroi.rj.gov.br\/site\/wp-json\/wp\/v2\/comments?post=17716"}],"version-history":[{"count":5,"href":"https:\/\/www.fazenda.niteroi.rj.gov.br\/site\/wp-json\/wp\/v2\/pages\/17716\/revisions"}],"predecessor-version":[{"id":34191,"href":"https:\/\/www.fazenda.niteroi.rj.gov.br\/site\/wp-json\/wp\/v2\/pages\/17716\/revisions\/34191"}],"wp:attachment":[{"href":"https:\/\/www.fazenda.niteroi.rj.gov.br\/site\/wp-json\/wp\/v2\/media?parent=17716"}],"curies":[{"name":"wp","href":"https:\/\/api.w.org\/{rel}","templated":true}]}}