{"id":18246,"date":"2021-12-13T11:43:40","date_gmt":"2021-12-13T14:43:40","guid":{"rendered":"https:\/\/www.fazenda.niteroi.rj.gov.br\/site\/?page_id=18246"},"modified":"2025-05-13T16:39:20","modified_gmt":"2025-05-13T19:39:20","slug":"linguagem-simples","status":"publish","type":"page","link":"https:\/\/www.fazenda.niteroi.rj.gov.br\/site\/linguagem-simples\/","title":{"rendered":"Banco de Linguagem Simples"},"content":{"rendered":"\n<p>O Banco de Linguagem Simples da Fazenda \u00e9 um banco de dados com os principais termos e conceitos fazend\u00e1rios adaptados para a linguagem simples. Seu objetivo \u00e9 facilitar o entendimento da(o) cidad\u00e3(o) ao vocabul\u00e1rio tribut\u00e1rio, financeiro e cont\u00e1bil do mun\u00edcipio.<\/p>\n\n\n\n<p>Est\u00e3o dispon\u00edveis atualmente as informa\u00e7\u00f5es sobre <strong>IPTU<\/strong>, <strong>ISS<\/strong>, <strong>ITBI<\/strong> e o <strong>Fundo de Equaliza\u00e7\u00e3o da Receita<\/strong>.<\/p>\n\n\n\n<p><strong>Importante<\/strong>: O Banco de Linguagem Simples \u00e9 uma ferramenta de participa\u00e7\u00e3o cidad\u00e3 e de esclarecimento de conceitos, n\u00e3o se prestando a interpretar formalmente a legisla\u00e7\u00e3o tribut\u00e1ria vigente.<\/p>\n\n\n\n<iframe loading=\"lazy\" src=\"https:\/\/www.fazenda.niteroi.rj.gov.br\/servs\/linguagem-simples.html\" width=\"300\" height=\"150\"><\/iframe>\n","protected":false},"excerpt":{"rendered":"<p>Banco de dados com os principais termos e conceitos fazend\u00e1rios adaptados para a linguagem simples.<\/p>\n","protected":false},"author":1,"featured_media":0,"parent":0,"menu_order":0,"comment_status":"closed","ping_status":"closed","template":"","meta":{"_et_pb_use_builder":"off","_et_pb_old_content":"","_et_gb_content_width":"","_usar_header_alternativo":false,"footnotes":""},"class_list":["post-18246","page","type-page","status-publish","hentry"],"_links":{"self":[{"href":"https:\/\/www.fazenda.niteroi.rj.gov.br\/site\/wp-json\/wp\/v2\/pages\/18246","targetHints":{"allow":["GET"]}}],"collection":[{"href":"https:\/\/www.fazenda.niteroi.rj.gov.br\/site\/wp-json\/wp\/v2\/pages"}],"about":[{"href":"https:\/\/www.fazenda.niteroi.rj.gov.br\/site\/wp-json\/wp\/v2\/types\/page"}],"author":[{"embeddable":true,"href":"https:\/\/www.fazenda.niteroi.rj.gov.br\/site\/wp-json\/wp\/v2\/users\/1"}],"replies":[{"embeddable":true,"href":"https:\/\/www.fazenda.niteroi.rj.gov.br\/site\/wp-json\/wp\/v2\/comments?post=18246"}],"version-history":[{"count":5,"href":"https:\/\/www.fazenda.niteroi.rj.gov.br\/site\/wp-json\/wp\/v2\/pages\/18246\/revisions"}],"predecessor-version":[{"id":31764,"href":"https:\/\/www.fazenda.niteroi.rj.gov.br\/site\/wp-json\/wp\/v2\/pages\/18246\/revisions\/31764"}],"wp:attachment":[{"href":"https:\/\/www.fazenda.niteroi.rj.gov.br\/site\/wp-json\/wp\/v2\/media?parent=18246"}],"curies":[{"name":"wp","href":"https:\/\/api.w.org\/{rel}","templated":true}]}}