{"id":20474,"date":"2022-10-21T15:30:13","date_gmt":"2022-10-21T18:30:13","guid":{"rendered":"https:\/\/www.fazenda.niteroi.rj.gov.br\/site\/?page_id=20474"},"modified":"2024-07-18T12:22:06","modified_gmt":"2024-07-18T15:22:06","slug":"deposito-administrativo","status":"publish","type":"page","link":"https:\/\/www.fazenda.niteroi.rj.gov.br\/site\/deposito-administrativo\/","title":{"rendered":"Dep\u00f3sito Administrativo"},"content":{"rendered":"\n<h2 class=\"wp-block-heading\"><strong>Como Realizar Dep\u00f3sitos Administrativos<\/strong><\/h2>\n\n\n\n<ol class=\"wp-block-list\">\n<li>Acesse <a href=\"http:\/\/grm.fazenda.niteroi.rj.gov.br\/\">http:\/\/grm.fazenda.niteroi.rj.gov.br<\/a>, clique em \u201cEmitir Guia\u201d e preencha os dados do dep\u00f3sito<em>;<\/em>\n<ul class=\"wp-block-list\">\n<li><em>Unidade Gestora:<\/em> Secretaria Municipal de Fazenda;<\/li>\n\n\n\n<li><em>C\u00f3digo de Recolhimento:<\/em> 999996 \u2013 Dep. Adm. (Art 208-213 CTM)<\/li>\n\n\n\n<li><em>N\u00famero de Refer\u00eancia:<\/em> N\u00famero do processo administrativo de impugna\u00e7\u00e3o ou N\u00famero da matr\u00edcula imobili\u00e1ria ou inscri\u00e7\u00e3o mobili\u00e1ria<\/li>\n\n\n\n<li><em>Data de Vencimento:<\/em> data que ser\u00e1 feito o recolhimento da guia emitida<\/li>\n\n\n\n<li><em>Nome &#8211; CPF\/CNPJ:<\/em> indicar os dados do contribuinte do tributo<\/li>\n\n\n\n<li><em>Valor Principal:<\/em> indicar o valor que o contribuinte pretende depositar<\/li>\n<\/ul>\n<\/li>\n\n\n\n<li>Ap\u00f3s o pagamento da Guia de Recolhimento Municipal \u2013 GRM, voc\u00ea deve abrir um processo administrativo na Secretaria de Fazenda (<a href=\"https:\/\/www.fazenda.niteroi.rj.gov.br\/site\/processos-e-formularios\/\" data-type=\"page\" data-id=\"4977\">formul\u00e1rio aqui<\/a> &#8211; Veja a se\u00e7\u00e3o &#8220;Formul\u00e1rios do DEPAT&#8221;). S\u00e3o necess\u00e1rios os seguintes documentos:\n<ul class=\"wp-block-list\">\n<li>Guia de Recolhimento Municipal<\/li>\n\n\n\n<li>Comprovante de Pagamento<\/li>\n\n\n\n<li>Peti\u00e7\u00e3o indicando o lan\u00e7amento tribut\u00e1rio correspondente<\/li>\n\n\n\n<li>C\u00f3pia do Auto de Infra\u00e7\u00e3o ou da Notifica\u00e7\u00e3o de Lan\u00e7amento<\/li>\n<\/ul>\n<\/li>\n<\/ol>\n\n\n\n<p><em>* Enquanto n\u00e3o ocorrer a juntada da documenta\u00e7\u00e3o em processo administrativo pr\u00f3prio, n\u00e3o ser\u00e1 poss\u00edvel a ado\u00e7\u00e3o das provid\u00eancias para a suspens\u00e3o de exigibilidade prevista no inc. II, art. 203 do CTM<\/em>.<\/p>\n\n\n\n<div class=\"wp-block-buttons is-layout-flex wp-block-buttons-is-layout-flex\">\n<div class=\"wp-block-button is-style-fill aligncenter\"><a class=\"wp-block-button__link has-white-color has-vivid-cyan-blue-background-color has-text-color has-background wp-element-button\" href=\"http:\/\/grm.fazenda.niteroi.rj.gov.br\">Emitir GRM<\/a><\/div>\n<\/div>\n\n\n\n<h2 class=\"wp-block-heading\"><strong>Perguntas Frequentes<\/strong><\/h2>\n\n\n\n<h3 class=\"wp-block-heading\"><strong>O que \u00e9 o Dep\u00f3sito Administrativo?<\/strong><\/h3>\n\n\n\n<p>\u00c9 instrumento que permite dep\u00f3sito de valor referente a lan\u00e7amento tribut\u00e1rio que esteja sendo objeto de discuss\u00e3o.<\/p>\n\n\n\n<h3 class=\"wp-block-heading\"><strong>Para que serve o Dep\u00f3sito Administrativo?<\/strong><\/h3>\n\n\n\n<p>O dep\u00f3sito administrativo suspende a exigibilidade do d\u00e9bito e impede a incid\u00eancia de mora a partir da data que for realizado. Ele tamb\u00e9m permite a emiss\u00e3o de Certid\u00e3o Positiva com Efeito de Negativa, caso seja feito no valor integral da d\u00edvida e n\u00e3o existam outros d\u00e9bitos.<\/p>\n\n\n\n<h3 class=\"wp-block-heading\"><strong>Quando o dep\u00f3sito Administrativo pode ser utilizado?<\/strong><\/h3>\n\n\n\n<p>Quando o cidad\u00e3o n\u00e3o concordar com o lan\u00e7amento tribut\u00e1rio e desejar discuti-lo ou quando o questionamento j\u00e1 estiver em andamento em processos administrativos de revis\u00e3o\/impugna\u00e7\u00e3o.<\/p>\n\n\n\n<h3 class=\"wp-block-heading\"><strong>Qual valor devo depositar?<\/strong><\/h3>\n\n\n\n<p>O valor a ser depositado \u00e9 definido pelo pr\u00f3prio contribuinte. Destacamos apenas que o dep\u00f3sito s\u00f3 ter\u00e1 efeito de impedir a contagem de acr\u00e9scimos relativamente ao valor efetivamente depositado.<\/p>\n\n\n\n<h3 class=\"wp-block-heading\"><strong>J\u00e1 tenho v\u00e1rios Processos de Impugna\u00e7\u00e3o em aberto e quero fazer o dep\u00f3sito, qual \u00e9 o procedimento?<\/strong><\/h3>\n\n\n\n<p>Para cada Processo de Impugna\u00e7\u00e3o em tramita\u00e7\u00e3o ou para cada lan\u00e7amento que tenha inten\u00e7\u00e3o de questionar, dever\u00e1 ser feito um dep\u00f3sito espec\u00edfico.&nbsp;<\/p>\n\n\n\n<h3 class=\"wp-block-heading\"><strong>Posso fazer um \u00fanico dep\u00f3sito para diferentes im\u00f3veis ou inscri\u00e7\u00f5es mobili\u00e1rias?<\/strong><\/h3>\n\n\n\n<p>N\u00e3o. Dever\u00e1 ser feito um dep\u00f3sito para cada im\u00f3vel ou inscri\u00e7\u00e3o mobili\u00e1ria titular dos tributos que estiverem sendo questionados.&nbsp;<\/p>\n\n\n\n<h3 class=\"wp-block-heading\"><strong>Qual \u00e9 a previs\u00e3o legal para o Dep\u00f3sito Administrativo?<\/strong><\/h3>\n\n\n\n<p>O dep\u00f3sito administrativo est\u00e1 previsto nos artigos 208 a 213 do C\u00f3digo Tribut\u00e1rio Municipal (Lei 2.597\/2008).<\/p>\n","protected":false},"excerpt":{"rendered":"<p>Como Realizar Dep\u00f3sitos Administrativos * Enquanto n\u00e3o ocorrer a juntada da documenta\u00e7\u00e3o em processo administrativo pr\u00f3prio, n\u00e3o ser\u00e1 poss\u00edvel a ado\u00e7\u00e3o das provid\u00eancias para a suspens\u00e3o de exigibilidade prevista no [&hellip;]<\/p>\n","protected":false},"author":1,"featured_media":0,"parent":0,"menu_order":0,"comment_status":"closed","ping_status":"closed","template":"","meta":{"_et_pb_use_builder":"off","_et_pb_old_content":"","_et_gb_content_width":"","_usar_header_alternativo":false,"footnotes":""},"class_list":["post-20474","page","type-page","status-publish","hentry"],"_links":{"self":[{"href":"https:\/\/www.fazenda.niteroi.rj.gov.br\/site\/wp-json\/wp\/v2\/pages\/20474","targetHints":{"allow":["GET"]}}],"collection":[{"href":"https:\/\/www.fazenda.niteroi.rj.gov.br\/site\/wp-json\/wp\/v2\/pages"}],"about":[{"href":"https:\/\/www.fazenda.niteroi.rj.gov.br\/site\/wp-json\/wp\/v2\/types\/page"}],"author":[{"embeddable":true,"href":"https:\/\/www.fazenda.niteroi.rj.gov.br\/site\/wp-json\/wp\/v2\/users\/1"}],"replies":[{"embeddable":true,"href":"https:\/\/www.fazenda.niteroi.rj.gov.br\/site\/wp-json\/wp\/v2\/comments?post=20474"}],"version-history":[{"count":4,"href":"https:\/\/www.fazenda.niteroi.rj.gov.br\/site\/wp-json\/wp\/v2\/pages\/20474\/revisions"}],"predecessor-version":[{"id":28289,"href":"https:\/\/www.fazenda.niteroi.rj.gov.br\/site\/wp-json\/wp\/v2\/pages\/20474\/revisions\/28289"}],"wp:attachment":[{"href":"https:\/\/www.fazenda.niteroi.rj.gov.br\/site\/wp-json\/wp\/v2\/media?parent=20474"}],"curies":[{"name":"wp","href":"https:\/\/api.w.org\/{rel}","templated":true}]}}