{"id":20573,"date":"2022-11-08T19:34:52","date_gmt":"2022-11-08T22:34:52","guid":{"rendered":"https:\/\/www.fazenda.niteroi.rj.gov.br\/site\/?page_id=20573"},"modified":"2024-03-21T11:03:21","modified_gmt":"2024-03-21T14:03:21","slug":"centro-de-memoria","status":"publish","type":"page","link":"https:\/\/www.fazenda.niteroi.rj.gov.br\/site\/centro-de-memoria\/","title":{"rendered":"Centro de Mem\u00f3ria da Fazenda"},"content":{"rendered":"\n<p>O <strong>Centro de Mem\u00f3ria da Fazenda<\/strong> \u00e9 o espa\u00e7o museol\u00f3gico da Secretaria da Fazenda de Niter\u00f3i. Seu objetivo \u00e9 colocar \u00e0 disposi\u00e7\u00e3o do p\u00fablico acervos que contam a evolu\u00e7\u00e3o da coleta de tributos no Brasil e a hist\u00f3ria do Pal\u00e1cio Arariboia e da Fazenda Municipal.&nbsp;<\/p>\n\n\n\n<figure class=\"wp-block-gallery has-nested-images columns-default is-cropped wp-block-gallery-1 is-layout-flex wp-block-gallery-is-layout-flex\">\n<figure class=\"wp-block-image size-large\"><a href=\"https:\/\/www.fazenda.niteroi.rj.gov.br\/site\/wp-content\/uploads\/2022\/11\/Centro-de-Memoria-da-Fazenda-1.jpeg\"><img loading=\"lazy\" decoding=\"async\" width=\"400\" height=\"267\" data-id=\"20574\" src=\"https:\/\/www.fazenda.niteroi.rj.gov.br\/site\/wp-content\/uploads\/2022\/11\/Centro-de-Memoria-da-Fazenda-1-400x267.jpeg\" alt=\"\" class=\"wp-image-20574\" srcset=\"https:\/\/www.fazenda.niteroi.rj.gov.br\/site\/wp-content\/uploads\/2022\/11\/Centro-de-Memoria-da-Fazenda-1-400x267.jpeg 400w, https:\/\/www.fazenda.niteroi.rj.gov.br\/site\/wp-content\/uploads\/2022\/11\/Centro-de-Memoria-da-Fazenda-1-600x400.jpeg 600w, https:\/\/www.fazenda.niteroi.rj.gov.br\/site\/wp-content\/uploads\/2022\/11\/Centro-de-Memoria-da-Fazenda-1-768x512.jpeg 768w, https:\/\/www.fazenda.niteroi.rj.gov.br\/site\/wp-content\/uploads\/2022\/11\/Centro-de-Memoria-da-Fazenda-1-1080x720.jpeg 1080w, https:\/\/www.fazenda.niteroi.rj.gov.br\/site\/wp-content\/uploads\/2022\/11\/Centro-de-Memoria-da-Fazenda-1.jpeg 1280w\" sizes=\"auto, (max-width: 400px) 100vw, 400px\" \/><\/a><\/figure>\n\n\n\n<figure class=\"wp-block-image size-large\"><a href=\"https:\/\/www.fazenda.niteroi.rj.gov.br\/site\/wp-content\/uploads\/2022\/11\/Centro-de-Memoria-da-Fazenda-2.jpeg\"><img loading=\"lazy\" decoding=\"async\" width=\"400\" height=\"267\" data-id=\"20575\" src=\"https:\/\/www.fazenda.niteroi.rj.gov.br\/site\/wp-content\/uploads\/2022\/11\/Centro-de-Memoria-da-Fazenda-2-400x267.jpeg\" alt=\"\" class=\"wp-image-20575\" srcset=\"https:\/\/www.fazenda.niteroi.rj.gov.br\/site\/wp-content\/uploads\/2022\/11\/Centro-de-Memoria-da-Fazenda-2-400x267.jpeg 400w, https:\/\/www.fazenda.niteroi.rj.gov.br\/site\/wp-content\/uploads\/2022\/11\/Centro-de-Memoria-da-Fazenda-2-600x400.jpeg 600w, https:\/\/www.fazenda.niteroi.rj.gov.br\/site\/wp-content\/uploads\/2022\/11\/Centro-de-Memoria-da-Fazenda-2-768x512.jpeg 768w, https:\/\/www.fazenda.niteroi.rj.gov.br\/site\/wp-content\/uploads\/2022\/11\/Centro-de-Memoria-da-Fazenda-2-1080x720.jpeg 1080w, https:\/\/www.fazenda.niteroi.rj.gov.br\/site\/wp-content\/uploads\/2022\/11\/Centro-de-Memoria-da-Fazenda-2.jpeg 1280w\" sizes=\"auto, (max-width: 400px) 100vw, 400px\" \/><\/a><\/figure>\n\n\n\n<figure class=\"wp-block-image size-large\"><a href=\"https:\/\/www.fazenda.niteroi.rj.gov.br\/site\/wp-content\/uploads\/2022\/11\/Centro-de-Memoria-da-Fazenda-3.jpeg\"><img loading=\"lazy\" decoding=\"async\" width=\"400\" height=\"267\" data-id=\"20579\" src=\"https:\/\/www.fazenda.niteroi.rj.gov.br\/site\/wp-content\/uploads\/2022\/11\/Centro-de-Memoria-da-Fazenda-3-400x267.jpeg\" alt=\"\" class=\"wp-image-20579\" srcset=\"https:\/\/www.fazenda.niteroi.rj.gov.br\/site\/wp-content\/uploads\/2022\/11\/Centro-de-Memoria-da-Fazenda-3-400x267.jpeg 400w, https:\/\/www.fazenda.niteroi.rj.gov.br\/site\/wp-content\/uploads\/2022\/11\/Centro-de-Memoria-da-Fazenda-3-600x400.jpeg 600w, https:\/\/www.fazenda.niteroi.rj.gov.br\/site\/wp-content\/uploads\/2022\/11\/Centro-de-Memoria-da-Fazenda-3-768x512.jpeg 768w, https:\/\/www.fazenda.niteroi.rj.gov.br\/site\/wp-content\/uploads\/2022\/11\/Centro-de-Memoria-da-Fazenda-3-1080x720.jpeg 1080w, https:\/\/www.fazenda.niteroi.rj.gov.br\/site\/wp-content\/uploads\/2022\/11\/Centro-de-Memoria-da-Fazenda-3.jpeg 1280w\" sizes=\"auto, (max-width: 400px) 100vw, 400px\" \/><\/a><\/figure>\n\n\n\n<figure class=\"wp-block-image size-large\"><a href=\"https:\/\/www.fazenda.niteroi.rj.gov.br\/site\/wp-content\/uploads\/2022\/11\/Centro-de-Memoria-da-Fazenda-4.jpeg\"><img loading=\"lazy\" decoding=\"async\" width=\"400\" height=\"267\" data-id=\"20576\" src=\"https:\/\/www.fazenda.niteroi.rj.gov.br\/site\/wp-content\/uploads\/2022\/11\/Centro-de-Memoria-da-Fazenda-4-400x267.jpeg\" alt=\"\" class=\"wp-image-20576\" srcset=\"https:\/\/www.fazenda.niteroi.rj.gov.br\/site\/wp-content\/uploads\/2022\/11\/Centro-de-Memoria-da-Fazenda-4-400x267.jpeg 400w, https:\/\/www.fazenda.niteroi.rj.gov.br\/site\/wp-content\/uploads\/2022\/11\/Centro-de-Memoria-da-Fazenda-4-600x400.jpeg 600w, https:\/\/www.fazenda.niteroi.rj.gov.br\/site\/wp-content\/uploads\/2022\/11\/Centro-de-Memoria-da-Fazenda-4-768x512.jpeg 768w, https:\/\/www.fazenda.niteroi.rj.gov.br\/site\/wp-content\/uploads\/2022\/11\/Centro-de-Memoria-da-Fazenda-4-1080x720.jpeg 1080w, https:\/\/www.fazenda.niteroi.rj.gov.br\/site\/wp-content\/uploads\/2022\/11\/Centro-de-Memoria-da-Fazenda-4.jpeg 1280w\" sizes=\"auto, (max-width: 400px) 100vw, 400px\" \/><\/a><\/figure>\n\n\n\n<figure class=\"wp-block-image size-large\"><a href=\"https:\/\/www.fazenda.niteroi.rj.gov.br\/site\/wp-content\/uploads\/2022\/11\/Centro-de-Memoria-da-Fazenda-5.jpeg\"><img loading=\"lazy\" decoding=\"async\" width=\"400\" height=\"267\" data-id=\"20577\" src=\"https:\/\/www.fazenda.niteroi.rj.gov.br\/site\/wp-content\/uploads\/2022\/11\/Centro-de-Memoria-da-Fazenda-5-400x267.jpeg\" alt=\"\" class=\"wp-image-20577\" srcset=\"https:\/\/www.fazenda.niteroi.rj.gov.br\/site\/wp-content\/uploads\/2022\/11\/Centro-de-Memoria-da-Fazenda-5-400x267.jpeg 400w, https:\/\/www.fazenda.niteroi.rj.gov.br\/site\/wp-content\/uploads\/2022\/11\/Centro-de-Memoria-da-Fazenda-5-600x400.jpeg 600w, https:\/\/www.fazenda.niteroi.rj.gov.br\/site\/wp-content\/uploads\/2022\/11\/Centro-de-Memoria-da-Fazenda-5-768x512.jpeg 768w, https:\/\/www.fazenda.niteroi.rj.gov.br\/site\/wp-content\/uploads\/2022\/11\/Centro-de-Memoria-da-Fazenda-5-1080x720.jpeg 1080w, https:\/\/www.fazenda.niteroi.rj.gov.br\/site\/wp-content\/uploads\/2022\/11\/Centro-de-Memoria-da-Fazenda-5.jpeg 1280w\" sizes=\"auto, (max-width: 400px) 100vw, 400px\" \/><\/a><\/figure>\n\n\n\n<figure class=\"wp-block-image size-large\"><a href=\"https:\/\/www.fazenda.niteroi.rj.gov.br\/site\/wp-content\/uploads\/2022\/11\/Centro-de-Memoria-da-Fazenda-6.jpeg\"><img loading=\"lazy\" decoding=\"async\" width=\"400\" height=\"267\" data-id=\"20578\" src=\"https:\/\/www.fazenda.niteroi.rj.gov.br\/site\/wp-content\/uploads\/2022\/11\/Centro-de-Memoria-da-Fazenda-6-400x267.jpeg\" alt=\"\" class=\"wp-image-20578\" srcset=\"https:\/\/www.fazenda.niteroi.rj.gov.br\/site\/wp-content\/uploads\/2022\/11\/Centro-de-Memoria-da-Fazenda-6-400x267.jpeg 400w, https:\/\/www.fazenda.niteroi.rj.gov.br\/site\/wp-content\/uploads\/2022\/11\/Centro-de-Memoria-da-Fazenda-6-600x400.jpeg 600w, https:\/\/www.fazenda.niteroi.rj.gov.br\/site\/wp-content\/uploads\/2022\/11\/Centro-de-Memoria-da-Fazenda-6-768x512.jpeg 768w, https:\/\/www.fazenda.niteroi.rj.gov.br\/site\/wp-content\/uploads\/2022\/11\/Centro-de-Memoria-da-Fazenda-6-1080x720.jpeg 1080w, https:\/\/www.fazenda.niteroi.rj.gov.br\/site\/wp-content\/uploads\/2022\/11\/Centro-de-Memoria-da-Fazenda-6.jpeg 1280w\" sizes=\"auto, (max-width: 400px) 100vw, 400px\" \/><\/a><\/figure>\n<\/figure>\n\n\n\n<h2 class=\"wp-block-heading\">Visita ao Centro de Mem\u00f3ria da Fazenda<\/h2>\n\n\n\n<p>Para visitar o Centro de Mem\u00f3ria da Fazenda, fa\u00e7a seu agendamento clicando no bot\u00e3o abaixo e escolhendo o servi\u00e7o &#8220;Visita ao Centro de Mem\u00f3ria&#8221;. Por enquanto as visitas est\u00e3o dispon\u00edveis \u00e0s quartas-feiras, em tr\u00eas hor\u00e1rios diferentes.<\/p>\n\n\n\n<div class=\"wp-block-buttons is-layout-flex wp-block-buttons-is-layout-flex\">\n<div class=\"wp-block-button aligncenter\"><a class=\"wp-block-button__link has-white-color has-vivid-cyan-blue-background-color has-text-color has-background wp-element-button\" href=\"https:\/\/outlook.office365.com\/owa\/calendar\/Cultura@seplag.niteroi.rj.gov.br\/bookings\/\" target=\"_blank\" rel=\"noreferrer noopener\">Agendar Visita ao Centro de Mem\u00f3ria da Fazenda<\/a><\/div>\n<\/div>\n","protected":false},"excerpt":{"rendered":"<p>O Centro de Mem\u00f3ria da Fazenda \u00e9 o espa\u00e7o museol\u00f3gico da Secretaria da Fazenda de Niter\u00f3i. Seu objetivo \u00e9 colocar \u00e0 disposi\u00e7\u00e3o do p\u00fablico acervos que contam a evolu\u00e7\u00e3o da [&hellip;]<\/p>\n","protected":false},"author":1,"featured_media":20580,"parent":0,"menu_order":0,"comment_status":"closed","ping_status":"closed","template":"","meta":{"_et_pb_use_builder":"off","_et_pb_old_content":"<!-- wp:paragraph -->\n<p>O <strong>Centro de Mem\u00f3ria da Fazenda<\/strong> \u00e9 o espa\u00e7o museol\u00f3gico da Secretaria da Fazenda de Niter\u00f3i. Seu objetivo \u00e9 colocar \u00e0 disposi\u00e7\u00e3o do p\u00fablico acervos que contam a evolu\u00e7\u00e3o da coleta de tributos no Brasil e a hist\u00f3ria do Pal\u00e1cio Arariboia e da Fazenda Municipal.\u00a0<\/p>\n<!-- \/wp:paragraph -->\n\n<!-- wp:gallery {\"linkTo\":\"file\"} -->\n<figure class=\"wp-block-gallery has-nested-images columns-default is-cropped\"><!-- wp:image {\"id\":20574,\"sizeSlug\":\"large\",\"linkDestination\":\"media\"} -->\n<figure class=\"wp-block-image size-large\"><a href=\"https:\/\/www.fazenda.niteroi.rj.gov.br\/site\/wp-content\/uploads\/2022\/11\/Centro-de-Memoria-da-Fazenda-1.jpeg\"><img src=\"https:\/\/www.fazenda.niteroi.rj.gov.br\/site\/wp-content\/uploads\/2022\/11\/Centro-de-Memoria-da-Fazenda-1-400x267.jpeg\" alt=\"\" class=\"wp-image-20574\"\/><\/a><\/figure>\n<!-- \/wp:image -->\n\n<!-- wp:image {\"id\":20575,\"sizeSlug\":\"large\",\"linkDestination\":\"media\"} -->\n<figure class=\"wp-block-image size-large\"><a href=\"https:\/\/www.fazenda.niteroi.rj.gov.br\/site\/wp-content\/uploads\/2022\/11\/Centro-de-Memoria-da-Fazenda-2.jpeg\"><img src=\"https:\/\/www.fazenda.niteroi.rj.gov.br\/site\/wp-content\/uploads\/2022\/11\/Centro-de-Memoria-da-Fazenda-2-400x267.jpeg\" alt=\"\" class=\"wp-image-20575\"\/><\/a><\/figure>\n<!-- \/wp:image -->\n\n<!-- wp:image {\"id\":20579,\"sizeSlug\":\"large\",\"linkDestination\":\"media\"} -->\n<figure class=\"wp-block-image size-large\"><a href=\"https:\/\/www.fazenda.niteroi.rj.gov.br\/site\/wp-content\/uploads\/2022\/11\/Centro-de-Memoria-da-Fazenda-3.jpeg\"><img src=\"https:\/\/www.fazenda.niteroi.rj.gov.br\/site\/wp-content\/uploads\/2022\/11\/Centro-de-Memoria-da-Fazenda-3-400x267.jpeg\" alt=\"\" class=\"wp-image-20579\"\/><\/a><\/figure>\n<!-- \/wp:image -->\n\n<!-- wp:image {\"id\":20576,\"sizeSlug\":\"large\",\"linkDestination\":\"media\"} -->\n<figure class=\"wp-block-image size-large\"><a href=\"https:\/\/www.fazenda.niteroi.rj.gov.br\/site\/wp-content\/uploads\/2022\/11\/Centro-de-Memoria-da-Fazenda-4.jpeg\"><img src=\"https:\/\/www.fazenda.niteroi.rj.gov.br\/site\/wp-content\/uploads\/2022\/11\/Centro-de-Memoria-da-Fazenda-4-400x267.jpeg\" alt=\"\" class=\"wp-image-20576\"\/><\/a><\/figure>\n<!-- \/wp:image -->\n\n<!-- wp:image {\"id\":20577,\"sizeSlug\":\"large\",\"linkDestination\":\"media\"} -->\n<figure class=\"wp-block-image size-large\"><a href=\"https:\/\/www.fazenda.niteroi.rj.gov.br\/site\/wp-content\/uploads\/2022\/11\/Centro-de-Memoria-da-Fazenda-5.jpeg\"><img src=\"https:\/\/www.fazenda.niteroi.rj.gov.br\/site\/wp-content\/uploads\/2022\/11\/Centro-de-Memoria-da-Fazenda-5-400x267.jpeg\" alt=\"\" class=\"wp-image-20577\"\/><\/a><\/figure>\n<!-- \/wp:image -->\n\n<!-- wp:image {\"id\":20578,\"sizeSlug\":\"large\",\"linkDestination\":\"media\"} -->\n<figure class=\"wp-block-image size-large\"><a href=\"https:\/\/www.fazenda.niteroi.rj.gov.br\/site\/wp-content\/uploads\/2022\/11\/Centro-de-Memoria-da-Fazenda-6.jpeg\"><img src=\"https:\/\/www.fazenda.niteroi.rj.gov.br\/site\/wp-content\/uploads\/2022\/11\/Centro-de-Memoria-da-Fazenda-6-400x267.jpeg\" alt=\"\" class=\"wp-image-20578\"\/><\/a><\/figure>\n<!-- \/wp:image --><\/figure>\n<!-- \/wp:gallery -->","_et_gb_content_width":"","_usar_header_alternativo":false,"footnotes":""},"class_list":["post-20573","page","type-page","status-publish","has-post-thumbnail","hentry"],"_links":{"self":[{"href":"https:\/\/www.fazenda.niteroi.rj.gov.br\/site\/wp-json\/wp\/v2\/pages\/20573","targetHints":{"allow":["GET"]}}],"collection":[{"href":"https:\/\/www.fazenda.niteroi.rj.gov.br\/site\/wp-json\/wp\/v2\/pages"}],"about":[{"href":"https:\/\/www.fazenda.niteroi.rj.gov.br\/site\/wp-json\/wp\/v2\/types\/page"}],"author":[{"embeddable":true,"href":"https:\/\/www.fazenda.niteroi.rj.gov.br\/site\/wp-json\/wp\/v2\/users\/1"}],"replies":[{"embeddable":true,"href":"https:\/\/www.fazenda.niteroi.rj.gov.br\/site\/wp-json\/wp\/v2\/comments?post=20573"}],"version-history":[{"count":5,"href":"https:\/\/www.fazenda.niteroi.rj.gov.br\/site\/wp-json\/wp\/v2\/pages\/20573\/revisions"}],"predecessor-version":[{"id":25716,"href":"https:\/\/www.fazenda.niteroi.rj.gov.br\/site\/wp-json\/wp\/v2\/pages\/20573\/revisions\/25716"}],"wp:featuredmedia":[{"embeddable":true,"href":"https:\/\/www.fazenda.niteroi.rj.gov.br\/site\/wp-json\/wp\/v2\/media\/20580"}],"wp:attachment":[{"href":"https:\/\/www.fazenda.niteroi.rj.gov.br\/site\/wp-json\/wp\/v2\/media?parent=20573"}],"curies":[{"name":"wp","href":"https:\/\/api.w.org\/{rel}","templated":true}]}}