{"id":21512,"date":"2023-03-17T09:02:58","date_gmt":"2023-03-17T12:02:58","guid":{"rendered":"https:\/\/www.fazenda.niteroi.rj.gov.br\/site\/?page_id=21512"},"modified":"2024-05-14T15:02:36","modified_gmt":"2024-05-14T18:02:36","slug":"sistema-de-gestao-da-qualidade","status":"publish","type":"page","link":"https:\/\/www.fazenda.niteroi.rj.gov.br\/site\/repositorio-institucional\/sistema-de-gestao-da-qualidade\/","title":{"rendered":"Sistema de Gest\u00e3o de Qualidade"},"content":{"rendered":"\n<p><\/p>\n\n\n\n<figure class=\"wp-block-image size-medium is-resized\"><a href=\"https:\/\/www.fazenda.niteroi.rj.gov.br\/site\/wp-content\/uploads\/2023\/05\/Banner-Sistema-de-Gestao-de-Qualidade-SGQ.png\"><img loading=\"lazy\" decoding=\"async\" src=\"https:\/\/www.fazenda.niteroi.rj.gov.br\/site\/wp-content\/uploads\/2023\/05\/Banner-Sistema-de-Gestao-de-Qualidade-SGQ-400x225.png\" alt=\"\" class=\"wp-image-21951\" width=\"795\" height=\"447\" srcset=\"https:\/\/www.fazenda.niteroi.rj.gov.br\/site\/wp-content\/uploads\/2023\/05\/Banner-Sistema-de-Gestao-de-Qualidade-SGQ-400x225.png 400w, https:\/\/www.fazenda.niteroi.rj.gov.br\/site\/wp-content\/uploads\/2023\/05\/Banner-Sistema-de-Gestao-de-Qualidade-SGQ-600x338.png 600w, https:\/\/www.fazenda.niteroi.rj.gov.br\/site\/wp-content\/uploads\/2023\/05\/Banner-Sistema-de-Gestao-de-Qualidade-SGQ-768x432.png 768w, https:\/\/www.fazenda.niteroi.rj.gov.br\/site\/wp-content\/uploads\/2023\/05\/Banner-Sistema-de-Gestao-de-Qualidade-SGQ-1536x864.png 1536w, https:\/\/www.fazenda.niteroi.rj.gov.br\/site\/wp-content\/uploads\/2023\/05\/Banner-Sistema-de-Gestao-de-Qualidade-SGQ-2048x1152.png 2048w, https:\/\/www.fazenda.niteroi.rj.gov.br\/site\/wp-content\/uploads\/2023\/05\/Banner-Sistema-de-Gestao-de-Qualidade-SGQ-1080x608.png 1080w\" sizes=\"auto, (max-width: 795px) 100vw, 795px\" \/><\/a><\/figure>\n\n\n\n<p>Temos uma \u00f3tima not\u00edcia! A Secretaria Municipal de Fazenda est\u00e1 implementando o <strong>Sistema de Gest\u00e3o de Qualidade (SGQ)\u00a0 com base na norma ISO 9001<\/strong> e a sua participa\u00e7\u00e3o \u00e9 fundamental!<\/p>\n\n\n\n<p><strong>Ainda n\u00e3o sabe o que \u00e9 o SGQ? Vamos explicar!<\/strong><\/p>\n\n\n\n<p>O Sistema de Gest\u00e3o de Qualidade tem como objetivo formalizar os procedimentos dos setores da SMF, padronizando atividades e processos. A ideia \u00e9 identificar poss\u00edveis inconformidades e corrigi-las para manter um padr\u00e3o de efici\u00eancia nos servi\u00e7os prestados pela Secretaria Municipal de Fazenda.<\/p>\n\n\n\n<p><strong>E como ser\u00e1 a sua participa\u00e7\u00e3o?<\/strong><\/p>\n\n\n\n<p>Em determinados momentos ser\u00e1 solicitado a voc\u00ea alguns documentos que fazem parte da sua rotina de trabalho. Voc\u00ea poder\u00e1 participar respondendo algumas pesquisas ou indicando\u00a0 inconformidades, ou sugerindo oportunidades de melhoria ou apontando riscos nos processos. Outra forma de participa\u00e7\u00e3o s\u00e3o as <strong>auditorias do SGQ <\/strong>que poder\u00e3o ser realizadas em seu setor.<\/p>\n\n\n\n<p>Com o Sistema de Gest\u00e3o de Qualidade vamos juntos tornar a Secretaria Municipal de Fazenda refer\u00eancia em presta\u00e7\u00e3o de servi\u00e7os ao cidad\u00e3o. Iremos tamb\u00e9m proporcionar mais transpar\u00eancia e otimizar a presta\u00e7\u00e3o de contas aos \u00f3rg\u00e3os de controle.<\/p>\n\n\n\n<p><em>Vamos juntos implementar uma nova pol\u00edtica de qualidade no servi\u00e7o p\u00fablico!<\/em><\/p>\n\n\n\n<p><\/p>\n\n\n\n<div style=\"height:66px\" aria-hidden=\"true\" class=\"wp-block-spacer\"><\/div>\n\n\n\n<h2 class=\"wp-block-heading\">Conhe\u00e7a a Pol\u00edtica da Qualidade do Conselho de Contribuintes de Niter\u00f3i<\/h2>\n\n\n\n<p>\u00c9 Pol\u00edtica da Qualidade do Conselho de Contribuintes de Niter\u00f3i buscar<strong> excel\u00eancia em processar e julgar<\/strong>, em<strong> Segunda Inst\u00e2ncia<\/strong>, os <strong>recursos volunt\u00e1rios e de of\u00edcio \u00e0s decis\u00f5es finais proferidas pela Primeira Inst\u00e2ncia Administrativa<\/strong>, referentes a processos administrativos tribut\u00e1rios do Munic\u00edpio de Niter\u00f3i de natureza contenciosa, visando:<\/p>\n\n\n\n<h4 class=\"wp-block-heading\">Isen\u00e7\u00e3o em rela\u00e7\u00e3o \u00e0s participa\u00e7\u00f5es dos Conselheiros;<\/h4>\n\n\n\n<h4 class=\"wp-block-heading\">Celeridade no julgamento de recursos tribut\u00e1rios em Segunda Inst\u00e2ncia;<\/h4>\n\n\n\n<h4 class=\"wp-block-heading\">Representatividade, visando garantir a participa\u00e7\u00e3o de conselheiros dos diversos segmentos da sociedade<\/h4>\n\n\n\n<p><\/p>\n\n\n\n<div style=\"height:25px\" aria-hidden=\"true\" class=\"wp-block-spacer\"><\/div>\n\n\n\n<p><\/p>\n\n\n\n<figure class=\"wp-block-image size-medium is-resized\"><a href=\"https:\/\/www.fazenda.niteroi.rj.gov.br\/site\/wp-content\/uploads\/2023\/05\/Tabela-Politica-da-Qualidade-do-Conselho-de-Contribuintes-ok.png\"><img loading=\"lazy\" decoding=\"async\" src=\"https:\/\/www.fazenda.niteroi.rj.gov.br\/site\/wp-content\/uploads\/2023\/05\/Tabela-Politica-da-Qualidade-do-Conselho-de-Contribuintes-ok-400x300.png\" alt=\"\" class=\"wp-image-21946\" width=\"631\" height=\"473\" srcset=\"https:\/\/www.fazenda.niteroi.rj.gov.br\/site\/wp-content\/uploads\/2023\/05\/Tabela-Politica-da-Qualidade-do-Conselho-de-Contribuintes-ok-400x300.png 400w, https:\/\/www.fazenda.niteroi.rj.gov.br\/site\/wp-content\/uploads\/2023\/05\/Tabela-Politica-da-Qualidade-do-Conselho-de-Contribuintes-ok-600x450.png 600w, https:\/\/www.fazenda.niteroi.rj.gov.br\/site\/wp-content\/uploads\/2023\/05\/Tabela-Politica-da-Qualidade-do-Conselho-de-Contribuintes-ok-768x576.png 768w, https:\/\/www.fazenda.niteroi.rj.gov.br\/site\/wp-content\/uploads\/2023\/05\/Tabela-Politica-da-Qualidade-do-Conselho-de-Contribuintes-ok.png 1024w\" sizes=\"auto, (max-width: 631px) 100vw, 631px\" \/><\/a><\/figure>\n\n\n\n<p><\/p>\n\n\n\n<p><\/p>\n\n\n\n<p><\/p>\n\n\n\n<p><\/p>\n\n\n\n<p><\/p>\n\n\n\n<p><\/p>\n\n\n\n<p><\/p>\n\n\n\n<p><\/p>\n\n\n\n<p><\/p>\n\n\n\n<p><\/p>\n\n\n\n<p><\/p>\n\n\n\n<p><\/p>\n\n\n\n<p><\/p>\n\n\n\n<p><\/p>\n\n\n\n<p><\/p>\n\n\n\n<p><\/p>\n\n\n\n<p><\/p>\n\n\n\n<p><\/p>\n\n\n\n<p><\/p>\n\n\n\n<p><\/p>\n","protected":false},"excerpt":{"rendered":"<p>O Sistema de Gest\u00e3o de Qualidade tem como objetivo formalizar os procedimentos dos setores da SMF, padronizando atividades e processos.<\/p>\n","protected":false},"author":18,"featured_media":21538,"parent":17641,"menu_order":1,"comment_status":"closed","ping_status":"closed","template":"","meta":{"_et_pb_use_builder":"off","_et_pb_old_content":"","_et_gb_content_width":"","_usar_header_alternativo":false,"footnotes":""},"class_list":["post-21512","page","type-page","status-publish","has-post-thumbnail","hentry"],"_links":{"self":[{"href":"https:\/\/www.fazenda.niteroi.rj.gov.br\/site\/wp-json\/wp\/v2\/pages\/21512","targetHints":{"allow":["GET"]}}],"collection":[{"href":"https:\/\/www.fazenda.niteroi.rj.gov.br\/site\/wp-json\/wp\/v2\/pages"}],"about":[{"href":"https:\/\/www.fazenda.niteroi.rj.gov.br\/site\/wp-json\/wp\/v2\/types\/page"}],"author":[{"embeddable":true,"href":"https:\/\/www.fazenda.niteroi.rj.gov.br\/site\/wp-json\/wp\/v2\/users\/18"}],"replies":[{"embeddable":true,"href":"https:\/\/www.fazenda.niteroi.rj.gov.br\/site\/wp-json\/wp\/v2\/comments?post=21512"}],"version-history":[{"count":4,"href":"https:\/\/www.fazenda.niteroi.rj.gov.br\/site\/wp-json\/wp\/v2\/pages\/21512\/revisions"}],"predecessor-version":[{"id":21953,"href":"https:\/\/www.fazenda.niteroi.rj.gov.br\/site\/wp-json\/wp\/v2\/pages\/21512\/revisions\/21953"}],"up":[{"embeddable":true,"href":"https:\/\/www.fazenda.niteroi.rj.gov.br\/site\/wp-json\/wp\/v2\/pages\/17641"}],"wp:featuredmedia":[{"embeddable":true,"href":"https:\/\/www.fazenda.niteroi.rj.gov.br\/site\/wp-json\/wp\/v2\/media\/21538"}],"wp:attachment":[{"href":"https:\/\/www.fazenda.niteroi.rj.gov.br\/site\/wp-json\/wp\/v2\/media?parent=21512"}],"curies":[{"name":"wp","href":"https:\/\/api.w.org\/{rel}","templated":true}]}}