{"id":22129,"date":"2023-06-18T19:05:43","date_gmt":"2023-06-18T22:05:43","guid":{"rendered":"https:\/\/www.fazenda.niteroi.rj.gov.br\/site\/?page_id=22129"},"modified":"2023-12-07T13:23:06","modified_gmt":"2023-12-07T16:23:06","slug":"docs","status":"publish","type":"page","link":"https:\/\/www.fazenda.niteroi.rj.gov.br\/site\/qualidade\/docs\/","title":{"rendered":"Documenta\u00e7\u00e3o do Sistema de Gest\u00e3o da Qualidade da Secretaria Municipal da Fazenda"},"content":{"rendered":"\n<figure class=\"wp-block-table\"><table><tbody><tr><td><a href=\"https:\/\/www.fazenda.niteroi.rj.gov.br\/site\/wp-content\/uploads\/2023\/12\/NT-D-SMF-01-Manual-do-Sistema-de-Gestao-da-Qualidade-Rev.01.pdf\">NT-D-SMF-01<\/a><\/td><td>Manual do Sistema de Gest\u00e3o da Qualidade<\/td><\/tr><tr><td><a href=\"https:\/\/www.fazenda.niteroi.rj.gov.br\/site\/wp-content\/uploads\/2023\/06\/NT-D-CC-01-Politica-e-objetivos-da-qualidade-Rev.00.pdf\">NT-D-CC-01<\/a><\/td><td>Pol\u00edtica e objetivos da qualidade<\/td><\/tr><tr><td><a href=\"https:\/\/www.fazenda.niteroi.rj.gov.br\/site\/wp-content\/uploads\/2023\/06\/NT-D-CC-02-Contexto-organizacional-Rev.00.pdf\">NT-D-CC-02<\/a><\/td><td>Contexto organizacional<\/td><\/tr><tr><td><a href=\"https:\/\/www.fazenda.niteroi.rj.gov.br\/site\/wp-content\/uploads\/2023\/06\/NT-D-CC-03-Partes-interessadas-pertinentes-Rev.00.pdf\">NT-D-CC-03<\/a><\/td><td>Partes interessadas pertinentes<\/td><\/tr><tr><td><a href=\"https:\/\/www.fazenda.niteroi.rj.gov.br\/site\/wp-content\/uploads\/2023\/06\/NT-PSGQ-SMF-01-Controle-de-documentos-e-registros-Rev.-00.pdf\">NT-PSGQ-SMF-01<\/a><\/td><td>Procedimento de controle de documentos e registros<\/td><\/tr><tr><td><a href=\"https:\/\/www.fazenda.niteroi.rj.gov.br\/site\/wp-content\/uploads\/2023\/06\/NT-PSGQ-SMF-02-Controle-de-nao-conformidades-Rev.00.pdf\">NT-PSGQ-SMF-02<\/a><\/td><td>Procedimento de controle de n\u00e3o conformidades<\/td><\/tr><tr><td><a href=\"https:\/\/www.fazenda.niteroi.rj.gov.br\/site\/wp-content\/uploads\/2023\/06\/NT-PSGQ-SMF-03-Procedimento-de-acoes-corretivas-Rev.00.pdf\">NT-PSGQ-SMF-03<\/a><\/td><td>Procedimento de a\u00e7\u00f5es corretivas<\/td><\/tr><tr><td><a href=\"https:\/\/www.fazenda.niteroi.rj.gov.br\/site\/wp-content\/uploads\/2023\/06\/NT-PSGQ-SMF-04-Auditoria-Interna-do-SGQ-Rev.00.pdf\">NT-PSGQ-SMF-04<\/a><\/td><td>Procedimento de auditoria interna do SGQ<\/td><\/tr><tr><td><a href=\"https:\/\/www.fazenda.niteroi.rj.gov.br\/site\/wp-content\/uploads\/2023\/06\/NT-PSGQ-SMF-05-Tratamento-de-riscos-e-oportunidades-Rev.00.pdf\">NT-PSGQ-SMF-05<\/a><\/td><td>Riscos e oportunidades<\/td><\/tr><tr><td><a href=\"https:\/\/www.fazenda.niteroi.rj.gov.br\/site\/wp-content\/uploads\/2023\/06\/SIPOC-CC-01-Receber-recursos-Rev.00.pdf\">SIPOC-CC-01<\/a><\/td><td>Ficha do processo receber recurso<\/td><\/tr><tr><td><a href=\"https:\/\/www.fazenda.niteroi.rj.gov.br\/site\/wp-content\/uploads\/2023\/06\/SIPOC-CC-02-Realizar-analise-previa-Rev.00.pdf\">SIPOC-CC-02<\/a><\/td><td>Ficha do processo realizar an\u00e1lise pr\u00e9via<\/td><\/tr><tr><td><a href=\"https:\/\/www.fazenda.niteroi.rj.gov.br\/site\/wp-content\/uploads\/2023\/06\/SIPOC-CC-03-Realizar-sessao-de-julgamento-Rev.00.pdf\">SIPOC-CC-03<\/a><\/td><td>Ficha do processo realizar sess\u00e3o de julgamento<\/td><\/tr><tr><td><a href=\"https:\/\/www.fazenda.niteroi.rj.gov.br\/site\/wp-content\/uploads\/2023\/06\/SIPOC-CC-04-Produzir-e-publicar-acordao-Rev.00.pdf\">SIPOC-CC-04<\/a><\/td><td>Ficha do processo produzir e publicar ac\u00f3rd\u00e3o<\/td><\/tr><tr><td><a href=\"https:\/\/www.fazenda.niteroi.rj.gov.br\/site\/wp-content\/uploads\/2023\/06\/SIPOC-CC-05-Realizar-pesquisa-de-satisfacao-Rev.00.xlsx\">SIPOC-CC-05<\/a><\/td><td>Realizar pesquisa de satisfa\u00e7\u00e3o<\/td><\/tr><tr><td><a href=\"https:\/\/www.fazenda.niteroi.rj.gov.br\/site\/wp-content\/uploads\/2023\/06\/SIPOC-CC-06-Gerir-recursos-humanos-Rev.00.xlsx\">SIPOC-CC-06<\/a><\/td><td>Gerir recursos humanos<\/td><\/tr><tr><td><a href=\"https:\/\/www.fazenda.niteroi.rj.gov.br\/site\/wp-content\/uploads\/2023\/06\/NT-IT-CC-01-Elaborar-ementa-Rev.-00.pdf\">NT-IT-CC-01<\/a><\/td><td>Elaborar ementa<\/td><\/tr><tr><td><a href=\"https:\/\/www.fazenda.niteroi.rj.gov.br\/site\/wp-content\/uploads\/2023\/06\/FORM-SMF-01-Lista-mestra-de-documentos-do-SGQ-Rev.00.xlsx\">FORM-SMF-01<\/a><\/td><td>Lista mestra de documentos do SGQ<\/td><\/tr><tr><td><a href=\"https:\/\/www.fazenda.niteroi.rj.gov.br\/site\/wp-content\/uploads\/2023\/06\/FORM-SMF-02-Lista-de-presenca-Rev.00.pdf\">FORM-SMF-02<\/a><\/td><td>Lista de presen\u00e7a<\/td><\/tr><tr><td><a href=\"https:\/\/www.fazenda.niteroi.rj.gov.br\/site\/wp-content\/uploads\/2023\/06\/FORM-SMF-03-Ata-de-reuniao-Rev.00.pdf\">FORM-SMF-03<\/a><\/td><td>Ata de reuni\u00e3o<\/td><\/tr><tr><td><a href=\"https:\/\/www.fazenda.niteroi.rj.gov.br\/site\/wp-content\/uploads\/2023\/06\/FORM-SMF-05-Mapa-de-controle-de-registros-Rev.00.pdf\">FORM-SMF-05<\/a><\/td><td>Mapa de controle de registros<\/td><\/tr><tr><td><a href=\"https:\/\/www.fazenda.niteroi.rj.gov.br\/site\/wp-content\/uploads\/2023\/06\/FORM-SMF-06-Programa-anual-de-auditorias-do-SGQ-Rev.00.pdf\">FORM-SMF-06<\/a><\/td><td>Programa anual de auditorias do SGQ<\/td><\/tr><tr><td><a href=\"https:\/\/www.fazenda.niteroi.rj.gov.br\/site\/wp-content\/uploads\/2023\/06\/FORM-SMF-07-Plano-de-auditoria-interna-do-SGQ-Rev.00.pdf\">FORM-SMF-07<\/a><\/td><td>Plano de auditoria interna do SGQ<\/td><\/tr><tr><td><a href=\"https:\/\/www.fazenda.niteroi.rj.gov.br\/site\/wp-content\/uploads\/2023\/06\/FORM-SMF-08-Relatorio-de-auditoria-interna-do-SGQ-Rev.00.pdf\">FORM-SMF-08<\/a><\/td><td>Relat\u00f3rio de auditoria interna do SGQ<\/td><\/tr><tr><td><a href=\"https:\/\/www.fazenda.niteroi.rj.gov.br\/site\/wp-content\/uploads\/2023\/06\/FORM-SMF-09-Acao-corretiva-Rev.00.xlsx\">FORM-SMF-09<\/a><\/td><td>A\u00e7\u00e3o corretiva<\/td><\/tr><tr><td><a href=\"https:\/\/www.fazenda.niteroi.rj.gov.br\/site\/wp-content\/uploads\/2023\/06\/FORM-SMF-10-Acompanhamento-de-acoes-corretivas-Rev.00.xlsx\">FORM-SMF-10<\/a><\/td><td>Acompanhamento de a\u00e7\u00f5es corretivas<\/td><\/tr><tr><td><a href=\"https:\/\/www.fazenda.niteroi.rj.gov.br\/site\/wp-content\/uploads\/2023\/06\/FORM-SMF-11-Caderno-de-indicadores-Rev.00-.xlsx\">FORM-SMF-11<\/a><\/td><td>Caderno de indicadores<\/td><\/tr><tr><td><a href=\"https:\/\/www.fazenda.niteroi.rj.gov.br\/site\/wp-content\/uploads\/2023\/06\/FORM-SMF-12-Matriz-de-priorizacao-de-riscos-contexto-organizacional-Rev.00.xlsx\">FORM-SMF-12<\/a><\/td><td>Matriz de prioriza\u00e7\u00e3o de riscos<\/td><\/tr><tr><td><a href=\"https:\/\/www.fazenda.niteroi.rj.gov.br\/site\/wp-content\/uploads\/2023\/06\/FORM-SMF-13-Plano-de-acao-para-riscos.xlsx\">FORM-SMF-13<\/a><\/td><td>Plano de a\u00e7\u00e3o para riscos<\/td><\/tr><tr><td><a href=\"https:\/\/www.fazenda.niteroi.rj.gov.br\/site\/wp-content\/uploads\/2023\/06\/FORM-SMF-14-Matriz-de-priorizacao-de-oportunidades-de-melhoria-Rev.00.xlsx\">FORM-SMF-14<\/a><\/td><td>Matriz de prioriza\u00e7\u00e3o de oportunidades de melhoria<\/td><\/tr><tr><td><a href=\"https:\/\/www.fazenda.niteroi.rj.gov.br\/site\/wp-content\/uploads\/2023\/06\/FORM-SMF-15-Plano-de-acao-para-oportunidades-de-melhoria.xlsx\">FORM-SMF-15<\/a><\/td><td>Plano de a\u00e7\u00e3o para oportunidades de melhoria<\/td><\/tr><tr><td><a href=\"https:\/\/www.fazenda.niteroi.rj.gov.br\/site\/wp-content\/uploads\/2023\/06\/FORM-SMF-16-Mapa-de-Competencias-Rev.00.xlsx\">FORM-SMF-16<\/a><\/td><td>Mapa de compet\u00eancias<\/td><\/tr><tr><td><a href=\"https:\/\/www.fazenda.niteroi.rj.gov.br\/site\/wp-content\/uploads\/2023\/06\/FORM-CC-01-Pesquisa-de-satisfacao-do-contribuinte-Rev.00.pdf\">FORM-CC-01<\/a><\/td><td>Pesquisa de satisfa\u00e7\u00e3o do contribuinte<\/td><\/tr><tr><td><a href=\"https:\/\/www.fazenda.niteroi.rj.gov.br\/site\/wp-content\/uploads\/2023\/06\/FORM-CC-03-Resultado-da-pesquisa-de-satisfacao-do-contribuinte-Rev.00.xlsx\">FORM-CC-03<\/a><\/td><td>Controle de processos do Conselho de Contribuintes<\/td><\/tr><tr><td><a href=\"https:\/\/www.fazenda.niteroi.rj.gov.br\/site\/wp-content\/uploads\/2023\/06\/FORM-CC-04-Controle-de-ferias-licencas-e-afastamentos-Rev.00.docx\">FORM-CC-04<\/a><\/td><td>Controle de f\u00e9rias, licen\u00e7as e afastamentos<\/td><\/tr><tr><td><a href=\"https:\/\/www.fazenda.niteroi.rj.gov.br\/site\/wp-content\/uploads\/2023\/06\/NT-PO-CC-01-Receber-recurso-Rev.-00.pdf\">NT-PO-CC-01<\/a><\/td><td>Receber recurso<\/td><\/tr><tr><td><a href=\"https:\/\/www.fazenda.niteroi.rj.gov.br\/site\/wp-content\/uploads\/2023\/06\/NT-PO-CC-06-Gerir-recursos-humanos-Rev.00.pdf\">NT-PO-CC-06<\/a><\/td><td>Gerir recursos humanos<\/td><\/tr><\/tbody><\/table><\/figure>\n","protected":false},"excerpt":{"rendered":"<p>Documenta\u00e7\u00e3o do Sistema de Gest\u00e3o da Qualidade da Secretaria Municipal da Fazenda.<\/p>\n","protected":false},"author":1,"featured_media":0,"parent":22126,"menu_order":0,"comment_status":"closed","ping_status":"closed","template":"","meta":{"_et_pb_use_builder":"off","_et_pb_old_content":"","_et_gb_content_width":"","_usar_header_alternativo":false,"footnotes":""},"class_list":["post-22129","page","type-page","status-publish","hentry"],"_links":{"self":[{"href":"https:\/\/www.fazenda.niteroi.rj.gov.br\/site\/wp-json\/wp\/v2\/pages\/22129","targetHints":{"allow":["GET"]}}],"collection":[{"href":"https:\/\/www.fazenda.niteroi.rj.gov.br\/site\/wp-json\/wp\/v2\/pages"}],"about":[{"href":"https:\/\/www.fazenda.niteroi.rj.gov.br\/site\/wp-json\/wp\/v2\/types\/page"}],"author":[{"embeddable":true,"href":"https:\/\/www.fazenda.niteroi.rj.gov.br\/site\/wp-json\/wp\/v2\/users\/1"}],"replies":[{"embeddable":true,"href":"https:\/\/www.fazenda.niteroi.rj.gov.br\/site\/wp-json\/wp\/v2\/comments?post=22129"}],"version-history":[{"count":6,"href":"https:\/\/www.fazenda.niteroi.rj.gov.br\/site\/wp-json\/wp\/v2\/pages\/22129\/revisions"}],"predecessor-version":[{"id":23622,"href":"https:\/\/www.fazenda.niteroi.rj.gov.br\/site\/wp-json\/wp\/v2\/pages\/22129\/revisions\/23622"}],"up":[{"embeddable":true,"href":"https:\/\/www.fazenda.niteroi.rj.gov.br\/site\/wp-json\/wp\/v2\/pages\/22126"}],"wp:attachment":[{"href":"https:\/\/www.fazenda.niteroi.rj.gov.br\/site\/wp-json\/wp\/v2\/media?parent=22129"}],"curies":[{"name":"wp","href":"https:\/\/api.w.org\/{rel}","templated":true}]}}