{"id":22192,"date":"2023-06-19T12:45:35","date_gmt":"2023-06-19T15:45:35","guid":{"rendered":"https:\/\/www.fazenda.niteroi.rj.gov.br\/site\/?page_id=22192"},"modified":"2024-03-18T16:07:29","modified_gmt":"2024-03-18T19:07:29","slug":"contato","status":"publish","type":"page","link":"https:\/\/www.fazenda.niteroi.rj.gov.br\/site\/contato\/","title":{"rendered":"Fale Conosco"},"content":{"rendered":"<p>[et_pb_section fb_built=&#8221;1&#8243; _builder_version=&#8221;4.20.4&#8243; _module_preset=&#8221;default&#8221; custom_margin=&#8221;0px|0px|0px|0px|false|true&#8221; custom_padding=&#8221;0px|0px|0px|0px|false|true&#8221; global_colors_info=&#8221;{}&#8221;][et_pb_row _builder_version=&#8221;4.20.4&#8243; _module_preset=&#8221;default&#8221; width=&#8221;100%&#8221; custom_margin=&#8221;||||false|false&#8221; custom_padding=&#8221;||||false|false&#8221; global_colors_info=&#8221;{}&#8221;][et_pb_column type=&#8221;4_4&#8243; _builder_version=&#8221;4.20.4&#8243; _module_preset=&#8221;default&#8221; global_colors_info=&#8221;{}&#8221;][dvppl_cf7_styler use_form_header=&#8221;on&#8221; form_header_title=&#8221;Bem-vindo ao Fale Conosco! Aqui voc\u00ea pode tirar suas d\u00favidas e encaminhar sugest\u00f5es \u00e0 Secretaria Municipal de Fazenda.&#8221; cf7=&#8221;22247&#8243; _builder_version=&#8221;4.21.0&#8243; _module_preset=&#8221;default&#8221; global_colors_info=&#8221;{}&#8221;][\/dvppl_cf7_styler][et_pb_code _builder_version=&#8221;4.24.2&#8243; _module_preset=&#8221;default&#8221; hover_enabled=&#8221;0&#8243; global_colors_info=&#8221;{}&#8221; sticky_enabled=&#8221;0&#8243;]<script><!-- [et_pb_line_break_holder] -->  const descriptions = {<!-- [et_pb_line_break_holder] -->    \"ALVAR\u00c1\": \"Quest\u00f5es cadastrais como alvar\u00e1 on-line, inscri\u00e7\u00e3o municipal, atualiza\u00e7\u00e3o cadastral, acesso ao sistema emissor de notas fiscais, cadastro como incentivador cultural;\",<!-- [et_pb_line_break_holder] -->    \"CADASTRO\": \"Para protocolo e orienta\u00e7\u00f5es sobre altera\u00e7\u00e3o de titularidade, emiss\u00e3o de certid\u00f5es, e demais d\u00favidas sobre o cadastro imobili\u00e1rio;\",<!-- [et_pb_line_break_holder] -->    \"D\u00cdVIDA\": \"Restitui\u00e7\u00e3o de ind\u00e9bito, certid\u00f5es, baixas de d\u00e9bito, quest\u00f5es tribut\u00e1rias relativas a taxas, emiss\u00e3o de 2\u00aa via de guias de pagamento e de guias de parcelamentos;\",<!-- [et_pb_line_break_holder] -->    \"EMPRESA CIDAD\u00c3 \/ NITER\u00d3I SUPERA\": \"Para assuntos relacionados aos aux\u00edlios financeiros emergenciais institu\u00eddos para conten\u00e7\u00e3o da Covid-19;\",<!-- [et_pb_line_break_holder] -->    \"IPTU\": \"Quest\u00f5es tribut\u00e1rias relativas ao Imposto Sobre a Propriedade Predial e Territorial Urbana (IPTU) e Taxa de Coleta Imobili\u00e1ria de Lixo (TCIL), como al\u00edquotas, legisla\u00e7\u00e3o aplic\u00e1vel, informa\u00e7\u00f5es sobre lan\u00e7amento e cadastro de im\u00f3veis;\",<!-- [et_pb_line_break_holder] -->    \"ISS\": \"Quest\u00f5es tribut\u00e1rias relativas ao Imposto Sobre Servi\u00e7os como al\u00edquotas, legisla\u00e7\u00e3o aplic\u00e1vel, NitNota, funcionamento do incentivo cultural;\",<!-- [et_pb_line_break_holder] -->    \"ITBI\": \"Quest\u00f5es tribut\u00e1rias relativas ao Imposto Sobre Transmiss\u00e3o de Bens Im\u00f3veis, como al\u00edquotas, legisla\u00e7\u00e3o aplic\u00e1vel, instru\u00e7\u00f5es sobre lan\u00e7amento e emiss\u00e3o de guias;\",<!-- [et_pb_line_break_holder] -->  };<!-- [et_pb_line_break_holder] --><!-- [et_pb_line_break_holder] -->  const formatCpfCnpj = (value) => {<!-- [et_pb_line_break_holder] -->    value = value.replace(\/\\D\/g, \"\");<!-- [et_pb_line_break_holder] --><!-- [et_pb_line_break_holder] -->    if (value.length <= 11) { \/\/ CPF<!-- [et_pb_line_break_holder] -->        value = value.replace(\/(\\d{3})(\\d)\/, \"$1.$2\")<!-- [et_pb_line_break_holder] -->                    .replace(\/(\\d{3})(\\d)\/, \"$1.$2\")<!-- [et_pb_line_break_holder] -->                    .replace(\/(\\d{3})(\\d{1,2})$\/, \"$1-$2\");<!-- [et_pb_line_break_holder] -->    } else { \/\/ CNPJ<!-- [et_pb_line_break_holder] -->        value = value.replace(\/^(\\d{2})(\\d)\/, \"$1.$2\")<!-- [et_pb_line_break_holder] -->                    .replace(\/^(\\d{2})\\.(\\d{3})(\\d)\/, \"$1.$2.$3\")<!-- [et_pb_line_break_holder] -->                    .replace(\/\\.(\\d{3})(\\d)\/, \".$1\/$2\")<!-- [et_pb_line_break_holder] -->                    .replace(\/(\\d{4})(\\d)\/, \"$1-$2\");<!-- [et_pb_line_break_holder] -->    }<!-- [et_pb_line_break_holder] --><!-- [et_pb_line_break_holder] -->    return value;<!-- [et_pb_line_break_holder] -->  };<!-- [et_pb_line_break_holder] --><!-- [et_pb_line_break_holder] -->  (function($) {<!-- [et_pb_line_break_holder] -->    $(document).ready(function() {<!-- [et_pb_line_break_holder] -->      $('[name=your-enrollment-registration]').on('input', (e) => e.target.value = e.target.value.replace(\/\\D\/g, \"\")).attr('inputmode', 'numeric');<!-- [et_pb_line_break_holder] -->      $('[name=your-cpf-cnpj]').on('input', (e) => e.target.value = formatCpfCnpj(e.target.value)).attr('inputmode', 'numeric');<!-- [et_pb_line_break_holder] -->      $('.wpcf7-form .wpcf7-form-control:not(select,:submit)').on('blur', check);<!-- [et_pb_line_break_holder] -->      $('.wpcf7').on('submit wpcf7submit', (e) => toggle(e.type === 'submit'));<!-- [et_pb_line_break_holder] -->      $('.wpcf7').on('wpcf7invalid', () => setTimeout(() => check('.wpcf7-form :invalid'), 400));<!-- [et_pb_line_break_holder] -->      $('.wpcf7-form select.wpcf7-form-control').on('change', function() {<!-- [et_pb_line_break_holder] -->        $('.your-subject-description').text(descriptions[$(this).val()] || '');<!-- [et_pb_line_break_holder] --><!-- [et_pb_line_break_holder] -->        check.apply(this);<!-- [et_pb_line_break_holder] -->      });<!-- [et_pb_line_break_holder] --><!-- [et_pb_line_break_holder] -->      function check(el) {<!-- [et_pb_line_break_holder] -->        const element = typeof el === 'string' ? $(el) : $(`[name=\"${this.name}\"]`);<!-- [et_pb_line_break_holder] --><!-- [et_pb_line_break_holder] -->        setTimeout(() => {<!-- [et_pb_line_break_holder] -->          if (element.prop('validity').valid)<!-- [et_pb_line_break_holder] -->            element.prop('style', '');<!-- [et_pb_line_break_holder] -->          else<!-- [et_pb_line_break_holder] -->            element.attr('style', 'border:1px solid red!important');<!-- [et_pb_line_break_holder] -->        });<!-- [et_pb_line_break_holder] -->      }<!-- [et_pb_line_break_holder] --><!-- [et_pb_line_break_holder] -->      function toggle(on_submit) {<!-- [et_pb_line_break_holder] -->        const opacity = on_submit ? .6 : 1;<!-- [et_pb_line_break_holder] --><!-- [et_pb_line_break_holder] -->        $('.dipe-cf7-container .wpcf7 .wpcf7-form-control').css({opacity}).prop('disabled', on_submit);<!-- [et_pb_line_break_holder] -->      }<!-- [et_pb_line_break_holder] -->    });<!-- [et_pb_line_break_holder] -->  })( jQuery );<!-- [et_pb_line_break_holder] --><\/script>[\/et_pb_code][\/et_pb_column][\/et_pb_row][\/et_pb_section][et_pb_section fb_built=&#8221;1&#8243; _builder_version=&#8221;4.20.4&#8243; _module_preset=&#8221;default&#8221; custom_margin=&#8221;0px||0px||false|false&#8221; custom_padding=&#8221;0px||0px||false|false&#8221; global_colors_info=&#8221;{}&#8221;][et_pb_row _builder_version=&#8221;4.20.4&#8243; _module_preset=&#8221;default&#8221; width=&#8221;100%&#8221; custom_margin=&#8221;0px||||false|false&#8221; custom_padding=&#8221;0px||||false|false&#8221; global_colors_info=&#8221;{}&#8221;][et_pb_column type=&#8221;4_4&#8243; _builder_version=&#8221;4.20.4&#8243; _module_preset=&#8221;default&#8221; global_colors_info=&#8221;{}&#8221;][et_pb_text _builder_version=&#8221;4.21.0&#8243; _module_preset=&#8221;default&#8221; global_colors_info=&#8221;{}&#8221;]<\/p>\n<h3>Para protocolo de processos e outras solicita\u00e7\u00f5es, entrar em contato com:<\/h3>\n<p>[\/et_pb_text][et_pb_text _builder_version=&#8221;4.21.0&#8243; _module_preset=&#8221;default&#8221; global_colors_info=&#8221;{}&#8221;]<\/p>\n<ul>\n<li><a href=\"mailto:protocolo@fazenda.niteroi.rj.gov.br\">protocolo@fazenda.niteroi.rj.gov.br<\/a> \u2014 Para protocolar solicita\u00e7\u00f5es por meio de processo administrativo, impugna\u00e7\u00f5es sobre o IPTU anual, bem como encaminhar documentos a serem anexados a solicita\u00e7\u00f5es em andamento;<\/li>\n<li><a href=\"mailto:parcelamento@fazenda.niteroi.rj.gov.br\">parcelamento@fazenda.niteroi.rj.gov.br<\/a> \u2014 Para celebrar parcelamentos de d\u00e9bitos com o Munic\u00edpio de Niter\u00f3i que n\u00e3o estejam inscritos em d\u00edvida ativa.<\/li>\n<li><a href=\"mailto:cart\u00f3rio@fazenda.niteroi.rj.gov.br\">cart\u00f3rio@fazenda.niteroi.rj.gov.br<\/a> \u2014 Para ci\u00eancia de decis\u00f5es em processos administrativos, protocolo de impugna\u00e7\u00f5es e recursos volunt\u00e1rios, bem solicitar informa\u00e7\u00f5es de processos no contencioso administrativo.<\/li>\n<\/ul>\n<p><strong>Para abertura de processo<\/strong>, envie o formul\u00e1rio devidamente preenchido e assinado e demais documentos cab\u00edveis. <a href=\"https:\/\/fazenda.niteroi.rj.gov.br\/site\/processos-e-formularios\/\">Veja aqui os processos e respectivos formul\u00e1rios<\/a>. Os documentos necess\u00e1rios para cada tipo de processo est\u00e3o indicados nesses formul\u00e1rios. \u00c9 importante que os anexos estejam em formato PDF.<\/p>\n<p>Se tiver d\u00favidas, o <a href=\"https:\/\/servicos.niteroi.rj.gov.br\/#\/main\/dyview\/open\/CATALOGO-SERVICOS-LISTA\/%3Forgao%3DSecretaria%20Municipal%20de%20Fazenda\/0\">Portal de Servi\u00e7os ao Cidad\u00e3o<\/a> explica o passo a passo de todos os servi\u00e7os!<\/p>\n<p>[\/et_pb_text][et_pb_text _builder_version=&#8221;4.20.4&#8243; _module_preset=&#8221;default&#8221; global_colors_info=&#8221;{}&#8221;]<\/p>\n<h2 class=\"wp-block-heading\">Nossas Redes Sociais<\/h2>\n<p>[\/et_pb_text][et_pb_text _builder_version=&#8221;4.20.4&#8243; _module_preset=&#8221;default&#8221; global_colors_info=&#8221;{}&#8221;]<\/p>\n<p>Voc\u00ea sabia que a Secretaria da Fazenda de Niter\u00f3i est\u00e1 presente nas redes sociais?\u00a0Junte-se a n\u00f3s e acompanhe as nossas novidades:\u00a0<a href=\"https:\/\/www.facebook.com\/FazendaNit\/\">Facebook<\/a> \/ <a rel=\"noreferrer noopener\" href=\"https:\/\/www.instagram.com\/fazendaniteroi\/\" data-type=\"URL\" data-id=\"https:\/\/www.instagram.com\/fazendaniteroi\/\" target=\"_blank\">Instagram<\/a>\/ <a rel=\"noreferrer noopener\" href=\"https:\/\/www.linkedin.com\/in\/secretaria-de-fazenda-de-niter%C3%B3i\/\" data-type=\"URL\" data-id=\"https:\/\/www.linkedin.com\/in\/secretaria-de-fazenda-de-niter%C3%B3i\/\" target=\"_blank\">Linkedin<\/a> \/ <a rel=\"noreferrer noopener\" href=\"https:\/\/www.youtube.com\/channel\/UCh8oD3FQc0m20fz4xxDSP4A\" data-type=\"URL\" data-id=\"https:\/\/www.youtube.com\/channel\/UCh8oD3FQc0m20fz4xxDSP4A\" target=\"_blank\">YouTube<\/a><\/p>\n<div class=\"wp-block-columns are-vertically-aligned-center is-layout-flex wp-container-5\">\n<div class=\"wp-block-column is-vertically-aligned-center is-layout-flow\" style=\"flex-basis: 25%;\">\n<figure class=\"wp-block-image aligncenter size-large is-resized\"><a href=\"https:\/\/www.facebook.com\/FazendaNit\/\" target=\"_blank\" rel=\"noopener\"><img loading=\"lazy\" decoding=\"async\" src=\"https:\/\/www.fazenda.niteroi.rj.gov.br\/site\/wp-content\/uploads\/2021\/07\/icone-social-facebook.png\" alt=\"\" class=\"wp-image-16763\" width=\"64\" height=\"64\" \/><\/a><\/figure>\n<\/div>\n<div class=\"wp-block-column is-vertically-aligned-center is-layout-flow\" style=\"flex-basis: 25%;\">\n<figure class=\"wp-block-image aligncenter size-large is-resized\"><a href=\"https:\/\/www.instagram.com\/fazendaniteroi\/\" target=\"_blank\" rel=\"noopener\"><img loading=\"lazy\" decoding=\"async\" src=\"https:\/\/www.fazenda.niteroi.rj.gov.br\/site\/wp-content\/uploads\/2021\/07\/icone-social-instagram.png\" alt=\"\" class=\"wp-image-16764\" width=\"64\" height=\"64\" \/><\/a><\/figure>\n<\/div>\n<div class=\"wp-block-column is-vertically-aligned-center is-layout-flow\" style=\"flex-basis: 25%;\">\n<figure class=\"wp-block-image aligncenter size-large is-resized\"><a href=\"https:\/\/www.linkedin.com\/in\/secretaria-de-fazenda-de-niter%C3%B3i\/\" target=\"_blank\" rel=\"noopener\"><img loading=\"lazy\" decoding=\"async\" src=\"https:\/\/www.fazenda.niteroi.rj.gov.br\/site\/wp-content\/uploads\/2021\/07\/icone-social-linkedin.png\" alt=\"\" class=\"wp-image-16765\" width=\"64\" height=\"64\" \/><\/a><\/figure>\n<\/div>\n<div class=\"wp-block-column is-vertically-aligned-center is-layout-flow\" style=\"flex-basis: 25%;\">\n<figure class=\"wp-block-image aligncenter size-large is-resized\"><a href=\"https:\/\/www.youtube.com\/channel\/UCh8oD3FQc0m20fz4xxDSP4A\" target=\"_blank\" rel=\"noopener\"><img loading=\"lazy\" decoding=\"async\" src=\"https:\/\/www.fazenda.niteroi.rj.gov.br\/site\/wp-content\/uploads\/2021\/07\/icone-social-youtube.png\" alt=\"\" class=\"wp-image-16768\" width=\"64\" height=\"64\" \/><\/a><\/figure>\n<\/div>\n<\/div>\n<p>[\/et_pb_text][et_pb_text _builder_version=&#8221;4.20.4&#8243; _module_preset=&#8221;default&#8221; global_colors_info=&#8221;{}&#8221;]<\/p>\n<h2 class=\"wp-block-heading\">Nosso Endere\u00e7o<\/h2>\n<p>[\/et_pb_text][et_pb_text _builder_version=&#8221;4.21.2&#8243; _module_preset=&#8221;default&#8221; global_colors_info=&#8221;{}&#8221;]<\/p>\n<p><strong>Pal\u00e1cio Arariboia<\/strong>:<br \/>Rua da Concei\u00e7\u00e3o, 100 \u2013 1\u00ba andar, Centro, Niter\u00f3i\/RJ | CEP: 24020-084<\/p>\n<p><strong>Hor\u00e1rio de funcionamento<\/strong>:<br \/>Das 9h \u00e0s 16h<\/p>\n<p><strong>Agendamento para atendimento presencial<\/strong>:<br \/><a href=\"\/agendamento-presencial\" target=\"_blank\" rel=\"noopener\" title=\"Agendamento Presencial\">https:\/\/www.fazenda.niteroi.rj.gov.br\/agendamento-presencial<\/a><\/p>\n<p><iframe loading=\"lazy\" style=\"border: 0; min-height: 300px; height: 300px; margin-top: 10px;\" src=\"https:\/\/www.google.com\/maps\/embed?pb=!1m18!1m12!1m3!1d2185.4678927670075!2d-43.12248700912955!3d-22.894765396838636!2m3!1f0!2f0!3f0!3m2!1i1024!2i768!4f13.1!3m3!1m2!1s0x9983c306a969cf%3A0x3e1c4d8b7ebaf8b3!2sSecretaria+da+Fazenda+de+Niter%C3%B3i!5e0!3m2!1spt-BR!2sbr!4v1473686698934\" allowfullscreen=\"allowfullscreen\" width=\"800\" height=\"300\" frameborder=\"0\"><\/iframe><\/p>\n<p>[\/et_pb_text][et_pb_text _builder_version=&#8221;4.20.4&#8243; _module_preset=&#8221;default&#8221; global_colors_info=&#8221;{}&#8221;]<\/p>\n<h2 class=\"wp-block-heading\">Nossos telefones<\/h2>\n<p>[\/et_pb_text][et_pb_text _builder_version=&#8221;4.20.4&#8243; _module_preset=&#8221;default&#8221; global_colors_info=&#8221;{}&#8221;]<\/p>\n<p><a href=\"tel:+552126212400\">(21) 2621-2400<\/a> somente WhatsApp<\/p>\n<p>[\/et_pb_text][et_pb_text _builder_version=&#8221;4.20.4&#8243; _module_preset=&#8221;default&#8221; global_colors_info=&#8221;{}&#8221;]<\/p>\n<h2 class=\"wp-block-heading\">Niter\u00f3i Transparente<\/h2>\n<p>[\/et_pb_text][et_pb_text _builder_version=&#8221;4.20.4&#8243; _module_preset=&#8221;default&#8221; global_colors_info=&#8221;{}&#8221;]<\/p>\n<p>O\u00a0<a href=\"https:\/\/transparencia.niteroi.rj.gov.br\/\">Portal da Transpar\u00eancia<\/a>\u00a0re\u00fane as principais informa\u00e7\u00f5es da Prefeitura, como despesas e receitas em tempo real, licita\u00e7\u00f5es e contratos na \u00edntegra, di\u00e1rias e passagens, remunera\u00e7\u00e3o dos servidores, endere\u00e7os e hor\u00e1rios de atendimento, entre outras.<\/p>\n<p>O\u00a0<a href=\"http:\/\/esic.niteroi.rj.gov.br\/\">Sistema Eletr\u00f4nico do Servi\u00e7o de Informa\u00e7\u00e3o ao Cidad\u00e3o (e-SIC)<\/a> garante aos cidad\u00e3os o\u00a0envio de pedidos de informa\u00e7\u00f5es n\u00e3o encontradas na internet.<\/p>\n<p>[\/et_pb_text][et_pb_text _builder_version=&#8221;4.20.4&#8243; _module_preset=&#8221;default&#8221; global_colors_info=&#8221;{}&#8221;]<\/p>\n<h2 class=\"wp-block-heading\">Ouvidoria da Prefeitura de Niter\u00f3i<\/h2>\n<p>[\/et_pb_text][et_pb_text _builder_version=&#8221;4.22.2&#8243; _module_preset=&#8221;default&#8221; global_colors_info=&#8221;{}&#8221;]<\/p>\n<p>A Controladoria Geral do Munic\u00edpio exerce a atividade de Ouvidoria atrav\u00e9s dos seguintes canais:<\/p>\n<p>Fala.BR: falabr.cgu.gov.br;<\/p>\n<p>WhatsApp Ouvidoria: (21) 96992-7444;<\/p>\n<p>E-mail: ouvidoria@controladoria.niteroi.rj.gov.br;<\/p>\n<p>Ouvidoria Presencial e Postal: Rua Visconde de Sepetiba, n\u00ba 935, Edif\u00edcil Tower 2000, 14\u00ba andar &#8211; Centro, Niter\u00f3i &#8211; RJ, 24020-206.<\/p>\n<p>[\/et_pb_text][\/et_pb_column][\/et_pb_row][\/et_pb_section]<\/p>\n","protected":false},"excerpt":{"rendered":"<p><div class=\"et_pb_module dvppl_cf7_styler dvppl_cf7_styler_0\">\n\t\t\t\t\n\t\t\t\t\n\t\t\t\t\n\t\t\t\t\n\t\t\t\t\n\t\t\t\t\n\t\t\t\t<div class=\"et_pb_module_inner\">\n\t\t\t\t\t<div class=\"dipe-cf7-container dipe-cf7-button-left\">\n\t\t\t\t<div class=\"dipe-form-header-container\">\n                \t<div class=\"dipe-form-header\">\n                \t\t<div class=\"dipe-form-header-info\"><h2 class=\"dipe-form-header-title\">Bem-vindo ao Fale Conosco! Aqui voc\u00ea pode tirar suas d\u00favidas e encaminhar sugest\u00f5es \u00e0 Secretaria Municipal de Fazenda.<\/h2><div class=\"dipe-form-header-text\"><\/div><\/div>\n                \t<\/div>\n                <\/div>\n\t\t\t\t<div class=\"dipe-cf7 dipe-cf7-styler \">\n\t\t\t\t\t\n<div class=\"wpcf7 no-js\" id=\"wpcf7-f22247-o1\" lang=\"pt-BR\" dir=\"ltr\">\n<div class=\"screen-reader-response\"><p role=\"status\" aria-live=\"polite\" aria-atomic=\"true\"><\/p> <ul><\/ul><\/div>\n<form action=\"\/site\/wp-json\/wp\/v2\/pages\/22192#wpcf7-f22247-o1\" method=\"post\" class=\"wpcf7-form init\" aria-label=\"Formul\u00e1rios de contato\" novalidate=\"novalidate\" data-status=\"init\">\n<div style=\"display: none;\">\n<input type=\"hidden\" name=\"_wpcf7\" value=\"22247\" \/>\n<input type=\"hidden\" name=\"_wpcf7_version\" value=\"5.9.8\" \/>\n<input type=\"hidden\" name=\"_wpcf7_locale\" value=\"pt_BR\" \/>\n<input type=\"hidden\" name=\"_wpcf7_unit_tag\" value=\"wpcf7-f22247-o1\" \/>\n<input type=\"hidden\" name=\"_wpcf7_container_post\" value=\"0\" \/>\n<input type=\"hidden\" name=\"_wpcf7_posted_data_hash\" value=\"\" \/>\n<\/div>\n<style>\n.wpcf7 form.wpcf7-form > p > small { font-size:.75rem; }\n.wpcf7 form.wpcf7-form > p:has(small.text-right) { text-align: right;}\n.dvppl_cf7_styler_0 .dipe-cf7 .wpcf7 form.wpcf7-form > p:not(:last-of-type):has(small) {\n margin-bottom:0 !important;\n}\n<\/style>\n<p><span class=\"wpcf7-form-control-wrap\" data-name=\"your-name\"><input size=\"40\" maxlength=\"400\" class=\"wpcf7-form-control wpcf7-text wpcf7-validates-as-required\" autocomplete=\"off\" aria-required=\"true\" aria-invalid=\"false\" placeholder=\"Nome\" value=\"\" type=\"text\" name=\"your-name\" \/><\/span>\n<\/p>\n<p><span class=\"wpcf7-form-control-wrap\" data-name=\"your-email\"><input size=\"40\" maxlength=\"400\" class=\"wpcf7-form-control wpcf7-email wpcf7-validates-as-required wpcf7-text wpcf7-validates-as-email\" autocomplete=\"off\" aria-required=\"true\" aria-invalid=\"false\" placeholder=\"E-mail\" value=\"\" type=\"email\" name=\"your-email\" \/><\/span>\n<\/p>\n<p><span class=\"wpcf7-form-control-wrap\" data-name=\"your-cpf-cnpj\"><input size=\"40\" maxlength=\"18\" minlength=\"14\" class=\"wpcf7-form-control wpcf7-text\" autocomplete=\"off\" aria-invalid=\"false\" placeholder=\"CPF\/CNPJ\" value=\"\" type=\"text\" name=\"your-cpf-cnpj\" \/><\/span>\n<\/p>\n<p><span class=\"wpcf7-form-control-wrap\" data-name=\"your-enrollment-registration\"><input size=\"40\" maxlength=\"400\" class=\"wpcf7-form-control wpcf7-text\" autocomplete=\"off\" aria-invalid=\"false\" placeholder=\"Inscri\u00e7\u00e3o\/Matr\u00edcula\" value=\"\" type=\"text\" name=\"your-enrollment-registration\" \/><\/span>\n<\/p>\n<p><span class=\"wpcf7-form-control-wrap\" data-name=\"your-subject\"><select class=\"wpcf7-form-control wpcf7-select wpcf7-validates-as-required\" aria-required=\"true\" aria-invalid=\"false\" name=\"your-subject\"><option value=\"\">&#8212;Escolha uma op\u00e7\u00e3o&#8212;<\/option><option value=\"ALVAR\u00c1\">ALVAR\u00c1<\/option><option value=\"CADASTRO\">CADASTRO<\/option><option value=\"D\u00cdVIDA\">D\u00cdVIDA<\/option><option value=\"EMPRESA CIDAD\u00c3 \/ NITER\u00d3I SUPERA\">EMPRESA CIDAD\u00c3 \/ NITER\u00d3I SUPERA<\/option><option value=\"IPTU\">IPTU<\/option><option value=\"ISS\">ISS<\/option><option value=\"ITBI\">ITBI<\/option><\/select><\/span>\n<\/p>\n<p><label class=\"your-subject-description\"><\/label>\n<\/p>\n<p><span class=\"wpcf7-form-control-wrap\" data-name=\"your-message\"><textarea cols=\"40\" rows=\"10\" maxlength=\"2000\" minlength=\"20\" class=\"wpcf7-form-control wpcf7-textarea wpcf7-validates-as-required\" aria-required=\"true\" aria-invalid=\"false\" placeholder=\"Mensagem\" name=\"your-message\"><\/textarea><\/span><small>M\u00ednimo de 20 caracteres e m\u00e1ximo de 2000 caracteres.<\/small>\n<\/p>\n<p><small class=\"text-right\">Digite os caracteres que voc\u00ea v\u00ea na imagem.<\/small>\n<\/p>\n<p><input type=\"hidden\" name=\"_wpcf7_captcha_challenge_captcha-1\" value=\"2848102698\" \/><img loading=\"lazy\" decoding=\"async\" class=\"wpcf7-form-control wpcf7-captchac wpcf7-captcha-captcha-1\" width=\"72\" height=\"24\" alt=\"captcha\" src=\"https:\/\/www.fazenda.niteroi.rj.gov.br\/site\/wp-content\/uploads\/wpcf7_captcha\/2848102698.png\" \/><span class=\"wpcf7-form-control-wrap\" data-name=\"captcha-1\"><input size=\"40\" class=\"wpcf7-form-control wpcf7-captchar\" autocomplete=\"off\" aria-invalid=\"false\" value=\"\" type=\"text\" name=\"captcha-1\" \/><\/span><button type=\"submit\" class=\"wpcf7-form-control et_pb_button\">Enviar<\/button>\n<\/p><div class=\"wpcf7-response-output\" aria-hidden=\"true\"><\/div>\n<\/form>\n<\/div>\n\n\t\t\t\t<\/div>\n\t\t\t<\/div>\n\t\t\t\t<\/div>\n\t\t\t<\/div>Para protocolo de processos e outras solicita\u00e7\u00f5es, [&hellip;]<\/p>\n","protected":false},"author":23,"featured_media":0,"parent":0,"menu_order":0,"comment_status":"closed","ping_status":"closed","template":"","meta":{"_et_pb_use_builder":"on","_et_pb_old_content":"","_et_gb_content_width":"","_usar_header_alternativo":false,"footnotes":""},"class_list":["post-22192","page","type-page","status-publish","hentry"],"_links":{"self":[{"href":"https:\/\/www.fazenda.niteroi.rj.gov.br\/site\/wp-json\/wp\/v2\/pages\/22192","targetHints":{"allow":["GET"]}}],"collection":[{"href":"https:\/\/www.fazenda.niteroi.rj.gov.br\/site\/wp-json\/wp\/v2\/pages"}],"about":[{"href":"https:\/\/www.fazenda.niteroi.rj.gov.br\/site\/wp-json\/wp\/v2\/types\/page"}],"author":[{"embeddable":true,"href":"https:\/\/www.fazenda.niteroi.rj.gov.br\/site\/wp-json\/wp\/v2\/users\/23"}],"replies":[{"embeddable":true,"href":"https:\/\/www.fazenda.niteroi.rj.gov.br\/site\/wp-json\/wp\/v2\/comments?post=22192"}],"version-history":[{"count":5,"href":"https:\/\/www.fazenda.niteroi.rj.gov.br\/site\/wp-json\/wp\/v2\/pages\/22192\/revisions"}],"predecessor-version":[{"id":25671,"href":"https:\/\/www.fazenda.niteroi.rj.gov.br\/site\/wp-json\/wp\/v2\/pages\/22192\/revisions\/25671"}],"wp:attachment":[{"href":"https:\/\/www.fazenda.niteroi.rj.gov.br\/site\/wp-json\/wp\/v2\/media?parent=22192"}],"curies":[{"name":"wp","href":"https:\/\/api.w.org\/{rel}","templated":true}]}}