{"id":2329,"date":"2016-11-23T16:47:03","date_gmt":"2016-11-23T18:47:03","guid":{"rendered":"http:\/\/fazenda.niteroi.rj.gov.br\/site\/?page_id=2329"},"modified":"2020-09-16T00:41:58","modified_gmt":"2020-09-16T03:41:58","slug":"eventos","status":"publish","type":"page","link":"https:\/\/www.fazenda.niteroi.rj.gov.br\/site\/alvara\/eventos\/","title":{"rendered":"Eventos"},"content":{"rendered":"<p>A realiza\u00e7\u00e3o de qualquer evento em Niter\u00f3i deve ser precedida de licenciamento junto \u00e0 Secretaria da Fazenda, seja produ\u00e7\u00e3o\u00a0p\u00fablica ou particular, com ou sem cobran\u00e7a de ingresso, com qualquer finalidade.<\/p>\n<h2>Documentos<\/h2>\n<ol>\n<li>Identidade do produtor:\n<ul>\n<li>inscri\u00e7\u00e3o municipal, quando contribuinte de Niter\u00f3i; ou<\/li>\n<li>CNPJ e contrato social da empresa e CPF\/RG do s\u00f3cio-administrador, quando prestador de servi\u00e7os de outro munic\u00edpio; ou<\/li>\n<li>CPF\/RG, quando pessoa f\u00edsica.<\/li>\n<\/ul>\n<\/li>\n<li>Prova de uso do espa\u00e7o:\n<ul>\n<li>IPTU em nome do produtor, quando pr\u00f3prio; ou<\/li>\n<li>contrato de aluguel ou comodato, quando de terceiro; ou<\/li>\n<li>autoriza\u00e7\u00e3o, permiss\u00e3o, concess\u00e3o ou cess\u00e3o de uso da:\n<ul>\n<li>Seconser para eventos em pra\u00e7as e campos p\u00fablicos; ou<\/li>\n<li>Neltur para eventos na orla; ou<\/li>\n<li>SMU para outros logradouros p\u00fablicos<\/li>\n<\/ul>\n<\/li>\n<\/ul>\n<\/li>\n<li>Sobre o evento:\n<ul>\n<li>Bombeiros (CBMERJ) aprovado<\/li>\n<li>croqui da localiza\u00e7\u00e3o de unidades de venda, palco, atra\u00e7\u00f5es, sa\u00eddas de emerg\u00eancia, banheiros etc<\/li>\n<li><strong>Protocolos<\/strong> das solicita\u00e7\u00f5es a:\n<ul>\n<li>Pol\u00edcia Militar (PMERJ), Pol\u00edcia Civil (PCERJ) e Secretaria de Ordem P\u00fablica (SEOP)<\/li>\n<li>Meio Ambiente (SMARHS) &#8211; no caso de eventos em \u00e1reas p\u00fablicas, de acordo com o <a href=\"https:\/\/leismunicipais.com.br\/a1\/rj\/n\/niteroi\/lei-ordinaria\/2008\/261\/2602\/lei-ordinaria-n-2602-2008-institui-o-codigo-municipal-ambiental-de-niteroi-e-da-outras-providencias#artigo_188\">art. 188, VI do C\u00f3digo Ambiental<\/a><\/li>\n<li>Vigil\u00e2ncia Sanit\u00e1ria &#8211; no caso de instala\u00e7\u00e3o de banheiros qu\u00edmicos ou fornecimento de alimentos<\/li>\n<li>Vara da Crian\u00e7a e da Juventude de Niter\u00f3i &#8211; no caso da participa\u00e7\u00e3o de crian\u00e7as e adolescentes<\/li>\n<li>Impacto vi\u00e1rio da NitTrans &#8211; Para locais de reuni\u00e3o ou eventos com mais de 1.000m\u00b2 de \u00e1rea constru\u00edda (Polos Geradores de Viagens) ou 10.000m\u00b2 de \u00e1rea de terreno<\/li>\n<\/ul>\n<\/li>\n<\/ul>\n<\/li>\n<\/ol>\n<p>Para parques de divers\u00f5es: exig\u00eancias extras da <a href=\"http:\/\/leismunicipa.is\/lcpkr\">Lei Municipal 2.966\/2012<\/a>.<\/p>\n<h2>Tributos<\/h2>\n<p>O licenciamento do evento depender\u00e1 ainda do pagamento pr\u00e9vio dos seguintes tributos, exceto nos casos de iniciativa da Administra\u00e7\u00e3o P\u00fablica Federal ou Estadual \u2013 em que n\u00e3o ser\u00e1 exigido o ISS-Estimativa por for\u00e7a de imunidade rec\u00edproca relativa a impostos entre os entes federativos \u2013 cabendo apenas o pagamento das taxas; e aos eventos de iniciativa de \u00f3rg\u00e3os integrantes da Administra\u00e7\u00e3o P\u00fablica Municipal, aos quais n\u00e3o incidir\u00e3o tributos.<\/p>\n<ul>\n<li>ISS-Estimativa a ser calculado pela Secretaria Municipal de Fazenda;<\/li>\n<li>Taxa de Autoriza\u00e7\u00e3o para Exibi\u00e7\u00e3o de Publicidade (TAEP), quando couber;<\/li>\n<li>Taxa de Atividade Regulat\u00f3ria do Munic\u00edpio (TARM), em raz\u00e3o do exerc\u00edcio da atividade econ\u00f4mica em car\u00e1ter eventual.<\/li>\n<\/ul>\n<p><!--\n\n\n<h2>Solicita\u00e7\u00e3o on-line de alvar\u00e1<\/h2>\n\n\nPara um andamento r\u00e1pido do seu pedido, instrua o formul\u00e1rio abaixo com o m\u00e1ximo de informa\u00e7\u00f5es. Futuras instru\u00e7\u00f5es ser\u00e3o enviadas atrav\u00e9s do e-mail ou telefone informados.\n\n[contact-form-7 id=\"2673\" title=\"Eventos\"]\n--><\/p>\n","protected":false},"excerpt":{"rendered":"<p>A realiza\u00e7\u00e3o de qualquer evento em Niter\u00f3i deve ser precedida de licenciamento junto \u00e0 Secretaria da Fazenda, seja produ\u00e7\u00e3o\u00a0p\u00fablica ou particular, com ou sem cobran\u00e7a de ingresso, com qualquer finalidade. [&hellip;]<\/p>\n","protected":false},"author":1,"featured_media":0,"parent":549,"menu_order":0,"comment_status":"closed","ping_status":"closed","template":"","meta":{"_et_pb_use_builder":"","_et_pb_old_content":"","_et_gb_content_width":"","_usar_header_alternativo":false,"footnotes":""},"class_list":["post-2329","page","type-page","status-publish","hentry"],"_links":{"self":[{"href":"https:\/\/www.fazenda.niteroi.rj.gov.br\/site\/wp-json\/wp\/v2\/pages\/2329","targetHints":{"allow":["GET"]}}],"collection":[{"href":"https:\/\/www.fazenda.niteroi.rj.gov.br\/site\/wp-json\/wp\/v2\/pages"}],"about":[{"href":"https:\/\/www.fazenda.niteroi.rj.gov.br\/site\/wp-json\/wp\/v2\/types\/page"}],"author":[{"embeddable":true,"href":"https:\/\/www.fazenda.niteroi.rj.gov.br\/site\/wp-json\/wp\/v2\/users\/1"}],"replies":[{"embeddable":true,"href":"https:\/\/www.fazenda.niteroi.rj.gov.br\/site\/wp-json\/wp\/v2\/comments?post=2329"}],"version-history":[{"count":0,"href":"https:\/\/www.fazenda.niteroi.rj.gov.br\/site\/wp-json\/wp\/v2\/pages\/2329\/revisions"}],"up":[{"embeddable":true,"href":"https:\/\/www.fazenda.niteroi.rj.gov.br\/site\/wp-json\/wp\/v2\/pages\/549"}],"wp:attachment":[{"href":"https:\/\/www.fazenda.niteroi.rj.gov.br\/site\/wp-json\/wp\/v2\/media?parent=2329"}],"curies":[{"name":"wp","href":"https:\/\/api.w.org\/{rel}","templated":true}]}}