{"id":23586,"date":"2023-12-18T15:38:24","date_gmt":"2023-12-18T18:38:24","guid":{"rendered":"https:\/\/www.fazenda.niteroi.rj.gov.br\/site\/?page_id=23586"},"modified":"2025-09-04T11:21:07","modified_gmt":"2025-09-04T14:21:07","slug":"sistema-de-gestao-da-qualidade-sgq","status":"publish","type":"page","link":"https:\/\/www.fazenda.niteroi.rj.gov.br\/site\/sistema-de-gestao-da-qualidade-sgq\/","title":{"rendered":"Sistema de Gest\u00e3o da Qualidade &#8211; SGQ"},"content":{"rendered":"\n<p><\/p>\n\n\n\n<div class=\"wp-block-media-text is-stacked-on-mobile\" style=\"grid-template-columns:32% auto\"><figure class=\"wp-block-media-text__media\"><img loading=\"lazy\" decoding=\"async\" width=\"600\" height=\"589\" src=\"https:\/\/www.fazenda.niteroi.rj.gov.br\/site\/wp-content\/uploads\/2023\/12\/Sistema-de-Gestao-da-Qualidade-06-2-600x589.jpg\" alt=\"\" class=\"wp-image-23596 size-full\" srcset=\"https:\/\/www.fazenda.niteroi.rj.gov.br\/site\/wp-content\/uploads\/2023\/12\/Sistema-de-Gestao-da-Qualidade-06-2-600x589.jpg 600w, https:\/\/www.fazenda.niteroi.rj.gov.br\/site\/wp-content\/uploads\/2023\/12\/Sistema-de-Gestao-da-Qualidade-06-2-306x300.jpg 306w, https:\/\/www.fazenda.niteroi.rj.gov.br\/site\/wp-content\/uploads\/2023\/12\/Sistema-de-Gestao-da-Qualidade-06-2-768x754.jpg 768w, https:\/\/www.fazenda.niteroi.rj.gov.br\/site\/wp-content\/uploads\/2023\/12\/Sistema-de-Gestao-da-Qualidade-06-2-1536x1508.jpg 1536w, https:\/\/www.fazenda.niteroi.rj.gov.br\/site\/wp-content\/uploads\/2023\/12\/Sistema-de-Gestao-da-Qualidade-06-2-2048x2011.jpg 2048w, https:\/\/www.fazenda.niteroi.rj.gov.br\/site\/wp-content\/uploads\/2023\/12\/Sistema-de-Gestao-da-Qualidade-06-2-1080x1060.jpg 1080w\" sizes=\"auto, (max-width: 600px) 100vw, 600px\" \/><\/figure><div class=\"wp-block-media-text__content\">\n<p>Voc\u00ea sabia? A Secretaria Municipal de Fazenda implementou o Sistema de Gest\u00e3o da Qualidade (SGQ) com base na norma ABNT ISO 9001:2015 <strong>e temos 03 setores certificados com o selo ISO:2015!<\/strong>\u00a0<\/p>\n\n\n\n<p><\/p>\n\n\n\n<p>Como uma institui\u00e7\u00e3o que busca ter uma <strong>gest\u00e3o voltada para resultados e com foco no cidad\u00e3o<\/strong>, a SMF iniciou o projeto de implanta\u00e7\u00e3o de um Sistema de Gest\u00e3o da Qualidade (SGQ) para melhorar os servi\u00e7os e atender melhor aos contribuintes e a pr\u00f3pria Administra\u00e7\u00e3o Fazend\u00e1ria!&nbsp;<\/p>\n<\/div><\/div>\n\n\n\n<div style=\"height:45px\" aria-hidden=\"true\" class=\"wp-block-spacer\"><\/div>\n\n\n\n<p><strong>O que \u00e9 o SGQ? Vamos explicar!\u00a0<\/strong><\/p>\n\n\n\n<p>O Sistema de Gest\u00e3o de Qualidade formaliza os procedimentos dos setores da SMF, padronizando atividades e processos <strong>de acordo com a ferramenta de gest\u00e3o ISO 9001<\/strong>. A ideia \u00e9 identificar poss\u00edveis inconformidades e corrigi-las para manter um padr\u00e3o de efici\u00eancia nos servi\u00e7os prestados pela Secretaria Municipal de Fazenda e receber o <strong>Selo ISO 9001<\/strong> <em>(International Organization for Standardization)<\/em>.\u00a0<\/p>\n\n\n\n<div style=\"height:30px\" aria-hidden=\"true\" class=\"wp-block-spacer\"><\/div>\n\n\n\n<p><strong>E como foi implementado o Sistema de Gest\u00e3o da Qualidade (SGQ) da SMF?\u00a0<\/strong><\/p>\n\n\n\n<p>O primeiro setor da SMF selecionado para adequar seus processos de acordo com o SGQ-ISO 9001 foi o <strong>Conselho de Contribuintes<\/strong>. O setor foi escolhido por promover a integra\u00e7\u00e3o entre os cidad\u00e3os e a SMF, pois se trata de um colegiado formado por representantes dos contribuintes e da Prefeitura, respons\u00e1vel por julgar os recursos de decis\u00f5es referentes a processos administrativos tribut\u00e1rios de natureza contenciosa.\u00a0Ficamos felizes pela certifica\u00e7\u00e3o desse setor fundamental para o munic\u00edpio niteroiense!<\/p>\n\n\n\n<p>O segundo\u00a0setor que realizou as adequa\u00e7\u00f5es foi a <strong>Central de Atendimento ao Cidad\u00e3o (CAC)<\/strong>. O setor foi escolhido pois \u00e9 a porta de entrada da SMF aos cidad\u00e3os. O CAC passou por ampla moderniza\u00e7\u00e3o nessa gest\u00e3o e tem buscado se aproximar cada vez mais dos cidad\u00e3os de forma mais inteligente e receptiva. A moderniza\u00e7\u00e3o dos processos do setor de acordo com a ISO 9001 visa entregar um atendimento com ainda mais qualidade para nossa cidade.\u00a0\u00a0<\/p>\n\n\n\n<p>Por fim, a <strong>\u00e1rea de Pagamentos  da Subsecretaria de Finan\u00e7as<\/strong>, representada pelas <strong>Coordena\u00e7\u00f5es de Liquida\u00e7\u00e3o e Repasses Financeiros<\/strong>; e de <strong>Pagamentos e Movimenta\u00e7\u00e3o Financeira<\/strong>, que s\u00e3o cruciais para que o fluxo de pagamentos aos fornecedores da administra\u00e7\u00e3o direta e repasse para as indiretas sejam executados tempestivamente e de forma segura, prezando pela sa\u00fade financeira do munic\u00edpio.\u00a0\u00a0<\/p>\n\n\n\n<p>Como uma institui\u00e7\u00e3o que busca ter uma gest\u00e3o voltada para resultados e com foco no cidad\u00e3o, a SMF entregou o projeto de implanta\u00e7\u00e3o de um Sistema de Gest\u00e3o da Qualidade (SGQ) com o intuito de melhorar os servi\u00e7os e atender melhor aos contribuintes e a pr\u00f3pria Administra\u00e7\u00e3o Fazend\u00e1ria!<\/p>\n\n\n\n<p>Com o SGQ a Secretaria Municipal de Fazenda pretende se tornar refer\u00eancia em presta\u00e7\u00e3o de servi\u00e7os ao cidad\u00e3o, transpar\u00eancia e presta\u00e7\u00e3o de contas aos \u00f3rg\u00e3os de controle.\u00a0<\/p>\n\n\n\n<p>Fique de olho!<\/p>\n\n\n\n<p>Nos pr\u00f3ximos anos, a Secretaria de Fazenda tem como objetivo estrat\u00e9gico conquistar a certifica\u00e7\u00e3o de dois novos escopos de acordo com a norma ISO 9001:2015, al\u00e9m de renovar a certifica\u00e7\u00e3o daquelas j\u00e1 em vigor.<\/p>\n\n\n\n<div style=\"height:31px\" aria-hidden=\"true\" class=\"wp-block-spacer\"><\/div>\n\n\n\n<p class=\"has-medium-font-size\"><strong><em>Vamos juntos fortalecer a qualidade no servi\u00e7o p\u00fablico!<\/em><\/strong>\u00a0<\/p>\n\n\n\n<div style=\"height:29px\" aria-hidden=\"true\" class=\"wp-block-spacer\"><\/div>\n\n\n\n<div class=\"wp-block-buttons is-content-justification-center is-layout-flex wp-container-core-buttons-is-layout-1 wp-block-buttons-is-layout-flex\">\n<div class=\"wp-block-button has-custom-width wp-block-button__width-50 is-style-fill\"><a class=\"wp-block-button__link has-white-color has-text-color has-link-color has-text-align-center wp-element-button\" href=\"https:\/\/www.fazenda.niteroi.rj.gov.br\/site\/sistema-de-gestao-da-qualidade-sgq-iso-9001-smf\/\">Sistema de Gest\u00e3o da Qualidade (SGQ) &#8211; ISO 9001<br>Secretaria Municipal de Fazenda<\/a><\/div>\n<\/div>\n\n\n\n<div style=\"height:37px\" aria-hidden=\"true\" class=\"wp-block-spacer\"><\/div>\n\n\n\n<div class=\"wp-block-columns is-layout-flex wp-container-core-columns-is-layout-1 wp-block-columns-is-layout-flex\">\n<div class=\"wp-block-column is-layout-flow wp-block-column-is-layout-flow\" style=\"flex-basis:100%\">\n<div class=\"wp-block-group is-layout-constrained wp-block-group-is-layout-constrained\">\n<div class=\"wp-block-buttons is-layout-flex wp-block-buttons-is-layout-flex\">\n<div class=\"wp-block-button\"><a class=\"wp-block-button__link has-white-color has-text-color has-link-color wp-element-button\" href=\"https:\/\/www.fazenda.niteroi.rj.gov.br\/site\/sistema-de-gestao-da-qualidade-conselho-de-contribuintes-cc\/\">SGQ<br>Conselho de Contribuintes<\/a><\/div>\n\n\n\n<div class=\"wp-block-button\"><a class=\"wp-block-button__link has-white-color has-text-color has-link-color wp-element-button\" href=\"https:\/\/www.fazenda.niteroi.rj.gov.br\/site\/central-de-atendimento-ao-cidadao-cac\/\">SGQ<br>Central de Atendimento ao Cidad\u00e3o &#8211; CAC<\/a><\/div>\n\n\n\n<div class=\"wp-block-button\"><a class=\"wp-block-button__link has-white-color has-text-color has-link-color wp-element-button\" href=\"https:\/\/www.fazenda.niteroi.rj.gov.br\/site\/sgq-pagamentos\/\">SGQ<br>Pagamentos<\/a><\/div>\n<\/div>\n<\/div>\n<\/div>\n<\/div>\n\n\n\n<p><\/p>\n\n\n\n<p><\/p>\n","protected":false},"excerpt":{"rendered":"<p>Voc\u00ea sabia? A Secretaria Municipal de Fazenda implementou o Sistema de Gest\u00e3o da Qualidade (SGQ) com base na norma ABNT ISO 9001:2015 e temos 03 setores certificados com o selo [&hellip;]<\/p>\n","protected":false},"author":39,"featured_media":23678,"parent":0,"menu_order":0,"comment_status":"closed","ping_status":"closed","template":"","meta":{"_et_pb_use_builder":"off","_et_pb_old_content":"","_et_gb_content_width":"","_usar_header_alternativo":false,"footnotes":""},"class_list":["post-23586","page","type-page","status-publish","has-post-thumbnail","hentry"],"_links":{"self":[{"href":"https:\/\/www.fazenda.niteroi.rj.gov.br\/site\/wp-json\/wp\/v2\/pages\/23586","targetHints":{"allow":["GET"]}}],"collection":[{"href":"https:\/\/www.fazenda.niteroi.rj.gov.br\/site\/wp-json\/wp\/v2\/pages"}],"about":[{"href":"https:\/\/www.fazenda.niteroi.rj.gov.br\/site\/wp-json\/wp\/v2\/types\/page"}],"author":[{"embeddable":true,"href":"https:\/\/www.fazenda.niteroi.rj.gov.br\/site\/wp-json\/wp\/v2\/users\/39"}],"replies":[{"embeddable":true,"href":"https:\/\/www.fazenda.niteroi.rj.gov.br\/site\/wp-json\/wp\/v2\/comments?post=23586"}],"version-history":[{"count":4,"href":"https:\/\/www.fazenda.niteroi.rj.gov.br\/site\/wp-json\/wp\/v2\/pages\/23586\/revisions"}],"predecessor-version":[{"id":32440,"href":"https:\/\/www.fazenda.niteroi.rj.gov.br\/site\/wp-json\/wp\/v2\/pages\/23586\/revisions\/32440"}],"wp:featuredmedia":[{"embeddable":true,"href":"https:\/\/www.fazenda.niteroi.rj.gov.br\/site\/wp-json\/wp\/v2\/media\/23678"}],"wp:attachment":[{"href":"https:\/\/www.fazenda.niteroi.rj.gov.br\/site\/wp-json\/wp\/v2\/media?parent=23586"}],"curies":[{"name":"wp","href":"https:\/\/api.w.org\/{rel}","templated":true}]}}