{"id":236,"date":"2016-05-10T11:45:03","date_gmt":"2016-05-10T14:45:03","guid":{"rendered":"http:\/\/localhost:8080\/smf\/?page_id=236"},"modified":"2017-08-03T14:19:54","modified_gmt":"2017-08-03T17:19:54","slug":"creditos","status":"publish","type":"page","link":"https:\/\/www.fazenda.niteroi.rj.gov.br\/site\/creditos\/","title":{"rendered":"Cr\u00e9ditos e Licen\u00e7a"},"content":{"rendered":"<h2>Licen\u00e7a<\/h2>\n<p>O conte\u00fado deste website pode ser reutilizado sob licen\u00e7a\u00a0<a href=\"http:\/\/creativecommons.org\/licenses\/by-nc\/4.0\/deed.pt_BR\" rel=\"license\">Creative Commons de Atribui\u00e7\u00e3o \u2013 Uso N\u00e3o-Comercial<\/a>.<\/p>\n<h3>O que \u00e9 Creative Commons?<\/h3>\n<p>Isto significa que <strong>voc\u00ea pode fazer livre uso do conte\u00fado deste website<\/strong>, desde que n\u00e3o utilize com prop\u00f3sito comercial e d\u00ea cr\u00e9dito ao autor (<strong>Secretaria da Fazenda de Niter\u00f3i<\/strong>) e inclua um link para este website (<strong>fazenda.niteroi.rj.gov.br<\/strong>).<\/p>\n<h2>Cr\u00e9ditos de terceiros<\/h2>\n<p>Os elementos contidos nesse site foram especialmente produzidas para este projeto, de\u00a0dom\u00ednio p\u00fablico\u00a0ou licenciados sob <a href=\"https:\/\/br.creativecommons.org\/\">Creative Commons<\/a>, cujas atribui\u00e7\u00f5es s\u00e3o\u00a0reconhecidas a seguir:<\/p>\n<ul>\n<li>A foto\u00a0da\u00a0<a href=\"http:\/\/fazenda.niteroi.rj.gov.br\/site\/wp-content\/uploads\/2016\/05\/Destaque-Fazenda-1200x720-Legislacao.jpg\">Biblioteca de Montserrat<\/a> \u00e9 de <a href=\"https:\/\/www.flickr.com\/people\/87076860@N00\">Xavier Caballe<\/a><\/li>\n<li>A foto do <a href=\"http:\/\/fazenda.niteroi.rj.gov.br\/site\/wp-content\/uploads\/2016\/07\/Destaque-Fazenda-1200x720-FAQ.jpg\">teclado FAQ<\/a> \u00e9 de &#8220;<a href=\"https:\/\/www.flickr.com\/photos\/42931449@N07\/\">photosteve101<\/a>&#8220;<\/li>\n<li>A foto do <a href=\"http:\/\/fazenda.niteroi.rj.gov.br\/site\/wp-content\/uploads\/2015\/11\/calendario-1.jpg\">calend\u00e1rio<\/a> \u00e9 de\u00a0<a href=\"https:\/\/www.flickr.com\/photos\/dafnecholet\/5374200948\">Dafne Cholet<\/a><\/li>\n<li>A foto da <a href=\"http:\/\/fazenda.niteroi.rj.gov.br\/site\/wp-content\/uploads\/2016\/08\/Destaque-Fazenda-1200x720-FAQ-IPTU.jpg\">orla de Icara\u00ed<\/a> \u00e9 de <a href=\"https:\/\/pt.wikipedia.org\/wiki\/Pedra_do_%C3%8Dndio#\/media\/File:Icara%C3%AD_Niter%C3%B3i.JPG\">DiMonteiro<\/a><\/li>\n<li>A foto do\u00a0<a href=\"http:\/\/fazenda.niteroi.rj.gov.br\/site\/wp-content\/uploads\/2016\/08\/Destaque-Fazenda-1200x720-FAQ-ISS.jpg\">Centro de Niter\u00f3i<\/a> \u00e9 de <a href=\"https:\/\/pt.wikipedia.org\/wiki\/Centro_(Niter%C3%B3i)#\/media\/File:Niter%C3%B3irua.jpg\">Andrevruas<\/a><\/li>\n<li>A foto da <a href=\"http:\/\/fazenda.niteroi.rj.gov.br\/site\/wp-content\/uploads\/2016\/08\/Destaque-Fazenda-1200x720-FAQ-ITBI.jpg\">casa nas m\u00e3os<\/a> \u00e9 de\u00a0<a href=\"https:\/\/en.wikipedia.org\/wiki\/Stock_photography#\/media\/File:Hands-with-house.jpg\">Biranchi37<\/a><\/li>\n<li>Os \u00edcones do <a href=\"http:\/\/fazenda.niteroi.rj.gov.br\/site\/iss\/\">ISS<\/a> s\u00e3o de\u00a0<a href=\"https:\/\/www.flaticon.com\/authors\/chanut-is-industries\">Chanut is Industries<\/a>,\u00a0<a href=\"http:\/\/www.freepik.com\/\">Freepik<\/a>,\u00a0<a href=\"https:\/\/smashicons.com\/\">Madebyoliver<\/a> e\u00a0<a href=\"https:\/\/www.flaticon.com\/authors\/eleonor-wang\">Eleonor Wang<\/a><\/li>\n<\/ul>\n","protected":false},"excerpt":{"rendered":"<p>Licen\u00e7a O conte\u00fado deste website pode ser reutilizado sob licen\u00e7a\u00a0Creative Commons de Atribui\u00e7\u00e3o \u2013 Uso N\u00e3o-Comercial. O que \u00e9 Creative Commons? Isto significa que voc\u00ea pode fazer livre uso do [&hellip;]<\/p>\n","protected":false},"author":1,"featured_media":0,"parent":0,"menu_order":0,"comment_status":"closed","ping_status":"closed","template":"","meta":{"_et_pb_use_builder":"","_et_pb_old_content":"","_et_gb_content_width":"","_usar_header_alternativo":false,"footnotes":""},"class_list":["post-236","page","type-page","status-publish","hentry"],"_links":{"self":[{"href":"https:\/\/www.fazenda.niteroi.rj.gov.br\/site\/wp-json\/wp\/v2\/pages\/236","targetHints":{"allow":["GET"]}}],"collection":[{"href":"https:\/\/www.fazenda.niteroi.rj.gov.br\/site\/wp-json\/wp\/v2\/pages"}],"about":[{"href":"https:\/\/www.fazenda.niteroi.rj.gov.br\/site\/wp-json\/wp\/v2\/types\/page"}],"author":[{"embeddable":true,"href":"https:\/\/www.fazenda.niteroi.rj.gov.br\/site\/wp-json\/wp\/v2\/users\/1"}],"replies":[{"embeddable":true,"href":"https:\/\/www.fazenda.niteroi.rj.gov.br\/site\/wp-json\/wp\/v2\/comments?post=236"}],"version-history":[{"count":0,"href":"https:\/\/www.fazenda.niteroi.rj.gov.br\/site\/wp-json\/wp\/v2\/pages\/236\/revisions"}],"wp:attachment":[{"href":"https:\/\/www.fazenda.niteroi.rj.gov.br\/site\/wp-json\/wp\/v2\/media?parent=236"}],"curies":[{"name":"wp","href":"https:\/\/api.w.org\/{rel}","templated":true}]}}