{"id":23681,"date":"2023-12-19T08:47:21","date_gmt":"2023-12-19T11:47:21","guid":{"rendered":"https:\/\/www.fazenda.niteroi.rj.gov.br\/site\/?page_id=23681"},"modified":"2025-10-29T18:13:51","modified_gmt":"2025-10-29T21:13:51","slug":"documentacao-do-sistema-de-gestao-da-qualidade-da-secretaria-municipal-da-fazenda","status":"publish","type":"page","link":"https:\/\/www.fazenda.niteroi.rj.gov.br\/site\/documentacao-do-sistema-de-gestao-da-qualidade-da-secretaria-municipal-da-fazenda\/","title":{"rendered":"Documenta\u00e7\u00e3o do SGQ da Secretaria Municipal de Fazenda"},"content":{"rendered":"\n<p><\/p>\n\n\n\n<p><\/p>\n\n\n\n<figure class=\"wp-block-table is-style-stripes\"><table><tbody><tr><td><a href=\"https:\/\/www.fazenda.niteroi.rj.gov.br\/site\/wp-content\/uploads\/2025\/10\/FORM-SMF-01-Lista-mestra-de-documentos-do-SGQ-Rev.00-4.xlsx\" data-type=\"link\" data-id=\"https:\/\/www.fazenda.niteroi.rj.gov.br\/site\/wp-content\/uploads\/2024\/06\/FORM-SMF-01-Lista-mestra-de-documentos-do-SGQ-Rev.01.xlsx\">FORM-SMF-<\/a><a href=\"https:\/\/www.fazenda.niteroi.rj.gov.br\/site\/wp-content\/uploads\/2025\/09\/FORM-SMF-01-Lista-mestra-de-documentos-do-SGQ-Rev.03-2.xlsx\" data-type=\"link\" data-id=\"https:\/\/www.fazenda.niteroi.rj.gov.br\/site\/wp-content\/uploads\/2024\/06\/FORM-SMF-01-Lista-mestra-de-documentos-do-SGQ-Rev.01.xlsx\">01\u00a0<\/a><\/td><td>Lista mestra de documentos do SGQ&nbsp;<\/td><\/tr><tr><td><a href=\"https:\/\/www.fazenda.niteroi.rj.gov.br\/site\/wp-content\/uploads\/2025\/10\/Manual-da-Gestao-de-Qualidade-Rev.-08.pdf\" data-type=\"link\" data-id=\"https:\/\/www.fazenda.niteroi.rj.gov.br\/site\/wp-content\/uploads\/2024\/10\/NT-D-SMF-01-Manual-do-Sistema-de-Gestao-da-Qualidade-Rev.05.pdf\">NT-D-SM<\/a><a href=\"https:\/\/www.fazenda.niteroi.rj.gov.br\/site\/wp-content\/uploads\/2025\/10\/NT-D-SMF-01-Manual-do-Sistema-de-Gestao-da-Qualidade-Rev.-08.pdf\" data-type=\"link\" data-id=\"https:\/\/www.fazenda.niteroi.rj.gov.br\/site\/wp-content\/uploads\/2024\/10\/NT-D-SMF-01-Manual-do-Sistema-de-Gestao-da-Qualidade-Rev.05.pdf\">F-01<\/a><\/td><td>Manual do Sistema de Gest\u00e3o da Qualidade&nbsp;<\/td><\/tr><tr><td><a href=\"https:\/\/www.fazenda.niteroi.rj.gov.br\/site\/wp-content\/uploads\/2024\/11\/NT-PSGQ-SMF-01-Controle-de-documentos-e-registros-Rev.-02-3.pdf\" target=\"_blank\" rel=\"noreferrer noopener\">NT-PSGQ-SMF-01<\/a>&nbsp;<\/td><td>Procedimento de controle de documentos e registros&nbsp;<\/td><\/tr><tr><td><a href=\"https:\/\/www.fazenda.niteroi.rj.gov.br\/site\/wp-content\/uploads\/2024\/11\/NT-PSGQ-SMF-02-Controle-de-nao-conformidades-Rev.03-5.pdf\" target=\"_blank\" rel=\"noreferrer noopener\">NT-PSGQ-SMF-02<\/a>&nbsp;<\/td><td>Procedimento de controle de n\u00e3o conformidades&nbsp;<\/td><\/tr><tr><td><a href=\"https:\/\/www.fazenda.niteroi.rj.gov.br\/site\/wp-content\/uploads\/2024\/11\/NT-PSGQ-SMF-03-Procedimento-de-acoes-corretivas-Rev.02-4.pdf\" target=\"_blank\" rel=\"noreferrer noopener\">NT-PSGQ-SMF-03<\/a>&nbsp;<\/td><td>Procedimento de a\u00e7\u00f5es corretivas&nbsp;<\/td><\/tr><tr><td><a href=\"https:\/\/www.fazenda.niteroi.rj.gov.br\/site\/wp-content\/uploads\/2024\/11\/NT-PSGQ-SMF-04-Auditoria-Interna-do-SGQ-Rev.02-5.pdf\" target=\"_blank\" rel=\"noreferrer noopener\">NT-PSGQ-SMF-04<\/a>&nbsp;<\/td><td>Procedimento de auditoria interna do SGQ&nbsp;<\/td><\/tr><tr><td><a href=\"https:\/\/www.fazenda.niteroi.rj.gov.br\/site\/wp-content\/uploads\/2024\/11\/NT-PSGQ-SMF-05-Tratamento-de-riscos-e-oportunidades-Rev.02-2.pdf\" target=\"_blank\" rel=\"noreferrer noopener\">NT-PSGQ-SMF-05<\/a>&nbsp;<\/td><td>Riscos e oportunidades&nbsp;<\/td><\/tr><tr><td><a href=\"https:\/\/www.fazenda.niteroi.rj.gov.br\/site\/wp-content\/uploads\/2024\/06\/FORM-SMF-02-Rev.01-Lista-de-Presenca.docx\" data-type=\"link\" data-id=\"https:\/\/www.fazenda.niteroi.rj.gov.br\/site\/wp-content\/uploads\/2024\/06\/FORM-SMF-02-Rev.01-Lista-de-Presenca.docx\">FORM-SMF-02&nbsp;<\/a><\/td><td>Lista de presen\u00e7a&nbsp;<\/td><\/tr><tr><td><a href=\"https:\/\/www.fazenda.niteroi.rj.gov.br\/site\/wp-content\/uploads\/2024\/06\/FORM-SMF-03-Ata-de-reuniao-Rev.00.docx\">FORM-SMF-03&nbsp;<\/a><\/td><td>Ata de reuni\u00e3o&nbsp;<\/td><\/tr><tr><td><a href=\"https:\/\/forms.office.com\/r\/jqpCnjqieJ\" data-type=\"link\" data-id=\"https:\/\/forms.office.com\/r\/jqpCnjqieJ\">FORM-SMF-04&nbsp;<\/a><\/td><td>Registro de n\u00e3o conformidades<\/td><\/tr><tr><td><a href=\"https:\/\/www.fazenda.niteroi.rj.gov.br\/site\/wp-content\/uploads\/2024\/06\/FORM-SMF-05-Mapa-de-controle-de-registros-Rev.00.xlsx\" data-type=\"link\" data-id=\"https:\/\/www.fazenda.niteroi.rj.gov.br\/site\/wp-content\/uploads\/2024\/06\/FORM-SMF-05-Mapa-de-controle-de-registros-Rev.00.xlsx\">FORM-SMF-05&nbsp;<\/a><\/td><td>Mapa de controle de registros&nbsp;<\/td><\/tr><tr><td><a href=\"https:\/\/www.fazenda.niteroi.rj.gov.br\/site\/wp-content\/uploads\/2024\/06\/FORM-SMF-06-Programa-anual-de-auditorias-do-SGQ-Rev.00.xlsx\" data-type=\"link\" data-id=\"https:\/\/www.fazenda.niteroi.rj.gov.br\/site\/wp-content\/uploads\/2024\/05\/FORM-SMF-06-Programa-anual-de-auditorias-do-SGQ-Rev.00.xlsx\">FORM-SMF-06&nbsp;<\/a><\/td><td>Programa anual de auditorias do SGQ&nbsp;<\/td><\/tr><tr><td><a href=\"https:\/\/www.fazenda.niteroi.rj.gov.br\/site\/wp-content\/uploads\/2024\/06\/FORM-SMF-07-Plano-de-auditoria-interna-do-SGQ-Rev.00.docx\" data-type=\"link\" data-id=\"https:\/\/www.fazenda.niteroi.rj.gov.br\/site\/wp-content\/uploads\/2024\/06\/FORM-SMF-07-Plano-de-auditoria-interna-do-SGQ-Rev.00.docx\">FORM-SMF-07&nbsp;<\/a><\/td><td>Plano de auditoria interna do SGQ&nbsp;<\/td><\/tr><tr><td><a href=\"https:\/\/www.fazenda.niteroi.rj.gov.br\/site\/wp-content\/uploads\/2024\/06\/FORM-SMF-08-Relatorio-de-auditoria-interna-do-SGQ-Rev.00-1.docx\" data-type=\"link\" data-id=\"https:\/\/www.fazenda.niteroi.rj.gov.br\/site\/wp-content\/uploads\/2024\/06\/FORM-SMF-08-Relatorio-de-auditoria-interna-do-SGQ-Rev.00-1.docx\">FORM-SMF-08&nbsp;<\/a><\/td><td>Relat\u00f3rio de auditoria interna do SGQ&nbsp;<\/td><\/tr><tr><td><a href=\"https:\/\/www.fazenda.niteroi.rj.gov.br\/site\/wp-content\/uploads\/2024\/06\/FORM-SMF-09-Acao-corretiva-Rev.00.xlsx\" data-type=\"link\" data-id=\"https:\/\/www.fazenda.niteroi.rj.gov.br\/site\/wp-content\/uploads\/2024\/06\/FORM-SMF-09-Acao-corretiva-Rev.00.xlsx\">FORM-SMF-09&nbsp;<\/a><\/td><td>A\u00e7\u00e3o corretiva&nbsp;&nbsp;<\/td><\/tr><tr><td><a href=\"https:\/\/www.fazenda.niteroi.rj.gov.br\/site\/wp-content\/uploads\/2024\/06\/FORM-SMF-10-Acompanhamento-de-acoes-corretivas-Rev.00.xlsx\" data-type=\"link\" data-id=\"https:\/\/www.fazenda.niteroi.rj.gov.br\/site\/wp-content\/uploads\/2024\/05\/FORM-SMF-10-Acompanhamento-de-acoes-corretivas-Rev.00.xlsx\">FORM-SMF-10&nbsp;<\/a><\/td><td>Acompanhamento de a\u00e7\u00f5es corretivas&nbsp;<\/td><\/tr><tr><td><a href=\"https:\/\/www.fazenda.niteroi.rj.gov.br\/site\/wp-content\/uploads\/2025\/10\/FORM-SMF-11-Caderno-de-indicadores-Rev.00.xlsx\" data-type=\"link\" data-id=\"https:\/\/www.fazenda.niteroi.rj.gov.br\/site\/wp-content\/uploads\/2024\/05\/FORM-SMF-11-Caderno-de-indicadores-Rev.00-.xlsx\">FORM-SMF-11&nbsp;<\/a><\/td><td>Caderno de indicadores&nbsp;<\/td><\/tr><tr><td><a href=\"https:\/\/www.fazenda.niteroi.rj.gov.br\/site\/wp-content\/uploads\/2024\/06\/FORM-SMF-12-Matriz-de-priorizacao-de-riscos-contexto-organizacional-Rev.00.xlsx\" data-type=\"link\" data-id=\"https:\/\/www.fazenda.niteroi.rj.gov.br\/site\/wp-content\/uploads\/2024\/05\/FORM-SMF-12-Matriz-de-priorizacao-de-riscos-contexto-organizacional-Rev.00.xlsx\">FORM-SMF-12&nbsp;<\/a><\/td><td>Matriz de prioriza\u00e7\u00e3o de riscos&nbsp;<\/td><\/tr><tr><td><a href=\"https:\/\/www.fazenda.niteroi.rj.gov.br\/site\/wp-content\/uploads\/2024\/06\/FORM-SMF-13-Plano-de-acao-para-riscos.Rev_.00.xlsx\" data-type=\"link\" data-id=\"https:\/\/www.fazenda.niteroi.rj.gov.br\/site\/wp-content\/uploads\/2024\/06\/FORM-SMF-13-Plano-de-acao-para-riscos.Rev_.00.xlsx\">FORM-SMF-13&nbsp;<\/a><\/td><td>Mapa de Acompanhamento de a\u00e7\u00f5es para riscos&nbsp;<\/td><\/tr><tr><td><a href=\"https:\/\/www.fazenda.niteroi.rj.gov.br\/site\/wp-content\/uploads\/2024\/06\/FORM-SMF-14-Matriz-de-priorizacao-de-oportunidades-de-melhoria-Rev.00.xlsx\" data-type=\"link\" data-id=\"https:\/\/www.fazenda.niteroi.rj.gov.br\/site\/wp-content\/uploads\/2024\/06\/FORM-SMF-14-Matriz-de-priorizacao-de-oportunidades-de-melhoria-Rev.00.xlsx\">FORM-SMF-14&nbsp;<\/a><\/td><td>Matriz de prioriza\u00e7\u00e3o de oportunidades de melhoria&nbsp;<\/td><\/tr><tr><td><a href=\"https:\/\/www.fazenda.niteroi.rj.gov.br\/site\/wp-content\/uploads\/2024\/06\/FORM-SMF-15-Plano-de-acao-para-oportunidades-de-melhoria.xlsx\" data-type=\"link\" data-id=\"https:\/\/www.fazenda.niteroi.rj.gov.br\/site\/wp-content\/uploads\/2024\/06\/FORM-SMF-15-Plano-de-acao-para-oportunidades-de-melhoria.xlsx\">FORM-SMF-15&nbsp;<\/a><\/td><td>Mapa de Acompanhamento de a\u00e7\u00f5es para oportunidades de melhoria&nbsp;<\/td><\/tr><tr><td><a href=\"https:\/\/www.fazenda.niteroi.rj.gov.br\/site\/wp-content\/uploads\/2024\/06\/FORM-SMF-16-Mapa-de-Competencias-Rev.00.xlsx\" data-type=\"link\" data-id=\"https:\/\/www.fazenda.niteroi.rj.gov.br\/site\/wp-content\/uploads\/2024\/05\/FORM-SMF-16-Mapa-de-Competencias-Rev.00.xlsx\">FORM-SMF-16&nbsp;<\/a><\/td><td>Mapa de compet\u00eancias&nbsp;<\/td><\/tr><tr><td><a href=\"https:\/\/www.fazenda.niteroi.rj.gov.br\/site\/wp-content\/uploads\/2025\/09\/FORM-SMF-17-Controle-de-nao-conformidades-3.xlsx\" data-type=\"link\" data-id=\"https:\/\/www.fazenda.niteroi.rj.gov.br\/site\/wp-content\/uploads\/2024\/06\/FORM-SMF-17-Controle-de-nao-conformidades.xlsx\">FORM-SMF-17&nbsp;<\/a><\/td><td>Controle de n\u00e3o conformidades&nbsp;<\/td><\/tr><tr><td><a href=\"https:\/\/www.fazenda.niteroi.rj.gov.br\/site\/wp-content\/uploads\/2024\/06\/FORM-SMF-18-Gestao-de-Mudancas.xlsx\" data-type=\"link\" data-id=\"https:\/\/www.fazenda.niteroi.rj.gov.br\/site\/wp-content\/uploads\/2024\/06\/FORM-SMF-18-Gestao-de-Mudancas.xlsx\">FORM-SMF-18&nbsp;<\/a><\/td><td>Gest\u00e3o de Mudan\u00e7as&nbsp;<\/td><\/tr><\/tbody><\/table><\/figure>\n","protected":false},"excerpt":{"rendered":"<p>Documenta\u00e7\u00e3o do Sistema de Gest\u00e3o da Qualidade da Secretaria Municipal da Fazenda.<\/p>\n","protected":false},"author":39,"featured_media":0,"parent":0,"menu_order":0,"comment_status":"closed","ping_status":"closed","template":"","meta":{"_et_pb_use_builder":"off","_et_pb_old_content":"","_et_gb_content_width":"","_usar_header_alternativo":false,"footnotes":""},"class_list":["post-23681","page","type-page","status-publish","hentry"],"_links":{"self":[{"href":"https:\/\/www.fazenda.niteroi.rj.gov.br\/site\/wp-json\/wp\/v2\/pages\/23681","targetHints":{"allow":["GET"]}}],"collection":[{"href":"https:\/\/www.fazenda.niteroi.rj.gov.br\/site\/wp-json\/wp\/v2\/pages"}],"about":[{"href":"https:\/\/www.fazenda.niteroi.rj.gov.br\/site\/wp-json\/wp\/v2\/types\/page"}],"author":[{"embeddable":true,"href":"https:\/\/www.fazenda.niteroi.rj.gov.br\/site\/wp-json\/wp\/v2\/users\/39"}],"replies":[{"embeddable":true,"href":"https:\/\/www.fazenda.niteroi.rj.gov.br\/site\/wp-json\/wp\/v2\/comments?post=23681"}],"version-history":[{"count":5,"href":"https:\/\/www.fazenda.niteroi.rj.gov.br\/site\/wp-json\/wp\/v2\/pages\/23681\/revisions"}],"predecessor-version":[{"id":33590,"href":"https:\/\/www.fazenda.niteroi.rj.gov.br\/site\/wp-json\/wp\/v2\/pages\/23681\/revisions\/33590"}],"wp:attachment":[{"href":"https:\/\/www.fazenda.niteroi.rj.gov.br\/site\/wp-json\/wp\/v2\/media?parent=23681"}],"curies":[{"name":"wp","href":"https:\/\/api.w.org\/{rel}","templated":true}]}}