{"id":29788,"date":"2024-09-18T14:17:35","date_gmt":"2024-09-18T17:17:35","guid":{"rendered":"https:\/\/www.fazenda.niteroi.rj.gov.br\/site\/?page_id=29788"},"modified":"2024-09-18T14:44:07","modified_gmt":"2024-09-18T17:44:07","slug":"receitas-e-despesas","status":"publish","type":"page","link":"https:\/\/www.fazenda.niteroi.rj.gov.br\/site\/receitas-e-despesas\/","title":{"rendered":"Receitas e Despesas"},"content":{"rendered":"\n<p>&nbsp;<\/p>\n\n\n\n<p style=\"font-size:15px\">A divulga\u00e7\u00e3o dos dados de receita e despesa \u00e9 fundamental para a garantia de<strong> transpar\u00eancia<\/strong> e <strong>boa governan\u00e7a.<\/strong><\/p>\n\n\n\n<p style=\"font-size:15px\">Ela permite que os cidad\u00e3os acompanhem como os recursos p\u00fablicos est\u00e3o sendo arrecadados e aplicados, promovendo o <strong>controle social<\/strong> e a<strong> fiscaliza\u00e7\u00e3o<\/strong> das pol\u00edticas p\u00fablicas.<\/p>\n\n\n\n<p>&nbsp;<\/p>\n\n\n\n<p style=\"font-size:15px\"><strong>Para saber mais detalhes consulte os links abaixo:<\/strong><\/p>\n\n\n\n<p>&nbsp;<\/p>\n\n\n\n<div class=\"wp-block-buttons is-horizontal is-content-justification-center is-layout-flex wp-container-core-buttons-is-layout-1 wp-block-buttons-is-layout-flex\">\n<div class=\"wp-block-button has-custom-width wp-block-button__width-25 is-style-fill\"><a class=\"wp-block-button__link has-background has-text-align-center wp-element-button\" href=\"https:\/\/transparencia.niteroi.rj.gov.br\/#\/receitas\" style=\"background-color:#052f44\" target=\"_blank\" rel=\"noreferrer noopener\"><mark style=\"background-color:rgba(0, 0, 0, 0)\" class=\"has-inline-color has-white-color\">RECEITAS<\/mark><\/a><\/div>\n\n\n\n<div class=\"wp-block-button has-custom-width wp-block-button__width-25\"><a class=\"wp-block-button__link has-background wp-element-button\" href=\"https:\/\/transparencia.niteroi.rj.gov.br\/#\/despesas\" style=\"background-color:#052f44\" target=\"_blank\" rel=\"noreferrer noopener\"><mark style=\"background-color:rgba(0, 0, 0, 0)\" class=\"has-inline-color has-white-color\">DESPESAS<\/mark><\/a><\/div>\n<\/div>\n\n\n\n<p><\/p>\n","protected":false},"excerpt":{"rendered":"<p>&nbsp; A divulga\u00e7\u00e3o dos dados de receita e despesa \u00e9 fundamental para a garantia de transpar\u00eancia e boa governan\u00e7a. Ela permite que os cidad\u00e3os acompanhem como os recursos p\u00fablicos est\u00e3o [&hellip;]<\/p>\n","protected":false},"author":41,"featured_media":0,"parent":0,"menu_order":0,"comment_status":"closed","ping_status":"closed","template":"","meta":{"_et_pb_use_builder":"off","_et_pb_old_content":"","_et_gb_content_width":"","_usar_header_alternativo":false,"footnotes":""},"class_list":["post-29788","page","type-page","status-publish","hentry"],"_links":{"self":[{"href":"https:\/\/www.fazenda.niteroi.rj.gov.br\/site\/wp-json\/wp\/v2\/pages\/29788","targetHints":{"allow":["GET"]}}],"collection":[{"href":"https:\/\/www.fazenda.niteroi.rj.gov.br\/site\/wp-json\/wp\/v2\/pages"}],"about":[{"href":"https:\/\/www.fazenda.niteroi.rj.gov.br\/site\/wp-json\/wp\/v2\/types\/page"}],"author":[{"embeddable":true,"href":"https:\/\/www.fazenda.niteroi.rj.gov.br\/site\/wp-json\/wp\/v2\/users\/41"}],"replies":[{"embeddable":true,"href":"https:\/\/www.fazenda.niteroi.rj.gov.br\/site\/wp-json\/wp\/v2\/comments?post=29788"}],"version-history":[{"count":4,"href":"https:\/\/www.fazenda.niteroi.rj.gov.br\/site\/wp-json\/wp\/v2\/pages\/29788\/revisions"}],"predecessor-version":[{"id":29804,"href":"https:\/\/www.fazenda.niteroi.rj.gov.br\/site\/wp-json\/wp\/v2\/pages\/29788\/revisions\/29804"}],"wp:attachment":[{"href":"https:\/\/www.fazenda.niteroi.rj.gov.br\/site\/wp-json\/wp\/v2\/media?parent=29788"}],"curies":[{"name":"wp","href":"https:\/\/api.w.org\/{rel}","templated":true}]}}