{"id":30004,"date":"2024-10-16T14:52:02","date_gmt":"2024-10-16T17:52:02","guid":{"rendered":"https:\/\/www.fazenda.niteroi.rj.gov.br\/site\/?page_id=30004"},"modified":"2025-12-16T11:51:53","modified_gmt":"2025-12-16T14:51:53","slug":"certidoes-smf","status":"publish","type":"page","link":"https:\/\/www.fazenda.niteroi.rj.gov.br\/site\/certidoes-smf\/","title":{"rendered":"Certid\u00f5es"},"content":{"rendered":"\n<p class=\"has-medium-font-size\"><strong>Certid\u00e3o de D\u00e9bitos Imobili\u00e1rios<\/strong><\/p>\n\n\n\n<p class=\"has-medium-font-size\">Orienta\u00e7\u00f5es<\/p>\n\n\n\n<p><strong>IMPORTANTE: <\/strong>Informamos que a partir de 15 de janeiro de 2018 houve unifica\u00e7\u00e3o das certid\u00f5es de d\u00e9bito emitidas pela Procuradoria Fiscal e Secretaria Municipal de Fazenda. Assim, uma \u00fanica certid\u00e3o \u00e9 emitida contemplando todos os d\u00e9bitos tribut\u00e1rios municipais, inscritos ou n\u00e3o em d\u00edvida ativa.<\/p>\n\n\n\n<ul class=\"wp-block-list\">\n<li>Informe&nbsp;a&nbsp;matr\u00edcula do im\u00f3vel;<\/li>\n\n\n\n<li>Na tela seguinte, selecione a op\u00e7\u00e3o \u201cEmitir Certid\u00e3o por matricula\u201d, ent\u00e3o clique no link da certid\u00e3o que ser\u00e1 disponibilizada e aguarde o download do arquivo.<\/li>\n\n\n\n<li>Caso receba a mensagem: &#8220;As informa\u00e7\u00f5es e\/ou condi\u00e7\u00f5es s\u00e3o insuficientes para&nbsp;a emiss\u00e3o de certid\u00e3o negativa por meio da Internet&#8221;,&nbsp;ser\u00e1 necess\u00e1rio o comparecimento do propriet\u00e1rio ou seu representante legal \u00e0&nbsp;Secretaria da Fazenda de Niter\u00f3i (R. da Concei\u00e7\u00e3o, 100&nbsp;&#8211;&nbsp;Centro).<\/li>\n\n\n\n<li>Para consultar <a href=\"http:\/\/fazenda.niteroi.rj.gov.br\/certidao\/\">d\u00e9bitos municipais n\u00e3o relacionados a im\u00f3veis, clique aqui<\/a><\/li>\n\n\n\n<li>D\u00favidas? <a href=\"https:\/\/fazenda.niteroi.rj.gov.br\/site\/certidao-mobiliaria-e-certidao-de-debitos-imobiliarios\/\">Assista a um tutorial passo a passo em v\u00eddeo<\/a><\/li>\n<\/ul>\n\n\n\n<p><\/p>\n\n\n\n<div class=\"wp-block-buttons group-buttons margin is-content-justification-center is-layout-flex wp-container-core-buttons-is-layout-1 wp-block-buttons-is-layout-flex\">\n<div class=\"wp-block-button\"><a class=\"wp-block-button__link has-white-color has-vivid-cyan-blue-background-color has-text-color has-background has-link-color wp-element-button\" href=\"http:\/\/portais.niteroi.rj.gov.br\/e-cidadeonline\/certidaoimovel003.php\" target=\"_blank\" rel=\"noreferrer noopener\">Emiss\u00e3o de Certid\u00e3o de D\u00e9bitos Imobili\u00e1rios<\/a><\/div>\n\n\n\n<div class=\"wp-block-button\"><a class=\"wp-block-button__link has-white-color has-vivid-cyan-blue-background-color has-text-color has-background has-link-color wp-element-button\" href=\"http:\/\/portais.niteroi.rj.gov.br\/e-cidadeonline\/certidaoautentica.php\" target=\"_blank\" rel=\"noreferrer noopener\">Autenticidade de Certid\u00e3o de D\u00e9bitos Imobili\u00e1rios<\/a><\/div>\n<\/div>\n\n\n\n<hr class=\"wp-block-separator has-alpha-channel-opacity divisor-margin is-style-wide\"\/>\n\n\n\n<p class=\"margin-top-line-divisor has-medium-font-size\"><strong>Certid\u00f5es Mobili\u00e1rias<\/strong><\/p>\n\n\n\n<p class=\"has-medium-font-size\">Procedimentos<\/p>\n\n\n\n<p><strong>IMPORTANTE:<\/strong> Informamos que a partir de 15 de janeiro de 2018 houve unifica\u00e7\u00e3o das certid\u00f5es de d\u00e9bito emitidas pela Procuradoria Fiscal e Secretaria Municipal de Fazenda. Assim, uma \u00fanica certid\u00e3o \u00e9 emitida contemplando todos os d\u00e9bitos tribut\u00e1rios municipais, inscritos ou n\u00e3o em d\u00edvida ativa.<\/p>\n\n\n\n<ul class=\"wp-block-list\">\n<li><strong>Certid\u00e3o de D\u00e9bitos Municipais<\/strong> \u2013&nbsp;Certifica&nbsp;que n\u00e3o constam d\u00e9bitos na inscri\u00e7\u00e3o mobili\u00e1ria (alvar\u00e1) \/ CPF \/ CNPJ especificados junto ao Munic\u00edpio de Niter\u00f3i, inscritos ou n\u00e3o em d\u00edvida ativa. Observa\u00e7\u00e3o:\n<ul class=\"wp-block-list\">\n<li>Caso existam d\u00e9bitos vinculados ser\u00e1 emitida&nbsp;<em>Certid\u00e3o Positiva<\/em>.<\/li>\n\n\n\n<li>Caso estes d\u00e9bitos ainda n\u00e3o estejam vencidos, em curso de cobran\u00e7a com penhora efetuada ou estejam com exigibilidade suspensa,&nbsp;&nbsp;nos termos do art. 151 do C\u00f3digo Tribut\u00e1rio Nacional,&nbsp;&nbsp;ser\u00e1 emitida&nbsp;<em>Certid\u00e3o Positiva com Efeito de Negativa<\/em>.<\/li>\n<\/ul>\n<\/li>\n<\/ul>\n\n\n\n<div class=\"wp-block-buttons group-buttons margin is-content-justification-center is-layout-flex wp-container-core-buttons-is-layout-2 wp-block-buttons-is-layout-flex\">\n<div class=\"wp-block-button margin-button-certidoes-smf\"><a class=\"wp-block-button__link has-white-color has-vivid-cyan-blue-background-color has-text-color has-background has-link-color wp-element-button\" href=\"http:\/\/fazenda.niteroi.rj.gov.br\/certidao\/\">Emiss\u00e3o de Certid\u00e3o de D\u00e9bitos Mobili\u00e1rios<\/a><\/div>\n\n\n\n<div class=\"wp-block-button margin-button-certidoes-smf\"><a class=\"wp-block-button__link has-white-color has-vivid-cyan-blue-background-color has-text-color has-background has-link-color wp-element-button\" href=\"https:\/\/www.fazenda.niteroi.rj.gov.br\/certidao\/autenticidade.php\">Autenticidade de Certid\u00e3o de D\u00e9bitos Mobili\u00e1rios<\/a><\/div>\n<\/div>\n\n\n\n<ul class=\"wp-block-list\">\n<li><strong>Certid\u00e3o de Inexist\u00eancia de Inscri\u00e7\u00e3o<\/strong> \u2013 Quando n\u00e3o consta inscri\u00e7\u00e3o mobili\u00e1ria cadastrada para o requerente especificado.<\/li>\n<\/ul>\n\n\n\n<div class=\"wp-block-buttons group-buttons margin-bottom is-content-justification-center is-layout-flex wp-container-core-buttons-is-layout-3 wp-block-buttons-is-layout-flex\">\n<div class=\"wp-block-button\"><a class=\"wp-block-button__link has-white-color has-vivid-cyan-blue-background-color has-text-color has-background has-link-color wp-element-button\" href=\"http:\/\/fazenda.niteroi.rj.gov.br\/certidao\/\">EMITA AQUI SUA CERTID\u00c3O<\/a><\/div>\n<\/div>\n\n\n\n<hr class=\"wp-block-separator has-alpha-channel-opacity divisor-margin is-style-dots\"\/>\n\n\n\n<p class=\"has-text-align-center justify-text-center\"><kbd>Para emitir outras certid\u00f5es, acesse o <a href=\"https:\/\/servicos.niteroi.rj.gov.br\/#\/main\/dyview\" data-type=\"link\" data-id=\"https:\/\/servicos.niteroi.rj.gov.br\/#\/main\/dyview\" target=\"_blank\" rel=\"noreferrer noopener\">Portal de Servi\u00e7os de Niter\u00f3i<\/a><\/kbd>.<\/p>\n","protected":false},"excerpt":{"rendered":"<p>Certid\u00e3o de D\u00e9bitos Imobili\u00e1rios Orienta\u00e7\u00f5es IMPORTANTE: Informamos que a partir de 15 de janeiro de 2018 houve unifica\u00e7\u00e3o das certid\u00f5es de d\u00e9bito emitidas pela Procuradoria Fiscal e Secretaria Municipal de [&hellip;]<\/p>\n","protected":false},"author":45,"featured_media":0,"parent":0,"menu_order":0,"comment_status":"closed","ping_status":"closed","template":"","meta":{"_et_pb_use_builder":"off","_et_pb_old_content":"","_et_gb_content_width":"1280","_usar_header_alternativo":false,"footnotes":""},"class_list":["post-30004","page","type-page","status-publish","hentry"],"_links":{"self":[{"href":"https:\/\/www.fazenda.niteroi.rj.gov.br\/site\/wp-json\/wp\/v2\/pages\/30004","targetHints":{"allow":["GET"]}}],"collection":[{"href":"https:\/\/www.fazenda.niteroi.rj.gov.br\/site\/wp-json\/wp\/v2\/pages"}],"about":[{"href":"https:\/\/www.fazenda.niteroi.rj.gov.br\/site\/wp-json\/wp\/v2\/types\/page"}],"author":[{"embeddable":true,"href":"https:\/\/www.fazenda.niteroi.rj.gov.br\/site\/wp-json\/wp\/v2\/users\/45"}],"replies":[{"embeddable":true,"href":"https:\/\/www.fazenda.niteroi.rj.gov.br\/site\/wp-json\/wp\/v2\/comments?post=30004"}],"version-history":[{"count":6,"href":"https:\/\/www.fazenda.niteroi.rj.gov.br\/site\/wp-json\/wp\/v2\/pages\/30004\/revisions"}],"predecessor-version":[{"id":34187,"href":"https:\/\/www.fazenda.niteroi.rj.gov.br\/site\/wp-json\/wp\/v2\/pages\/30004\/revisions\/34187"}],"wp:attachment":[{"href":"https:\/\/www.fazenda.niteroi.rj.gov.br\/site\/wp-json\/wp\/v2\/media?parent=30004"}],"curies":[{"name":"wp","href":"https:\/\/api.w.org\/{rel}","templated":true}]}}