{"id":31064,"date":"2025-01-29T11:57:41","date_gmt":"2025-01-29T14:57:41","guid":{"rendered":"https:\/\/www.fazenda.niteroi.rj.gov.br\/site\/?page_id=31064"},"modified":"2025-01-29T23:32:45","modified_gmt":"2025-01-30T02:32:45","slug":"projeto-o-bom-pagador-duvidas-frequentes","status":"publish","type":"page","link":"https:\/\/www.fazenda.niteroi.rj.gov.br\/site\/projeto-o-bom-pagador-duvidas-frequentes\/","title":{"rendered":"Projeto O Bom Pagador &#8211; D\u00favidas Frequentes"},"content":{"rendered":"\n<div style=\"height:30px\" aria-hidden=\"true\" class=\"wp-block-spacer\"><\/div>\n\n\n\n<figure class=\"wp-block-image alignwide size-full\"><a href=\"https:\/\/www.fazenda.niteroi.rj.gov.br\/site\/wp-content\/uploads\/2025\/01\/banner-1-1.png\"><img loading=\"lazy\" decoding=\"async\" width=\"2581\" height=\"1109\" src=\"https:\/\/www.fazenda.niteroi.rj.gov.br\/site\/wp-content\/uploads\/2025\/01\/banner-1-1.png\" alt=\"\" class=\"wp-image-31072\" srcset=\"https:\/\/www.fazenda.niteroi.rj.gov.br\/site\/wp-content\/uploads\/2025\/01\/banner-1-1.png 2581w, https:\/\/www.fazenda.niteroi.rj.gov.br\/site\/wp-content\/uploads\/2025\/01\/banner-1-1-400x172.png 400w, https:\/\/www.fazenda.niteroi.rj.gov.br\/site\/wp-content\/uploads\/2025\/01\/banner-1-1-600x258.png 600w, https:\/\/www.fazenda.niteroi.rj.gov.br\/site\/wp-content\/uploads\/2025\/01\/banner-1-1-768x330.png 768w, https:\/\/www.fazenda.niteroi.rj.gov.br\/site\/wp-content\/uploads\/2025\/01\/banner-1-1-1536x660.png 1536w, https:\/\/www.fazenda.niteroi.rj.gov.br\/site\/wp-content\/uploads\/2025\/01\/banner-1-1-2048x880.png 2048w, https:\/\/www.fazenda.niteroi.rj.gov.br\/site\/wp-content\/uploads\/2025\/01\/banner-1-1-1080x464.png 1080w\" sizes=\"auto, (max-width: 2581px) 100vw, 2581px\" \/><\/a><\/figure>\n\n\n\n<div style=\"height:15px\" aria-hidden=\"true\" class=\"wp-block-spacer\"><\/div>\n\n\n\n<h2 class=\"wp-block-heading\" style=\"font-size:15px\"><strong>O que \u00e9&nbsp;o Projeto do Bom Pagador?&nbsp;<\/strong><\/h2>\n\n\n\n<p>O desconto do <strong>Bom Pagador <\/strong>\u00e9 um benef\u00edcio previsto na Lei n\u00ba 3.820\/2023, que estabelece uma <strong>redu\u00e7\u00e3o de 3% no valor do IPTU <\/strong>para os contribuintes que possu\u00edrem <strong>hist\u00f3rico de adimpl\u00eancia<\/strong> referente ao IPTU.&nbsp; <\/p>\n\n\n\n<h2 class=\"wp-block-heading\" style=\"font-size:15px\"><strong>Como saber se sou apto a receber o desconto? &nbsp;<\/strong><\/h2>\n\n\n\n<p>A consulta aos contribuintes aptos a receber o benef\u00edcio est\u00e1 dispon\u00edvel no site da Secretaria Municipal de Fazenda,<a href=\"https:\/\/www.fazenda.niteroi.rj.gov.br\/bompagador\/\" data-type=\"link\" data-id=\"https:\/\/www.fazenda.niteroi.rj.gov.br\/bompagador\/\"> aqui.<\/a> <\/p>\n\n\n\n<p>O contribuinte poder\u00e1 consultar se faz jus ao benef\u00edcio pelo CPF, pelo CNPJ ou pela inscri\u00e7\u00e3o do im\u00f3vel. Al\u00e9m de verificar se possui d\u00e9bitos, \u00e9 importante que o contribuinte confira as informa\u00e7\u00f5es do cadastro do im\u00f3vel, como dados do titular, o seu nome e o seu CPF\/CNPJ, uma vez que o benef\u00edcio \u00e9 concedido em car\u00e1ter pessoal para cada contribuinte. Se o im\u00f3vel estiver em nome do antigo propriet\u00e1rio, por exemplo, a redu\u00e7\u00e3o n\u00e3o ser\u00e1 aplicada se ele tiver d\u00edvidas de IPTU relativas a outros im\u00f3veis.&nbsp;<\/p>\n\n\n\n<p><\/p>\n\n\n\n<div class=\"wp-block-buttons is-content-justification-center is-layout-flex wp-container-core-buttons-is-layout-1 wp-block-buttons-is-layout-flex\">\n<div class=\"wp-block-button\"><a class=\"wp-block-button__link has-white-color has-text-color has-link-color has-text-align-center wp-element-button\" href=\"https:\/\/www.fazenda.niteroi.rj.gov.br\/bompagador\/\" target=\"_blank\" rel=\"noreferrer noopener\">Saiba se voc\u00ea est\u00e1 apto a receber o desconto<\/a><\/div>\n<\/div>\n\n\n\n<h2 class=\"wp-block-heading\" style=\"font-size:15px\"><strong>N\u00e3o vou pagar o meu IPTU em cota \u00fanica. Vou ter o desconto do Bom Pagador?<\/strong>&nbsp;<\/h2>\n\n\n\n<p>Se voc\u00ea pagou as suas mensalidades do \u00faltimo exerc\u00edcio e n\u00e3o possui outros d\u00e9bitos, sim! Voc\u00ea pode pagar as cotas mensais com o desconto do Bom Pagador j\u00e1 embutido.&nbsp;<\/p>\n\n\n\n<h2 class=\"wp-block-heading\" style=\"font-size:15px\"><strong>O que fazer para receber o desconto?<\/strong>&nbsp;<\/h2>\n\n\n\n<p>O desconto \u00e9 aplicado automaticamente no carn\u00ea do IPTU do ano seguinte.&nbsp;<\/p>\n\n\n\n<h2 class=\"wp-block-heading\" style=\"font-size:15px\"><strong>Como posso conferir se recebi o desconto do Bom Pagador?<\/strong>&nbsp; <\/h2>\n\n\n\n<p>Acesse <a href=\"https:\/\/www.fazenda.niteroi.rj.gov.br\/site\/servicos\/iptu\/\" data-type=\"link\" data-id=\"https:\/\/www.fazenda.niteroi.rj.gov.br\/site\/servicos\/iptu\/\">aqui<\/a>, clique em \u20182\u00aa via &#8211; informa\u00e7\u00f5es do im\u00f3vel\u201d e insira a matr\u00edcula do IPTU. Na ficha de lan\u00e7amento, verifique o campo \u2018Bom Pagador\u2019.&nbsp;<\/p>\n\n\n\n<h2 class=\"wp-block-heading\" style=\"font-size:15px\"><strong>Os descontos s\u00e3o cumulativos?<\/strong>&nbsp;<\/h2>\n\n\n\n<p>Sim! Os descontos se somam, podendo receber 10% de desconto ao optar pelo pagamento em cota \u00fanica, 3% de desconto sendo Bom Pagador e, al\u00e9m disso, caso participe do Programa NitNota Cidad\u00e3, tamb\u00e9m poder\u00e1 usar seus cr\u00e9ditos para abater no valor do IPTU.&nbsp;<\/p>\n\n\n\n<p>Clique aqui e entenda mais sobre o Programa NitNota Cidad\u00e3. &nbsp;<\/p>\n\n\n\n<h2 class=\"wp-block-heading\" style=\"font-size:15px\"><strong>Como \u00e9 feita a conta do desconto da cota \u00fanica + Bom Pagador?<\/strong><\/h2>\n\n\n\n<p>F\u00f3rmula para calcular: <strong>[(IPTU &#8211; Desconto Bom Pagador) &#8211; 10%] + TCIL&nbsp;<\/strong><\/p>\n\n\n\n<p>Explica\u00e7\u00e3o: Procure na sua carta o valor no campo \u2018IPTU\u2019 e subtraia o valor do desconto do bom pagador. Em seguida, aplique o desconto de 10% referente \u00e0 cota \u00fanica. Para finalizar, some o valor da taxa de lixo, a TCIL!&nbsp;<\/p>\n\n\n\n<p><strong>ATEN\u00c7\u00c3O: Os descontos n\u00e3o s\u00e3o aplic\u00e1veis \u00e0 taxa de lixo!&nbsp;<\/strong><\/p>\n\n\n\n<h2 class=\"wp-block-heading\" style=\"font-size:15px\"><strong>E se os dados cadastrais do im\u00f3vel estiverem errados? O que eu fa\u00e7o?<\/strong> &nbsp;<\/h2>\n\n\n\n<p>Voc\u00ea pode solicitar a revis\u00e3o pelo nosso e-mail. Baixe o <a href=\"https:\/\/www.fazenda.niteroi.rj.gov.br\/site\/wp-content\/uploads\/2022\/05\/CIPTU-COCIM-Alteracoes-cadastrais-2022.pdf\" data-type=\"link\" data-id=\"https:\/\/www.fazenda.niteroi.rj.gov.br\/site\/wp-content\/uploads\/2022\/05\/CIPTU-COCIM-Alteracoes-cadastrais-2022.pdf\">requerimento<\/a> em nosso site, anexe documentos como plantas, fotos ou certid\u00f5es para comprovar as altera\u00e7\u00f5es. Em seguida, envie tudo para o e-mail: <a href=\"mailto:protocolo@fazenda.niteroi.rj.gov.br\" target=\"_blank\" rel=\"noreferrer noopener\">protocolo@fazenda.niteroi.rj.gov.br<\/a>.&nbsp;<\/p>\n\n\n\n<h2 class=\"wp-block-heading\" style=\"font-size:15px\"><strong>Tenho mais de um im\u00f3vel e alguns deles est\u00e3o com d\u00edvidas. Tenho direito \u00e0 redu\u00e7\u00e3o?<\/strong>&nbsp;<\/h2>\n\n\n\n<p>N\u00e3o! O desconto do bom pagador est\u00e1 vinculado ao contribuinte propriet\u00e1rio do im\u00f3vel. Assim, se um dos im\u00f3veis de sua titularidade possuir d\u00edvidas n\u00e3o quitadas, o contribuinte n\u00e3o tem direito \u00e0 redu\u00e7\u00e3o em nenhum dos seus im\u00f3veis.&nbsp;<\/p>\n\n\n\n<h2 class=\"wp-block-heading\" style=\"font-size:15px\"><strong>Pesquisei meu im\u00f3vel e apareceu uma d\u00edvida que n\u00e3o reconhe\u00e7o. Como fa\u00e7o para resolver?<\/strong>&nbsp;<\/h2>\n\n\n\n<p>Entre em contato com a Central de Atendimento ao Cidad\u00e3o, atrav\u00e9s do <strong>WhatsApp: (21) 2621-2400<\/strong> ou, se preferir, presencialmente (atendimento de 9h \u00e0s 16h), endere\u00e7o: <strong>&nbsp;R. da Concei\u00e7\u00e3o, 100 &#8211; Centro, Niter\u00f3i.<\/strong>&nbsp; <\/p>\n","protected":false},"excerpt":{"rendered":"<p>O que \u00e9&nbsp;o Projeto do Bom Pagador?&nbsp; O desconto do Bom Pagador \u00e9 um benef\u00edcio previsto na Lei n\u00ba 3.820\/2023, que estabelece uma redu\u00e7\u00e3o de 3% no valor do IPTU [&hellip;]<\/p>\n","protected":false},"author":41,"featured_media":31072,"parent":0,"menu_order":0,"comment_status":"closed","ping_status":"closed","template":"","meta":{"_et_pb_use_builder":"off","_et_pb_old_content":"","_et_gb_content_width":"","_usar_header_alternativo":false,"footnotes":""},"class_list":["post-31064","page","type-page","status-publish","has-post-thumbnail","hentry"],"_links":{"self":[{"href":"https:\/\/www.fazenda.niteroi.rj.gov.br\/site\/wp-json\/wp\/v2\/pages\/31064","targetHints":{"allow":["GET"]}}],"collection":[{"href":"https:\/\/www.fazenda.niteroi.rj.gov.br\/site\/wp-json\/wp\/v2\/pages"}],"about":[{"href":"https:\/\/www.fazenda.niteroi.rj.gov.br\/site\/wp-json\/wp\/v2\/types\/page"}],"author":[{"embeddable":true,"href":"https:\/\/www.fazenda.niteroi.rj.gov.br\/site\/wp-json\/wp\/v2\/users\/41"}],"replies":[{"embeddable":true,"href":"https:\/\/www.fazenda.niteroi.rj.gov.br\/site\/wp-json\/wp\/v2\/comments?post=31064"}],"version-history":[{"count":4,"href":"https:\/\/www.fazenda.niteroi.rj.gov.br\/site\/wp-json\/wp\/v2\/pages\/31064\/revisions"}],"predecessor-version":[{"id":31167,"href":"https:\/\/www.fazenda.niteroi.rj.gov.br\/site\/wp-json\/wp\/v2\/pages\/31064\/revisions\/31167"}],"wp:featuredmedia":[{"embeddable":true,"href":"https:\/\/www.fazenda.niteroi.rj.gov.br\/site\/wp-json\/wp\/v2\/media\/31072"}],"wp:attachment":[{"href":"https:\/\/www.fazenda.niteroi.rj.gov.br\/site\/wp-json\/wp\/v2\/media?parent=31064"}],"curies":[{"name":"wp","href":"https:\/\/api.w.org\/{rel}","templated":true}]}}