{"id":32602,"date":"2025-09-29T17:32:41","date_gmt":"2025-09-29T20:32:41","guid":{"rendered":"https:\/\/www.fazenda.niteroi.rj.gov.br\/site\/?page_id=32602"},"modified":"2025-10-10T09:36:04","modified_gmt":"2025-10-10T12:36:04","slug":"pesquisa-publica","status":"publish","type":"page","link":"https:\/\/www.fazenda.niteroi.rj.gov.br\/site\/pesquisa-publica\/","title":{"rendered":"Pesquisa P\u00fablica"},"content":{"rendered":"\n[et_pb_section fb_built=&#8221;1&#8243; _builder_version=&#8221;4.20.4&#8243; _module_preset=&#8221;default&#8221; custom_padding=&#8221;1%||||false|false&#8221; global_colors_info=&#8221;{}&#8221;][et_pb_row _builder_version=&#8221;4.20.4&#8243; _module_preset=&#8221;default&#8221; width=&#8221;100%&#8221; max_width=&#8221;100%&#8221; global_colors_info=&#8221;{}&#8221;][et_pb_column type=&#8221;4_4&#8243; _builder_version=&#8221;4.20.4&#8243; _module_preset=&#8221;default&#8221; global_colors_info=&#8221;{}&#8221;][et_pb_image src=&#8221;https:\/\/www.fazenda.niteroi.rj.gov.br\/site\/wp-content\/uploads\/2025\/09\/consulta-publica-banner-site.png&#8221; title_text=&#8221;Pesquisa P\u00fablica&#8221; _builder_version=&#8221;4.20.4&#8243; _module_preset=&#8221;default&#8221; global_colors_info=&#8221;{}&#8221;][\/et_pb_image][et_pb_text _builder_version=&#8221;4.20.4&#8243; _module_preset=&#8221;default&#8221; global_colors_info=&#8221;{}&#8221;]<p><span>A Secretaria Municipal de Fazenda de Niter\u00f3i (SMF) est\u00e1 lan\u00e7ando uma pesquisa p\u00fablica para ouvir a opini\u00e3o dos cidad\u00e3os sobre os servi\u00e7os oferecidos, tanto online quanto presencial. As perguntas tratam de como a comunica\u00e7\u00e3o \u00e9 feita, da facilidade para acessar os servi\u00e7os, da qualidade do atendimento e de como a SMF \u00e9 vista pela popula\u00e7\u00e3o.<br \/>\u3164<\/span><\/p>\n<p><span><\/span><\/p>\n<p><span><\/span><\/p>\n<p><span><\/span><\/p>\n<p><span><\/span><\/p>\n<p><span><\/span><\/p>\n<p><span><\/span><\/p>\n<p><span><\/span><\/p>\n<div><\/div>\n<p><span>Com as respostas, ser\u00e1 poss\u00edvel entender o que j\u00e1 funciona bem e o que precisa melhorar nos canais de atendimento, como WhatsApp, site, redes sociais e atendimento na Central de Atendimento ao Cidad\u00e3o (CAC). Esses resultados v\u00e3o auxiliar a SMF a tomar decis\u00f5es melhores e a se aproximar ainda mais dos moradores de Niter\u00f3i.<\/span><\/p>[\/et_pb_text][\/et_pb_column][\/et_pb_row][et_pb_row column_structure=&#8221;1_3,2_3&#8243; _builder_version=&#8221;4.20.4&#8243; _module_preset=&#8221;default&#8221; width=&#8221;100%&#8221; max_width=&#8221;100%&#8221; global_colors_info=&#8221;{}&#8221;][et_pb_column type=&#8221;1_3&#8243; _builder_version=&#8221;4.20.4&#8243; _module_preset=&#8221;default&#8221; global_colors_info=&#8221;{}&#8221;][et_pb_image src=&#8221;https:\/\/www.fazenda.niteroi.rj.gov.br\/site\/wp-content\/uploads\/2025\/10\/Feed-Consulta-Publica-1.png&#8221; title_text=&#8221;Feed &#8211; Consulta P\u00fablica (1)&#8221; align=&#8221;center&#8221; force_fullwidth=&#8221;on&#8221; _builder_version=&#8221;4.27.0&#8243; _module_preset=&#8221;default&#8221; global_colors_info=&#8221;{}&#8221;][\/et_pb_image][\/et_pb_column][et_pb_column type=&#8221;2_3&#8243; _builder_version=&#8221;4.20.4&#8243; _module_preset=&#8221;default&#8221; global_colors_info=&#8221;{}&#8221;][et_pb_text _builder_version=&#8221;4.20.4&#8243; _module_preset=&#8221;default&#8221; global_colors_info=&#8221;{}&#8221;]<p>A pesquisa foi criada a partir de um desejo interno da Secretaria em entender melhor quais s\u00e3os os servi\u00e7os mais buscados pelos cidad\u00e3os e se eles est\u00e3o sendo atendidos pelos canais de contato.<br \/>\u3164<br \/>\u3164<\/p>[\/et_pb_text][et_pb_text _builder_version=&#8221;4.20.4&#8243; _module_preset=&#8221;default&#8221; global_colors_info=&#8221;{}&#8221;]<p>Como o intuito da pesquisa \u00e9 atender aos cidad\u00e3os de Niter\u00f3i, \u00e9 ideal que seja respondida por moradores da cidade ou pessoas que possuem um im\u00f3vel em Niter\u00f3i e que frequentam ou n\u00e3o os servi\u00e7os presenciais do CAC; que utilizam os servi\u00e7os digitais dispon\u00edveis em nosso site ou no Portal de Servi\u00e7os de Niter\u00f3i; que interagem conosco nas redes sociais (WhatsApp, Instagram, Facebook, entre outros); e\/ou que recebem a carta de IPTU.<\/p>[\/et_pb_text][\/et_pb_column][\/et_pb_row][et_pb_row _builder_version=&#8221;4.20.4&#8243; _module_preset=&#8221;default&#8221; width=&#8221;100%&#8221; max_width=&#8221;100%&#8221; global_colors_info=&#8221;{}&#8221;][et_pb_column type=&#8221;4_4&#8243; _builder_version=&#8221;4.20.4&#8243; _module_preset=&#8221;default&#8221; global_colors_info=&#8221;{}&#8221;][et_pb_image src=&#8221;https:\/\/www.fazenda.niteroi.rj.gov.br\/site\/wp-content\/uploads\/2025\/09\/consulta-publica-banner-site-botao.png&#8221; title_text=&#8221;consulta-publica-banner-site-botao&#8221; url=&#8221;https:\/\/consultas.colab.re\/pesquisa-publica&#8221; _builder_version=&#8221;4.27.0&#8243; _module_preset=&#8221;default&#8221; max_width=&#8221;100%&#8221; hover_enabled=&#8221;0&#8243; global_colors_info=&#8221;{}&#8221; url_new_window=&#8221;on&#8221; sticky_enabled=&#8221;0&#8243;][\/et_pb_image][\/et_pb_column][\/et_pb_row][\/et_pb_section]\n","protected":false},"excerpt":{"rendered":"<p>A Secretaria Municipal de Fazenda de Niter\u00f3i (SMF) est\u00e1 lan\u00e7ando uma pesquisa p\u00fablica para ouvir a opini\u00e3o dos cidad\u00e3os sobre os servi\u00e7os oferecidos, tanto online quanto presencial. As perguntas tratam [&hellip;]<\/p>\n","protected":false},"author":23,"featured_media":0,"parent":0,"menu_order":0,"comment_status":"closed","ping_status":"closed","template":"","meta":{"_et_pb_use_builder":"on","_et_pb_old_content":"","_et_gb_content_width":"","_usar_header_alternativo":false,"footnotes":""},"class_list":["post-32602","page","type-page","status-publish","hentry"],"_links":{"self":[{"href":"https:\/\/www.fazenda.niteroi.rj.gov.br\/site\/wp-json\/wp\/v2\/pages\/32602","targetHints":{"allow":["GET"]}}],"collection":[{"href":"https:\/\/www.fazenda.niteroi.rj.gov.br\/site\/wp-json\/wp\/v2\/pages"}],"about":[{"href":"https:\/\/www.fazenda.niteroi.rj.gov.br\/site\/wp-json\/wp\/v2\/types\/page"}],"author":[{"embeddable":true,"href":"https:\/\/www.fazenda.niteroi.rj.gov.br\/site\/wp-json\/wp\/v2\/users\/23"}],"replies":[{"embeddable":true,"href":"https:\/\/www.fazenda.niteroi.rj.gov.br\/site\/wp-json\/wp\/v2\/comments?post=32602"}],"version-history":[{"count":5,"href":"https:\/\/www.fazenda.niteroi.rj.gov.br\/site\/wp-json\/wp\/v2\/pages\/32602\/revisions"}],"predecessor-version":[{"id":32831,"href":"https:\/\/www.fazenda.niteroi.rj.gov.br\/site\/wp-json\/wp\/v2\/pages\/32602\/revisions\/32831"}],"wp:attachment":[{"href":"https:\/\/www.fazenda.niteroi.rj.gov.br\/site\/wp-json\/wp\/v2\/media?parent=32602"}],"curies":[{"name":"wp","href":"https:\/\/api.w.org\/{rel}","templated":true}]}}