{"id":3366,"date":"2017-01-03T11:04:29","date_gmt":"2017-01-03T13:04:29","guid":{"rendered":"http:\/\/fazenda.niteroi.rj.gov.br\/site\/?page_id=3366"},"modified":"2025-05-13T16:27:58","modified_gmt":"2025-05-13T19:27:58","slug":"concedidos","status":"publish","type":"page","link":"https:\/\/www.fazenda.niteroi.rj.gov.br\/site\/alvara\/concedidos\/","title":{"rendered":"Mapa dos Alvar\u00e1s &#8211; Niter\u00f3i 2016"},"content":{"rendered":"\n<iframe loading=\"lazy\" src=\"https:\/\/www.fazenda.niteroi.rj.gov.br\/servs\/alvaras-tableau.html\" width=\"300\" height=\"1180\"><\/iframe>\n","protected":false},"excerpt":{"rendered":"<p>Infogr\u00e1fico dos alvar\u00e1s concedidos em Niter\u00f3i, dividido por bairro e ano.<\/p>\n","protected":false},"author":1,"featured_media":0,"parent":549,"menu_order":0,"comment_status":"closed","ping_status":"closed","template":"","meta":{"_et_pb_use_builder":"","_et_pb_old_content":"","_et_gb_content_width":"","_usar_header_alternativo":false,"footnotes":""},"class_list":["post-3366","page","type-page","status-publish","hentry"],"_links":{"self":[{"href":"https:\/\/www.fazenda.niteroi.rj.gov.br\/site\/wp-json\/wp\/v2\/pages\/3366","targetHints":{"allow":["GET"]}}],"collection":[{"href":"https:\/\/www.fazenda.niteroi.rj.gov.br\/site\/wp-json\/wp\/v2\/pages"}],"about":[{"href":"https:\/\/www.fazenda.niteroi.rj.gov.br\/site\/wp-json\/wp\/v2\/types\/page"}],"author":[{"embeddable":true,"href":"https:\/\/www.fazenda.niteroi.rj.gov.br\/site\/wp-json\/wp\/v2\/users\/1"}],"replies":[{"embeddable":true,"href":"https:\/\/www.fazenda.niteroi.rj.gov.br\/site\/wp-json\/wp\/v2\/comments?post=3366"}],"version-history":[{"count":1,"href":"https:\/\/www.fazenda.niteroi.rj.gov.br\/site\/wp-json\/wp\/v2\/pages\/3366\/revisions"}],"predecessor-version":[{"id":31758,"href":"https:\/\/www.fazenda.niteroi.rj.gov.br\/site\/wp-json\/wp\/v2\/pages\/3366\/revisions\/31758"}],"up":[{"embeddable":true,"href":"https:\/\/www.fazenda.niteroi.rj.gov.br\/site\/wp-json\/wp\/v2\/pages\/549"}],"wp:attachment":[{"href":"https:\/\/www.fazenda.niteroi.rj.gov.br\/site\/wp-json\/wp\/v2\/media?parent=3366"}],"curies":[{"name":"wp","href":"https:\/\/api.w.org\/{rel}","templated":true}]}}