{"id":45,"date":"2016-05-03T10:23:55","date_gmt":"2016-05-03T13:23:55","guid":{"rendered":"http:\/\/localhost:8080\/smf\/?page_id=45"},"modified":"2025-12-16T11:53:19","modified_gmt":"2025-12-16T14:53:19","slug":"iptu","status":"publish","type":"page","link":"https:\/\/www.fazenda.niteroi.rj.gov.br\/site\/servicos\/iptu\/","title":{"rendered":"2\u00aa via de IPTU e informa\u00e7\u00f5es do im\u00f3vel"},"content":{"rendered":"\n<h2 class=\"wp-block-heading\">Orienta\u00e7\u00f5es<\/h2>\n\n\n\n<ul class=\"wp-block-list\">\n<li>Clique no bot\u00e3o abaixo e informe a matr\u00edcula do im\u00f3vel (incluindo o d\u00edgito verificador, sem h\u00edfen).<\/li>\n\n\n\n<li>Na tela seguinte, ser\u00e3o apresentadas as informa\u00e7\u00f5es b\u00e1sicas do im\u00f3vel, as parcelas do IPTU do ano vigente e, em verde, a cota \u00fanica com desconto (se ainda n\u00e3o vencida). <\/li>\n\n\n\n<li>Clique em <strong>Gerar Cota \u00danica <\/strong>ou marque as parcelas e clique em <strong>Gerar Guias Mensais<\/strong>. A op\u00e7\u00e3o <em>Gerar Guia Consolidada<\/em> gerar\u00e1 uma guia de pagamento \u00fanica para as parcelas selecionadas. <\/li>\n\n\n\n<li>Clique em <strong>Imprimir ficha de lan\u00e7amento<\/strong> para verificar as informa\u00e7\u00f5es do im\u00f3vel usadas no c\u00e1lculo do imposto.<\/li>\n\n\n\n<li>Caso haja d\u00e9bitos de IPTU\/TCIL pendentes, eles poder\u00e3o ser verificados no final da p\u00e1gina, em <strong>Inicial Foro<\/strong> (d\u00e9bitos cobrados judicialmente), <strong>IPTU 2022<\/strong> ou <strong>Parcelamento Fazenda<\/strong> (d\u00e9bitos cobrados administrativamente).<\/li>\n\n\n\n<li>Para emitir&nbsp;<a href=\"https:\/\/www.fazenda.niteroi.rj.gov.br\/site\/servicos\/certidao-debitos-imobiliarios\/\">certid\u00e3o negativa de d\u00e9bitos imobili\u00e1rios, clique aqui<\/a>.<\/li>\n\n\n\n<li>D\u00favidas? <a href=\"https:\/\/fazenda.niteroi.rj.gov.br\/site\/segunda-via-do-iptu-de-niteroi-passo-a-passo\/\">Assista a um tutorial passo a passo em v\u00eddeo<\/a>.<\/li>\n\n\n\n<li>Acesse a <a href=\"https:\/\/www.fazenda.niteroi.rj.gov.br\/site\/carta-interativa\/\" data-type=\"page\" data-id=\"30503\">Carta Interativa<\/a>&nbsp;de&nbsp;IPTU.<\/li>\n<\/ul>\n\n\n\n<div class=\"wp-block-buttons is-horizontal is-content-justification-center is-layout-flex wp-container-core-buttons-is-layout-1 wp-block-buttons-is-layout-flex\">\n<div class=\"wp-block-button\"><a class=\"wp-block-button__link has-very-light-gray-color has-vivid-cyan-blue-background-color has-text-color has-background wp-element-button\" href=\"\/servs\/2via.php?p=iptu\">2\u00aa Via de IPTU<\/a><\/div>\n<\/div>\n","protected":false},"excerpt":{"rendered":"<p>Orienta\u00e7\u00f5es<\/p>\n","protected":false},"author":1,"featured_media":0,"parent":580,"menu_order":0,"comment_status":"closed","ping_status":"closed","template":"","meta":{"_et_pb_use_builder":"off","_et_pb_old_content":"<h2>Orienta\u00e7\u00f5es<\/h2><ul><li>Informe\u00a0a inscri\u00e7\u00e3o municipal\u00a0do im\u00f3vel;<\/li><li>Na tela seguinte, selecione a op\u00e7\u00e3o:<ul><li><strong>IPTU 2017<\/strong>, ou;<\/li><li>Cobran\u00e7a administrativa (anos anteriores, se houver), ou;<\/li><li>Relat\u00f3rio de d\u00e9bitos (resumido ou completo), ou;<\/li><li>Informa\u00e7\u00f5es do im\u00f3vel.<\/li><\/ul><\/li><li>Para emiss\u00e3o das cotas:<ul><li>Cota Anual (se dispon\u00edvel) \u2192 Clique no campo\u00a0correspondente;<\/li><li>\u00a0Demais cotas (1-12) \u2192 Selecione na coluna da direita uma ou mais cotas;<\/li><li>Clique no bot\u00e3o\u00a0\"Carn\u00ea Banco\".<\/li><\/ul><\/li><li>Mensagem \"Contribuinte sem D\u00e9bitos Pendentes\" \u2192 N\u00e3o \u00e9 necess\u00e1rio emiss\u00e3o da 2\u00aa via do carn\u00ea.<\/li><li>Campo \"Dt. Venc.\" em vermelho \u2192 A cota est\u00e1 em atraso.<\/li><li>Pode ser necess\u00e1rio <a href=\"http:\/\/centraldeajuda.globo.com\/minha-conta\/Pagamento\/Informacoes-de-pagamento\/noticia\/2015\/05\/como-faco-para-desbloquear-pop-ups.html\">desbloquear janelas pop-up em seu navegador<\/a>.<\/li><li>Para emitir <a href=\"http:\/\/fazenda.niteroi.rj.gov.br\/site\/servicos\/certidao-negativa-imobiliaria\/\">certid\u00e3o negativa de d\u00e9bitos imobili\u00e1rios, clique aqui<\/a>.<\/li><li><strong>Os\u00a0d\u00e9bitos exibidos levam em conta a data presente,\u00a0portanto refletem o valor das cotas antes dos juros; os juros de financiamento s\u00e3o aplicados apenas\u00a0no carn\u00ea gerado para pagamento, que considera\u00a0o vencimento futuro.<\/strong><\/li><\/ul><p><iframe src=\"http:\/\/portais.niteroi.rj.gov.br\/e-cidadeonline\/digitamatricula.php\" width=\"300\" height=\"150\">Atualize seu navegador.<\/iframe><\/p>","_et_gb_content_width":"","_usar_header_alternativo":false,"footnotes":""},"class_list":["post-45","page","type-page","status-publish","hentry"],"_links":{"self":[{"href":"https:\/\/www.fazenda.niteroi.rj.gov.br\/site\/wp-json\/wp\/v2\/pages\/45","targetHints":{"allow":["GET"]}}],"collection":[{"href":"https:\/\/www.fazenda.niteroi.rj.gov.br\/site\/wp-json\/wp\/v2\/pages"}],"about":[{"href":"https:\/\/www.fazenda.niteroi.rj.gov.br\/site\/wp-json\/wp\/v2\/types\/page"}],"author":[{"embeddable":true,"href":"https:\/\/www.fazenda.niteroi.rj.gov.br\/site\/wp-json\/wp\/v2\/users\/1"}],"replies":[{"embeddable":true,"href":"https:\/\/www.fazenda.niteroi.rj.gov.br\/site\/wp-json\/wp\/v2\/comments?post=45"}],"version-history":[{"count":6,"href":"https:\/\/www.fazenda.niteroi.rj.gov.br\/site\/wp-json\/wp\/v2\/pages\/45\/revisions"}],"predecessor-version":[{"id":34128,"href":"https:\/\/www.fazenda.niteroi.rj.gov.br\/site\/wp-json\/wp\/v2\/pages\/45\/revisions\/34128"}],"up":[{"embeddable":true,"href":"https:\/\/www.fazenda.niteroi.rj.gov.br\/site\/wp-json\/wp\/v2\/pages\/580"}],"wp:attachment":[{"href":"https:\/\/www.fazenda.niteroi.rj.gov.br\/site\/wp-json\/wp\/v2\/media?parent=45"}],"curies":[{"name":"wp","href":"https:\/\/api.w.org\/{rel}","templated":true}]}}