{"id":4500,"date":"2017-05-31T12:25:57","date_gmt":"2017-05-31T15:25:57","guid":{"rendered":"http:\/\/fazenda.niteroi.rj.gov.br\/site\/?page_id=4500"},"modified":"2026-04-15T17:21:42","modified_gmt":"2026-04-15T20:21:42","slug":"relatorios-fiscais","status":"publish","type":"page","link":"https:\/\/www.fazenda.niteroi.rj.gov.br\/site\/relatorios-fiscais\/","title":{"rendered":"Relat\u00f3rios Fiscais"},"content":{"rendered":"\n<p>Nesta p\u00e1gina est\u00e3o dispon\u00edveis o Relat\u00f3rio Resumido da Execu\u00e7\u00e3o Or\u00e7ament\u00e1ria (RREO) e o Relat\u00f3rio de Gest\u00e3o Fiscal (RGF) do Poder Executivo Municipal, documentos que s\u00e3o considerados <strong>instrumentos de transpar\u00eancia da gest\u00e3o fiscal<\/strong> pela Lei Complementar n\u00ba 101\/2000, a <em>Lei de Responsabilidade Fiscal<\/em>.<\/p>\n\n\n\n<h3 class=\"wp-block-heading\">Relat\u00f3rio de&nbsp;Audi\u00eancia P\u00fablica de Presta\u00e7\u00e3o de Contas<\/h3>\n\n\n\n<p>Em cumprimento ao \u00a7 4\u00b0 do art. 9\u00b0 da Lei de Responsabilidade Fiscal, audi\u00eancias p\u00fablicas t\u00eam por objetivo abordar, de forma resumida e acess\u00edvel, a execu\u00e7\u00e3o or\u00e7ament\u00e1ria e financeira, bem como apresentar a execu\u00e7\u00e3o das metas de arrecada\u00e7\u00e3o estabelecidas na LDO.<\/p>\n\n\n\n<ul class=\"wp-block-list\">\n<li><a href=\"https:\/\/www.fazenda.niteroi.rj.gov.br\/site\/wp-content\/uploads\/2024\/05\/AP-2-QUAD-2023.pdf\">Audi\u00eancia P\u00fablica &#8211; 2\u00ba Quadrimestre\/2023<\/a><\/li>\n\n\n\n<li><a href=\"https:\/\/www.fazenda.niteroi.rj.gov.br\/site\/wp-content\/uploads\/2024\/05\/AP-1-QUAD-2023.pdf\">Audi\u00eancia P\u00fablica &#8211; 1\u00ba Quadrimestre\/2023<\/a><\/li>\n\n\n\n<li><a href=\"https:\/\/www.fazenda.niteroi.rj.gov.br\/site\/wp-content\/uploads\/2023\/02\/2020-3-QUAD-Audiencia-Publica-1.pdf\">Audi\u00eancia P\u00fablica &#8211; 3\u00ba Quadrimestre\/2022<\/a><\/li>\n\n\n\n<li><a href=\"https:\/\/www.fazenda.niteroi.rj.gov.br\/site\/wp-content\/uploads\/2023\/02\/2022-2-QUAD-Audiencia-Publica.pdf\">Audi\u00eancia P\u00fablica &#8211; 2\u00ba Quadrimestre\/2022<\/a><\/li>\n\n\n\n<li><a href=\"https:\/\/www.fazenda.niteroi.rj.gov.br\/site\/wp-content\/uploads\/2023\/02\/2022-1-QUAD-Audiencia-Publica.pdf\">Audi\u00eancia P\u00fablica &#8211; 1\u00ba Quadrimestre\/2022<\/a><\/li>\n\n\n\n<li><a href=\"https:\/\/www.fazenda.niteroi.rj.gov.br\/site\/wp-content\/uploads\/2023\/02\/2021-3-QUAD-Audiencia-Publica.pdf\">Audi\u00eancia P\u00fablica &#8211; 3\u00ba Quadrimestre\/2021<\/a><\/li>\n\n\n\n<li><a href=\"https:\/\/www.fazenda.niteroi.rj.gov.br\/site\/wp-content\/uploads\/2023\/02\/2021-2-QUAD-Audiencia-Publica.pdf\">Audi\u00eancia P\u00fablica &#8211; 2\u00ba Quadrimestre\/2021<\/a><\/li>\n\n\n\n<li><a href=\"https:\/\/www.fazenda.niteroi.rj.gov.br\/site\/wp-content\/uploads\/2023\/02\/2021-1-QUAD-Audiencia-Publica.pdf\">Audi\u00eancia P\u00fablica &#8211; 1\u00ba Quadrimestre\/2021<\/a><\/li>\n\n\n\n<li><a href=\"https:\/\/www.fazenda.niteroi.rj.gov.br\/site\/wp-content\/uploads\/2023\/02\/2020-3-QUAD-Audiencia-Publica.pdf\">Audi\u00eancia P\u00fablica &#8211; 3\u00ba Quadrimestre\/2020<\/a><\/li>\n\n\n\n<li><a href=\"https:\/\/www.fazenda.niteroi.rj.gov.br\/site\/wp-content\/uploads\/2023\/02\/2020-2-QUAD-Audiencia-Publica.pdf\">Audi\u00eancia P\u00fablica &#8211; 2\u00ba Quadrimestre\/2020<\/a><\/li>\n\n\n\n<li><a href=\"https:\/\/fazenda.niteroi.rj.gov.br\/site\/wp-content\/uploads\/2020\/06\/AUDIENCIA-PUBLICA-1-QUAD-2020.pdf\">Audi\u00eancia P\u00fablica &#8211; 1\u00ba Quadrimestre\/2020<\/a><\/li>\n\n\n\n<li><a href=\"https:\/\/fazenda.niteroi.rj.gov.br\/site\/wp-content\/uploads\/2020\/06\/AUDIENCIA-PUBLICA-3-QUAD-2019.pdf\">Audi\u00eancia P\u00fablica &#8211; 3\u00ba Quadrimestre\/2019<\/a><\/li>\n\n\n\n<li><a href=\"https:\/\/www.fazenda.niteroi.rj.gov.br\/site\/wp-content\/uploads\/2019\/11\/AUDIENCIA-PUBLICA-2o-QUADRIMESTRE-2019.pdf\">Audi\u00eancia P\u00fablica &#8211; 2\u00ba Quadrimestre\/2019<\/a><\/li>\n\n\n\n<li><a href=\"http:\/\/fazenda.niteroi.rj.gov.br\/site\/wp-content\/uploads\/2019\/05\/Audiencia-Publica-2019-1QUAD.pdf\">Audi\u00eancia P\u00fablica &#8211; 1\u00ba Quadrimestre\/2019<\/a><\/li>\n<\/ul>\n\n\n\n<h3 class=\"wp-block-heading\">RGF &#8211; Relat\u00f3rios de Gest\u00e3o Fiscal<\/h3>\n\n\n\n<p>O Relat\u00f3rio de Gest\u00e3o Fiscal (RGF) \u00e9 um dos instrumentos de transpar\u00eancia da gest\u00e3o fiscal que foram criados pela LRF. Especificamente, o RGF objetiva o controle, o monitoramento e a publicidade do cumprimento, por parte dos entes federativos, dos limites estabelecidos pela LRF: Despesas com Pessoal, D\u00edvida Consolidada L\u00edquida, Concess\u00e3o de Garantias e Contrata\u00e7\u00e3o de Opera\u00e7\u00f5es de Cr\u00e9dito. Todos esses limites s\u00e3o definidos em percentuais da Receita Corrente L\u00edquida (RCL).<\/p>\n\n\n\n<ul class=\"wp-block-list\">\n<li><a href=\"https:\/\/www.fazenda.niteroi.rj.gov.br\/site\/wp-content\/uploads\/2026\/04\/DRGF-2025.zip\">Demonstrativo Consolidado do Relat\u00f3rio de Gest\u00e3o Fiscal (DRGF) 2025<\/a><\/li>\n\n\n\n<li><a href=\"https:\/\/www.fazenda.niteroi.rj.gov.br\/site\/wp-content\/uploads\/2026\/04\/RGF-3QUAD-2025.zip\">RGF &#8211; 3\u00ba Quadrimestre\/2025<\/a><\/li>\n\n\n\n<li><a href=\"https:\/\/www.fazenda.niteroi.rj.gov.br\/site\/wp-content\/uploads\/2025\/09\/RGF-2QUAD-2025.zip\">RGF &#8211; 2\u00ba Quadrimestre\/2025<\/a><\/li>\n\n\n\n<li><a href=\"https:\/\/www.fazenda.niteroi.rj.gov.br\/site\/wp-content\/uploads\/2025\/11\/RGF-2025-1Q.zip\">RGF &#8211; 1\u00ba Quadrimestre\/2025<\/a><\/li>\n\n\n\n<li><a href=\"https:\/\/www.fazenda.niteroi.rj.gov.br\/site\/wp-content\/uploads\/2025\/02\/RGF-4QUAD-2024.zip\">RGF &#8211; 3\u00ba Quadrimestre\/2024<\/a><\/li>\n\n\n\n<li><a href=\"https:\/\/www.fazenda.niteroi.rj.gov.br\/site\/wp-content\/uploads\/2024\/10\/RGF-2-QUAD-2024.zip\">RGF &#8211; 2\u00ba Quadrimestre\/2024<\/a><\/li>\n\n\n\n<li><a href=\"https:\/\/www.fazenda.niteroi.rj.gov.br\/site\/wp-content\/uploads\/2025\/11\/RGF-2024-1Q.zip\">RGF &#8211; 1\u00ba Quadrimestre\/2024<\/a><\/li>\n\n\n\n<li><a href=\"https:\/\/www.fazenda.niteroi.rj.gov.br\/site\/wp-content\/uploads\/2024\/05\/RGF-3-QUAD-2023.zip\">RGF &#8211; 3\u00ba Quadrimestre\/2023<\/a><\/li>\n\n\n\n<li><a href=\"https:\/\/www.fazenda.niteroi.rj.gov.br\/site\/wp-content\/uploads\/2024\/02\/RGF-2-QUAD-2023.zip\">RGF \u2013 2\u00ba Quadrimestre\/2023<\/a><\/li>\n\n\n\n<li><a href=\"https:\/\/www.fazenda.niteroi.rj.gov.br\/site\/wp-content\/uploads\/2024\/02\/RGF-1-QUAD-2023.zip\">RGF \u2013 1\u00ba Quadrimestre\/2023<\/a><\/li>\n\n\n\n<li><a href=\"https:\/\/www.fazenda.niteroi.rj.gov.br\/site\/wp-content\/uploads\/2023\/02\/RGF-2022-3QUAD.zip\">RGF \u2013 3\u00ba Quadrimestre\/2022<\/a><\/li>\n\n\n\n<li><a href=\"https:\/\/www.fazenda.niteroi.rj.gov.br\/site\/wp-content\/uploads\/2024\/02\/RGF-2-QUAD-2022.zip\">RGF \u2013 2\u00ba Quadrimestre\/2022<\/a><\/li>\n\n\n\n<li><a href=\"https:\/\/www.fazenda.niteroi.rj.gov.br\/site\/wp-content\/uploads\/2024\/02\/RGF-1-QUAD-2022.zip\">RGF \u2013 1\u00ba Quadrimestre\/2022<\/a><\/li>\n\n\n\n<li><a href=\"https:\/\/www.fazenda.niteroi.rj.gov.br\/site\/wp-content\/uploads\/2024\/02\/RGF-3-QUAD-2021.zip\">RGF \u2013 3\u00ba Quadrimestre\/2021<\/a><\/li>\n\n\n\n<li><a href=\"https:\/\/www.fazenda.niteroi.rj.gov.br\/site\/wp-content\/uploads\/2024\/02\/RGF-2-QUAD-2021.zip\">RGF \u2013 2\u00ba Quadrimestre\/2021<\/a><\/li>\n\n\n\n<li><a href=\"https:\/\/fazenda.niteroi.rj.gov.br\/site\/wp-content\/uploads\/2021\/05\/RGF_1QUAD_2021.zip\">RGF \u2013 1\u00ba Quadrimestre\/2021<\/a><\/li>\n\n\n\n<li><a href=\"https:\/\/fazenda.niteroi.rj.gov.br\/site\/wp-content\/uploads\/2021\/02\/2020-DCRGF.zip\">Demonstrativo Consolidado RGF 2020<\/a><\/li>\n\n\n\n<li><a href=\"https:\/\/fazenda.niteroi.rj.gov.br\/site\/wp-content\/uploads\/2021\/02\/RGF-2020-3QUAD.zip\">RGF \u2013 3\u00ba Quadrimestre\/2020<\/a><\/li>\n\n\n\n<li><a href=\"https:\/\/fazenda.niteroi.rj.gov.br\/site\/wp-content\/uploads\/2020\/10\/RGF-2020-2QUAD.zip\">RGF \u2013 2\u00ba Quadrimestre\/2020<\/a><\/li>\n\n\n\n<li><a href=\"https:\/\/fazenda.niteroi.rj.gov.br\/site\/wp-content\/uploads\/2020\/06\/RGF-2020-1QUAD.zip\">RGF \u2013 1\u00ba Quadrimestre\/2020<\/a><\/li>\n\n\n\n<li><a href=\"https:\/\/fazenda.niteroi.rj.gov.br\/site\/wp-content\/uploads\/2020\/02\/RGF-3o-Quadrimestre-2019.zip\">RGF \u2013 3\u00ba Quadrimestre\/2019<\/a><\/li>\n\n\n\n<li><a href=\"https:\/\/fazenda.niteroi.rj.gov.br\/site\/wp-content\/uploads\/2019\/09\/RGF-2019-2QUAD.zip\">RGF \u2013 2\u00ba Quadrimestre\/2019<\/a><\/li>\n\n\n\n<li><a href=\"https:\/\/fazenda.niteroi.rj.gov.br\/site\/wp-content\/uploads\/2019\/05\/RGF-2019-1QUAD.zip\">RGF \u2013 1\u00ba Quadrimestre\/2019<\/a><\/li>\n\n\n\n<li><a href=\"https:\/\/fazenda.niteroi.rj.gov.br\/site\/wp-content\/uploads\/2019\/02\/RGF-2018-3QUAD.zip\">RGF \u2013 3\u00ba Quadrimestre\/2018<\/a><\/li>\n\n\n\n<li><a href=\"https:\/\/fazenda.niteroi.rj.gov.br\/site\/wp-content\/uploads\/2018\/12\/RGF-2018-2QUAD.zip\">RGF \u2013 2\u00ba Quadrimestre\/2018<\/a><\/li>\n\n\n\n<li><a href=\"https:\/\/fazenda.niteroi.rj.gov.br\/site\/wp-content\/uploads\/2018\/06\/RGF-2018-1QUAD.zip\">RGF \u2013 1\u00ba Quadrimestre\/2018<\/a><\/li>\n\n\n\n<li><a href=\"https:\/\/fazenda.niteroi.rj.gov.br\/site\/wp-content\/uploads\/2019\/02\/RGF-2017-3QUAD-atualizado.zip\">RGF \u2013 3\u00ba Quadrimestre\/2017<\/a><\/li>\n\n\n\n<li><a href=\"https:\/\/fazenda.niteroi.rj.gov.br\/site\/wp-content\/uploads\/2017\/05\/RGF-2017-2QUAD.zip\">RGF \u2013 2\u00ba Quadrimestre\/2017<\/a><\/li>\n\n\n\n<li><a href=\"https:\/\/fazenda.niteroi.rj.gov.br\/site\/wp-content\/uploads\/2017\/05\/RGF-2017-1QUAD.pdf\">RGF \u2013 1\u00ba Quadrimestre\/2017<\/a><\/li>\n<\/ul>\n\n\n\n<h3 class=\"wp-block-heading\">RREO &#8211; Relat\u00f3rios Resumidos da Execu\u00e7\u00e3o Or\u00e7ament\u00e1ria<\/h3>\n\n\n\n<p>O Relat\u00f3rio Resumido da Execu\u00e7\u00e3o Or\u00e7ament\u00e1ria (RREO) \u00e9 um relat\u00f3rio exigido pela Constitui\u00e7\u00e3o Federal de 1988 e tem a sua estrutura definida pela Lei de Responsabilidade Fiscal (LRF), compreendendo demonstrativos como o Balan\u00e7o Or\u00e7ament\u00e1rio, Despesas Or\u00e7ament\u00e1rias por Fun\u00e7\u00e3o e Subfun\u00e7\u00e3o, Receita Corrente L\u00edquida, Resultados dos Regimes Pr\u00f3prio e Geral de Previd\u00eancia Social (RPPS e RGPS), Resultados Prim\u00e1rio e Nominal, Cumprimento dos M\u00ednimos Constitucionais com Sa\u00fade e Educa\u00e7\u00e3o e Execu\u00e7\u00e3o dos Restos a Pagar inscritos no exerc\u00edcio anterior.<\/p>\n\n\n\n<div class=\"wp-block-columns is-layout-flex wp-container-core-columns-is-layout-1 wp-block-columns-is-layout-flex\">\n<div class=\"wp-block-column is-layout-flow wp-block-column-is-layout-flow\" style=\"flex-basis:100%\">\n<ul class=\"wp-block-list\">\n<li><a href=\"https:\/\/www.fazenda.niteroi.rj.gov.br\/site\/wp-content\/uploads\/2026\/04\/RREO-1BIM-2026.zip\">RREO \u2013 1\u00ba Bimestre\/2026<\/a><\/li>\n\n\n\n<li><a href=\"https:\/\/www.fazenda.niteroi.rj.gov.br\/site\/wp-content\/uploads\/2026\/04\/RREO-6BIM-2025.zip\">RREO \u2013 6\u00ba Bimestre\/2025<\/a><\/li>\n\n\n\n<li><a href=\"https:\/\/www.fazenda.niteroi.rj.gov.br\/site\/wp-content\/uploads\/2026\/04\/RREO-5BIM-2025.zip\">RREO \u2013 5\u00ba Bimestre\/2025<\/a><\/li>\n\n\n\n<li><a href=\"https:\/\/www.fazenda.niteroi.rj.gov.br\/site\/wp-content\/uploads\/2025\/09\/RREO-4BIM-2025.zip\">RREO \u2013 4\u00ba Bimestre\/2025<\/a><\/li>\n\n\n\n<li><a href=\"https:\/\/www.fazenda.niteroi.rj.gov.br\/site\/wp-content\/uploads\/2025\/11\/RREO-2025-3B.zip\">RREO \u2013 3\u00ba Bimestre\/2025<\/a><\/li>\n\n\n\n<li><a href=\"https:\/\/www.fazenda.niteroi.rj.gov.br\/site\/wp-content\/uploads\/2025\/11\/RREO-2025-2B.zip\">RREO \u2013 2\u00ba Bimestre\/2025<\/a><\/li>\n\n\n\n<li><a href=\"https:\/\/www.fazenda.niteroi.rj.gov.br\/site\/wp-content\/uploads\/2025\/11\/RREO-2025-1B.zip\">RREO \u2013 1\u00ba Bimestre\/2025<\/a><\/li>\n\n\n\n<li><a href=\"https:\/\/www.fazenda.niteroi.rj.gov.br\/site\/wp-content\/uploads\/2025\/02\/RREO-6BIM-2024.zip\">RREO \u2013 6\u00ba Bimestre\/2024<\/a><\/li>\n\n\n\n<li><a href=\"https:\/\/www.fazenda.niteroi.rj.gov.br\/site\/wp-content\/uploads\/2024\/12\/RREO-5BIM-2024.zip\">RREO \u2013 5\u00ba Bimestre\/2024<\/a><\/li>\n\n\n\n<li><a href=\"https:\/\/www.fazenda.niteroi.rj.gov.br\/site\/wp-content\/uploads\/2024\/10\/RREO-4-BIM-2024.zip\">RREO \u2013 4\u00ba Bimestre\/2024<\/a><\/li>\n\n\n\n<li><a href=\"https:\/\/www.fazenda.niteroi.rj.gov.br\/site\/wp-content\/uploads\/2025\/11\/RREO-2024-3B.zip\">RREO \u2013 3\u00ba Bimestre\/2024<\/a><\/li>\n\n\n\n<li><a href=\"https:\/\/www.fazenda.niteroi.rj.gov.br\/site\/wp-content\/uploads\/2025\/11\/RREO-2024-2B.zip\">RREO \u2013 2\u00ba Bimestre\/2024<\/a><\/li>\n\n\n\n<li><a href=\"https:\/\/www.fazenda.niteroi.rj.gov.br\/site\/wp-content\/uploads\/2025\/11\/RREO-2024-1B.zip\">RREO \u2013 1\u00ba Bimestre\/2024<\/a><\/li>\n\n\n\n<li><a href=\"https:\/\/www.fazenda.niteroi.rj.gov.br\/site\/wp-content\/uploads\/2024\/05\/RREO-6-BIM-2023.zip\">RREO \u2013 6\u00ba Bimestre\/2023<\/a><\/li>\n\n\n\n<li><a href=\"https:\/\/www.fazenda.niteroi.rj.gov.br\/site\/wp-content\/uploads\/2024\/05\/RREO-5-BIM-2023.zip\">RREO \u2013 5\u00ba Bimestre\/2023<\/a><\/li>\n\n\n\n<li><a href=\"https:\/\/www.fazenda.niteroi.rj.gov.br\/site\/wp-content\/uploads\/2024\/05\/RREO-4-BIM-2023.zip\">RREO \u2013 4\u00ba Bimestre\/2023<\/a><\/li>\n\n\n\n<li><a href=\"https:\/\/www.fazenda.niteroi.rj.gov.br\/site\/wp-content\/uploads\/2025\/11\/RREO-2023-3B.zip\">RREO \u2013 3\u00ba Bimestre\/2023<\/a><\/li>\n\n\n\n<li><a href=\"https:\/\/www.fazenda.niteroi.rj.gov.br\/site\/wp-content\/uploads\/2024\/05\/RREO-2-BIM-2023.zip\">RREO \u2013 2\u00ba Bimestre\/2023<\/a><\/li>\n\n\n\n<li><a href=\"https:\/\/www.fazenda.niteroi.rj.gov.br\/site\/wp-content\/uploads\/2024\/05\/RREO-1-BIM-2023.zip\">RREO \u2013 1\u00ba Bimestre\/2023<\/a><\/li>\n\n\n\n<li><a href=\"https:\/\/www.fazenda.niteroi.rj.gov.br\/site\/wp-content\/uploads\/2023\/02\/RREO-2022-6BI.zip\">RREO \u2013 6\u00ba Bimestre\/2022<\/a><\/li>\n\n\n\n<li><a href=\"https:\/\/www.fazenda.niteroi.rj.gov.br\/site\/wp-content\/uploads\/2025\/11\/RREO-2022-5B.zip\">RREO \u2013 5\u00ba Bimestre\/2022<\/a><\/li>\n\n\n\n<li><a href=\"https:\/\/www.fazenda.niteroi.rj.gov.br\/site\/wp-content\/uploads\/2025\/11\/RREO-2022-4B.zip\">RREO \u2013 4\u00ba Bimestre\/2022<\/a><\/li>\n\n\n\n<li><a href=\"https:\/\/www.fazenda.niteroi.rj.gov.br\/site\/wp-content\/uploads\/2025\/11\/RREO-2022-3B.zip\">RREO \u2013 3\u00ba Bimestre\/2022<\/a><\/li>\n\n\n\n<li><a href=\"https:\/\/www.fazenda.niteroi.rj.gov.br\/site\/wp-content\/uploads\/2026\/04\/RREO-2BIM-2022.zip\">RREO \u2013 2\u00ba Bimestre\/2022<\/a><\/li>\n\n\n\n<li><a href=\"https:\/\/www.fazenda.niteroi.rj.gov.br\/site\/wp-content\/uploads\/2025\/11\/RREO-2022-1B.zip\">RREO \u2013 1\u00ba Bimestre\/2022<\/a><\/li>\n\n\n\n<li><a href=\"https:\/\/www.fazenda.niteroi.rj.gov.br\/site\/wp-content\/uploads\/2025\/11\/RREO-2021-6B.zip\">RREO \u2013 6\u00ba Bimestre\/2021<\/a><\/li>\n\n\n\n<li><a href=\"https:\/\/www.fazenda.niteroi.rj.gov.br\/site\/wp-content\/uploads\/2025\/11\/RREO-2021-5B.zip\">RREO \u2013 5\u00ba Bimestre\/2021<\/a><\/li>\n\n\n\n<li><a href=\"https:\/\/www.fazenda.niteroi.rj.gov.br\/site\/wp-content\/uploads\/2025\/11\/RREO-2021-4B.zip\">RREO \u2013 4\u00ba Bimestre\/2021<\/a><\/li>\n\n\n\n<li><a href=\"https:\/\/www.fazenda.niteroi.rj.gov.br\/site\/wp-content\/uploads\/2025\/11\/RREO-2021-3B.zip\">RREO \u2013 3\u00ba Bimestre\/2021<\/a><\/li>\n\n\n\n<li><a href=\"https:\/\/fazenda.niteroi.rj.gov.br\/site\/wp-content\/uploads\/2021\/05\/RREO_2BIM_2021.zip\">RREO \u2013 2\u00ba Bimestre\/2021<\/a><\/li>\n\n\n\n<li><a href=\"https:\/\/fazenda.niteroi.rj.gov.br\/site\/wp-content\/uploads\/2021\/04\/RREO_1BIM_2021.zip\">RREO \u2013 1\u00ba Bimestre\/2021<\/a><\/li>\n\n\n\n<li><a href=\"https:\/\/fazenda.niteroi.rj.gov.br\/site\/wp-content\/uploads\/2021\/02\/RREO-2020-6BM.zip\">RREO \u2013 6\u00ba Bimestre\/2020<\/a><\/li>\n\n\n\n<li><a href=\"https:\/\/fazenda.niteroi.rj.gov.br\/site\/wp-content\/uploads\/2020\/12\/RREO-2020-5BM.zip\">RREO \u2013 5\u00ba Bimestre\/2020<\/a><\/li>\n\n\n\n<li><a href=\"https:\/\/fazenda.niteroi.rj.gov.br\/site\/wp-content\/uploads\/2020\/10\/RREO-2020-4BM.zip\">RREO \u2013 4\u00ba Bimestre\/2020<\/a><\/li>\n\n\n\n<li><a href=\"https:\/\/fazenda.niteroi.rj.gov.br\/site\/wp-content\/uploads\/2020\/07\/RREO-2020-3BM.zip\">RREO \u2013 3\u00ba Bimestre\/2020<\/a><\/li>\n\n\n\n<li><a href=\"https:\/\/fazenda.niteroi.rj.gov.br\/site\/wp-content\/uploads\/2020\/06\/RREO-2020-2BM.zip\">RREO \u2013 2\u00ba Bimestre\/2020<\/a><\/li>\n\n\n\n<li><a href=\"https:\/\/fazenda.niteroi.rj.gov.br\/site\/wp-content\/uploads\/2020\/04\/2020-1BM.zip\">RREO \u2013 1\u00ba Bimestre\/2020<\/a><\/li>\n\n\n\n<li><a href=\"https:\/\/fazenda.niteroi.rj.gov.br\/site\/wp-content\/uploads\/2020\/02\/RREO-6o-Bimestre-2019.zip\">RREO \u2013 6\u00ba Bimestre\/2019<\/a><\/li>\n\n\n\n<li><a href=\"https:\/\/fazenda.niteroi.rj.gov.br\/site\/wp-content\/uploads\/2019\/12\/RREO-2019-4BIM.zip\">RREO \u2013 5\u00ba Bimestre\/2019<\/a><\/li>\n\n\n\n<li><a href=\"https:\/\/fazenda.niteroi.rj.gov.br\/site\/wp-content\/uploads\/2019\/09\/RREO-2019-4BIM.zip\">RREO \u2013 4\u00ba Bimestre\/2019<\/a><\/li>\n\n\n\n<li><a href=\"https:\/\/fazenda.niteroi.rj.gov.br\/site\/wp-content\/uploads\/2019\/08\/RREO-2019-3BIM.zip\">RREO \u2013 3\u00ba Bimestre\/2019<\/a><\/li>\n\n\n\n<li><a href=\"https:\/\/fazenda.niteroi.rj.gov.br\/site\/wp-content\/uploads\/2019\/05\/RREO-2019-2BIM.zip\">RREO \u2013 2\u00ba Bimestre\/2019<\/a><\/li>\n\n\n\n<li><a href=\"https:\/\/www.fazenda.niteroi.rj.gov.br\/site\/wp-content\/uploads\/2026\/04\/RREO-1BIM-2019.zip\">RREO \u2013 1\u00ba Bimestre\/2019<\/a><\/li>\n\n\n\n<li><a href=\"https:\/\/fazenda.niteroi.rj.gov.br\/site\/wp-content\/uploads\/2019\/02\/RREO-2018-6BIM.zip\">RREO \u2013 6\u00ba Bimestre\/2018<\/a><\/li>\n\n\n\n<li><a href=\"https:\/\/fazenda.niteroi.rj.gov.br\/site\/wp-content\/uploads\/2018\/12\/RREO-2018-5BIM.zip\">RREO \u2013 5\u00ba Bimestre\/2018<\/a><\/li>\n\n\n\n<li><a href=\"https:\/\/fazenda.niteroi.rj.gov.br\/site\/wp-content\/uploads\/2018\/12\/RREO-2018-4BIM.zip\">RREO \u2013 4\u00ba Bimestre\/2018<\/a><\/li>\n\n\n\n<li><a href=\"https:\/\/fazenda.niteroi.rj.gov.br\/site\/wp-content\/uploads\/2018\/12\/RREO-2018-3BIM.zip\">RREO \u2013 3\u00ba Bimestre\/2018<\/a><\/li>\n\n\n\n<li><a href=\"https:\/\/fazenda.niteroi.rj.gov.br\/site\/wp-content\/uploads\/2018\/06\/RREO-2018-2BIM.zip\">RREO \u2013 2\u00ba Bimestre\/2018<\/a><\/li>\n\n\n\n<li><a href=\"https:\/\/fazenda.niteroi.rj.gov.br\/site\/wp-content\/uploads\/2018\/05\/RREO-2018-1BIM.zip\">RREO \u2013 1\u00ba Bimestre\/2018<\/a><\/li>\n\n\n\n<li><a href=\"https:\/\/fazenda.niteroi.rj.gov.br\/site\/wp-content\/uploads\/2019\/02\/RREO-2017-6BIM-atualizado.zip\">RREO \u2013 6\u00ba Bimestre\/2017<\/a><\/li>\n\n\n\n<li><a href=\"https:\/\/fazenda.niteroi.rj.gov.br\/site\/wp-content\/uploads\/2019\/02\/RREO-2017-5BIM-atualizado.zip\">RREO \u2013 5\u00ba Bimestre\/2017<\/a><\/li>\n\n\n\n<li><a href=\"https:\/\/fazenda.niteroi.rj.gov.br\/site\/wp-content\/uploads\/2017\/05\/RREO-2017-4BIM.zip\">RREO \u2013 4\u00ba Bimestre\/2017<\/a><\/li>\n\n\n\n<li><a href=\"https:\/\/fazenda.niteroi.rj.gov.br\/site\/wp-content\/uploads\/2017\/05\/RREO-2017-3BIM.zip\">RREO \u2013 3\u00ba Bimestre\/2017<\/a><\/li>\n\n\n\n<li><a href=\"https:\/\/fazenda.niteroi.rj.gov.br\/site\/wp-content\/uploads\/2017\/05\/RREO-2017-2BIM.pdf\">RREO \u2013 2\u00ba Bimestre\/2017<\/a><\/li>\n\n\n\n<li><a href=\"https:\/\/fazenda.niteroi.rj.gov.br\/site\/wp-content\/uploads\/2017\/05\/RREO-2017-1BIM.pdf\">RREO \u2013 1\u00ba Bimestre\/2017<\/a><\/li>\n<\/ul>\n<\/div>\n<\/div>\n","protected":false},"excerpt":{"rendered":"<p>Relat\u00f3rio Resumido da Execu\u00e7\u00e3o Or\u00e7ament\u00e1ria (RREO) e Relat\u00f3rio de Gest\u00e3o Fiscal (RGF) do Poder Executivo de Niter\u00f3i.<\/p>\n","protected":false},"author":1,"featured_media":0,"parent":0,"menu_order":0,"comment_status":"closed","ping_status":"closed","template":"","meta":{"_et_pb_use_builder":"","_et_pb_old_content":"","_et_gb_content_width":"","_usar_header_alternativo":false,"footnotes":""},"class_list":["post-4500","page","type-page","status-publish","hentry"],"_links":{"self":[{"href":"https:\/\/www.fazenda.niteroi.rj.gov.br\/site\/wp-json\/wp\/v2\/pages\/4500","targetHints":{"allow":["GET"]}}],"collection":[{"href":"https:\/\/www.fazenda.niteroi.rj.gov.br\/site\/wp-json\/wp\/v2\/pages"}],"about":[{"href":"https:\/\/www.fazenda.niteroi.rj.gov.br\/site\/wp-json\/wp\/v2\/types\/page"}],"author":[{"embeddable":true,"href":"https:\/\/www.fazenda.niteroi.rj.gov.br\/site\/wp-json\/wp\/v2\/users\/1"}],"replies":[{"embeddable":true,"href":"https:\/\/www.fazenda.niteroi.rj.gov.br\/site\/wp-json\/wp\/v2\/comments?post=4500"}],"version-history":[{"count":5,"href":"https:\/\/www.fazenda.niteroi.rj.gov.br\/site\/wp-json\/wp\/v2\/pages\/4500\/revisions"}],"predecessor-version":[{"id":34897,"href":"https:\/\/www.fazenda.niteroi.rj.gov.br\/site\/wp-json\/wp\/v2\/pages\/4500\/revisions\/34897"}],"wp:attachment":[{"href":"https:\/\/www.fazenda.niteroi.rj.gov.br\/site\/wp-json\/wp\/v2\/media?parent=4500"}],"curies":[{"name":"wp","href":"https:\/\/api.w.org\/{rel}","templated":true}]}}