{"id":4513,"date":"2017-06-02T14:11:30","date_gmt":"2017-06-02T17:11:30","guid":{"rendered":"http:\/\/fazenda.niteroi.rj.gov.br\/site\/?page_id=4513"},"modified":"2019-05-14T15:26:44","modified_gmt":"2019-05-14T18:26:44","slug":"denuncia","status":"publish","type":"page","link":"https:\/\/www.fazenda.niteroi.rj.gov.br\/site\/servicos\/denuncia\/","title":{"rendered":"Den\u00fancia Tribut\u00e1ria Municipal"},"content":{"rendered":"<p>Que tipo de den\u00fancias a Secretaria da Fazenda de Niter\u00f3i pode investigar?<\/p>\n<ul>\n<li><strong>Sonega\u00e7\u00e3o de NitNota<\/strong> &#8211; <a href=\"http:\/\/fazenda.niteroi.rj.gov.br\/site\/aliquotas-de-iss-e-local-da-tributacao\/tabela\/\">Prestadores de servi\u00e7os<\/a> que se recusem ou dificultem a emitir a NitNota.<\/li>\n<li><strong>Subfaturamento de ISS<\/strong> &#8211; Empresas que declarem menos quantidade ou valor de servi\u00e7os do que realmente prestam.<\/li>\n<li><strong>Fraude de IPTU<\/strong> &#8211; \u00c1rea constru\u00edda ou caracter\u00edsticas diferentes das que constam no Cadastro Imobili\u00e1rio.<\/li>\n<li><strong>Fraude de ITBI<\/strong> &#8211; Im\u00f3vel com valor declarado menor do que o valor real no ato da transa\u00e7\u00e3o imobili\u00e1ria.<\/li>\n<li><strong>Funcionamento ilegal<\/strong> &#8211; Estabelecimentos domiciliados em Niter\u00f3i funcionando sem alvar\u00e1 ou com alvar\u00e1 vencido\/desatualizado.<\/li>\n<li><strong>Publicidade ilegal<\/strong> &#8211; Instala\u00e7\u00e3o de empenas cegas e outdoors sem licen\u00e7a, an\u00fancios sem o recolhimento das taxas devidas etc.<\/li>\n<\/ul>\n<p>Voc\u00ea pode encaminhar sua den\u00fancia atrav\u00e9s de um dos nossos <a href=\"http:\/\/fazenda.niteroi.rj.gov.br\/site\/contato\/\">canais de contato<\/a>.<\/p>\n","protected":false},"excerpt":{"rendered":"<p>Que tipo de den\u00fancias a Secretaria da Fazenda de Niter\u00f3i pode investigar? Sonega\u00e7\u00e3o de NitNota &#8211; Prestadores de servi\u00e7os que se recusem ou dificultem a emitir a NitNota. Subfaturamento de [&hellip;]<\/p>\n","protected":false},"author":1,"featured_media":0,"parent":580,"menu_order":0,"comment_status":"closed","ping_status":"closed","template":"","meta":{"_et_pb_use_builder":"","_et_pb_old_content":"","_et_gb_content_width":"","_usar_header_alternativo":false,"footnotes":""},"class_list":["post-4513","page","type-page","status-publish","hentry"],"_links":{"self":[{"href":"https:\/\/www.fazenda.niteroi.rj.gov.br\/site\/wp-json\/wp\/v2\/pages\/4513","targetHints":{"allow":["GET"]}}],"collection":[{"href":"https:\/\/www.fazenda.niteroi.rj.gov.br\/site\/wp-json\/wp\/v2\/pages"}],"about":[{"href":"https:\/\/www.fazenda.niteroi.rj.gov.br\/site\/wp-json\/wp\/v2\/types\/page"}],"author":[{"embeddable":true,"href":"https:\/\/www.fazenda.niteroi.rj.gov.br\/site\/wp-json\/wp\/v2\/users\/1"}],"replies":[{"embeddable":true,"href":"https:\/\/www.fazenda.niteroi.rj.gov.br\/site\/wp-json\/wp\/v2\/comments?post=4513"}],"version-history":[{"count":0,"href":"https:\/\/www.fazenda.niteroi.rj.gov.br\/site\/wp-json\/wp\/v2\/pages\/4513\/revisions"}],"up":[{"embeddable":true,"href":"https:\/\/www.fazenda.niteroi.rj.gov.br\/site\/wp-json\/wp\/v2\/pages\/580"}],"wp:attachment":[{"href":"https:\/\/www.fazenda.niteroi.rj.gov.br\/site\/wp-json\/wp\/v2\/media?parent=4513"}],"curies":[{"name":"wp","href":"https:\/\/api.w.org\/{rel}","templated":true}]}}