{"id":4579,"date":"2017-06-28T13:04:15","date_gmt":"2017-06-28T16:04:15","guid":{"rendered":"http:\/\/fazenda.niteroi.rj.gov.br\/site\/?page_id=4579"},"modified":"2023-12-06T10:28:32","modified_gmt":"2023-12-06T13:28:32","slug":"iss","status":"publish","type":"page","link":"https:\/\/www.fazenda.niteroi.rj.gov.br\/site\/iss\/","title":{"rendered":"ISS"},"content":{"rendered":"\n<p>O Imposto sobre Servi\u00e7os de Qualquer Natureza \u2013 ISS ou ISSQN \u2013 \u00e9 um tributo previsto no art. 156, III, da Constitui\u00e7\u00e3o Federal de 1988, cuja compet\u00eancia \u00e9 dos Munic\u00edpios e do Distrito Federal. Em Niter\u00f3i, \u00e9 disciplinado pelos artigos 65 a 124 da Lei 2.597\/08 e altera\u00e7\u00f5es (C\u00f3digo Tribut\u00e1rio do Munic\u00edpio), bem como em demais institutos normativos, que podem ser acessados atrav\u00e9s da nossa&nbsp;<a href=\"http:\/\/fazenda.niteroi.rj.gov.br\/site\/categoria\/legislacao\/\">se\u00e7\u00e3o de Legisla\u00e7\u00e3o<\/a>.<\/p>\n\n\n\n<ol class=\"menucaixas wp-block-list\">\n<li><a href=\"https:\/\/www.fazenda.niteroi.rj.gov.br\/site\/servicos\/iss\/\" data-type=\"page\" data-id=\"49\">Consulta e 2\u00aa Via de ISS e Taxas<\/a><\/li>\n\n\n\n<li><a href=\"https:\/\/www.fazenda.niteroi.rj.gov.br\/site\/iss\/informacoes-gerais\/\" data-type=\"page\" data-id=\"4581\">Informa\u00e7\u00f5es Gerais<\/a><\/li>\n\n\n\n<li><a href=\"http:\/\/fazenda.niteroi.rj.gov.br\/site\/iss\/incidencia-e-local-da-incidencia\/\">Incid\u00eancia e Local da Incid\u00eancia<\/a><\/li>\n\n\n\n<li><a href=\"http:\/\/fazenda.niteroi.rj.gov.br\/site\/iss\/contribuinte-e-responsavel-tributario\/\">Contribuinte e Respons\u00e1vel Tribut\u00e1rio<\/a><\/li>\n\n\n\n<li><a href=\"http:\/\/fazenda.niteroi.rj.gov.br\/site\/iss\/quantificacao-do-iss-e-recolhimento\/\">Quantifica\u00e7\u00e3o do ISS e Recolhimento<\/a><\/li>\n\n\n\n<li><a href=\"http:\/\/fazenda.niteroi.rj.gov.br\/site\/iss\/profissional-autonomo-e-sociedade-profissional\/\">Profissional Aut\u00f4nomo e Sociedade Profissional<\/a><\/li>\n\n\n\n<li><a href=\"http:\/\/fazenda.niteroi.rj.gov.br\/site\/iss\/simples-nacional-e-mei\/\">Simples Nacional e MEI<\/a><\/li>\n\n\n\n<li><a href=\"http:\/\/fazenda.niteroi.rj.gov.br\/site\/iss\/inscricao-municipal-e-cadastro\/\">Inscri\u00e7\u00e3o Municipal e Cadastro<\/a><\/li>\n\n\n\n<li><a href=\"http:\/\/fazenda.niteroi.rj.gov.br\/site\/iss\/documentos-fiscais\">Documentos Fiscais<\/a><\/li>\n\n\n\n<li><a href=\"http:\/\/fazenda.niteroi.rj.gov.br\/site\/iss\/nao-incidencia-imunidade-e-isencao\/\">N\u00e3o Incid\u00eancia, Imunidade e Isen\u00e7\u00e3o<\/a><\/li>\n\n\n\n<li><a href=\"http:\/\/fazenda.niteroi.rj.gov.br\/site\/iss\/iss-construcao-civil\/\">ISS Constru\u00e7\u00e3o Civil<\/a><\/li>\n\n\n\n<li><a href=\"http:\/\/fazenda.niteroi.rj.gov.br\/site\/iss\/iss-eventos\/\">ISS Eventos<\/a><\/li>\n\n\n\n<li><a href=\"http:\/\/fazenda.niteroi.rj.gov.br\/site\/iss\/enquadramento-da-atividade-na-lista-de-servicos\/\">Enquadramento da Atividade na Lista de Servi\u00e7os<\/a><\/li>\n\n\n\n<li><a href=\"http:\/\/fazenda.niteroi.rj.gov.br\/site\/iss\/iss-bancos\/\">ISS Bancos<\/a><\/li>\n\n\n\n<li><a href=\"https:\/\/www.fazenda.niteroi.rj.gov.br\/site\/aliquotas-de-iss-e-local-da-tributacao\/\" data-type=\"page\" data-id=\"1655\">Al\u00edquotas de ISS e local da tributa\u00e7\u00e3o<\/a><\/li>\n<\/ol>\n","protected":false},"excerpt":{"rendered":"<p>O Imposto sobre Servi\u00e7os de Qualquer Natureza \u2013 ISS ou ISSQN \u2013 \u00e9 um tributo previsto no art. 156, III, da Constitui\u00e7\u00e3o Federal de 1988, cuja compet\u00eancia \u00e9 dos Munic\u00edpios [&hellip;]<\/p>\n","protected":false},"author":1,"featured_media":0,"parent":0,"menu_order":0,"comment_status":"closed","ping_status":"closed","template":"","meta":{"_et_pb_use_builder":"","_et_pb_old_content":"","_et_gb_content_width":"","_usar_header_alternativo":false,"footnotes":""},"class_list":["post-4579","page","type-page","status-publish","hentry"],"_links":{"self":[{"href":"https:\/\/www.fazenda.niteroi.rj.gov.br\/site\/wp-json\/wp\/v2\/pages\/4579","targetHints":{"allow":["GET"]}}],"collection":[{"href":"https:\/\/www.fazenda.niteroi.rj.gov.br\/site\/wp-json\/wp\/v2\/pages"}],"about":[{"href":"https:\/\/www.fazenda.niteroi.rj.gov.br\/site\/wp-json\/wp\/v2\/types\/page"}],"author":[{"embeddable":true,"href":"https:\/\/www.fazenda.niteroi.rj.gov.br\/site\/wp-json\/wp\/v2\/users\/1"}],"replies":[{"embeddable":true,"href":"https:\/\/www.fazenda.niteroi.rj.gov.br\/site\/wp-json\/wp\/v2\/comments?post=4579"}],"version-history":[{"count":3,"href":"https:\/\/www.fazenda.niteroi.rj.gov.br\/site\/wp-json\/wp\/v2\/pages\/4579\/revisions"}],"predecessor-version":[{"id":23488,"href":"https:\/\/www.fazenda.niteroi.rj.gov.br\/site\/wp-json\/wp\/v2\/pages\/4579\/revisions\/23488"}],"wp:attachment":[{"href":"https:\/\/www.fazenda.niteroi.rj.gov.br\/site\/wp-json\/wp\/v2\/media?parent=4579"}],"curies":[{"name":"wp","href":"https:\/\/api.w.org\/{rel}","templated":true}]}}