{"id":4585,"date":"2017-06-28T13:37:44","date_gmt":"2017-06-28T16:37:44","guid":{"rendered":"http:\/\/fazenda.niteroi.rj.gov.br\/site\/?page_id=4585"},"modified":"2017-07-27T14:23:09","modified_gmt":"2017-07-27T17:23:09","slug":"contribuinte-e-responsavel-tributario","status":"publish","type":"page","link":"https:\/\/www.fazenda.niteroi.rj.gov.br\/site\/iss\/contribuinte-e-responsavel-tributario\/","title":{"rendered":"Contribuinte e Respons\u00e1vel Tribut\u00e1rio"},"content":{"rendered":"<p>O <strong>contribuinte<\/strong> do Imposto sobre Servi\u00e7os \u00e9 o prestador do servi\u00e7o e, em regra, \u00e9 quem estar\u00e1 obrigado a efetuar o pagamento do imposto. No entanto, em alguns casos a legisla\u00e7\u00e3o de Niter\u00f3i atribui a responsabilidade pela reten\u00e7\u00e3o e pagamento a outra pessoa \u2013 <strong>respons\u00e1vel tribut\u00e1rio<\/strong>.<\/p>\n<p>As normas que disp\u00f5em sobre os casos de responsabilidade podem ser consultadas no art. 73, Lei 2.597\/08 e altera\u00e7\u00f5es.<\/p>\n<h3><em><u>Quem s\u00e3o os respons\u00e1veis tribut\u00e1rios em Niter\u00f3i?<\/u><\/em><\/h3>\n<p>A legisla\u00e7\u00e3o de Niter\u00f3i determina que quando o imposto for de compet\u00eancia do munic\u00edpio ser\u00e3o <strong>respons\u00e1veis <\/strong>pelo recolhimento do ISSQN, desde que estabelecidos ou domiciliados em Niter\u00f3i:<\/p>\n<ol style=\"list-style-type: upper-roman; text-align: justify; font-style: italic;\">\n<li>o tomador ou intermedi\u00e1rio dos servi\u00e7os quando o prestador <strong>n\u00e3o for estabelecido ou domiciliado <\/strong>no territ\u00f3rio do munic\u00edpio ou <strong>n\u00e3o for identificado<\/strong> por documento fiscal;<\/li>\n<li>o tomador ou intermedi\u00e1rio de servi\u00e7o <strong>proveniente do exterior<\/strong> do pa\u00eds ou cuja presta\u00e7\u00e3o se tenha iniciado no exterior do Pa\u00eds;<\/li>\n<\/ol>\n<p><strong>ATEN\u00c7\u00c3O! <\/strong>Nos casos I e II, onde h\u00e1 a figura do tomador e do intermedi\u00e1rio, a responsabilidade ser\u00e1 preferencialmente atribu\u00edda: \u00e0quele inscrito no cadastro fiscal do munic\u00edpio; ou ao intermedi\u00e1rio, caso ambos estejam inscritos.<\/p>\n<ol style=\"list-style-type: upper-roman; text-align: justify; font-style: italic;\" start=\"3\">\n<li>o tomador de servi\u00e7o cujo prestador esteja <strong>instalado nas suas depend\u00eancias e n\u00e3o esteja inscrito ou esteja inscrito apenas provisoriamente<\/strong> no Cadastro de Contribuintes de Tributos Mobili\u00e1rios do Munic\u00edpio (CCTM), configurando unidade econ\u00f4mica ou profissional, nos termos do art. 74 desta lei;<\/li>\n<li>as entidades p\u00fablicas ou privadas em rela\u00e7\u00e3o aos servi\u00e7os previstos no item 12, exceto o 12.13, da lista do Anexo III, prestados por terceiros, <strong>em locais de que sejam propriet\u00e1rias, administradoras ou possuidoras<\/strong> a qualquer t\u00edtulo, quando o contribuinte <strong>n\u00e3o efetuar o pagamento antecipado<\/strong> do ISS por ocasi\u00e3o da libera\u00e7\u00e3o pr\u00e9via do evento;<\/li>\n<li>as pessoas jur\u00eddicas que explorem servi\u00e7os previstos nos subitens 4.22 e 4.23 da lista do Anexo III em rela\u00e7\u00e3o aos <strong>servi\u00e7os por elas intermediados<\/strong>, prestados por hospitais, cl\u00ednicas, sanat\u00f3rios, laborat\u00f3rios de an\u00e1lises, de patologia, de eletricidade m\u00e9dica e assemelhados, ambulat\u00f3rios, pronto-socorros, manic\u00f4mios, casas de sa\u00fade, de repouso e de recupera\u00e7\u00e3o e cong\u00eaneres, bancos de sangue, de pele, de olhos, de s\u00eamen e cong\u00eaneres e empresas que executem remo\u00e7\u00e3o de doentes estabelecidos no Munic\u00edpio;<\/li>\n<li>os que permitirem em seus estabelecimentos ou domic\u00edlios a explora\u00e7\u00e3o de atividade tribut\u00e1vel <strong>sem estar o prestador de servi\u00e7os inscrito<\/strong> no cadastro fiscal do Munic\u00edpio, pelo imposto devido por essa atividade;<\/li>\n<li>os \u00f3rg\u00e3os da Administra\u00e7\u00e3o Direta do Munic\u00edpio e as respectivas autarquias, funda\u00e7\u00f5es e empresas p\u00fablicas sob seu controle <strong>quando tomadoras dos servi\u00e7os descritos na Lista do Anexo III, com exce\u00e7\u00e3o daqueles relacionados nos itens 15, 21 e 26 e seus respectivos subitens<\/strong>;<\/li>\n<li>o titular do canteiro de obra de constru\u00e7\u00e3o civil, quanto a <strong>todos e quaisquer servi\u00e7os referentes \u00e0 obra, com exce\u00e7\u00e3o daqueles relacionados nos itens 15, 21 e 26 e seus respectivos subitens <\/strong>(informa\u00e7\u00f5es espec\u00edficas sobre constru\u00e7\u00e3o civil podem ser consultadas no t\u00f3pico <a href=\"http:\/\/fazenda.niteroi.rj.gov.br\/site\/iss\/iss-construcao-civil\/\">ISS Constru\u00e7\u00e3o Civil<\/a>).<\/li>\n<\/ol>\n<h3><em><u>Informa\u00e7\u00f5es relevantes a serem observadas:<\/u><\/em><\/h3>\n<ul style=\"text-align: justify;\">\n<li>Os respons\u00e1veis listados acima est\u00e3o obrigados ao <strong>recolhimento integral<\/strong> do imposto devido, multa e acr\u00e9scimos legais, <strong>independentemente de ter sido efetuada sua reten\u00e7\u00e3o na fonte, exclu\u00edda inteiramente a responsabilidade do prestador<\/strong> dos servi\u00e7os pelo cumprimento da obriga\u00e7\u00e3o tribut\u00e1ria;<\/li>\n<li>As regras de responsabilidade se aplicam <strong>mesmo que<\/strong> os prestadores de servi\u00e7o sejam optantes do Simples Nacional (informa\u00e7\u00f5es espec\u00edficas sobre optantes pelo regime podem ser consultadas no t\u00f3pico <a href=\"http:\/\/fazenda.niteroi.rj.gov.br\/site\/iss\/simples-nacional-e-mei\/\">Simples Nacional e MEI<\/a>);<\/li>\n<li>Nos casos em que o prestador e o tomador n\u00e3o sejam inscritos no Cadastro de Contribuintes de Tributos Mobili\u00e1rios (CCTM), <strong>caber\u00e1 ao tomador<\/strong> a responsabilidade pelo recolhimento do ISSQN;<\/li>\n<li>Os respons\u00e1veis listados podem se enquadrar em mais de uma hip\u00f3tese de responsabilidade;<\/li>\n<li>A responsabilidade \u00e9 <strong>inerente a todas as pessoas f\u00edsicas ou jur\u00eddicas<\/strong>, ainda que alcan\u00e7adas por imunidade ou isen\u00e7\u00e3o tribut\u00e1rias;<\/li>\n<li>N\u00e3o ocorrer\u00e1 responsabilidade tribut\u00e1ria em rela\u00e7\u00e3o aos servi\u00e7os prestados por prestadores de servi\u00e7os que gozarem de isen\u00e7\u00e3o no munic\u00edpio de Niter\u00f3i ou imunidade tribut\u00e1ria relativa a esses servi\u00e7os, ou ainda quando o prestador de servi\u00e7os possuir inscri\u00e7\u00e3o como Microempreendedor Individual \u2013 MEI, independentemente do munic\u00edpio de sua inscri\u00e7\u00e3o;<\/li>\n<li>Em se tratando de presta\u00e7\u00e3o de servi\u00e7os por pessoa f\u00edsica ou sociedade profissional, <strong>n\u00e3o regularmente inscritas<\/strong> no Cadastro de Contribuintes de Tributos Mobili\u00e1rios (CCTM), somente se aplicar\u00e1 a responsabilidade caso o prestador possua estabelecimento de fato em Niter\u00f3i.<\/li>\n<\/ul>\n","protected":false},"excerpt":{"rendered":"<p>O contribuinte do ISS \u00e9 o prestador do servi\u00e7o. No entanto, em alguns casos a legisla\u00e7\u00e3o atribui a responsabilidade pela reten\u00e7\u00e3o e pagamento a outra pessoa, o respons\u00e1vel tribut\u00e1rio.<\/p>\n","protected":false},"author":1,"featured_media":0,"parent":4579,"menu_order":30,"comment_status":"closed","ping_status":"closed","template":"","meta":{"_et_pb_use_builder":"","_et_pb_old_content":"","_et_gb_content_width":"","_usar_header_alternativo":false,"footnotes":""},"class_list":["post-4585","page","type-page","status-publish","hentry"],"_links":{"self":[{"href":"https:\/\/www.fazenda.niteroi.rj.gov.br\/site\/wp-json\/wp\/v2\/pages\/4585","targetHints":{"allow":["GET"]}}],"collection":[{"href":"https:\/\/www.fazenda.niteroi.rj.gov.br\/site\/wp-json\/wp\/v2\/pages"}],"about":[{"href":"https:\/\/www.fazenda.niteroi.rj.gov.br\/site\/wp-json\/wp\/v2\/types\/page"}],"author":[{"embeddable":true,"href":"https:\/\/www.fazenda.niteroi.rj.gov.br\/site\/wp-json\/wp\/v2\/users\/1"}],"replies":[{"embeddable":true,"href":"https:\/\/www.fazenda.niteroi.rj.gov.br\/site\/wp-json\/wp\/v2\/comments?post=4585"}],"version-history":[{"count":0,"href":"https:\/\/www.fazenda.niteroi.rj.gov.br\/site\/wp-json\/wp\/v2\/pages\/4585\/revisions"}],"up":[{"embeddable":true,"href":"https:\/\/www.fazenda.niteroi.rj.gov.br\/site\/wp-json\/wp\/v2\/pages\/4579"}],"wp:attachment":[{"href":"https:\/\/www.fazenda.niteroi.rj.gov.br\/site\/wp-json\/wp\/v2\/media?parent=4585"}],"curies":[{"name":"wp","href":"https:\/\/api.w.org\/{rel}","templated":true}]}}