{"id":4588,"date":"2017-06-28T13:49:31","date_gmt":"2017-06-28T16:49:31","guid":{"rendered":"http:\/\/fazenda.niteroi.rj.gov.br\/site\/?page_id=4588"},"modified":"2021-04-26T12:44:03","modified_gmt":"2021-04-26T15:44:03","slug":"quantificacao-do-iss-e-recolhimento","status":"publish","type":"page","link":"https:\/\/www.fazenda.niteroi.rj.gov.br\/site\/iss\/quantificacao-do-iss-e-recolhimento\/","title":{"rendered":"Quantifica\u00e7\u00e3o do ISS e Recolhimento"},"content":{"rendered":"<p>O Imposto sobre Servi\u00e7os \u00e9 um tributo cujo lan\u00e7amento \u00e9, em regra, realizado por homologa\u00e7\u00e3o. Nessa modalidade, o sujeito passivo antecipa o pagamento sem pr\u00e9vio exame do Fisco, sob condi\u00e7\u00e3o de posterior homologa\u00e7\u00e3o. Para tanto, o sujeito passivo tem a obriga\u00e7\u00e3o de efetuar os c\u00e1lculos necess\u00e1rios \u00e0 apura\u00e7\u00e3o do valor da obriga\u00e7\u00e3o tribut\u00e1ria. A quantifica\u00e7\u00e3o do ISS \u00e9 feita de acordo com o disposto abaixo.<\/p>\n<h2><strong>1. QUANTIFICA\u00c7\u00c3O DO ISS<\/strong><\/h2>\n<h3><strong>\u00a01.1.\u00a0<\/strong><strong>Profissional Aut\u00f4nomo<\/strong><\/h3>\n<p>Os profissionais aut\u00f4nomos est\u00e3o sujeitos a um regime especial de tributa\u00e7\u00e3o do imposto, que \u00e9 independente do seu movimento econ\u00f4mico. O ISS devido por esses contribuintes \u00e9 fixo, sendo determinado em valores mensais que dever\u00e3o ser pagos trimestralmente ou em cotas \u00fanicas com desconto.<\/p>\n<p>As pessoas f\u00edsicas que prestem servi\u00e7os sob a forma de trabalho pessoal <strong>sem<\/strong> o aux\u00edlio de empregados e <strong>sem<\/strong> a utiliza\u00e7\u00e3o de estabelecimento prestador s\u00e3o isentos do ISS (vide t\u00f3pico: <a href=\"http:\/\/fazenda.niteroi.rj.gov.br\/site\/iss\/nao-incidencia-imunidade-e-isencao\/\">n\u00e3o incid\u00eancia, imunidade e isen\u00e7\u00e3o<\/a>).<\/p>\n<p>Para consultar os valores para profissionais aut\u00f4nomos ou mais informa\u00e7\u00f5es, acesse o t\u00f3pico <a href=\"http:\/\/fazenda.niteroi.rj.gov.br\/site\/iss\/profissional-autonomo-e-sociedade-profissional\/\">Profissional Aut\u00f4nomo e Sociedade Profissional<\/a>.<\/p>\n<h3><strong>1.2. Sociedade Profissional<\/strong><\/h3>\n<p>As sociedades profissionais est\u00e3o sujeitas a um regime especial de tributa\u00e7\u00e3o do imposto, que \u00e9 independente do seu movimento econ\u00f4mico. O ISS devido por esses contribuintes \u00e9 determinado com base num valor de refer\u00eancia que ser\u00e1 multiplicado pela quantidade de s\u00f3cios e empregados habilitados.<\/p>\n<p>Para consultar o valor de refer\u00eancia utilizado ou mais informa\u00e7\u00f5es, acesse o t\u00f3pico <a href=\"http:\/\/fazenda.niteroi.rj.gov.br\/site\/iss\/profissional-autonomo-e-sociedade-profissional\/\">Profissional Aut\u00f4nomo e Sociedade Profissional<\/a>.<\/p>\n<h3><strong>1.3. Sociedade Profissional optante do Simples Nacional<\/strong><\/h3>\n<p>As sociedades profissionais optantes do Simples Nacional, em regra, n\u00e3o est\u00e3o sujeitas ao recolhimento do ISS conforme descrito no subitem 1.2, devendo recolher o tributo atrav\u00e9s da sistem\u00e1tica do Simples Nacional.<\/p>\n<p>Para mais informa\u00e7\u00f5es sobre o regime, acesse o t\u00f3pico <a href=\"http:\/\/fazenda.niteroi.rj.gov.br\/site\/iss\/simples-nacional-e-mei\/\">Simples Nacional e MEI<\/a>.<\/p>\n<h3><strong>1.4. Sociedade Profissional optante do Simples Nacional \u2013 escrit\u00f3rio de contabilidade<\/strong><\/h3>\n<p>Os escrit\u00f3rios de contabilidade qualificados como sociedades profissionais e optantes do Simples Nacional, far\u00e3o o recolhimento do ISS conforme descrito no subitem 1.2, devendo abater o valor recolhido junto \u00e0 prefeitura no documento \u00fanico de arrecada\u00e7\u00e3o (DAS).<\/p>\n<h3><strong>1.5. MEI<\/strong><\/h3>\n<p>O Microempreendedor Individual \u2013 MEI \u2013 est\u00e1 sujeito a um regime especial de tributa\u00e7\u00e3o, que \u00e9 independente do seu movimento econ\u00f4mico. O valor devido a t\u00edtulo de ISS est\u00e1 inclu\u00eddo no montante pago mensalmente por meio do DAS-MEI, que \u00e9 posteriormente repassado para a prefeitura. Dessa forma, o contribuinte n\u00e3o recolhe ISS diretamente para o munic\u00edpio.<\/p>\n<p>Para consultar maiores informa\u00e7\u00f5es, acesse o t\u00f3pico <a href=\"http:\/\/fazenda.niteroi.rj.gov.br\/site\/iss\/simples-nacional-e-mei\/\">Simples Nacional e MEI<\/a>.<\/p>\n<h3><strong>1.6. Demais casos<\/strong><\/h3>\n<p>Quando a opera\u00e7\u00e3o n\u00e3o est\u00e1 enquadrada em nenhum dos casos anteriores, o ISS \u00e9 quantificado considerando a base de c\u00e1lculo e a al\u00edquota.<\/p>\n<p>A <strong>base de c\u00e1lculo<\/strong> \u00e9 um valor de refer\u00eancia a ser utilizado para fins de c\u00e1lculo na determina\u00e7\u00e3o do montante de tributo devido. \u00c9 um elemento monet\u00e1rio, sobre o qual incidir\u00e1 a al\u00edquota do imposto. Em rela\u00e7\u00e3o ao ISS, a base de c\u00e1lculo \u00e9 o pre\u00e7o do servi\u00e7o. Para maiores detalhes sobre a base de c\u00e1lculo do imposto, consultar as normas do art. 80, Lei Municipal 2.597\/08 e altera\u00e7\u00f5es.<\/p>\n<p>A <strong>al\u00edquota*<\/strong> \u00e9 um percentual que ser\u00e1 aplicado sobre a base de c\u00e1lculo para determina\u00e7\u00e3o do valor do imposto devido. Os munic\u00edpios s\u00e3o livres para definir a al\u00edquota aplic\u00e1vel a cada tipo de servi\u00e7o, respeitando a al\u00edquota m\u00ednima de 2% e a m\u00e1xima de 5%. Para consultar as al\u00edquotas de ISS aplic\u00e1veis em Niter\u00f3i, acesse o link <a href=\"http:\/\/fazenda.niteroi.rj.gov.br\/site\/aliquotas-de-iss-e-local-da-tributacao\/\">Al\u00edquotas de ISS e local da tributa\u00e7\u00e3o<\/a>.<\/p>\n<p><em>* Os optantes do Simples Nacional est\u00e3o sujeitos a al\u00edquotas diferenciadas, que s\u00e3o determinadas em fun\u00e7\u00e3o do seu faturamento, conforme Lei Complementar 123\/2006.<\/em><\/p>\n<h2><strong>2. RECOLHIMENTO<\/strong><\/h2>\n<p>O recolhimento do ISSQN, pr\u00f3prio ou retido de terceiros, deve ser efetuado na rede arrecadadora credenciada pelo Munic\u00edpio de Niter\u00f3i exclusivamente* por meio da Guia de Recolhimento do ISS emitida pelo <a href=\"https:\/\/nfse.niteroi.rj.gov.br\">sistema<\/a>.<\/p>\n<p><em>* Observar legisla\u00e7\u00e3o aplic\u00e1vel aos optantes do Simples Nacional e MEI.<\/em><\/p>\n<p>O disposto acima <strong>n\u00e3o<\/strong> se aplica:<\/p>\n<ul>\n<li>\u00e0s microempresas e empresas de pequeno porte estabelecidas no Munic\u00edpio de Niter\u00f3i e os contribuintes optantes pelo Simples Nacional, <strong>exceto<\/strong> quando houver previs\u00e3o expressa na legisla\u00e7\u00e3o de obrigatoriedade de recolhimento atrav\u00e9s de guia municipal;<\/li>\n<li>aos \u00f3rg\u00e3os da administra\u00e7\u00e3o p\u00fablica direta da Uni\u00e3o, dos Estados e do Munic\u00edpio de Niter\u00f3i, bem como suas autarquias, funda\u00e7\u00f5es, empresas p\u00fablicas, sociedades de economia mista e demais entidades controladas direta ou indiretamente pela Uni\u00e3o, pelos Estados ou pelo Munic\u00edpio, que recolhem o ISSQN retido na fonte por meio dos sistemas or\u00e7ament\u00e1rio e financeiro dos governos federal, estadual e municipal;<\/li>\n<\/ul>\n<p><strong>ATEN\u00c7\u00c3O!<\/strong> No caso de sociedades profissionais, para a gera\u00e7\u00e3o da guia de recolhimento, deve ser informado, atrav\u00e9s do sistema da Secretaria Municipal de Fazenda, at\u00e9 o dia 05 (cinco) do m\u00eas seguinte ao da presta\u00e7\u00e3o do servi\u00e7o, o n\u00famero de s\u00f3cios e de empregados habilitados para a atividade-fim da sociedade. Caso contr\u00e1rio, o ISSQN ser\u00e1 calculado com base na informa\u00e7\u00e3o prestada no m\u00eas anterior ao da compet\u00eancia para o qual foi emitida a guia de recolhimento, sem preju\u00edzo do lan\u00e7amento de eventual diferen\u00e7a do imposto apurada em procedimento fiscal.<\/p>\n<p><strong>ATEN\u00c7\u00c3O!<\/strong> Quando h\u00e1 cr\u00e9dito a favor do contribuinte no sistema de emiss\u00e3o de NFS-e da Secretaria Municipal de Fazenda do Munic\u00edpio de Niter\u00f3i, <strong>o sistema efetua de forma autom\u00e1tica o abatimento do cr\u00e9dito do contribuinte<\/strong>, amortizando-o com d\u00e9bito vincendo do imposto.<\/p>\n<p><strong>Mais<\/strong>: <a href=\"https:\/\/fazenda.niteroi.rj.gov.br\/site\/resolucao-smf-50-2020-cartrim-2021\/\">forma e prazos de recolhimento do ISS<\/a><\/p>\n","protected":false},"excerpt":{"rendered":"<p>No ISS, o contribuinte faz o pagamento sob condi\u00e7\u00e3o de posterior homologa\u00e7\u00e3o do Fisco. Para tanto, o contribuinte precisa saber como efetuar a apura\u00e7\u00e3o do ISS devido.<\/p>\n","protected":false},"author":1,"featured_media":0,"parent":4579,"menu_order":40,"comment_status":"closed","ping_status":"closed","template":"","meta":{"_et_pb_use_builder":"","_et_pb_old_content":"","_et_gb_content_width":"","_usar_header_alternativo":false,"footnotes":""},"class_list":["post-4588","page","type-page","status-publish","hentry"],"_links":{"self":[{"href":"https:\/\/www.fazenda.niteroi.rj.gov.br\/site\/wp-json\/wp\/v2\/pages\/4588","targetHints":{"allow":["GET"]}}],"collection":[{"href":"https:\/\/www.fazenda.niteroi.rj.gov.br\/site\/wp-json\/wp\/v2\/pages"}],"about":[{"href":"https:\/\/www.fazenda.niteroi.rj.gov.br\/site\/wp-json\/wp\/v2\/types\/page"}],"author":[{"embeddable":true,"href":"https:\/\/www.fazenda.niteroi.rj.gov.br\/site\/wp-json\/wp\/v2\/users\/1"}],"replies":[{"embeddable":true,"href":"https:\/\/www.fazenda.niteroi.rj.gov.br\/site\/wp-json\/wp\/v2\/comments?post=4588"}],"version-history":[{"count":0,"href":"https:\/\/www.fazenda.niteroi.rj.gov.br\/site\/wp-json\/wp\/v2\/pages\/4588\/revisions"}],"up":[{"embeddable":true,"href":"https:\/\/www.fazenda.niteroi.rj.gov.br\/site\/wp-json\/wp\/v2\/pages\/4579"}],"wp:attachment":[{"href":"https:\/\/www.fazenda.niteroi.rj.gov.br\/site\/wp-json\/wp\/v2\/media?parent=4588"}],"curies":[{"name":"wp","href":"https:\/\/api.w.org\/{rel}","templated":true}]}}