{"id":4590,"date":"2017-06-28T14:25:01","date_gmt":"2017-06-28T17:25:01","guid":{"rendered":"http:\/\/fazenda.niteroi.rj.gov.br\/site\/?page_id=4590"},"modified":"2021-05-04T11:03:18","modified_gmt":"2021-05-04T14:03:18","slug":"profissional-autonomo-e-sociedade-profissional","status":"publish","type":"page","link":"https:\/\/www.fazenda.niteroi.rj.gov.br\/site\/iss\/profissional-autonomo-e-sociedade-profissional\/","title":{"rendered":"Profissional Aut\u00f4nomo e Sociedade Profissional"},"content":{"rendered":"<p>Existem alguns contribuintes que s\u00e3o tratados de forma diferenciada pela legisla\u00e7\u00e3o tribut\u00e1ria de Niter\u00f3i em fun\u00e7\u00e3o das suas caracter\u00edsticas e peculiaridades, conforme demonstrado abaixo.<\/p>\n<h2><strong>1. PROFISSIONAL AUT\u00d4NOMO<\/strong><\/h2>\n<h3><em><u>Conceito<\/u><\/em><\/h3>\n<p>Pessoa f\u00edsica que presta servi\u00e7o sob a forma de trabalho pessoal do pr\u00f3prio contribuinte e com o aux\u00edlio de, no m\u00e1ximo, dois empregados sem a mesma habilita\u00e7\u00e3o do empregador.<\/p>\n<h3><em><u>Classifica\u00e7\u00e3o<\/u><\/em><\/h3>\n<p>Aut\u00f4nomo <strong>Localizado<\/strong> \u00e9 aquele profissional que atende seus clientes em um determinado endere\u00e7o fixo, configurado como <u>estabelecimento prestador de servi\u00e7os<\/u>*, tais como:<\/p>\n<ul>\n<li><em>Profissionais que atendem em escrit\u00f3rio ou consult\u00f3rio pr\u00f3prio;<\/em><\/li>\n<li><em>Profissionais de sa\u00fade que atendem em cl\u00ednicas, hospitais e similares;<\/em><\/li>\n<li><em>Profissionais que alugam salas comerciais para atender seus clientes ou pacientes;<\/em><\/li>\n<li><em>Profissionais que alugam hor\u00e1rios, di\u00e1rias, etc. em salas comerciais ou similares para presta\u00e7\u00e3o de servi\u00e7os;<\/em><\/li>\n<li><em>Etc.<\/em><\/li>\n<\/ul>\n<p>Quando n\u00e3o h\u00e1 atendimento em local fixo, ou seja, n\u00e3o h\u00e1 <u>estabelecimento prestador de servi\u00e7os<\/u>* e o\u00a0endere\u00e7o cadastrado serve apenas para recebimento de correspond\u00eancia, trata-se de Aut\u00f4nomo<strong> n\u00e3o Localizado<\/strong>, como por exemplo:<\/p>\n<ul>\n<li><em>Profissional de educa\u00e7\u00e3o f\u00edsica que atende aos seus alunos nas suas respectivas resid\u00eancias;<\/em><\/li>\n<li><em>Taxistas, motoristas, etc.;<\/em><\/li>\n<li><em>Pedreiro, mestre de obras e outros profissionais que a cada contrato desenvolve suas atividades em locais diferentes;<\/em><\/li>\n<li><em>Profissionais de sa\u00fade que fazem atendimento na resid\u00eancia dos seus pacientes;<\/em><\/li>\n<li><em>Etc.<\/em><\/li>\n<\/ul>\n<p><em>* <\/em>Considera-se <strong>estabelecimento prestador<\/strong> o local onde o contribuinte desenvolva a atividade de prestar servi\u00e7os, de modo permanente ou tempor\u00e1rio, e que configure unidade econ\u00f4mica ou profissional, nos termos do art. 74, Lei 2.597\/08 e altera\u00e7\u00f5es. Indica a exist\u00eancia de estabelecimento prestador a conjuga\u00e7\u00e3o, parcial ou total, dos seguintes elementos:<\/p>\n<ol style=\"list-style-type: upper-roman; text-align: justify; font-style: italic;\">\n<li>manuten\u00e7\u00e3o de pessoal, material, m\u00e1quinas, instrumentos e equipamentos necess\u00e1rios \u00e0 realiza\u00e7\u00e3o dos servi\u00e7os, inclusive quando alocados no estabelecimento do tomador ou contratante;<\/li>\n<li>estrutura organizacional ou administrativa;<\/li>\n<li>inscri\u00e7\u00e3o nos \u00d3rg\u00e3os Previdenci\u00e1rios;<\/li>\n<li>indica\u00e7\u00e3o como domic\u00edlio fiscal para efeito de outros tributos;<\/li>\n<li>perman\u00eancia ou \u00e2nimo de permanecer no local, para a explora\u00e7\u00e3o econ\u00f4mica de atividade de presta\u00e7\u00e3o de servi\u00e7os, exteriorizada por meio de:\n<ol style=\"list-style-type: lower-alpha;\">\n<li>indica\u00e7\u00e3o de endere\u00e7o em impressos, formul\u00e1rios ou correspond\u00eancia;<\/li>\n<li>contrato de loca\u00e7\u00e3o de im\u00f3vel;<\/li>\n<li>propaganda ou publicidade;<\/li>\n<li>fornecimento de telefonia, de energia el\u00e9trica, de \u00e1gua ou de g\u00e1s contratados pelo prestador, seu representante ou preposto;<\/li>\n<li>afixa\u00e7\u00e3o de placas ou an\u00fancios indicativos do exerc\u00edcio de atividade pelo prestador de servi\u00e7os, com a indica\u00e7\u00e3o de nome do profissional ou sociedade, hor\u00e1rios de atendimento ou especialidade, ainda que em estabelecimentos regulares de terceiros<\/li>\n<\/ol>\n<\/li>\n<\/ol>\n<h3><em><u>Regime Tribut\u00e1rio<\/u><\/em><\/h3>\n<p>Os profissionais aut\u00f4nomos <strong>localizados<\/strong> est\u00e3o sujeitos ao regime de tributa\u00e7\u00e3o fixa do ISS, de forma independente e desvinculada do movimento econ\u00f4mico mensal. O imposto foi fixado, nos termos do art. 91, \u00a7 1\u00ba, Lei 2.597\/08 e demais altera\u00e7\u00f5es, no valor mensal de:<\/p>\n<blockquote><p><a href=\"https:\/\/fazenda.niteroi.rj.gov.br\/site\/taxas-e-multas-valores\/\"><span style=\"color: #ff0000;\"><strong><em>Valor de Refer\u00eancia P1<\/em><\/strong><\/span><\/a><em>\u00a0&#8211; Quando os servi\u00e7os prestados necessitarem, por for\u00e7a de lei, de qualifica\u00e7\u00e3o profissional obtida atrav\u00e9s de titula\u00e7\u00e3o dada por institui\u00e7\u00e3o de N\u00edvel Superior;<\/em><\/p>\n<p><a href=\"https:\/\/fazenda.niteroi.rj.gov.br\/site\/taxas-e-multas-valores\/\"><span style=\"color: #ff0000;\"><strong><em>Valor de Refer\u00eancia P2<\/em><\/strong><\/span><\/a><em>\u00a0&#8211; Quando os servi\u00e7os prestados dispensarem a qualifica\u00e7\u00e3o profissional mencionada acima.<\/em><\/p><\/blockquote>\n<p>Os carn\u00eas ser\u00e3o enviados ao endere\u00e7o de correspond\u00eancia declarado pelo contribuinte. O pagamento do montante total anual \u00e9 dividido em cotas trimestrais, podendo tamb\u00e9m ser pago em guia \u00fanica com desconto.<\/p>\n<p><strong>ATEN\u00c7\u00c3O!<\/strong> As pessoas f\u00edsicas que prestem servi\u00e7os sob a forma de trabalho pessoal sem o aux\u00edlio de empregados e sem a utiliza\u00e7\u00e3o de estabelecimento prestador s\u00e3o isentas do ISS (vide t\u00f3pico: <a href=\"http:\/\/fazenda.niteroi.rj.gov.br\/site\/iss\/nao-incidencia-imunidade-e-isencao\/\">n\u00e3o incid\u00eancia, imunidade e isen\u00e7\u00e3o<\/a>).<\/p>\n<h3><em><u>Exig\u00eancias perante a prefeitura<\/u><\/em><\/h3>\n<p>Contribuintes profissionais aut\u00f4nomos que tenham o recolhimento do ISSQN efetuado atrav\u00e9s de tributa\u00e7\u00e3o fixa s\u00e3o <strong>desobrigados<\/strong> \u00e0 emiss\u00e3o de Nota Fiscal de Servi\u00e7os Eletr\u00f4nica. Contudo, caso necess\u00e1rio, o profissional aut\u00f4nomo poder\u00e1 emitir a nota fiscal de servi\u00e7os \u2013 vide t\u00f3pico <a href=\"http:\/\/fazenda.niteroi.rj.gov.br\/site\/iss\/documentos-fiscais-nfse-rps-ranfs\/\">Documentos Fiscais<\/a>.<\/p>\n<p>O profissional aut\u00f4nomo classificado como &#8220;localizado&#8221;, cuja atividade esteja relacionada com a presta\u00e7\u00e3o de servi\u00e7os, <strong>dever\u00e1 requerer inscri\u00e7\u00e3o municipal antes de iniciar qualquer atividade<\/strong>. O profissional aut\u00f4nomo classificado como &#8220;n\u00e3o localizado&#8221; est\u00e1 dispensado de obter inscri\u00e7\u00e3o municipal.<\/p>\n<p>A inscri\u00e7\u00e3o municipal n\u00e3o \u00e9 requerida do profissional aut\u00f4nomo de outro munic\u00edpio que preste servi\u00e7o em Niter\u00f3i. <strong>Em regra<\/strong>, considera-se que tais profissionais n\u00e3o s\u00e3o estabelecidos em Niter\u00f3i e, portanto, a emiss\u00e3o de notas fiscais deve ser feita atrav\u00e9s do seu munic\u00edpio de origem.<\/p>\n<p>As exig\u00eancias listadas acima t\u00eam car\u00e1ter exemplificativo, devendo o interessado consultar a SMF ou a legisla\u00e7\u00e3o tribut\u00e1ria para maiores esclarecimentos.<\/p>\n<h2><strong>2. SOCIEDADE PROFISSIONAL<\/strong><\/h2>\n<h3><em><u>Conceito<\/u><\/em><\/h3>\n<p>S\u00e3o as sociedades formadas por pessoas f\u00edsicas, <strong>com a<\/strong> <strong>mesma forma\u00e7\u00e3o acad\u00eamica<\/strong>, que prestam servi\u00e7os de forma pessoal, em nome da sociedade.<\/p>\n<h3><em><u>Profissionais aptos a constitu\u00edrem a sociedade<\/u><\/em><\/h3>\n<p>Devem ser formadas exclusivamente pelos profissionais listados abaixo:<\/p>\n<ol style=\"list-style-type: upper-roman; text-align: justify; font-style: italic;\">\n<li>profissionais da \u00e1rea m\u00e9dica, tais como: m\u00e9dicos, enfermeiros, fonoaudi\u00f3logos, fisioterapeutas, odont\u00f3logos, psic\u00f3logos, nutricionistas, ort\u00f3pticos, prot\u00e9ticos;<\/li>\n<li>m\u00e9dicos veterin\u00e1rios;<\/li>\n<li>economistas, contadores, administradores, auditores, guarda-livros, t\u00e9cnicos em contabilidade;<\/li>\n<li>advogados;<\/li>\n<li>engenheiros, arquitetos, urbanistas, agrimensores, estat\u00edsticos, atu\u00e1rios, ge\u00f3logos e paisagistas;<\/li>\n<li>agentes da propriedade industrial<\/li>\n<\/ol>\n<h3><em><u>Regras de enquadramento<\/u><\/em><\/h3>\n<p>Devem se constituir como <strong>sociedades simples<\/strong> de trabalho profissional, sem cunho empresarial e com o registro dos seus contratos ou atos constitutivos no respectivo \u00d3rg\u00e3o de Classe regulador da profiss\u00e3o dos s\u00f3cios. Al\u00e9m disso, os equipamentos, instrumentos e maquinaria necess\u00e1rios \u00e0 realiza\u00e7\u00e3o da atividade-fim devem ser usados exclusivamente na execu\u00e7\u00e3o dos servi\u00e7os da sociedade.<\/p>\n<h3><em><u>Fatos que descaracterizam a sociedade profissional<\/u><\/em><\/h3>\n<p>A sociedade que se enquadrar em pelo menos um dos itens abaixo n\u00e3o poder\u00e1 ser classificada como sociedade profissional:<\/p>\n<ol style=\"list-style-type: upper-roman; text-align: justify; font-style: italic;\">\n<li>S\u00f3cios n\u00e3o possu\u00edrem, todos, habilita\u00e7\u00f5es profissionais diretamente relacionadas com os objetivos da sociedade e registro no mesmo \u00d3rg\u00e3o de Classe;<\/li>\n<li>Ter como s\u00f3cio pessoa jur\u00eddica ou pessoas que sejam s\u00f3cias de outra sociedade;<\/li>\n<li>Serem constitu\u00eddas sob a forma de sociedades por a\u00e7\u00f5es ou empres\u00e1rias de qualquer tipo ou a elas equiparadas;<\/li>\n<li>Exercer atividade diversa das habilita\u00e7\u00f5es profissionais dos s\u00f3cios;<\/li>\n<li>Quando s\u00f3cios ou empregados que possuam a mesma habilita\u00e7\u00e3o dos s\u00f3cios n\u00e3o atuarem de forma pessoal;<\/li>\n<li>Quando os servi\u00e7os prestados dependerem de estrutura organizacional e n\u00e3o apenas do trabalho pessoal, caracterizando elemento de empresa;<\/li>\n<li>Houver s\u00f3cio que participe somente para aportar capital ou administrar;<\/li>\n<li>Quando a responsabilidade dos s\u00f3cios n\u00e3o for pessoal e ilimitada;<\/li>\n<li>Quando as retiradas mensais ou a distribui\u00e7\u00e3o dos resultados tenham como crit\u00e9rio de rateio a propor\u00e7\u00e3o das cotas de cada s\u00f3cio no capital social, ou qualquer outro que n\u00e3o o resultado de seu trabalho;<\/li>\n<li>Quando haja terceiriza\u00e7\u00e3o da atividade-fim;<\/li>\n<li>Quando a sociedade for filial, sucursal, ag\u00eancia, escrit\u00f3rio de representa\u00e7\u00e3o ou contato ou qualquer outro estabelecimento descentralizado ou relacionado a sociedade sediada no exterior.<\/li>\n<\/ol>\n<h3><em><u>Regime Tribut\u00e1rio<\/u><\/em><\/h3>\n<p>As sociedades profissionais est\u00e3o sujeitas ao regime de tributa\u00e7\u00e3o fixa do ISS, de forma independente e desvinculada do movimento econ\u00f4mico mensal. O imposto ser\u00e1 calculado, por m\u00eas, <strong>com base no <a href=\"https:\/\/fazenda.niteroi.rj.gov.br\/site\/taxas-e-multas-valores\/\">valor de refer\u00eancia A15<\/a> em rela\u00e7\u00e3o a cada s\u00f3cio e a cada empregado que possua a mesma habilita\u00e7\u00e3o dos s\u00f3cios contratado pela sociedade<\/strong>, nos termos do art. 91, \u00a7 4\u00ba, Lei 2.597\/08 e demais altera\u00e7\u00f5es.<\/p>\n<p>Para tanto, o contribuinte deve manter a quantidade de s\u00f3cios e empregados atualizada no cadastro do<a href=\"https:\/\/nfse.niteroi.rj.gov.br\/capa.aspx\"> sistema emissor de NFS-e<\/a>, pois o c\u00e1lculo do imposto devido ser\u00e1 feito automaticamente pelo pr\u00f3prio sistema, gerando o respectivo d\u00e9bito para o contribuinte mensalmente. As datas mensais de vencimento do imposto encontram-se no <a href=\"https:\/\/fazenda.niteroi.rj.gov.br\/site\/resolucao-smf-50-2020-cartrim-2021\/\">Calend\u00e1rio Tribut\u00e1rio<\/a>.<\/p>\n<p>Os escrit\u00f3rios de contabilidade qualificados como sociedade profissional, mesmo que optantes do Simples Nacional, tamb\u00e9m estar\u00e3o sujeitos ao regime de tributa\u00e7\u00e3o fixa, conforme descrito acima. As demais sociedades profissionais optantes pelo Simples Nacional far\u00e3o o recolhimento do ISS mediante documento \u00fanico de arrecada\u00e7\u00e3o (DAS). <a href=\"http:\/\/fazenda.niteroi.rj.gov.br\/site\/iss\/simples-nacional-e-mei\/\">Para mais informa\u00e7\u00f5es sobre o Simples Nacional, clique aqui<\/a>.<\/p>\n","protected":false},"excerpt":{"rendered":"<p>Contribuintes que s\u00e3o tratados de forma diferenciada pela legisla\u00e7\u00e3o tribut\u00e1ria de Niter\u00f3i em fun\u00e7\u00e3o das suas caracter\u00edsticas e peculiaridades.<\/p>\n","protected":false},"author":1,"featured_media":0,"parent":4579,"menu_order":50,"comment_status":"closed","ping_status":"closed","template":"","meta":{"_et_pb_use_builder":"","_et_pb_old_content":"","_et_gb_content_width":"","_usar_header_alternativo":false,"footnotes":""},"class_list":["post-4590","page","type-page","status-publish","hentry"],"_links":{"self":[{"href":"https:\/\/www.fazenda.niteroi.rj.gov.br\/site\/wp-json\/wp\/v2\/pages\/4590","targetHints":{"allow":["GET"]}}],"collection":[{"href":"https:\/\/www.fazenda.niteroi.rj.gov.br\/site\/wp-json\/wp\/v2\/pages"}],"about":[{"href":"https:\/\/www.fazenda.niteroi.rj.gov.br\/site\/wp-json\/wp\/v2\/types\/page"}],"author":[{"embeddable":true,"href":"https:\/\/www.fazenda.niteroi.rj.gov.br\/site\/wp-json\/wp\/v2\/users\/1"}],"replies":[{"embeddable":true,"href":"https:\/\/www.fazenda.niteroi.rj.gov.br\/site\/wp-json\/wp\/v2\/comments?post=4590"}],"version-history":[{"count":0,"href":"https:\/\/www.fazenda.niteroi.rj.gov.br\/site\/wp-json\/wp\/v2\/pages\/4590\/revisions"}],"up":[{"embeddable":true,"href":"https:\/\/www.fazenda.niteroi.rj.gov.br\/site\/wp-json\/wp\/v2\/pages\/4579"}],"wp:attachment":[{"href":"https:\/\/www.fazenda.niteroi.rj.gov.br\/site\/wp-json\/wp\/v2\/media?parent=4590"}],"curies":[{"name":"wp","href":"https:\/\/api.w.org\/{rel}","templated":true}]}}