{"id":4669,"date":"2017-07-19T16:57:42","date_gmt":"2017-07-19T19:57:42","guid":{"rendered":"http:\/\/fazenda.niteroi.rj.gov.br\/site\/?page_id=4669"},"modified":"2017-08-03T14:04:49","modified_gmt":"2017-08-03T17:04:49","slug":"enquadramento-da-atividade-na-lista-de-servicos","status":"publish","type":"page","link":"https:\/\/www.fazenda.niteroi.rj.gov.br\/site\/iss\/enquadramento-da-atividade-na-lista-de-servicos\/","title":{"rendered":"Enquadramento da Atividade na Lista De Servi\u00e7os"},"content":{"rendered":"<p>Existem algumas presta\u00e7\u00f5es de servi\u00e7os que, em fun\u00e7\u00e3o das caracter\u00edsticas ou peculiaridades, dificultam a correla\u00e7\u00e3o com o item da lista de servi\u00e7os. Dessa forma, para definir o correto enquadramento da atividade, o contribuinte deve observar os princ\u00edpios descritos abaixo.<\/p>\n<h3><em><u>Princ\u00edpio da supremacia da finalidade do contrato<\/u><\/em><\/h3>\n<p>O princ\u00edpio deve ser aplicado nos casos em que o contribuinte presta um servi\u00e7o que depende da presta\u00e7\u00e3o de v\u00e1rios outros servi\u00e7os para que o contrato seja resolvido. Nesses casos, o servi\u00e7o a ser tributado ser\u00e1 aquele cuja presta\u00e7\u00e3o \u00e9 o objeto do contrato, ou seja, o servi\u00e7o em que o contratante est\u00e1 essencialmente interessado.<\/p>\n<p><strong><em>Exemplo:\u00a0<\/em><\/strong><em>O dentista que realiza pr\u00f3tese dent\u00e1ria presta <u>servi\u00e7os de dentista<\/u>.<\/em><\/p>\n<h3><em>\u201c<u>Princ\u00edpio da pizza<\/u>\u201d<\/em><\/h3>\n<p>Quando o contribuinte presta diversos servi\u00e7os ao mesmo tempo, distintos e simult\u00e2neos, independentes uns dos outros, por\u00e9m suas presta\u00e7\u00f5es s\u00e3o igualmente objetos de um mesmo contrato de presta\u00e7\u00e3o de servi\u00e7os, deve ser aplicado o \u201cprinc\u00edpio da pizza\u201d.<\/p>\n<p><strong><em>Exemplo:<\/em><\/strong><em> Uma sociedade de advogados e contadores presta servi\u00e7os de consultoria jur\u00eddica e cont\u00e1bil em atendimento a um mesmo contrato, tendo sido a opera\u00e7\u00e3o escriturada de forma indivis\u00edvel (um s\u00f3 pre\u00e7o, uma nota fiscal).<\/em><\/p>\n<p>Nesse caso, a classifica\u00e7\u00e3o tem de ser feita nos dois subitens que descrevem os servi\u00e7os de advogado (17.13) e de contador (17.18). A tributa\u00e7\u00e3o, por\u00e9m, obedecer\u00e1 a esse princ\u00edpio, aplicando-se a maior al\u00edquota dentre as aplic\u00e1veis para a tributa\u00e7\u00e3o de ambos os subitens (art.79, III, da Lei n\u00ba 2.597\/08).<\/p>\n<h3><em><u>Princ\u00edpio da especificidade<\/u><\/em><\/h3>\n<p>Em algumas situa\u00e7\u00f5es, o contribuinte presta um tipo de servi\u00e7o que poderia ser enquadrado em mais de um subitem da lista de servi\u00e7os. Seguindo esse princ\u00edpio, o subitem que cont\u00e9m previs\u00e3o espec\u00edfica em rela\u00e7\u00e3o a certo servi\u00e7o deve prevalecer sobre o subitem que cont\u00e9m previs\u00e3o gen\u00e9rica.<\/p>\n<p><strong><em>Exemplo:<\/em><\/strong><em> Um engenheiro que realiza uma fiscaliza\u00e7\u00e3o da execu\u00e7\u00e3o de determinada obra presta servi\u00e7o de \u201cAcompanhamento e fiscaliza\u00e7\u00e3o da execu\u00e7\u00e3o de obras de engenharia, arquitetura e urbanismo \u2013 7.17\u201d e n\u00e3o deve ser enquadrado no subitem gen\u00e9rico que inclui \u201cservi\u00e7os de engenheiro\u201d.<\/em><\/p>\n","protected":false},"excerpt":{"rendered":"<p>Existem algumas presta\u00e7\u00f5es de servi\u00e7os que, em fun\u00e7\u00e3o das caracter\u00edsticas ou peculiaridades, dificultam a correla\u00e7\u00e3o com o item da lista de servi\u00e7os. Dessa forma, para definir o correto enquadramento da [&hellip;]<\/p>\n","protected":false},"author":1,"featured_media":0,"parent":4579,"menu_order":120,"comment_status":"closed","ping_status":"closed","template":"","meta":{"_et_pb_use_builder":"","_et_pb_old_content":"","_et_gb_content_width":"","_usar_header_alternativo":false,"footnotes":""},"class_list":["post-4669","page","type-page","status-publish","hentry"],"_links":{"self":[{"href":"https:\/\/www.fazenda.niteroi.rj.gov.br\/site\/wp-json\/wp\/v2\/pages\/4669","targetHints":{"allow":["GET"]}}],"collection":[{"href":"https:\/\/www.fazenda.niteroi.rj.gov.br\/site\/wp-json\/wp\/v2\/pages"}],"about":[{"href":"https:\/\/www.fazenda.niteroi.rj.gov.br\/site\/wp-json\/wp\/v2\/types\/page"}],"author":[{"embeddable":true,"href":"https:\/\/www.fazenda.niteroi.rj.gov.br\/site\/wp-json\/wp\/v2\/users\/1"}],"replies":[{"embeddable":true,"href":"https:\/\/www.fazenda.niteroi.rj.gov.br\/site\/wp-json\/wp\/v2\/comments?post=4669"}],"version-history":[{"count":0,"href":"https:\/\/www.fazenda.niteroi.rj.gov.br\/site\/wp-json\/wp\/v2\/pages\/4669\/revisions"}],"up":[{"embeddable":true,"href":"https:\/\/www.fazenda.niteroi.rj.gov.br\/site\/wp-json\/wp\/v2\/pages\/4579"}],"wp:attachment":[{"href":"https:\/\/www.fazenda.niteroi.rj.gov.br\/site\/wp-json\/wp\/v2\/media?parent=4669"}],"curies":[{"name":"wp","href":"https:\/\/api.w.org\/{rel}","templated":true}]}}