{"id":49,"date":"2016-05-03T10:30:14","date_gmt":"2016-05-03T13:30:14","guid":{"rendered":"http:\/\/localhost:8080\/smf\/?page_id=49"},"modified":"2025-12-16T11:55:29","modified_gmt":"2025-12-16T14:55:29","slug":"iss","status":"publish","type":"page","link":"https:\/\/www.fazenda.niteroi.rj.gov.br\/site\/servicos\/iss\/","title":{"rendered":"Consulta e 2\u00aa Via de ISS e Taxas"},"content":{"rendered":"\n<p>Nesta op\u00e7\u00e3o o contribuinte poder\u00e1 emitir a 2\u00aa via de:<\/p>\n\n\n\n<ol class=\"wp-block-list\">\n<li>Taxas;<\/li>\n\n\n\n<li>Imposto sobre Servi\u00e7os para Profissional Aut\u00f4nomo;<\/li>\n\n\n\n<li>Imposto sobre Servi\u00e7os oriundos de NFS-es e DSRs a partir da fase de Cobran\u00e7a Administrativa;<\/li>\n\n\n\n<li>Lan\u00e7amentos efetivados por meio de Notifica\u00e7\u00f5es de Lan\u00e7amento ou Autos de Infra\u00e7\u00e3o, incluindo ISS de Obras, ISS sobre movimenta\u00e7\u00e3o financeira e Multas Fiscais.<\/li>\n<\/ol>\n\n\n\n<h2 class=\"wp-block-heading\"><strong>Orienta\u00e7\u00f5es<\/strong><\/h2>\n\n\n\n<ol class=\"wp-block-list\">\n<li>Informe a&nbsp;<strong>inscri\u00e7\u00e3o municipal;<\/strong><\/li>\n\n\n\n<li>Na tela seguinte, selecione a op\u00e7\u00e3o:\n<ul class=\"wp-block-list\">\n<li>ISSQN Fixo (2\u00aa via do carn\u00ea ISS aut\u00f4nomo), ou;<\/li>\n\n\n\n<li>Cobran\u00e7a administrativa (para outras d\u00edvidas de ISS e taxas).<\/li>\n<\/ul>\n<\/li>\n\n\n\n<li>Para emiss\u00e3o das cotas:\n<ul class=\"wp-block-list\">\n<li>Cota Anual (se dispon\u00edvel) \u2192 Clique no campo correspondente;<\/li>\n\n\n\n<li>Demais cotas \u2192 Selecione uma ou mais cotas na coluna da direita;<\/li>\n\n\n\n<li>Clique&nbsp;no bot\u00e3o &#8220;Carn\u00ea Banco&#8221;.<\/li>\n<\/ul>\n<\/li>\n<\/ol>\n\n\n\n<h2 class=\"wp-block-heading\"><strong>Observa\u00e7\u00f5es<\/strong><\/h2>\n\n\n\n<ul class=\"wp-block-list\">\n<li>A consulta disponibilizada n\u00e3o inclui os d\u00e9bitos abertos que ainda est\u00e3o dispon\u00edveis para pagamento no Sistema de Emiss\u00e3o de Notas Fiscais eletr\u00f4nicas, apenas aqueles que j\u00e1 foram migrados para cobran\u00e7a.&nbsp;<\/li>\n\n\n\n<li>Para consultar os d\u00e9bitos que existem no sistema de notas fiscais, acesse o <a href=\"https:\/\/nfse.niteroi.rj.gov.br\/\">Sistema de Notas Fiscais<\/a>.<\/li>\n\n\n\n<li>Caso tenha d\u00favidas sobre seus d\u00e9bitos migrados do sistema de notas fiscais, veja as <a href=\"https:\/\/fazenda.niteroi.rj.gov.br\/site\/perguntas-frequentes\/#debitos\">perguntas frequentes<\/a>.<\/li>\n\n\n\n<li>Campo \u201cDt. Venc.\u201d em vermelho indica que a cota est\u00e1 em atraso.<\/li>\n\n\n\n<li>Pode ser necess\u00e1rio <a href=\"http:\/\/centraldeajuda.globo.com\/minha-conta\/Pagamento\/Informacoes-de-pagamento\/noticia\/2015\/05\/como-faco-para-desbloquear-pop-ups.html\">desbloquear janelas pop-up em seu navegador<\/a>.<\/li>\n\n\n\n<li>D\u00favidas? <a href=\"https:\/\/fazenda.niteroi.rj.gov.br\/site\/consulta-iss-e-taxas-passo-a-passo\/\">Assista a um tutorial passo a passo em v\u00eddeo<\/a>.<\/li>\n<\/ul>\n\n\n\n<div class=\"wp-block-buttons is-horizontal is-content-justification-center is-layout-flex wp-container-core-buttons-is-layout-1 wp-block-buttons-is-layout-flex\">\n<div class=\"wp-block-button\"><a class=\"wp-block-button__link has-very-light-gray-color has-vivid-cyan-blue-background-color has-text-color has-background wp-element-button\" href=\"https:\/\/fazenda.niteroi.rj.gov.br\/servs\/2via.php?p=iss\">2\u00aa Via de ISS e Taxas<\/a><\/div>\n<\/div>\n","protected":false},"excerpt":{"rendered":"<p>Nesta op\u00e7\u00e3o o contribuinte poder\u00e1 emitir a 2\u00aa via de: Orienta\u00e7\u00f5es Observa\u00e7\u00f5es<\/p>\n","protected":false},"author":1,"featured_media":0,"parent":580,"menu_order":0,"comment_status":"closed","ping_status":"closed","template":"","meta":{"_et_pb_use_builder":"","_et_pb_old_content":"","_et_gb_content_width":"","_usar_header_alternativo":false,"footnotes":""},"class_list":["post-49","page","type-page","status-publish","hentry"],"_links":{"self":[{"href":"https:\/\/www.fazenda.niteroi.rj.gov.br\/site\/wp-json\/wp\/v2\/pages\/49","targetHints":{"allow":["GET"]}}],"collection":[{"href":"https:\/\/www.fazenda.niteroi.rj.gov.br\/site\/wp-json\/wp\/v2\/pages"}],"about":[{"href":"https:\/\/www.fazenda.niteroi.rj.gov.br\/site\/wp-json\/wp\/v2\/types\/page"}],"author":[{"embeddable":true,"href":"https:\/\/www.fazenda.niteroi.rj.gov.br\/site\/wp-json\/wp\/v2\/users\/1"}],"replies":[{"embeddable":true,"href":"https:\/\/www.fazenda.niteroi.rj.gov.br\/site\/wp-json\/wp\/v2\/comments?post=49"}],"version-history":[{"count":5,"href":"https:\/\/www.fazenda.niteroi.rj.gov.br\/site\/wp-json\/wp\/v2\/pages\/49\/revisions"}],"predecessor-version":[{"id":34192,"href":"https:\/\/www.fazenda.niteroi.rj.gov.br\/site\/wp-json\/wp\/v2\/pages\/49\/revisions\/34192"}],"up":[{"embeddable":true,"href":"https:\/\/www.fazenda.niteroi.rj.gov.br\/site\/wp-json\/wp\/v2\/pages\/580"}],"wp:attachment":[{"href":"https:\/\/www.fazenda.niteroi.rj.gov.br\/site\/wp-json\/wp\/v2\/media?parent=49"}],"curies":[{"name":"wp","href":"https:\/\/api.w.org\/{rel}","templated":true}]}}