{"id":4977,"date":"2017-08-29T13:07:30","date_gmt":"2017-08-29T16:07:30","guid":{"rendered":"http:\/\/fazenda.niteroi.rj.gov.br\/site\/?page_id=4977"},"modified":"2026-01-05T14:05:21","modified_gmt":"2026-01-05T17:05:21","slug":"processos-e-formularios","status":"publish","type":"page","link":"https:\/\/www.fazenda.niteroi.rj.gov.br\/site\/processos-e-formularios\/","title":{"rendered":"Processos e Formul\u00e1rios"},"content":{"rendered":"\n<style>hr {border-bottom-width: 1px !important;}<\/style>\n\n\n\n<p>Aqui voc\u00ea encontra os formul\u00e1rios eletr\u00f4nicos para os diversos processos oferecidos pela Secretaria da Fazenda de Niter\u00f3i. Selecione o tipo de servi\u00e7o que deseja e preencha o formul\u00e1rio correspondente de forma simples&nbsp;e&nbsp;r\u00e1pida.<\/p>\n\n\n\n<div style=\"height:51px\" aria-hidden=\"true\" class=\"wp-block-spacer\"><\/div>\n\n\n\n<div class=\"wp-block-buttons is-content-justification-center is-layout-flex wp-container-core-buttons-is-layout-1 wp-block-buttons-is-layout-flex\">\n<div class=\"wp-block-button has-custom-font-size is-style-fill has-medium-font-size\" style=\"font-style:normal;font-weight:700\"><a class=\"wp-block-button__link has-white-color has-luminous-vivid-orange-background-color has-text-color has-background wp-element-button\" href=\"https:\/\/www.fazenda.niteroi.rj.gov.br\/formulario-eletronico\/\">Preencher Formul\u00e1rio Eletr\u00f4nico<\/a><\/div>\n<\/div>\n\n\n\n<div style=\"height:51px\" aria-hidden=\"true\" class=\"wp-block-spacer\"><\/div>\n\n\n\n<p><strong>Importante: Este formul\u00e1rio \u00e9 apenas o requerimento do seu pedido e n\u00e3o representa o protocolo. Para efetivar o protocolo, \u00e9 necess\u00e1rio envi\u00e1-lo preenchido para o e-mail: <a href=\"mailto:protocolo@fazenda.niteroi.rj.gov.br\">protocolo@fazenda.niteroi.rj.gov.br<\/a>.<\/strong><\/p>\n\n\n\n<div style=\"height:68px\" aria-hidden=\"true\" class=\"wp-block-spacer\"><\/div>\n\n\n\n<hr class=\"wp-block-separator has-alpha-channel-opacity is-style-wide\"\/>\n\n\n\n<p class=\"has-small-font-size\">Outros formul\u00e1rios<\/p>\n\n\n\n<ul class=\"wp-block-list\" style=\"font-size:11px\">\n<li><a href=\"http:\/\/fazenda.niteroi.rj.gov.br\/site\/wp-content\/uploads\/2018\/03\/Declaracao-Ponto-de-Referencia.pdf\">Declara\u00e7\u00e3o de Ponto de Refer\u00eancia<\/a><\/li>\n\n\n\n<li><a href=\"http:\/\/fazenda.niteroi.rj.gov.br\/site\/wp-content\/uploads\/2018\/03\/FCCM-Declaracao-Academias.pdf\">Declara\u00e7\u00e3o de Responsabilidade T\u00e9cnica por Academia<\/a><\/li>\n\n\n\n<li><a href=\"https:\/\/www.fazenda.niteroi.rj.gov.br\/site\/wp-content\/uploads\/2022\/10\/DEPAT-Deposito-Administrativo.pdf\">Formul\u00e1rio para Processos de Dep\u00f3sito Administrativo<\/a><\/li>\n\n\n\n<li><a href=\"https:\/\/www.fazenda.niteroi.rj.gov.br\/site\/wp-content\/uploads\/2023\/03\/ALEFI-Consulta-2023.pdf\">Formul\u00e1rio de Consulta Tribut\u00e1ria<\/a> \u2014 Consulta tribut\u00e1ria \u00e0 Assessoria de Legisla\u00e7\u00e3o Fiscal.<\/li>\n\n\n\n<li><a href=\"https:\/\/fazenda.niteroi.rj.gov.br\/site\/wp-content\/uploads\/2020\/08\/Desarquivamento-e-Inteiro-teor.pdf\">Desarquivamento e Inteiro teor<\/a> \u2014 Requerimento de desarquivamento e\/ou certid\u00e3o de inteiro teor de processos administrativos da SMF. <\/li>\n\n\n\n<li><a href=\"https:\/\/www.fazenda.niteroi.rj.gov.br\/site\/wp-content\/uploads\/2024\/02\/CC-Recurso-Voluntario-2024.pdf\">Formul\u00e1rio de Recurso Volunt\u00e1rio<\/a> \u2014 Apresenta\u00e7\u00e3o de recurso de segunda inst\u00e2ncia ao Conselho de Contribuintes de Niter\u00f3i.<\/li>\n\n\n\n<li><a href=\"https:\/\/www.fazenda.niteroi.rj.gov.br\/site\/wp-content\/uploads\/2026\/01\/CITBI-DITI-2026.pdf\" data-type=\"attachment\" data-id=\"30639\">DITI \u2013 Documento de Informa\u00e7\u00e3o para Tributa\u00e7\u00e3o do ITBI<\/a><\/li>\n<\/ul>\n","protected":false},"excerpt":{"rendered":"<p>Tipos de processos tratados pela Secretaria Municipal da Fazenda de Niter\u00f3i (SMF), respectivos formul\u00e1rios e documentos necess\u00e1rios.<\/p>\n","protected":false},"author":1,"featured_media":911,"parent":0,"menu_order":0,"comment_status":"closed","ping_status":"closed","template":"","meta":{"_et_pb_use_builder":"","_et_pb_old_content":"","_et_gb_content_width":"","_usar_header_alternativo":false,"footnotes":""},"class_list":["post-4977","page","type-page","status-publish","has-post-thumbnail","hentry"],"_links":{"self":[{"href":"https:\/\/www.fazenda.niteroi.rj.gov.br\/site\/wp-json\/wp\/v2\/pages\/4977","targetHints":{"allow":["GET"]}}],"collection":[{"href":"https:\/\/www.fazenda.niteroi.rj.gov.br\/site\/wp-json\/wp\/v2\/pages"}],"about":[{"href":"https:\/\/www.fazenda.niteroi.rj.gov.br\/site\/wp-json\/wp\/v2\/types\/page"}],"author":[{"embeddable":true,"href":"https:\/\/www.fazenda.niteroi.rj.gov.br\/site\/wp-json\/wp\/v2\/users\/1"}],"replies":[{"embeddable":true,"href":"https:\/\/www.fazenda.niteroi.rj.gov.br\/site\/wp-json\/wp\/v2\/comments?post=4977"}],"version-history":[{"count":4,"href":"https:\/\/www.fazenda.niteroi.rj.gov.br\/site\/wp-json\/wp\/v2\/pages\/4977\/revisions"}],"predecessor-version":[{"id":34259,"href":"https:\/\/www.fazenda.niteroi.rj.gov.br\/site\/wp-json\/wp\/v2\/pages\/4977\/revisions\/34259"}],"wp:featuredmedia":[{"embeddable":true,"href":"https:\/\/www.fazenda.niteroi.rj.gov.br\/site\/wp-json\/wp\/v2\/media\/911"}],"wp:attachment":[{"href":"https:\/\/www.fazenda.niteroi.rj.gov.br\/site\/wp-json\/wp\/v2\/media?parent=4977"}],"curies":[{"name":"wp","href":"https:\/\/api.w.org\/{rel}","templated":true}]}}