{"id":547,"date":"2016-06-15T11:33:23","date_gmt":"2016-06-15T14:33:23","guid":{"rendered":"http:\/\/localhost:8080\/smf\/?page_id=547"},"modified":"2023-12-26T11:55:35","modified_gmt":"2023-12-26T14:55:35","slug":"microempreendedor-individual-mei","status":"publish","type":"page","link":"https:\/\/www.fazenda.niteroi.rj.gov.br\/site\/alvara\/microempreendedor-individual-mei\/","title":{"rendered":"Microempreendedor Individual"},"content":{"rendered":"\n<p>Microempreendedor individual \u00e9 a pessoa que trabalha por conta pr\u00f3pria e que se legaliza como pequeno empres\u00e1rio. Deve ter renda bruta m\u00e1xima de R$ 81 mil por ano e pode contratar um funcion\u00e1rio. O alvar\u00e1 de funcionamento para o MEI \u00e9 gratuito e ele s\u00f3 paga cerca de R$ 65 por m\u00eas de impostos, que engloba tributos federais, estaduais e municipais, inclusive INSS.<\/p>\n\n\n\n<p>Como se registrar como MEI em Niter\u00f3i em tr\u00eas passos:<\/p>\n\n\n\n<p><strong>1) Atender as exig\u00eancias obrigat\u00f3rias:<\/strong><\/p>\n\n\n\n<ul class=\"wp-block-list\">\n<li>N\u00e3o ter participa\u00e7\u00e3o em outra empresa como s\u00f3cio ou titular;<\/li>\n\n\n\n<li>Faturar at\u00e9 R$81.000 por ano;<\/li>\n\n\n\n<li>Exercer as <a href=\"https:\/\/www.gov.br\/empresas-e-negocios\/pt-br\/empreendedor\/quero-ser-mei\/atividades-permitidas\" data-type=\"link\" data-id=\"https:\/\/www.gov.br\/empresas-e-negocios\/pt-br\/empreendedor\/quero-ser-mei\/atividades-permitidas\">atividades permitidas pelo CNAE<\/a>. <\/li>\n<\/ul>\n\n\n\n<p><strong>2) Criar uma conta no <a href=\"https:\/\/www.gov.br\/pt-br\" data-type=\"link\" data-id=\"https:\/\/www.gov.br\/pt-br\">gov.br<\/a><\/strong>:<\/p>\n\n\n\n<p>No Portal do Empreendedor, v\u00e1 em <strong>servi\u00e7o de formaliza\u00e7\u00e3o de MEI,<\/strong> clique em \u201c<strong>Quero ser<\/strong>\u201d. Em seguida, selecione \u201c<strong>Formalize-se<\/strong>\u201d ou \u201c<strong>Gov.Br<\/strong>\u201d. <\/p>\n\n\n\n<p><strong>3) Concluir o seu cadastro no <a href=\"https:\/\/www.gov.br\/empresas-e-negocios\/pt-br\/empreendedor\" data-type=\"link\" data-id=\"https:\/\/www.gov.br\/empresas-e-negocios\/pt-br\/empreendedor\">Portal do Empreendedor<\/a>:<\/strong><\/p>\n\n\n\n<p>Clique no bot\u00e3o \u201c<strong>Formalize-se<\/strong>\u201d, informe os <strong>dados da sua conta<\/strong> \u201cGov.Br\u201d e autorize o acesso aos seus dados pelo Portal do Empreendedor. <\/p>\n\n\n\n<p><strong>4) Solicitar a cria\u00e7\u00e3o de um Nome Fantasia: <\/strong><\/p>\n\n\n\n<p>Informe o nome fantasia da sua empresa!<\/p>\n\n\n\n<p>Aqui voc\u00ea vai precisar dizer tamb\u00e9m <strong>onde ir\u00e1 atuar: <\/strong>em casa, em endere\u00e7o comercial, como ambulante, porta a porta ou via internet, por exemplo<\/p>\n\n\n\n<p><strong>5) Informar o endere\u00e7o:<\/strong><\/p>\n\n\n\n<p>\u00c9 preciso <strong>informar o CEP <\/strong>do endere\u00e7o residencial e o CEP do local onde ir\u00e1 funcionar a empresa.<\/p>\n\n\n\n<p><strong>6) Emitir o certificado CCMEI:<\/strong><\/p>\n\n\n\n<p>Emiss\u00e3o do <strong>Certificado de Condi\u00e7\u00e3o de Microempreendedor Individual<\/strong> (CCMEI) que comprova a inscri\u00e7\u00e3o como MEI, com o CNPJ e n\u00famero do registro na Junta Comercial.<\/p>\n\n\n\n<p><\/p>\n\n\n\n<p><strong>Quem pode ser MEI?<\/strong><\/p>\n\n\n\n<p>Todos que exigem as seguintes exig\u00eancias:<\/p>\n\n\n\n<ul class=\"wp-block-list\">\n<li>N\u00e3o formar sociedade de qualquer tipo;<\/li>\n\n\n\n<li>N\u00e3o ser propriet\u00e1rio ou s\u00f3cio de alguma outra empresa;<\/li>\n\n\n\n<li>Ter, no m\u00e1ximo, um empregado contratado; <\/li>\n\n\n\n<li>Identificar corretamente o CNAE ou ramo de atua\u00e7\u00e3o, e que seja permitido na condi\u00e7\u00e3o do MEI;<\/li>\n\n\n\n<li>Ter faturamento m\u00e1ximo anual de R$81.000;<\/li>\n\n\n\n<li>N\u00e3o ter servidor p\u00fablico federal em atividade. <\/li>\n<\/ul>\n","protected":false},"excerpt":{"rendered":"<p>Como se regularizar como Microempreendedor Individual (MEI) em Niter\u00f3i em 3 passos.<\/p>\n","protected":false},"author":1,"featured_media":0,"parent":549,"menu_order":0,"comment_status":"closed","ping_status":"closed","template":"","meta":{"_et_pb_use_builder":"","_et_pb_old_content":"","_et_gb_content_width":"","_usar_header_alternativo":false,"footnotes":""},"class_list":["post-547","page","type-page","status-publish","hentry"],"_links":{"self":[{"href":"https:\/\/www.fazenda.niteroi.rj.gov.br\/site\/wp-json\/wp\/v2\/pages\/547","targetHints":{"allow":["GET"]}}],"collection":[{"href":"https:\/\/www.fazenda.niteroi.rj.gov.br\/site\/wp-json\/wp\/v2\/pages"}],"about":[{"href":"https:\/\/www.fazenda.niteroi.rj.gov.br\/site\/wp-json\/wp\/v2\/types\/page"}],"author":[{"embeddable":true,"href":"https:\/\/www.fazenda.niteroi.rj.gov.br\/site\/wp-json\/wp\/v2\/users\/1"}],"replies":[{"embeddable":true,"href":"https:\/\/www.fazenda.niteroi.rj.gov.br\/site\/wp-json\/wp\/v2\/comments?post=547"}],"version-history":[{"count":3,"href":"https:\/\/www.fazenda.niteroi.rj.gov.br\/site\/wp-json\/wp\/v2\/pages\/547\/revisions"}],"predecessor-version":[{"id":23800,"href":"https:\/\/www.fazenda.niteroi.rj.gov.br\/site\/wp-json\/wp\/v2\/pages\/547\/revisions\/23800"}],"up":[{"embeddable":true,"href":"https:\/\/www.fazenda.niteroi.rj.gov.br\/site\/wp-json\/wp\/v2\/pages\/549"}],"wp:attachment":[{"href":"https:\/\/www.fazenda.niteroi.rj.gov.br\/site\/wp-json\/wp\/v2\/media?parent=547"}],"curies":[{"name":"wp","href":"https:\/\/api.w.org\/{rel}","templated":true}]}}