{"id":580,"date":"2016-06-30T15:52:38","date_gmt":"2016-06-30T18:52:38","guid":{"rendered":"http:\/\/localhost:8080\/smf\/?page_id=580"},"modified":"2021-10-04T14:10:44","modified_gmt":"2021-10-04T17:10:44","slug":"servicos","status":"publish","type":"page","link":"https:\/\/www.fazenda.niteroi.rj.gov.br\/site\/servicos\/","title":{"rendered":"Nossos Servi\u00e7os"},"content":{"rendered":"\n<h2 class=\"wp-block-heading\">Portal de Servi\u00e7os ao Cidad\u00e3o<\/h2>\n\n\n\n<p>Agora voc\u00ea encontra todos os servi\u00e7os oferecidos pela Prefeitura de Niter\u00f3i em um s\u00f3 lugar: no <strong>Portal de Servi\u00e7os ao Cidad\u00e3o<\/strong>. Nele voc\u00ea vai ver todos os nossos servi\u00e7os organizados de forma simples e explica\u00e7\u00f5es objetivas sobre cada um deles. <\/p>\n\n\n\n<p>Estamos migrando gradualmente nossos servi\u00e7os para que eles estejam inteiramente dispon\u00edveis no Portal de Servi\u00e7os: da solicita\u00e7\u00e3o, passando pelas trocas de documentos, at\u00e9 a an\u00e1lise, a entrega da resposta e a avalia\u00e7\u00e3o do servi\u00e7o.<\/p>\n\n\n\n<div class=\"wp-block-buttons is-content-justification-center is-layout-flex wp-block-buttons-is-layout-flex\">\n<div class=\"wp-block-button is-style-fill\"><a class=\"wp-block-button__link has-white-color has-vivid-cyan-blue-background-color has-text-color has-background\" href=\"https:\/\/servicos.niteroi.rj.gov.br\/#\/main\/dyview\/open\/CATALOGO-SERVICOS-LISTA\/%3Forgao%3DSecretaria%20Municipal%20de%20Fazenda\/0\">Acesse o Portal de Servi\u00e7os ao Cidad\u00e3o<\/a><\/div>\n<\/div>\n\n\n\n<h2 class=\"wp-block-heading\">Atendimento Eletr\u00f4nico<\/h2>\n\n\n\n<p>Mesmo os assuntos que ainda n\u00e3o est\u00e3o integralmente dispon\u00edveis no Portal de Servi\u00e7os podem ser resolvidos sem sair de casa. Atrav\u00e9s dos <a href=\"https:\/\/fazenda.niteroi.rj.gov.br\/site\/contato\/\" data-type=\"page\" data-id=\"122\">e-mails institucionais da Fazenda<\/a>, voc\u00ea pode tirar d\u00favidas e abrir processos sem precisar se deslocar \u00e0 Prefeitura. Tamb\u00e9m \u00e9 poss\u00edvel agendar um <a href=\"https:\/\/fazenda.niteroi.rj.gov.br\/site\/agendamento\/\">atendimento por&nbsp;videochamada<\/a>,&nbsp;diretamente com os Auditores Fiscais da SMF nos casos de d\u00favidas sobre legisla\u00e7\u00e3o tribut\u00e1ria de ISS ou IPTU.<\/p>\n\n\n\n<p>Temos ainda muita informa\u00e7\u00e3o nas nossas se\u00e7\u00f5es de <a href=\"https:\/\/fazenda.niteroi.rj.gov.br\/site\/categoria\/tutoriais\">tutoriais em v\u00eddeo<\/a>,&nbsp;<a href=\"https:\/\/fazenda.niteroi.rj.gov.br\/site\/perguntas-frequentes\/\">perguntas frequentes<\/a>, <a href=\"https:\/\/fazenda.niteroi.rj.gov.br\/site\/iss\/\">ISS<\/a>, <a href=\"https:\/\/fazenda.niteroi.rj.gov.br\/site\/iptu\/\">IPTU<\/a>, <a href=\"https:\/\/fazenda.niteroi.rj.gov.br\/site\/itbi\/\">ITBI<\/a>, <a href=\"https:\/\/fazenda.niteroi.rj.gov.br\/site\/microempreendedor-individual-mei\/\">MEI<\/a>, <a href=\"https:\/\/fazenda.niteroi.rj.gov.br\/site\/alvara\/\">Alvar\u00e1<\/a> e&nbsp;<a href=\"https:\/\/fazenda.niteroi.rj.gov.br\/site\/certidoes-mobiliarias\/\">Certid\u00f5es<\/a>.<\/p>\n\n\n\n<h2 class=\"wp-block-heading\">Agendamento de Atendimento Presencial<\/h2>\n\n\n\n<p>Devido \u00e0 pandemia, o atendimento eletr\u00f4nico est\u00e1 sendo priorizado e \u00e9 poss\u00edvel resolver qualquer assunto sem sair de casa. Mas tamb\u00e9m oferecemos atendimento presencial, nossa <strong>Central de Atendimento ao Cidad\u00e3o <\/strong>est\u00e1 de portas abertas! <a href=\"https:\/\/fazenda.niteroi.rj.gov.br\/site\/agendamento\/\">Veja endere\u00e7o, hor\u00e1rio de funcionamento e mais detalhes na p\u00e1gina de agendamento<\/a>.<\/p>\n\n\n\n<h2 class=\"wp-block-heading\">Links \u00dateis<\/h2>\n\n\n\n<h3 class=\"wp-block-heading\">Links externos \u00fateis ao contribuinte<\/h3>\n\n\n\n<ul class=\"wp-block-list\"><li><a href=\"https:\/\/servicos.niteroi.rj.gov.br\/\">Portal de Servi\u00e7os ao Cidad\u00e3o<\/a><\/li><li><a href=\"http:\/\/www.niteroidofuturo.niteroi.rj.gov.br\/\">Fundo de Equaliza\u00e7\u00e3o da Receita de Niter\u00f3i<\/a><\/li><li><a href=\"http:\/\/www.meniteroiportais.rj.gov.br\/ecidade_transparencia\/\">Portal da Transpar\u00eancia de Niter\u00f3i<\/a><\/li><li><a href=\"http:\/\/www.niteroi.rj.gov.br\/do.html\">Di\u00e1rio Oficial de Niter\u00f3i<\/a><\/li><li><a href=\"http:\/\/www.niteroi.rj.gov.br\/\">Prefeitura de Niter\u00f3i<\/a> e <a href=\"http:\/\/www.niteroi.rj.gov.br\/1619-2\/\">Secretarias Municipais de Niter\u00f3i<\/a><\/li><li><a href=\"http:\/\/www.cnae.ibge.gov.br\/\">CNAE \u2013 Classifica\u00e7\u00e3o Nacional das Atividades Econ\u00f4micas<\/a><\/li><\/ul>\n\n\n\n<h3 class=\"wp-block-heading\">Links de interesse dos servidores<\/h3>\n\n\n\n<ul class=\"wp-block-list\"><li><a href=\"http:\/\/portais.niteroi.rj.gov.br\/e-cidadeonline\/\">Contracheque on-line<\/a><\/li><li><a href=\"http:\/\/ecidade.niteroi.rj.gov.br\/e-cidade\/\">E-Cidade<\/a><\/li><li><a href=\"https:\/\/procnit.fazenda.niteroi.rj.gov.br\/procnit\/\">ProcNit<\/a><\/li><li><a href=\"https:\/\/fazenda.niteroi.rj.gov.br\/site\/ouvidoria-da-mulher-smf\/\" data-type=\"page\" data-id=\"13935\">Ouvidoria da Mulher SMF<\/a><\/li><\/ul>\n","protected":false},"excerpt":{"rendered":"<p>Portal de Servi\u00e7os ao Cidad\u00e3o Agora voc\u00ea encontra todos os servi\u00e7os oferecidos pela Prefeitura de Niter\u00f3i em um s\u00f3 lugar: no Portal de Servi\u00e7os ao Cidad\u00e3o. Nele voc\u00ea vai ver [&hellip;]<\/p>\n","protected":false},"author":1,"featured_media":0,"parent":0,"menu_order":0,"comment_status":"closed","ping_status":"closed","template":"","meta":{"_et_pb_use_builder":"","_et_pb_old_content":"","_et_gb_content_width":"","_usar_header_alternativo":false,"footnotes":""},"class_list":["post-580","page","type-page","status-publish","hentry"],"_links":{"self":[{"href":"https:\/\/www.fazenda.niteroi.rj.gov.br\/site\/wp-json\/wp\/v2\/pages\/580","targetHints":{"allow":["GET"]}}],"collection":[{"href":"https:\/\/www.fazenda.niteroi.rj.gov.br\/site\/wp-json\/wp\/v2\/pages"}],"about":[{"href":"https:\/\/www.fazenda.niteroi.rj.gov.br\/site\/wp-json\/wp\/v2\/types\/page"}],"author":[{"embeddable":true,"href":"https:\/\/www.fazenda.niteroi.rj.gov.br\/site\/wp-json\/wp\/v2\/users\/1"}],"replies":[{"embeddable":true,"href":"https:\/\/www.fazenda.niteroi.rj.gov.br\/site\/wp-json\/wp\/v2\/comments?post=580"}],"version-history":[{"count":3,"href":"https:\/\/www.fazenda.niteroi.rj.gov.br\/site\/wp-json\/wp\/v2\/pages\/580\/revisions"}],"predecessor-version":[{"id":17461,"href":"https:\/\/www.fazenda.niteroi.rj.gov.br\/site\/wp-json\/wp\/v2\/pages\/580\/revisions\/17461"}],"wp:attachment":[{"href":"https:\/\/www.fazenda.niteroi.rj.gov.br\/site\/wp-json\/wp\/v2\/media?parent=580"}],"curies":[{"name":"wp","href":"https:\/\/api.w.org\/{rel}","templated":true}]}}