{"id":60,"date":"2016-05-03T10:59:15","date_gmt":"2016-05-03T13:59:15","guid":{"rendered":"http:\/\/localhost:8080\/smf\/?page_id=60"},"modified":"2024-10-16T15:51:26","modified_gmt":"2024-10-16T18:51:26","slug":"certidao-debitos-imobiliarios","status":"publish","type":"page","link":"https:\/\/www.fazenda.niteroi.rj.gov.br\/site\/servicos\/certidao-debitos-imobiliarios\/","title":{"rendered":"Certid\u00e3o de D\u00e9bitos Imobili\u00e1rios"},"content":{"rendered":"\n<h2 class=\"wp-block-heading\">Orienta\u00e7\u00f5es<\/h2>\n\n\n\n<ul class=\"wp-block-list\">\n<li><strong>IMPORTANTE: <\/strong>Informamos que a partir de 15 de janeiro de 2018 houve unifica\u00e7\u00e3o das certid\u00f5es de d\u00e9bito emitidas pela Procuradoria Fiscal e Secretaria Municipal de Fazenda. Assim, uma \u00fanica certid\u00e3o \u00e9 emitida contemplando todos os d\u00e9bitos tribut\u00e1rios municipais, inscritos ou n\u00e3o em d\u00edvida ativa.<\/li>\n\n\n\n<li>Informe&nbsp;a&nbsp;matricula do im\u00f3vel;<\/li>\n\n\n\n<li>Na tela seguinte, selecione a op\u00e7\u00e3o \u201cEmitir Certid\u00e3o por matricula\u201d, ent\u00e3o clique no link da certid\u00e3o que ser\u00e1 disponibilizada e aguarde o download do arquivo.<\/li>\n\n\n\n<li>Caso receba a mensagem: &#8220;As informa\u00e7\u00f5es e\/ou condi\u00e7\u00f5es s\u00e3o insuficientes para&nbsp;a emiss\u00e3o de certid\u00e3o negativa por meio da Internet&#8221;,&nbsp;ser\u00e1 necess\u00e1rio o comparecimento do propriet\u00e1rio ou seu representante legal \u00e0&nbsp;Secretaria da Fazenda de Niter\u00f3i (R. da Concei\u00e7\u00e3o, 100&nbsp;&#8211;&nbsp;Centro).<\/li>\n\n\n\n<li>Para consultar <a href=\"http:\/\/fazenda.niteroi.rj.gov.br\/certidao\/\">d\u00e9bitos municipais n\u00e3o relacionados a im\u00f3veis, clique aqui<\/a>.<\/li>\n\n\n\n<li>D\u00favidas? <a href=\"https:\/\/fazenda.niteroi.rj.gov.br\/site\/certidao-mobiliaria-e-certidao-de-debitos-imobiliarios\/\">Assista a um tutorial passo a passo em v\u00eddeo<\/a>.<\/li>\n<\/ul>\n\n\n\n<hr class=\"wp-block-separator has-css-opacity\"\/>\n\n\n\n<div class=\"wp-block-buttons is-content-justification-center is-layout-flex wp-container-core-buttons-is-layout-1 wp-block-buttons-is-layout-flex\">\n<div class=\"wp-block-button\"><a class=\"wp-block-button__link has-white-color has-vivid-cyan-blue-background-color has-text-color has-background wp-element-button\" href=\"http:\/\/portais.niteroi.rj.gov.br\/e-cidadeonline\/certidaoimovel003.php\" target=\"_blank\" rel=\"noreferrer noopener\">Emiss\u00e3o de Certid\u00e3o de D\u00e9bitos Imobili\u00e1rios<\/a><\/div>\n\n\n\n<div class=\"wp-block-button\"><a class=\"wp-block-button__link has-white-color has-vivid-cyan-blue-background-color has-text-color has-background wp-element-button\" href=\"http:\/\/portais.niteroi.rj.gov.br\/e-cidadeonline\/certidaoautentica.php\" target=\"_blank\" rel=\"noreferrer noopener\">Autenticidade de Certid\u00e3o de D\u00e9bitos Imobili\u00e1rios<\/a><\/div>\n<\/div>\n\n\n\n<p><\/p>\n","protected":false},"excerpt":{"rendered":"<p>Orienta\u00e7\u00f5es<\/p>\n","protected":false},"author":1,"featured_media":0,"parent":580,"menu_order":0,"comment_status":"closed","ping_status":"closed","template":"","meta":{"_et_pb_use_builder":"","_et_pb_old_content":"","_et_gb_content_width":"","_usar_header_alternativo":false,"footnotes":""},"class_list":["post-60","page","type-page","status-publish","hentry"],"_links":{"self":[{"href":"https:\/\/www.fazenda.niteroi.rj.gov.br\/site\/wp-json\/wp\/v2\/pages\/60","targetHints":{"allow":["GET"]}}],"collection":[{"href":"https:\/\/www.fazenda.niteroi.rj.gov.br\/site\/wp-json\/wp\/v2\/pages"}],"about":[{"href":"https:\/\/www.fazenda.niteroi.rj.gov.br\/site\/wp-json\/wp\/v2\/types\/page"}],"author":[{"embeddable":true,"href":"https:\/\/www.fazenda.niteroi.rj.gov.br\/site\/wp-json\/wp\/v2\/users\/1"}],"replies":[{"embeddable":true,"href":"https:\/\/www.fazenda.niteroi.rj.gov.br\/site\/wp-json\/wp\/v2\/comments?post=60"}],"version-history":[{"count":1,"href":"https:\/\/www.fazenda.niteroi.rj.gov.br\/site\/wp-json\/wp\/v2\/pages\/60\/revisions"}],"predecessor-version":[{"id":30014,"href":"https:\/\/www.fazenda.niteroi.rj.gov.br\/site\/wp-json\/wp\/v2\/pages\/60\/revisions\/30014"}],"up":[{"embeddable":true,"href":"https:\/\/www.fazenda.niteroi.rj.gov.br\/site\/wp-json\/wp\/v2\/pages\/580"}],"wp:attachment":[{"href":"https:\/\/www.fazenda.niteroi.rj.gov.br\/site\/wp-json\/wp\/v2\/media?parent=60"}],"curies":[{"name":"wp","href":"https:\/\/api.w.org\/{rel}","templated":true}]}}