{"id":63,"date":"2016-05-03T11:01:46","date_gmt":"2016-05-03T14:01:46","guid":{"rendered":"http:\/\/localhost:8080\/smf\/?page_id=63"},"modified":"2016-08-15T11:12:45","modified_gmt":"2016-08-15T14:12:45","slug":"autenticidade","status":"publish","type":"page","link":"https:\/\/www.fazenda.niteroi.rj.gov.br\/site\/servicos\/certidao-debitos-imobiliarios\/autenticidade\/","title":{"rendered":"Certid\u00e3o Negativa Imobili\u00e1ria &#8211; Verifica\u00e7\u00e3o de Autenticidade"},"content":{"rendered":"<p><iframe src=\"http:\/\/portais.niteroi.rj.gov.br\/e-cidadeonline\/certidaoautentica.php\">Atualize seu navegador.<\/iframe><\/p>\n","protected":false},"excerpt":{"rendered":"<p>Atualize seu navegador.<\/p>\n","protected":false},"author":1,"featured_media":0,"parent":60,"menu_order":0,"comment_status":"closed","ping_status":"closed","template":"","meta":{"_et_pb_use_builder":"","_et_pb_old_content":"","_et_gb_content_width":"","_usar_header_alternativo":false,"footnotes":""},"class_list":["post-63","page","type-page","status-publish","hentry"],"_links":{"self":[{"href":"https:\/\/www.fazenda.niteroi.rj.gov.br\/site\/wp-json\/wp\/v2\/pages\/63","targetHints":{"allow":["GET"]}}],"collection":[{"href":"https:\/\/www.fazenda.niteroi.rj.gov.br\/site\/wp-json\/wp\/v2\/pages"}],"about":[{"href":"https:\/\/www.fazenda.niteroi.rj.gov.br\/site\/wp-json\/wp\/v2\/types\/page"}],"author":[{"embeddable":true,"href":"https:\/\/www.fazenda.niteroi.rj.gov.br\/site\/wp-json\/wp\/v2\/users\/1"}],"replies":[{"embeddable":true,"href":"https:\/\/www.fazenda.niteroi.rj.gov.br\/site\/wp-json\/wp\/v2\/comments?post=63"}],"version-history":[{"count":0,"href":"https:\/\/www.fazenda.niteroi.rj.gov.br\/site\/wp-json\/wp\/v2\/pages\/63\/revisions"}],"up":[{"embeddable":true,"href":"https:\/\/www.fazenda.niteroi.rj.gov.br\/site\/wp-json\/wp\/v2\/pages\/60"}],"wp:attachment":[{"href":"https:\/\/www.fazenda.niteroi.rj.gov.br\/site\/wp-json\/wp\/v2\/media?parent=63"}],"curies":[{"name":"wp","href":"https:\/\/api.w.org\/{rel}","templated":true}]}}