{"id":761,"date":"2016-07-13T13:24:21","date_gmt":"2016-07-13T16:24:21","guid":{"rendered":"http:\/\/localhost:8080\/smf\/?page_id=761"},"modified":"2019-05-07T23:01:56","modified_gmt":"2019-05-08T02:01:56","slug":"ajuda","status":"publish","type":"page","link":"https:\/\/www.fazenda.niteroi.rj.gov.br\/site\/ajuda\/","title":{"rendered":"Ajuda"},"content":{"rendered":"\n<h2 class=\"wp-block-heading\">Como adicionar um novo artigo no site?<\/h2>\n\n\n\n<div class=\"wp-block-image\"><figure class=\"alignright\"><a href=\"http:\/\/fazenda.niteroi.rj.gov.br\/site\/wp-content\/uploads\/2019\/05\/Ajuda-posts.jpg\"><img loading=\"lazy\" decoding=\"async\" width=\"383\" height=\"300\" src=\"http:\/\/fazenda.niteroi.rj.gov.br\/site\/wp-content\/uploads\/2019\/05\/Ajuda-posts-383x300.jpg\" alt=\"\" class=\"wp-image-7496\" srcset=\"https:\/\/www.fazenda.niteroi.rj.gov.br\/site\/wp-content\/uploads\/2019\/05\/Ajuda-posts-383x300.jpg 383w, https:\/\/www.fazenda.niteroi.rj.gov.br\/site\/wp-content\/uploads\/2019\/05\/Ajuda-posts-768x602.jpg 768w, https:\/\/www.fazenda.niteroi.rj.gov.br\/site\/wp-content\/uploads\/2019\/05\/Ajuda-posts-600x471.jpg 600w, https:\/\/www.fazenda.niteroi.rj.gov.br\/site\/wp-content\/uploads\/2019\/05\/Ajuda-posts-1080x847.jpg 1080w, https:\/\/www.fazenda.niteroi.rj.gov.br\/site\/wp-content\/uploads\/2019\/05\/Ajuda-posts.jpg 1200w\" sizes=\"auto, (max-width: 383px) 100vw, 383px\" \/><\/a><\/figure><\/div>\n\n\n\n<p>\u00c9 muito simples adicionar um artigo b\u00e1sico ao site, basta seguir estes passos:<\/p>\n\n\n\n<ul class=\"wp-block-list\"><li>Fa\u00e7a <a href=\"http:\/\/fazenda.niteroi.rj.gov.br\/site\/wp-login.php\">login no site<\/a>. No menu esquerdo, escolha <strong>Posts \u2192 Adicionar novo (1)<\/strong>&nbsp;e selecione <em>Usar editor padr\u00e3o<\/em>.<\/li><li>D\u00ea um <strong>t\u00edtulo (2)<\/strong> e escreva ou cole o <strong>conte\u00fado (3)<\/strong>.<\/li><li>No menu direito, escolha a aba <strong>Documento (4)<\/strong> e selecione uma <strong>Categoria (5)<\/strong>.<\/li><li>Clique em <strong>Publicar (6)<\/strong>, revise as informa\u00e7\u00f5es de publica\u00e7\u00e3o e clique em Publicar novamente.<\/li><\/ul>\n\n\n\n<h3 class=\"wp-block-heading\">Blocos e imagens<\/h3>\n\n\n\n<p>O WordPress trabalha com <a href=\"https:\/\/www.youtube.com\/results?search_query=wordpress+gutenberg\">blocos de conte\u00fado<\/a> (subt\u00edtulos, texto, imagem, listas, arquivos, colunas etc). Clique no <strong>\u00edcone + (1)<\/strong>, que abrir\u00e1 a <strong>janela suspensa para sele\u00e7\u00e3o de blocos (2)<\/strong>. Existem tamb\u00e9m <strong>atalhos para os blocos mais usados (3)<\/strong>.<\/p>\n\n\n\n<div class=\"wp-block-image\"><figure class=\"alignright\"><a href=\"http:\/\/fazenda.niteroi.rj.gov.br\/site\/wp-content\/uploads\/2019\/05\/Ajuda-blocos.jpg\"><img loading=\"lazy\" decoding=\"async\" width=\"346\" height=\"300\" src=\"http:\/\/fazenda.niteroi.rj.gov.br\/site\/wp-content\/uploads\/2019\/05\/Ajuda-blocos-346x300.jpg\" alt=\"\" class=\"wp-image-7498\" srcset=\"https:\/\/www.fazenda.niteroi.rj.gov.br\/site\/wp-content\/uploads\/2019\/05\/Ajuda-blocos-346x300.jpg 346w, https:\/\/www.fazenda.niteroi.rj.gov.br\/site\/wp-content\/uploads\/2019\/05\/Ajuda-blocos-768x665.jpg 768w, https:\/\/www.fazenda.niteroi.rj.gov.br\/site\/wp-content\/uploads\/2019\/05\/Ajuda-blocos-600x520.jpg 600w, https:\/\/www.fazenda.niteroi.rj.gov.br\/site\/wp-content\/uploads\/2019\/05\/Ajuda-blocos.jpg 1000w\" sizes=\"auto, (max-width: 346px) 100vw, 346px\" \/><\/a><\/figure><\/div>\n\n\n\n<ul class=\"wp-block-list\"><li>Ao adicionar um bloco do tipo <strong>imagem<\/strong>, voc\u00ea deve enviar o arquivo clicando em <strong>Enviar<\/strong> ou arrastando-o para a janela cinza.\n<ul>\n<li>Ap\u00f3s adicionar a foto, voc\u00ea pode ajustar o <strong>alinhamento<\/strong> logo acima da imagem e o <strong>tamanho<\/strong> no menu direito (aba <em>Bloco<\/em>).<\/li>\n<li>Se quiser que a imagem amplie ao ser clicada, em <strong>Configura\u00e7\u00f5es do link<\/strong>&nbsp;selecione <em>Apontar para arquivo de m\u00eddia<\/em>.<\/li>\n<\/ul>\n<\/li><\/ul>\n\n\n\n<h3 class=\"wp-block-heading\">Ajustes avan\u00e7ados<\/h3>\n\n\n\n<p>A aba <em>Documentos<\/em> (menu direito) permite ajustar alguns aspectos importantes do artigo:<\/p>\n\n\n\n<ul class=\"wp-block-list\"><li>Defina uma <strong>imagem destacada<\/strong>. Ela \u00e9 usada em v\u00e1rios lugares do site, como o <em>slideshow<\/em> e as listas de posts recentes.\n<ul>\n<li>Imagens destacadas devem ter <strong>1000&#215;600&nbsp;pixels<\/strong> ou manter essa propor\u00e7\u00e3o (ex: 800&#215;480, 1200&#215;720&nbsp;etc), sempre no formato horizontal (paisagem),&nbsp;caso contr\u00e1rio elas&nbsp;ser\u00e3o&nbsp;cortadas automaticamente.<\/li>\n<\/ul>\n<\/li><li>Defina um <strong>Resumo<\/strong>, que ser\u00e1 exibido na lista de posts. Se nada for definido, as primeiras palavras do texto ser\u00e3o usadas.<\/li><li>Voc\u00ea pode definir <strong>tags<\/strong>, que funcionam como subcategorias para melhor organiza\u00e7\u00e3o do conte\u00fado (ex: IPTU, ISS, abertura de empresas etc).<\/li><\/ul>\n\n\n\n<h3 class=\"wp-block-heading\">Agendando a publica\u00e7\u00e3o do artigo<\/h3>\n\n\n\n<p>Ao clicar em Publicar, \u00e9 apresentada uma op\u00e7\u00e3o <em>Publicar: Imediatamente<\/em> onde \u00e9 poss\u00edvel agendar o artigo para publica\u00e7\u00e3o em uma data futura.<\/p>\n\n\n\n<p>No caso de legisla\u00e7\u00f5es, por exemplo, \u00e9 importante editar essa op\u00e7\u00e3o para refletir a data de publica\u00e7\u00e3o da norma legal.<\/p>\n\n\n\n<h2 class=\"wp-block-heading\">Editando artigos<\/h2>\n\n\n\n<p>Para editar um artigo, certifique-se de estar logado no site. Ao visualizar o artigo que deseja editar, clique na op\u00e7\u00e3o&nbsp;<em>Editar post<\/em> na barra superior.<\/p>\n\n\n\n<p>Tamb\u00e9m \u00e9 poss\u00edvel chegar at\u00e9 o artigo atrav\u00e9s da \u00e1rea de administra\u00e7\u00e3o (op\u00e7\u00e3o <em>Todos os posts<\/em>).<\/p>\n","protected":false},"excerpt":{"rendered":"<p>Como adicionar um novo artigo no site? \u00c9 muito simples adicionar um artigo b\u00e1sico ao site, basta seguir estes passos: Fa\u00e7a login no site. No menu esquerdo, escolha Posts \u2192 [&hellip;]<\/p>\n","protected":false},"author":1,"featured_media":991,"parent":0,"menu_order":0,"comment_status":"closed","ping_status":"closed","template":"","meta":{"_et_pb_use_builder":"","_et_pb_old_content":"","_et_gb_content_width":"","_usar_header_alternativo":false,"footnotes":""},"class_list":["post-761","page","type-page","status-publish","has-post-thumbnail","hentry"],"_links":{"self":[{"href":"https:\/\/www.fazenda.niteroi.rj.gov.br\/site\/wp-json\/wp\/v2\/pages\/761","targetHints":{"allow":["GET"]}}],"collection":[{"href":"https:\/\/www.fazenda.niteroi.rj.gov.br\/site\/wp-json\/wp\/v2\/pages"}],"about":[{"href":"https:\/\/www.fazenda.niteroi.rj.gov.br\/site\/wp-json\/wp\/v2\/types\/page"}],"author":[{"embeddable":true,"href":"https:\/\/www.fazenda.niteroi.rj.gov.br\/site\/wp-json\/wp\/v2\/users\/1"}],"replies":[{"embeddable":true,"href":"https:\/\/www.fazenda.niteroi.rj.gov.br\/site\/wp-json\/wp\/v2\/comments?post=761"}],"version-history":[{"count":0,"href":"https:\/\/www.fazenda.niteroi.rj.gov.br\/site\/wp-json\/wp\/v2\/pages\/761\/revisions"}],"wp:featuredmedia":[{"embeddable":true,"href":"https:\/\/www.fazenda.niteroi.rj.gov.br\/site\/wp-json\/wp\/v2\/media\/991"}],"wp:attachment":[{"href":"https:\/\/www.fazenda.niteroi.rj.gov.br\/site\/wp-json\/wp\/v2\/media?parent=761"}],"curies":[{"name":"wp","href":"https:\/\/api.w.org\/{rel}","templated":true}]}}