{"id":7907,"date":"2019-07-24T12:06:44","date_gmt":"2019-07-24T15:06:44","guid":{"rendered":"http:\/\/fazenda.niteroi.rj.gov.br\/site\/?page_id=7907"},"modified":"2024-03-26T11:34:36","modified_gmt":"2024-03-26T14:34:36","slug":"imunidades-e-beneficios-fiscais-previstos-na-legislacao-municipal-de-niteroi","status":"publish","type":"page","link":"https:\/\/www.fazenda.niteroi.rj.gov.br\/site\/imunidades-e-beneficios-fiscais-previstos-na-legislacao-municipal-de-niteroi\/","title":{"rendered":"Imunidades e Benef\u00edcios Fiscais previstos na Legisla\u00e7\u00e3o Municipal de Niter\u00f3i"},"content":{"rendered":"\n<p><\/p>\n\n\n\n<p>Para facilitar o acesso \u00e0s informa\u00e7\u00f5es relativas \u00e0s Imunidades dispostas na Constitui\u00e7\u00e3o Federal e Isen\u00e7\u00f5es existentes no Munic\u00edpio de Niter\u00f3i, explicitamos cada um dos benef\u00edcios previstos na Lei, seus prazos de renova\u00e7\u00e3o e documentos necess\u00e1rios para que o contribuinte fa\u00e7a prova do seu enquadramento como imune\/isento do tributo.<\/p>\n\n\n\n<div class=\"wp-block-file\"><a id=\"wp-block-file--media-181d783c-1a88-4a18-8a4d-a2880469b004\" href=\"http:\/\/fazenda.niteroi.rj.gov.br\/site\/wp-content\/uploads\/2019\/07\/Isencoes-previstas-na-Legislacao-Municipal-de-Niteroi.pdf\">Isen\u00e7\u00f5es previstas na Legisla\u00e7\u00e3o Municipal de Niter\u00f3i<\/a><a href=\"http:\/\/fazenda.niteroi.rj.gov.br\/site\/wp-content\/uploads\/2019\/07\/Isencoes-previstas-na-Legislacao-Municipal-de-Niteroi.pdf\" class=\"wp-block-file__button wp-element-button\" download aria-describedby=\"wp-block-file--media-181d783c-1a88-4a18-8a4d-a2880469b004\">Baixar<\/a><\/div>\n\n\n\n<p>A publica\u00e7\u00e3o est\u00e1 estruturada da seguinte forma:<\/p>\n\n\n\n<ul class=\"wp-block-list\">\n<li>Imunidade do IPTU e do ISS<\/li>\n\n\n\n<li>Imunidade do ITBI<\/li>\n\n\n\n<li>Benef\u00edcios e isen\u00e7\u00f5es de IPTU<\/li>\n\n\n\n<li>Benef\u00edcios e isen\u00e7\u00f5es do ITBI<\/li>\n\n\n\n<li>Benef\u00edcios e isen\u00e7\u00f5es do ISS<\/li>\n\n\n\n<li>Isen\u00e7\u00f5es de taxas e COSIP <\/li>\n<\/ul>\n\n\n\n<p><br>Com o objetivo de dar publicidade \u00e0s informa\u00e7\u00f5es referentes \u00e0s ren\u00fancias de receitas municipais, nas tabelas abaixo \u00e9 disponibilizada a estimativa da ren\u00fancia de receita decorrente dos benef\u00edcios fiscais concedidos pelo Munic\u00edpio*.<\/p>\n\n\n<p><iframe loading=\"lazy\" title=\"Acompanhamento das ren\u00fancias de receita - vers\u00e3o p\u00fablica\" src=\"https:\/\/app.powerbi.com\/view?r=eyJrIjoiMWI1MTQzNzktMmE2OS00Njk1LTkxNDgtOGU0ZjkwOGY2ZGYyIiwidCI6ImRiM2MxYzY5LWUyOGMtNDNkNy04ZTFhLTk1ODNlOWU5OGE1MSJ9&amp;pageName=ReportSection\" width=\"800\" height=\"636\" frameborder=\"0\" allowfullscreen=\"allowfullscreen\"><\/iframe><\/p>\n\n\n<p style=\"font-size:11px\"><br>* 1 \u2013 Nas tabelas, foram consideradas como ren\u00fancias de receita tribut\u00e1ria apenas a concess\u00e3o de benef\u00edcios fiscais decorrentes de atos do pr\u00f3prio Munic\u00edpio de Niter\u00f3i (n\u00e3o foram inclu\u00eddos, por tanto, as ren\u00fancias referentes \u00e0s imunidades tribut\u00e1rias, previstas na Constitui\u00e7\u00e3o Federal, e \u00e0s hip\u00f3teses de n\u00e3o incid\u00eancia tribut\u00e1ria oriundas de lei nacional).<\/p>\n\n\n\n<p style=\"font-size:11px\">2 \u2013 N\u00e3o foram considerados como ren\u00fancia de receita tribut\u00e1ria os descontos financeiros concedidos pelo pagamento antecipado de tributo (como o desconto do pagamento do IPTU em cota \u00fanica).<\/p>\n\n\n\n<p style=\"font-size:11px\">3 &#8211; \u00a0Os valores referentes \u00e0 ren\u00fancia de receita tribut\u00e1ria decorrente da redu\u00e7\u00e3o de al\u00edquota do ISS contemplam as NFS-e (Notas Fiscais de Servi\u00e7os eletr\u00f4nicas) e as DSR (Declara\u00e7\u00f5es de Servi\u00e7os Recebidos), n\u00e3o abrangendo os valores destacados nas (NFSA-e) Notas Fiscais de Servi\u00e7os Avulsas.<\/p>\n","protected":false},"excerpt":{"rendered":"<p>Para facilitar o acesso \u00e0s informa\u00e7\u00f5es relativas \u00e0s Imunidades dispostas na Constitui\u00e7\u00e3o Federal e Isen\u00e7\u00f5es existentes no Munic\u00edpio de Niter\u00f3i, explicitamos cada um dos benef\u00edcios previstos na Lei, seus prazos [&hellip;]<\/p>\n","protected":false},"author":1,"featured_media":0,"parent":0,"menu_order":0,"comment_status":"closed","ping_status":"closed","template":"","meta":{"_et_pb_use_builder":"off","_et_pb_old_content":"<!-- wp:paragraph -->\n<p><\/p>\n<!-- \/wp:paragraph -->\n\n<!-- wp:paragraph -->\n<p>Para facilitar o acesso \u00e0s informa\u00e7\u00f5es relativas \u00e0s Imunidades dispostas na Constitui\u00e7\u00e3o Federal e Isen\u00e7\u00f5es existentes no Munic\u00edpio de Niter\u00f3i, explicitamos cada um dos benef\u00edcios previstos na Lei, seus prazos de renova\u00e7\u00e3o e documentos necess\u00e1rios para que o contribuinte fa\u00e7a prova do seu enquadramento como imune\/isento do tributo.<\/p>\n<!-- \/wp:paragraph -->\n\n<!-- wp:file {\"id\":7912,\"href\":\"http:\/\/fazenda.niteroi.rj.gov.br\/site\/wp-content\/uploads\/2019\/07\/Isencoes-previstas-na-Legislacao-Municipal-de-Niteroi.pdf\"} -->\n<div class=\"wp-block-file\"><a id=\"wp-block-file--media-181d783c-1a88-4a18-8a4d-a2880469b004\" href=\"http:\/\/fazenda.niteroi.rj.gov.br\/site\/wp-content\/uploads\/2019\/07\/Isencoes-previstas-na-Legislacao-Municipal-de-Niteroi.pdf\">Isen\u00e7\u00f5es previstas na Legisla\u00e7\u00e3o Municipal de Niter\u00f3i<\/a><a href=\"http:\/\/fazenda.niteroi.rj.gov.br\/site\/wp-content\/uploads\/2019\/07\/Isencoes-previstas-na-Legislacao-Municipal-de-Niteroi.pdf\" class=\"wp-block-file__button\" download aria-describedby=\"wp-block-file--media-181d783c-1a88-4a18-8a4d-a2880469b004\">Baixar<\/a><\/div>\n<!-- \/wp:file -->\n\n<!-- wp:paragraph -->\n<p>A publica\u00e7\u00e3o est\u00e1 estruturada da seguinte forma:<\/p>\n<!-- \/wp:paragraph -->\n\n<!-- wp:list -->\n<ul><li>Imunidade do IPTU e do ISS<\/li><li>Imunidade do ITBI<\/li><li>Benef\u00edcios e isen\u00e7\u00f5es de IPTU<\/li><li>Benef\u00edcios e isen\u00e7\u00f5es do ITBI<\/li><li>Benef\u00edcios e isen\u00e7\u00f5es do ISS<\/li><li>Isen\u00e7\u00f5es de taxas e COSIP<\/li><\/ul>\n<!-- \/wp:list -->\n\n<!-- wp:paragraph -->\n<p><\/p>\n<!-- \/wp:paragraph -->","_et_gb_content_width":"","_usar_header_alternativo":false,"footnotes":""},"class_list":["post-7907","page","type-page","status-publish","hentry"],"_links":{"self":[{"href":"https:\/\/www.fazenda.niteroi.rj.gov.br\/site\/wp-json\/wp\/v2\/pages\/7907","targetHints":{"allow":["GET"]}}],"collection":[{"href":"https:\/\/www.fazenda.niteroi.rj.gov.br\/site\/wp-json\/wp\/v2\/pages"}],"about":[{"href":"https:\/\/www.fazenda.niteroi.rj.gov.br\/site\/wp-json\/wp\/v2\/types\/page"}],"author":[{"embeddable":true,"href":"https:\/\/www.fazenda.niteroi.rj.gov.br\/site\/wp-json\/wp\/v2\/users\/1"}],"replies":[{"embeddable":true,"href":"https:\/\/www.fazenda.niteroi.rj.gov.br\/site\/wp-json\/wp\/v2\/comments?post=7907"}],"version-history":[{"count":4,"href":"https:\/\/www.fazenda.niteroi.rj.gov.br\/site\/wp-json\/wp\/v2\/pages\/7907\/revisions"}],"predecessor-version":[{"id":25738,"href":"https:\/\/www.fazenda.niteroi.rj.gov.br\/site\/wp-json\/wp\/v2\/pages\/7907\/revisions\/25738"}],"wp:attachment":[{"href":"https:\/\/www.fazenda.niteroi.rj.gov.br\/site\/wp-json\/wp\/v2\/media?parent=7907"}],"curies":[{"name":"wp","href":"https:\/\/api.w.org\/{rel}","templated":true}]}}