{"id":9163,"date":"2020-03-26T20:30:33","date_gmt":"2020-03-26T23:30:33","guid":{"rendered":"https:\/\/fazenda.niteroi.rj.gov.br\/site\/?page_id=9163"},"modified":"2025-05-13T11:01:09","modified_gmt":"2025-05-13T14:01:09","slug":"autorregularizacao","status":"publish","type":"page","link":"https:\/\/www.fazenda.niteroi.rj.gov.br\/site\/iss\/autorregularizacao\/","title":{"rendered":"Autorregulariza\u00e7\u00e3o"},"content":{"rendered":"<p>[et_pb_section fb_built=&#8221;1&#8243; _builder_version=&#8221;4.16&#8243; global_colors_info=&#8221;{}&#8221;][et_pb_row _builder_version=&#8221;4.16&#8243; min_height=&#8221;62.9px&#8221; global_colors_info=&#8221;{}&#8221;][et_pb_column type=&#8221;4_4&#8243; _builder_version=&#8221;4.16&#8243; global_colors_info=&#8221;{}&#8221;][et_pb_text _builder_version=&#8221;4.16&#8243; custom_margin=&#8221;||29px|||&#8221; global_colors_info=&#8221;{}&#8221;]<\/p>\n<h1>Autorregulariza\u00e7\u00e3o Tribut\u00e1ria<\/h1>\n<p>[\/et_pb_text][et_pb_text content_last_edited=&#8221;off|desktop&#8221; _builder_version=&#8221;4.27.0&#8243; global_colors_info=&#8221;{}&#8221;]<\/p>\n<p>Voc\u00ea pode utilizar o e-mail <a href=\"mailto:iss@fazenda.niteroi.rj.gov.br\">iss@fazenda.niteroi.rj.gov.br <\/a>para dirimir d\u00favidas sobre a legisla\u00e7\u00e3o do ISS ou sobre o sistema de emiss\u00e3o de NFS-e.<\/p>\n<p>[\/et_pb_text][\/et_pb_column][\/et_pb_row][et_pb_row _builder_version=&#8221;4.16&#8243; min_height=&#8221;349px&#8221; global_colors_info=&#8221;{}&#8221;][et_pb_column type=&#8221;4_4&#8243; _builder_version=&#8221;4.16&#8243; global_colors_info=&#8221;{}&#8221;][et_pb_accordion _builder_version=&#8221;4.27.0&#8243; hover_enabled=&#8221;0&#8243; global_colors_info=&#8221;{}&#8221; sticky_enabled=&#8221;0&#8243;][et_pb_accordion_item title=&#8221;1 &#8211; O que \u00e9 a autorregulariza\u00e7\u00e3o tribut\u00e1ria?&#8221; open=&#8221;on&#8221; _builder_version=&#8221;4.16&#8243; global_colors_info=&#8221;{}&#8221;]<\/p>\n<p>A autorregulariza\u00e7\u00e3o tribut\u00e1ria \u00e9 o procedimento por meio do qual o pr\u00f3prio contribuinte (ou respons\u00e1vel tribut\u00e1rio) corrige as inconsist\u00eancias identificadas pelo Fisco mediante processamento eletr\u00f4nico de dados. A autorregulariza\u00e7\u00e3o oferece ao contribuinte (ou respons\u00e1vel tribut\u00e1rio) a possibilidade de sanar espontaneamente descumprimento de obriga\u00e7\u00e3o tribut\u00e1ria que poderia resultar em san\u00e7\u00f5es administrativas e penais.<\/p>\n<p>[\/et_pb_accordion_item][et_pb_accordion_item title=&#8221;2 &#8211; Por que recebi uma comunica\u00e7\u00e3o de que devo me regularizar?&#8221; _builder_version=&#8221;4.16&#8243; global_colors_info=&#8221;{}&#8221; open=&#8221;off&#8221;]<\/p>\n<p>Por meio de processamento eletr\u00f4nico de dados (cruzamento de dados) a Secretaria Municipal de Fazenda identifica poss\u00edveis ind\u00edcios de descumprimento de obriga\u00e7\u00e3o tribut\u00e1ria que poderiam resultar em\u00a0san\u00e7\u00f5es administrativas e penais. Os contribuintes s\u00e3o ent\u00e3o comunicados de que devem regularizar os ind\u00edcios identificados, sob pena de se sujeitarem a procedimento de fiscaliza\u00e7\u00e3o, a aplica\u00e7\u00e3o de multa de at\u00e9 225% sobre o ISS n\u00e3o recolhido e a representa\u00e7\u00e3o fiscal para fins penais por pr\u00e1tica de crime contra a Ordem Tribut\u00e1ria.<\/p>\n<p>Se o contribuinte recebeu\u00a0uma comunica\u00e7\u00e3o de que deve se regularizar, isso ocorreu porque, durante o processamento eletr\u00f4nico de dados, foi identificado que ele praticou atos que caracterizaram\u00a0ind\u00edcios de descumprimento de obriga\u00e7\u00e3o tribut\u00e1ria.<\/p>\n<p>&nbsp;<\/p>\n<p>[\/et_pb_accordion_item][et_pb_accordion_item title=&#8221;3 &#8211; Como consultar as inconsist\u00eancias e como realizar a autorregulariza\u00e7\u00e3o?&#8221; _builder_version=&#8221;4.16&#8243; global_colors_info=&#8221;{}&#8221; open=&#8221;off&#8221;]<\/p>\n<p>O modo de realizar a consulta \u00e0s inconsist\u00eancias e de como realizar as respectivas corre\u00e7\u00f5es \u00e9 informado na pr\u00f3pria comunica\u00e7\u00e3o enviada ao contribuinte.<\/p>\n<p>Para alguns tipos de inconsist\u00eancias, ser\u00e1 apresentado nos subitens a seguir um conte\u00fado mais detalhado sobre como realizar a consulta e a respectiva autorregulariza\u00e7\u00e3o.<\/p>\n<p>[\/et_pb_accordion_item][et_pb_accordion_item title=&#8221;3.1 \u2013 Aus\u00eancia de declara\u00e7\u00e3o no PGDAS-D&#8221; _builder_version=&#8221;4.16&#8243; _module_preset=&#8221;default&#8221; global_colors_info=&#8221;{}&#8221; open=&#8221;off&#8221;]<\/p>\n<p>Esta inconsist\u00eancia revela que o contribuinte n\u00e3o emitiu a declara\u00e7\u00e3o no Programa Gerador do Documento de Arrecada\u00e7\u00e3o do Simples Nacional &#8211; Declarat\u00f3rio (PGDAS-D) ou que efetuou a declara\u00e7\u00e3o em diverg\u00eancia com as NFS-e (Notas Fiscais de Servi\u00e7os eletr\u00f4nicas) emitidas.<\/p>\n<p>S\u00e3o exemplos de diverg\u00eancia entre a declara\u00e7\u00e3o no PGDAS-D e as NFS-e:<\/p>\n<p>1 \u2013 O contribuinte emitiu NFS-e no Munic\u00edpio de Niter\u00f3i, mas efetuou a declara\u00e7\u00e3o no PGDAS-D sem a indica\u00e7\u00e3o de receita de presta\u00e7\u00e3o de servi\u00e7os no estabelecimento situado em Niter\u00f3i. Exemplos: o contribuinte indicou no PGDAS-D apenas receitas de venda de mercadorias, receitas de loca\u00e7\u00e3o de bens m\u00f3veis* ou receitas de presta\u00e7\u00e3o de servi\u00e7os em estabelecimentos situados em outros munic\u00edpios.<\/p>\n<p>2 &#8211; O contribuinte emitiu NFS-e no Munic\u00edpio de Niter\u00f3i com a indica\u00e7\u00e3o de ISS exig\u00edvel em Niter\u00f3i, mas efetuou a declara\u00e7\u00e3o no PGDAS-D com a indica\u00e7\u00e3o de presta\u00e7\u00e3o de servi\u00e7os para o exterior (sem a incid\u00eancia de ISS) ou com a indica\u00e7\u00e3o de imunidade tribut\u00e1ria ou n\u00e3o incid\u00eancia do ISS.<\/p>\n<p>* Caso o contribuinte tenha realizado a presta\u00e7\u00e3o de servi\u00e7os enquadrados no item \u201c3 \u2013 Servi\u00e7os prestados mediante loca\u00e7\u00e3o, cess\u00e3o de direito de uso e cong\u00eaneres\u201d da Lei Complementar n\u00b0 116\/2003, a declara\u00e7\u00e3o no PGDAS-D dever\u00e1 indicar receita de presta\u00e7\u00e3o de servi\u00e7os, e n\u00e3o receita de loca\u00e7\u00e3o de bens m\u00f3veis.<\/p>\n<p>&nbsp;<\/p>\n<p><strong>Como consultar a inconsist\u00eancia:<\/strong><\/p>\n<p>&nbsp;<\/p>\n<p>Caso o contribuinte n\u00e3o tenha efetuado a declara\u00e7\u00e3o, a consulta \u00e0 inconsist\u00eancia pode ser realizada por meio de acesso ao PGDAS-D no Portal do Simples Nacional (www8.receita.fazenda.gov.br\/SimplesNacional). Ap\u00f3s acessar o PGDAS-D, o contribuinte dever\u00e1 acessar o menu \u201cConsultar Declara\u00e7\u00f5es\u201d e verificar se efetuou a declara\u00e7\u00e3o no per\u00edodo analisado.<\/p>\n<p>Caso o contribuinte tenha efetuado a declara\u00e7\u00e3o em diverg\u00eancia com as NFS-e emitidas, a consulta \u00e0 inconsist\u00eancia pode ser realizada por meio de acesso ao sistema de emiss\u00e3o de NFS-e (<a href=\"https:\/\/nfse.niteroi.rj.gov.br\/\">https:\/\/nfse.niteroi.rj.gov.br\/<\/a>), no menu\u00a0NFS-e &gt; Consultas &gt; Livro Fiscal do Contribuinte. O usu\u00e1rio dever\u00e1 deixar marcado o campo &#8220;Compet\u00eancia&#8221;, selecionar o per\u00edodo desejado e clicar em &#8220;Consultar&#8221;. Em seguida o usu\u00e1rio dever\u00e1 clicar na aba &#8220;SIMPLES&#8221;.<\/p>\n<p>Na coluna &#8220;NFS-e Rec. (Z)&#8221; ser\u00e3o apresentados os valores totais das receitas l\u00edquidas indicadas nas NFS-e emitidas, separados por compet\u00eancia, e na coluna &#8220;PGDAS Rec. (X)&#8221; ser\u00e3o indicados os valores totais das receitas l\u00edquidas declaradas no\u00a0PGDAS-D, tamb\u00e9m separados por compet\u00eancia.\u00a0<\/p>\n<p>A diverg\u00eancia entre esses valores representa ind\u00edcio de descumprimento de obriga\u00e7\u00e3o tribut\u00e1ria, uma vez que o contribuinte declarou de forma distinta a receita l\u00edquida nas notas fiscais emitidas e no PGDAS-D.<\/p>\n<p>Em caso de d\u00favida a respeito da emiss\u00e3o da declara\u00e7\u00e3o, o contribuinte poder\u00e1 acessar o manual do PGDAS-D dispon\u00edvel no menu \u201cManuais\u201d do portal do Simples Nacional.<\/p>\n<p>&nbsp;<\/p>\n<p><strong>Como realizar a autorregulariza\u00e7\u00e3o:<\/strong><\/p>\n<p>&nbsp;<\/p>\n<p>Caso n\u00e3o tenha emitido a declara\u00e7\u00e3o, o contribuinte dever\u00e1 efetuar a declara\u00e7\u00e3o no PGDAS-D, no Portal do Simples Nacional. Caso tenha efetuado a declara\u00e7\u00e3o em diverg\u00eancia com as NFS-e emitidas, o contribuinte dever\u00e1 retificar a declara\u00e7\u00e3o enviada.<\/p>\n<p>Em caso de d\u00favida, o contribuinte poder\u00e1 acessar o manual do PGDAS-D dispon\u00edvel no menu \u201cManuais\u201d do portal do Simples Nacional.<\/p>\n<p>&nbsp;<\/p>\n<p>[\/et_pb_accordion_item][et_pb_accordion_item title=&#8221;3.2 \u2013 Inconsist\u00eancia entre os valores declarados no PGDAS-D e nas NFS-e (receitas l\u00edquidas).&#8221; _builder_version=&#8221;4.16&#8243; global_colors_info=&#8221;{}&#8221; open=&#8221;off&#8221;]<\/p>\n<p>Esta inconsist\u00eancia revela que houve discrep\u00e2ncia entre os valores declarados pelo contribuinte no PGDAS-D (Programa Gerador do Documento de Arrecada\u00e7\u00e3o do Simples Nacional) e os valores indicados nas NFS-e (Nota Fiscal de Servi\u00e7os eletr\u00f4nicas) emitidas.<\/p>\n<p>&nbsp;<\/p>\n<p><strong>Como consultar as inconsist\u00eancias:<\/strong><\/p>\n<p>&nbsp;<\/p>\n<p>A consulta \u00e0s inconsist\u00eancias pode ser realizada por meio de acesso ao sistema de emiss\u00e3o de NFS-e (<a href=\"https:\/\/nfse.niteroi.rj.gov.br\/\">https:\/\/nfse.niteroi.rj.gov.br\/<\/a>), no menu\u00a0NFS-e &gt; Consultas &gt; Livro Fiscal do Contribuinte. O usu\u00e1rio dever\u00e1 deixar marcado o campo &#8220;Compet\u00eancia&#8221;, selecionar o per\u00edodo desejado e clicar em &#8220;Consultar&#8221;. Em seguida o usu\u00e1rio dever\u00e1 clicar na aba &#8220;SIMPLES&#8221;.<br \/><strong><\/strong><\/p>\n<p>Na coluna &#8220;NFS-e Rec. (Z)&#8221; ser\u00e3o apresentados os valores totais das receitas l\u00edquidas indicadas nas NFS-e emitidas, separados por compet\u00eancia, e na coluna &#8220;PGDAS Rec. (X)&#8221; ser\u00e3o indicados os valores totais das receitas l\u00edquidas declaradas no\u00a0PGDAS-D, referentes aos estabelecimentos localizados no Munic\u00edpio de Niter\u00f3i, tamb\u00e9m separados por compet\u00eancia.\u00a0<\/p>\n<p>A diverg\u00eancia entre esses valores representa ind\u00edcio de descumprimento de obriga\u00e7\u00e3o tribut\u00e1ria, uma vez que o contribuinte declarou de forma distinta a receita l\u00edquida nas notas fiscais emitidas e no PGDAS-D.<\/p>\n<p>&nbsp;<\/p>\n<p><strong>Como realizar a autorregulariza\u00e7\u00e3o:<\/strong><\/p>\n<p>&nbsp;<\/p>\n<p>O contribuinte dever\u00e1 retificar a declara\u00e7\u00e3o efetuada no\u00a0PGDAS-D, mediante acesso ao Portal do Simples Nacional. A\u00a0declara\u00e7\u00e3o dever\u00e1 apresentar informa\u00e7\u00f5es condizentes com as indicadas nas NFS-e emitidas.<\/p>\n<p>Ap\u00f3s a retifica\u00e7\u00e3o da declara\u00e7\u00e3o no PGDAS-D, as informa\u00e7\u00f5es correspondentes ser\u00e3o atualizadas no sistema de emiss\u00e3o de NFS-e em at\u00e9 30 dias.<\/p>\n<p>[\/et_pb_accordion_item][et_pb_accordion_item title=&#8221;4 &#8211; Devo comparecer \u00e0 Secretaria Municipal de Fazenda para prestar esclarecimentos?&#8221; _builder_version=&#8221;4.27.0&#8243; hover_enabled=&#8221;0&#8243; global_colors_info=&#8221;{}&#8221; open=&#8221;off&#8221; sticky_enabled=&#8221;0&#8243;]<\/p>\n<p>N\u00e3o. Ap\u00f3s receber uma comunica\u00e7\u00e3o de que deve se regularizar, o contribuinte n\u00e3o deve comparecer \u00e0 Secretaria Municipal de Fazenda para prestar esclarecimentos.<\/p>\n<p>Caso o contribuinte entenda que a inconsist\u00eancia identificada n\u00e3o caracterize descumprimento de obriga\u00e7\u00e3o tribut\u00e1ria, dever\u00e1 guardar os documentos que comprovem a sua regularidade a apresent\u00e1-los quando for requisitado.<\/p>\n<p>Ou Se desejar se manifestar previamente, poder\u00e1 apresentar contesta\u00e7\u00e3o por meio do formul\u00e1rio dispon\u00edvel no seguinte link: <a href=\"https:\/\/www.fazenda.niteroi.rj.gov.br\/formulario-eletronico\/\" target=\"_blank\" rel=\"noopener\">https:\/\/www.fazenda.niteroi.rj.gov.br\/formulario-eletronico\/<\/a>.<\/p>\n<ol>\n<li>Selecionar, em <strong>Assunto<\/strong>, a op\u00e7\u00e3o: <em>ISS<\/em>;<\/li>\n<li>Selecionar, em <strong>Grupo de servi\u00e7os<\/strong>, a op\u00e7\u00e3o: <em>Autorregulariza\u00e7\u00e3o<\/em>;<\/li>\n<li>Selecionar, em <strong>Servi\u00e7o<\/strong>, a op\u00e7\u00e3o: <em>Contesta\u00e7\u00e3o \u00e0 comunica\u00e7\u00e3o<\/em>;<\/li>\n<li>Informar o n\u00famero da comunica\u00e7\u00e3o no campo <strong>\u201cN\u00famero da comunica\u00e7\u00e3o de autorregulariza\u00e7\u00e3o\u201d<\/strong>;<\/li>\n<li>Enviar o formul\u00e1rio e a documenta\u00e7\u00e3o para: <a href=\"mailto:protocolo@fazenda.niteroi.rj.gov.br.\"><strong>protocolo@fazenda.niteroi.rj.gov.br<\/strong><\/a>.<\/li>\n<\/ol>\n<p>[\/et_pb_accordion_item][et_pb_accordion_item title=&#8221;5 &#8211; O que acontecer\u00e1 se eu n\u00e3o me regularizar?&#8221; _builder_version=&#8221;4.16&#8243; global_colors_info=&#8221;{}&#8221; open=&#8221;off&#8221;]<\/p>\n<p>Os contribuintes que n\u00e3o se regularizarem estar\u00e3o sujeitos\u00a0a procedimento de fiscaliza\u00e7\u00e3o, a exclus\u00e3o do Simples Nacional, a aplica\u00e7\u00e3o de multa de at\u00e9 225% sobre o ISS n\u00e3o recolhido e a representa\u00e7\u00e3o fiscal para fins penais por pr\u00e1tica de crime contra a Ordem Tribut\u00e1ria.<\/p>\n<p>[\/et_pb_accordion_item][et_pb_accordion_item title=&#8221;6 &#8211; Ficarei impedido de emitir certid\u00e3o negativa de d\u00e9bitos caso eu n\u00e3o corrija as inconsist\u00eancias?&#8221; _builder_version=&#8221;4.16&#8243; global_colors_info=&#8221;{}&#8221; open=&#8221;off&#8221;]<\/p>\n<p>N\u00e3o. Caso um contribuinte n\u00e3o corrija as inconsist\u00eancias, n\u00e3o ficar\u00e1 imediatamente impossibilitado de emitir\u00a0certid\u00e3o negativa de d\u00e9bitos.\u00a0<\/p>\n<p> Entretanto,\u00a0as inconsist\u00eancias n\u00e3o regularizadas poder\u00e3o posteriormente resultar em lan\u00e7amento tribut\u00e1rio de of\u00edcio pelo Fisco Municipal. Caso o cr\u00e9dito tribut\u00e1rio decorrente do lan\u00e7amento n\u00e3o seja quitado (por pagamento ou por outra modalidade de extin\u00e7\u00e3o de cr\u00e9dito tribut\u00e1rio prevista no art. 156 do C\u00f3digo Tribut\u00e1rio Nacional), o contribuinte poder\u00e1 ficar impossibilitado de emitir a certid\u00e3o negativa de d\u00e9bitos.\u00a0<\/p>\n<p>[\/et_pb_accordion_item][et_pb_accordion_item title=&#8221;7 &#8211; Posso ser fiscalizado mesmo se corrigir as inconsist\u00eancias apresentadas na comunica\u00e7\u00e3o visando \u00e0 autorregulariza\u00e7\u00e3o?&#8221; _builder_version=&#8221;4.16&#8243; global_colors_info=&#8221;{}&#8221; open=&#8221;off&#8221;]<\/p>\n<p>Sim. A comunica\u00e7\u00e3o\u00a0visando \u00e0 autorregulariza\u00e7\u00e3o\u00a0oferece ao contribuinte a\u00a0possibilidade de sanar espontaneamente inconsist\u00eancias identificadas por meio de processamento eletr\u00f4nico de dados. Entretanto, outras inconsist\u00eancias podem ser verificadas e, consequentemente,\u00a0fazer com que determinado contribuinte seja selecionado para ser fiscalizado pela Secretaria Municipal de Fazenda.\u00a0\u00a0<\/p>\n<p>[\/et_pb_accordion_item][et_pb_accordion_item title=&#8221;8 &#8211; Qual a base legal para a autorregulariza\u00e7\u00e3o?&#8221; _builder_version=&#8221;4.16&#8243; global_colors_info=&#8221;{}&#8221; open=&#8221;off&#8221;]<\/p>\n<p>A base legal para a autorregulariza\u00e7\u00e3o \u00e9 o art. 34, par\u00e1grafo terceiro, da Lei Complementar Nacional n\u00ba 123\/2006, combinado com o art. 85, par\u00e1grafo 11, da Resolu\u00e7\u00e3o CGSN n\u00ba 140\/2018.<\/p>\n<p>[\/et_pb_accordion_item][et_pb_accordion_item title=&#8221;9 &#8211; Receber a comunica\u00e7\u00e3o para a autorregulariza\u00e7\u00e3o significa que o contribuinte est\u00e1 sob a\u00e7\u00e3o fiscal? &#8221; _builder_version=&#8221;4.16&#8243; global_colors_info=&#8221;{}&#8221; open=&#8221;off&#8221;]<\/p>\n<p>N\u00e3o. Receber a comunica\u00e7\u00e3o visando \u00e0 autorregulariza\u00e7\u00e3o n\u00e3o constitui in\u00edcio de\u00a0a\u00e7\u00e3o fiscal.\u00a0<\/p>\n<p>[\/et_pb_accordion_item][et_pb_accordion_item title=&#8221;10 &#8211; Qual o prazo para realizar a autorregulariza\u00e7\u00e3o?&#8221; _builder_version=&#8221;4.16&#8243; global_colors_info=&#8221;{}&#8221; open=&#8221;off&#8221;]<\/p>\n<p>O prazo para realizar a autorregulariza\u00e7\u00e3o \u00e9 indicado na comunica\u00e7\u00e3o enviada ao contribuinte. Os contribuintes que n\u00e3o se regularizarem no prazo comunicado estar\u00e3o sujeitos aos procedimentos indicados no item 5.\u00a0<\/p>\n<p>[\/et_pb_accordion_item][et_pb_accordion_item title=&#8221;11 &#8211; Caso eu n\u00e3o concorde com a comunica\u00e7\u00e3o de autorregulariza\u00e7\u00e3o, consigo me manifestar nesse sentido?&#8221; _builder_version=&#8221;4.27.0&#8243; _module_preset=&#8221;default&#8221; global_colors_info=&#8221;{}&#8221; open=&#8221;off&#8221;]<\/p>\n<p>Sim. Se desejar se manifestar previamente, poder\u00e1 apresentar contesta\u00e7\u00e3o por meio do formul\u00e1rio dispon\u00edvel no seguinte link: <a href=\"https:\/\/www.fazenda.niteroi.rj.gov.br\/formulario-eletronico\/\" target=\"_blank\" rel=\"noopener\">https:\/\/www.fazenda.niteroi.rj.gov.br\/formulario-eletronico\/<\/a>.<\/p>\n<ol>\n<li>Selecionar, em <strong>Assunto<\/strong>, a op\u00e7\u00e3o: <em>ISS<\/em>;<\/li>\n<li>Selecionar, em <strong>Grupo de servi\u00e7os<\/strong>, a op\u00e7\u00e3o: <em>Autorregulariza\u00e7\u00e3o<\/em>;<\/li>\n<li>Selecionar, em <strong>Servi\u00e7o<\/strong>, a op\u00e7\u00e3o: <em>Contesta\u00e7\u00e3o \u00e0 comunica\u00e7\u00e3o<\/em>;<\/li>\n<li>Informar o n\u00famero da comunica\u00e7\u00e3o no campo <strong>\u201cN\u00famero da comunica\u00e7\u00e3o de autorregulariza\u00e7\u00e3o\u201d<\/strong>;<\/li>\n<li>Enviar o formul\u00e1rio e a documenta\u00e7\u00e3o para: <a href=\"mailto:protocolo@fazenda.niteroi.rj.gov.br.\"><strong>protocolo@fazenda.niteroi.rj.gov.br<\/strong><\/a>.<\/li>\n<\/ol>\n<p>[\/et_pb_accordion_item][\/et_pb_accordion][\/et_pb_column][\/et_pb_row][\/et_pb_section]<\/p>\n","protected":false},"excerpt":{"rendered":"<p>Autorregulariza\u00e7\u00e3o Tribut\u00e1riaVoc\u00ea pode utilizar o e-mail iss@fazenda.niteroi.rj.gov.br para dirimir d\u00favidas sobre a legisla\u00e7\u00e3o do ISS ou sobre o sistema de emiss\u00e3o de NFS-e.A autorregulariza\u00e7\u00e3o tribut\u00e1ria \u00e9 o procedimento por meio [&hellip;]<\/p>\n","protected":false},"author":1,"featured_media":0,"parent":4579,"menu_order":0,"comment_status":"closed","ping_status":"closed","template":"","meta":{"_et_pb_use_builder":"on","_et_pb_old_content":"","_et_gb_content_width":"","_usar_header_alternativo":false,"footnotes":""},"class_list":["post-9163","page","type-page","status-publish","hentry"],"_links":{"self":[{"href":"https:\/\/www.fazenda.niteroi.rj.gov.br\/site\/wp-json\/wp\/v2\/pages\/9163","targetHints":{"allow":["GET"]}}],"collection":[{"href":"https:\/\/www.fazenda.niteroi.rj.gov.br\/site\/wp-json\/wp\/v2\/pages"}],"about":[{"href":"https:\/\/www.fazenda.niteroi.rj.gov.br\/site\/wp-json\/wp\/v2\/types\/page"}],"author":[{"embeddable":true,"href":"https:\/\/www.fazenda.niteroi.rj.gov.br\/site\/wp-json\/wp\/v2\/users\/1"}],"replies":[{"embeddable":true,"href":"https:\/\/www.fazenda.niteroi.rj.gov.br\/site\/wp-json\/wp\/v2\/comments?post=9163"}],"version-history":[{"count":4,"href":"https:\/\/www.fazenda.niteroi.rj.gov.br\/site\/wp-json\/wp\/v2\/pages\/9163\/revisions"}],"predecessor-version":[{"id":31752,"href":"https:\/\/www.fazenda.niteroi.rj.gov.br\/site\/wp-json\/wp\/v2\/pages\/9163\/revisions\/31752"}],"up":[{"embeddable":true,"href":"https:\/\/www.fazenda.niteroi.rj.gov.br\/site\/wp-json\/wp\/v2\/pages\/4579"}],"wp:attachment":[{"href":"https:\/\/www.fazenda.niteroi.rj.gov.br\/site\/wp-json\/wp\/v2\/media?parent=9163"}],"curies":[{"name":"wp","href":"https:\/\/api.w.org\/{rel}","templated":true}]}}