{"id":9910,"date":"2020-07-07T20:07:04","date_gmt":"2020-07-07T23:07:04","guid":{"rendered":"https:\/\/fazenda.niteroi.rj.gov.br\/site\/?page_id=9910"},"modified":"2020-12-11T16:22:27","modified_gmt":"2020-12-11T19:22:27","slug":"como-solicitar-seu-alvara-on-line-em-niteroi","status":"publish","type":"page","link":"https:\/\/www.fazenda.niteroi.rj.gov.br\/site\/alvara\/como-solicitar-seu-alvara-on-line-em-niteroi\/","title":{"rendered":"Como solicitar seu alvar\u00e1 on-line em Niter\u00f3i"},"content":{"rendered":"\n<p><strong><a href=\"https:\/\/fazenda.niteroi.rj.gov.br\/site\/acompanhamento-de-andamento-de-alvara\/\">Assista tamb\u00e9m ao tutorial em v\u00eddeo!<\/a><\/strong><\/p>\n\n\n\n<p>1. Acesse o site da <strong>Jucerja<\/strong> na op\u00e7\u00e3o<a href=\"https:\/\/www.jucerja.rj.gov.br\/Servicos\/Regin\/ReginServicos\"> <em>Servi\u00e7os > REGIN > Servi\u00e7os REGIN<\/em><\/a> e fa\u00e7a o pedido de viabilidade.<\/p>\n\n\n\n<p><strong>Aten\u00e7\u00e3o<\/strong>: Ap\u00f3s pedido de viabilidade, constitui\u00e7\u00e3o do CNPJ e registro do contrato no \u00f3rg\u00e3o competente,&nbsp;<strong>o protocolo \u00e9 enviado automaticamente \u00e0 Secretaria Municipal de Fazenda<\/strong>. Este protocolo \u00e9 geralmente iniciado por 0020, e est\u00e1 dispon\u00edvel na capa e no rodap\u00e9 das p\u00e1ginas do contrato social. <br>O campo \u201c<strong>Pedido de Legaliza\u00e7\u00e3o de Inscri\u00e7\u00e3o<\/strong>\u201d deve ser utilizado somente no caso de empresas constitu\u00eddas antes de 2017, ou para&nbsp;<strong>altera\u00e7\u00f5es que n\u00e3o envolvam endere\u00e7o ou atividades<\/strong>. Este campo n\u00e3o tem monitoramento autom\u00e1tico. Caso seja necess\u00e1rio utiliz\u00e1-lo, informe sempre o protocolo gerado (iniciado, em regra, por RJP) ao email&nbsp;<strong>alvara@fazenda.niteroi.rj.gov.br<\/strong>.<\/p>\n\n\n\n<div class=\"wp-block-image\"><figure class=\"aligncenter size-full\"><a href=\"https:\/\/fazenda.niteroi.rj.gov.br\/site\/wp-content\/uploads\/2020\/07\/regin01.jpg\"><img loading=\"lazy\" decoding=\"async\" width=\"1156\" height=\"715\" src=\"https:\/\/fazenda.niteroi.rj.gov.br\/site\/wp-content\/uploads\/2020\/07\/regin01.jpg\" alt=\"Como solicitar alvar\u00e1 on-line no REGIN em Niter\u00f3i 01\" class=\"wp-image-9911\" srcset=\"https:\/\/www.fazenda.niteroi.rj.gov.br\/site\/wp-content\/uploads\/2020\/07\/regin01.jpg 1156w, https:\/\/www.fazenda.niteroi.rj.gov.br\/site\/wp-content\/uploads\/2020\/07\/regin01-400x247.jpg 400w, https:\/\/www.fazenda.niteroi.rj.gov.br\/site\/wp-content\/uploads\/2020\/07\/regin01-600x371.jpg 600w, https:\/\/www.fazenda.niteroi.rj.gov.br\/site\/wp-content\/uploads\/2020\/07\/regin01-768x475.jpg 768w, https:\/\/www.fazenda.niteroi.rj.gov.br\/site\/wp-content\/uploads\/2020\/07\/regin01-1080x668.jpg 1080w\" sizes=\"auto, (max-width: 1156px) 100vw, 1156px\" \/><\/a><\/figure><\/div>\n\n\n\n<p>2. Ap\u00f3s deferido, de posse do contrato social e CNPJ, acesse a op\u00e7\u00e3o <strong>Acompanhamento de Andamento de Alvar\u00e1<\/strong> e insira o n\u00famero de protocolo da junta comercial ou do cart\u00f3rio de registro civil de pessoas jur\u00eddicas.<\/p>\n\n\n\n<div class=\"wp-block-image\"><figure class=\"aligncenter size-full\"><a href=\"https:\/\/fazenda.niteroi.rj.gov.br\/site\/wp-content\/uploads\/2020\/07\/regin02.jpg\"><img loading=\"lazy\" decoding=\"async\" width=\"1154\" height=\"712\" src=\"https:\/\/fazenda.niteroi.rj.gov.br\/site\/wp-content\/uploads\/2020\/07\/regin02.jpg\" alt=\"Como solicitar alvar\u00e1 on-line no REGIN em Niter\u00f3i 02\" class=\"wp-image-9912\" srcset=\"https:\/\/www.fazenda.niteroi.rj.gov.br\/site\/wp-content\/uploads\/2020\/07\/regin02.jpg 1154w, https:\/\/www.fazenda.niteroi.rj.gov.br\/site\/wp-content\/uploads\/2020\/07\/regin02-400x247.jpg 400w, https:\/\/www.fazenda.niteroi.rj.gov.br\/site\/wp-content\/uploads\/2020\/07\/regin02-600x370.jpg 600w, https:\/\/www.fazenda.niteroi.rj.gov.br\/site\/wp-content\/uploads\/2020\/07\/regin02-768x474.jpg 768w, https:\/\/www.fazenda.niteroi.rj.gov.br\/site\/wp-content\/uploads\/2020\/07\/regin02-1080x666.jpg 1080w\" sizes=\"auto, (max-width: 1154px) 100vw, 1154px\" \/><\/a><\/figure><\/div>\n\n\n\n<p>3. Clique em &#8220;Respostas das An\u00e1lises&#8221; e verifique as pend\u00eancias relacionadas \u00e0 \u201cPrefeitura Municipal de Niter\u00f3i\u201d. <\/p>\n\n\n\n<figure class=\"wp-block-image size-full\"><a href=\"https:\/\/fazenda.niteroi.rj.gov.br\/site\/wp-content\/uploads\/2020\/07\/regin03.jpg\"><img loading=\"lazy\" decoding=\"async\" width=\"1319\" height=\"963\" src=\"https:\/\/fazenda.niteroi.rj.gov.br\/site\/wp-content\/uploads\/2020\/07\/regin03.jpg\" alt=\"Como solicitar alvar\u00e1 on-line no REGIN em Niter\u00f3i 03\" class=\"wp-image-9913\" srcset=\"https:\/\/www.fazenda.niteroi.rj.gov.br\/site\/wp-content\/uploads\/2020\/07\/regin03.jpg 1319w, https:\/\/www.fazenda.niteroi.rj.gov.br\/site\/wp-content\/uploads\/2020\/07\/regin03-400x292.jpg 400w, https:\/\/www.fazenda.niteroi.rj.gov.br\/site\/wp-content\/uploads\/2020\/07\/regin03-600x438.jpg 600w, https:\/\/www.fazenda.niteroi.rj.gov.br\/site\/wp-content\/uploads\/2020\/07\/regin03-768x561.jpg 768w, https:\/\/www.fazenda.niteroi.rj.gov.br\/site\/wp-content\/uploads\/2020\/07\/regin03-1080x789.jpg 1080w\" sizes=\"auto, (max-width: 1319px) 100vw, 1319px\" \/><\/a><\/figure>\n\n\n\n<p>4. Anexe os documentos solicitados por cada \u00f3rg\u00e3o da Prefeitura.<\/p>\n\n\n\n<div class=\"wp-block-image\"><figure class=\"aligncenter size-full\"><a href=\"https:\/\/fazenda.niteroi.rj.gov.br\/site\/wp-content\/uploads\/2020\/07\/regin04.jpg\"><img loading=\"lazy\" decoding=\"async\" width=\"1308\" height=\"944\" src=\"https:\/\/fazenda.niteroi.rj.gov.br\/site\/wp-content\/uploads\/2020\/07\/regin04.jpg\" alt=\"Como solicitar alvar\u00e1 on-line no REGIN em Niter\u00f3i 04\" class=\"wp-image-9914\" srcset=\"https:\/\/www.fazenda.niteroi.rj.gov.br\/site\/wp-content\/uploads\/2020\/07\/regin04.jpg 1308w, https:\/\/www.fazenda.niteroi.rj.gov.br\/site\/wp-content\/uploads\/2020\/07\/regin04-400x289.jpg 400w, https:\/\/www.fazenda.niteroi.rj.gov.br\/site\/wp-content\/uploads\/2020\/07\/regin04-600x433.jpg 600w, https:\/\/www.fazenda.niteroi.rj.gov.br\/site\/wp-content\/uploads\/2020\/07\/regin04-768x554.jpg 768w, https:\/\/www.fazenda.niteroi.rj.gov.br\/site\/wp-content\/uploads\/2020\/07\/regin04-1080x779.jpg 1080w\" sizes=\"auto, (max-width: 1308px) 100vw, 1308px\" \/><\/a><\/figure><\/div>\n\n\n\n<p>5. Ap\u00f3s aprova\u00e7\u00e3o, constar\u00e1 o status \u201cDEFERIDO\u201d, devendo o contribuinte imprimir o alvar\u00e1 e taxas no bot\u00e3o \u201cVisualizar Anexos\u201d.<\/p>\n\n\n\n<div class=\"wp-block-image\"><figure class=\"aligncenter size-full\"><a href=\"https:\/\/fazenda.niteroi.rj.gov.br\/site\/wp-content\/uploads\/2020\/07\/regin05.jpg\"><img loading=\"lazy\" decoding=\"async\" width=\"1318\" height=\"696\" src=\"https:\/\/fazenda.niteroi.rj.gov.br\/site\/wp-content\/uploads\/2020\/07\/regin05.jpg\" alt=\"Como solicitar alvar\u00e1 on-line no REGIN em Niter\u00f3i 05\" class=\"wp-image-9915\" srcset=\"https:\/\/www.fazenda.niteroi.rj.gov.br\/site\/wp-content\/uploads\/2020\/07\/regin05.jpg 1318w, https:\/\/www.fazenda.niteroi.rj.gov.br\/site\/wp-content\/uploads\/2020\/07\/regin05-400x211.jpg 400w, https:\/\/www.fazenda.niteroi.rj.gov.br\/site\/wp-content\/uploads\/2020\/07\/regin05-600x317.jpg 600w, https:\/\/www.fazenda.niteroi.rj.gov.br\/site\/wp-content\/uploads\/2020\/07\/regin05-768x406.jpg 768w, https:\/\/www.fazenda.niteroi.rj.gov.br\/site\/wp-content\/uploads\/2020\/07\/regin05-1080x570.jpg 1080w\" sizes=\"auto, (max-width: 1318px) 100vw, 1318px\" \/><\/a><\/figure><\/div>\n","protected":false},"excerpt":{"rendered":"<p>Passo a passo de como solicitar alvar\u00e1 on-line em Niter\u00f3i atrav\u00e9s do sistema REGIN.<\/p>\n","protected":false},"author":1,"featured_media":0,"parent":549,"menu_order":0,"comment_status":"closed","ping_status":"closed","template":"","meta":{"_et_pb_use_builder":"off","_et_pb_old_content":"","_et_gb_content_width":"","_usar_header_alternativo":false,"footnotes":""},"class_list":["post-9910","page","type-page","status-publish","hentry"],"_links":{"self":[{"href":"https:\/\/www.fazenda.niteroi.rj.gov.br\/site\/wp-json\/wp\/v2\/pages\/9910","targetHints":{"allow":["GET"]}}],"collection":[{"href":"https:\/\/www.fazenda.niteroi.rj.gov.br\/site\/wp-json\/wp\/v2\/pages"}],"about":[{"href":"https:\/\/www.fazenda.niteroi.rj.gov.br\/site\/wp-json\/wp\/v2\/types\/page"}],"author":[{"embeddable":true,"href":"https:\/\/www.fazenda.niteroi.rj.gov.br\/site\/wp-json\/wp\/v2\/users\/1"}],"replies":[{"embeddable":true,"href":"https:\/\/www.fazenda.niteroi.rj.gov.br\/site\/wp-json\/wp\/v2\/comments?post=9910"}],"version-history":[{"count":0,"href":"https:\/\/www.fazenda.niteroi.rj.gov.br\/site\/wp-json\/wp\/v2\/pages\/9910\/revisions"}],"up":[{"embeddable":true,"href":"https:\/\/www.fazenda.niteroi.rj.gov.br\/site\/wp-json\/wp\/v2\/pages\/549"}],"wp:attachment":[{"href":"https:\/\/www.fazenda.niteroi.rj.gov.br\/site\/wp-json\/wp\/v2\/media?parent=9910"}],"curies":[{"name":"wp","href":"https:\/\/api.w.org\/{rel}","templated":true}]}}